{"id":1132,"date":"2019-10-21T07:29:56","date_gmt":"2019-10-21T05:29:56","guid":{"rendered":"http:\/\/escolapatinatge.com\/?page_id=1132"},"modified":"2019-12-10T07:36:47","modified_gmt":"2019-12-10T06:36:47","slug":"classe-de-patinatge-de-prova","status":"publish","type":"page","link":"http:\/\/escolapatinatge.com\/ca\/classe-de-patinatge-de-prova\/","title":{"rendered":"Classe de patinatge de prova"},"content":{"rendered":"\t\t<div data-elementor-type=\"wp-post\" data-elementor-id=\"1132\" class=\"elementor elementor-1132\">\n\t\t\t\t\t\t<div class=\"elementor-inner\">\n\t\t\t\t<div class=\"elementor-section-wrap\">\n\t\t\t\t\t\t\t\t\t<section class=\"elementor-section elementor-top-section elementor-element elementor-element-5819748 elementor-section-boxed elementor-section-height-default elementor-section-height-default\" data-id=\"5819748\" data-element_type=\"section\">\n\t\t\t\t\t\t<div class=\"elementor-container elementor-column-gap-default\">\n\t\t\t\t\t\t\t<div class=\"elementor-row\">\n\t\t\t\t\t<div class=\"elementor-column elementor-col-100 elementor-top-column elementor-element elementor-element-75dec99\" data-id=\"75dec99\" data-element_type=\"column\">\n\t\t\t<div class=\"elementor-column-wrap elementor-element-populated\">\n\t\t\t\t\t\t\t<div class=\"elementor-widget-wrap\">\n\t\t\t\t\t\t<section class=\"elementor-section elementor-inner-section elementor-element elementor-element-b648be4 elementor-section-boxed elementor-section-height-default elementor-section-height-default\" data-id=\"b648be4\" data-element_type=\"section\">\n\t\t\t\t\t\t<div class=\"elementor-container elementor-column-gap-default\">\n\t\t\t\t\t\t\t<div class=\"elementor-row\">\n\t\t\t\t\t<div class=\"elementor-column elementor-col-100 elementor-inner-column elementor-element elementor-element-7ce03d9\" data-id=\"7ce03d9\" data-element_type=\"column\">\n\t\t\t<div class=\"elementor-column-wrap elementor-element-populated\">\n\t\t\t\t\t\t\t<div class=\"elementor-widget-wrap\">\n\t\t\t\t\t\t<div class=\"elementor-element elementor-element-a3ba699 elementor-widget elementor-widget-heading\" data-id=\"a3ba699\" data-element_type=\"widget\" data-widget_type=\"heading.default\">\n\t\t\t\t<div class=\"elementor-widget-container\">\n\t\t\t<h2 class=\"elementor-heading-title elementor-size-default\">Comen\u00e7a per una classe de prova!<\/h2>\t\t<\/div>\n\t\t\t\t<\/div>\n\t\t\t\t\t\t<\/div>\n\t\t\t\t\t<\/div>\n\t\t<\/div>\n\t\t\t\t\t\t\t\t<\/div>\n\t\t\t\t\t<\/div>\n\t\t<\/section>\n\t\t\t\t\t\t<\/div>\n\t\t\t\t\t<\/div>\n\t\t<\/div>\n\t\t\t\t\t\t\t\t<\/div>\n\t\t\t\t\t<\/div>\n\t\t<\/section>\n\t\t\t\t<section class=\"elementor-section elementor-top-section elementor-element elementor-element-4461697 elementor-section-boxed elementor-section-height-default elementor-section-height-default\" data-id=\"4461697\" data-element_type=\"section\" data-settings=\"{&quot;background_background&quot;:&quot;classic&quot;}\">\n\t\t\t\t\t\t<div class=\"elementor-container elementor-column-gap-default\">\n\t\t\t\t\t\t\t<div class=\"elementor-row\">\n\t\t\t\t\t<div class=\"elementor-column elementor-col-50 elementor-top-column elementor-element elementor-element-edd6c3e\" data-id=\"edd6c3e\" data-element_type=\"column\" data-settings=\"{&quot;background_background&quot;:&quot;classic&quot;}\">\n\t\t\t<div class=\"elementor-column-wrap elementor-element-populated\">\n\t\t\t\t\t<div class=\"elementor-background-overlay\"><\/div>\n\t\t\t\t\t\t\t<div class=\"elementor-widget-wrap\">\n\t\t\t\t\t\t<div class=\"elementor-element elementor-element-eb25e08 elementor-widget elementor-widget-heading\" data-id=\"eb25e08\" data-element_type=\"widget\" data-widget_type=\"heading.default\">\n\t\t\t\t<div class=\"elementor-widget-container\">\n\t\t\t<h2 class=\"elementor-heading-title elementor-size-default\">Ho vull provar!<\/h2>\t\t<\/div>\n\t\t\t\t<\/div>\n\t\t\t\t\t\t<\/div>\n\t\t\t\t\t<\/div>\n\t\t<\/div>\n\t\t\t\t<div class=\"elementor-column elementor-col-50 elementor-top-column elementor-element elementor-element-e997e0e\" data-id=\"e997e0e\" data-element_type=\"column\">\n\t\t\t<div class=\"elementor-column-wrap elementor-element-populated\">\n\t\t\t\t\t\t\t<div class=\"elementor-widget-wrap\">\n\t\t\t\t\t\t<div class=\"elementor-element elementor-element-68536fe elementor-widget elementor-widget-heading\" data-id=\"68536fe\" data-element_type=\"widget\" data-widget_type=\"heading.default\">\n\t\t\t\t<div class=\"elementor-widget-container\">\n\t\t\t<h2 class=\"elementor-heading-title elementor-size-default\">Fes una CLASSE de PROVA!<\/h2>\t\t<\/div>\n\t\t\t\t<\/div>\n\t\t\t\t<div class=\"elementor-element elementor-element-59e413b elementor-widget elementor-widget-heading\" data-id=\"59e413b\" data-element_type=\"widget\" data-widget_type=\"heading.default\">\n\t\t\t\t<div class=\"elementor-widget-container\">\n\t\t\t<h5 class=\"elementor-heading-title elementor-size-default\">Ompla el formulari i descobreix un nou m\u00f3n sobre rodes!<\/h5>\t\t<\/div>\n\t\t\t\t<\/div>\n\t\t\t\t<div class=\"elementor-element elementor-element-2fef3c3 elementor-hidden-tablet elementor-hidden-phone elementor-view-default elementor-widget elementor-widget-icon\" data-id=\"2fef3c3\" data-element_type=\"widget\" data-widget_type=\"icon.default\">\n\t\t\t\t<div class=\"elementor-widget-container\">\n\t\t\t\t\t<div class=\"elementor-icon-wrapper\">\n\t\t\t<div class=\"elementor-icon\">\n\t\t\t<i aria-hidden=\"true\" class=\"nc-icon-outline arrows-3_circle-simple-left\"><\/i>\t\t\t<\/div>\n\t\t<\/div>\n\t\t\t\t<\/div>\n\t\t\t\t<\/div>\n\t\t\t\t\t\t<\/div>\n\t\t\t\t\t<\/div>\n\t\t<\/div>\n\t\t\t\t\t\t\t\t<\/div>\n\t\t\t\t\t<\/div>\n\t\t<\/section>\n\t\t\t\t\t\t\t\t\t<\/div>\n\t\t\t<\/div>\n\t\t\t\t\t<\/div>\n\t\t","protected":false},"excerpt":{"rendered":"<p>Comen\u00e7a per una classe de prova! Ho vull provar! Escull un horariEstaci\u00f3 del Nord -Dilluns 19h-20h (Adult)Estaci\u00f3 del Nord -Dilluns 19h-20h (Nen)Estaci\u00f3 del Nord -Dimarts 19h-20h (Adult)Estaci\u00f3 del Nord -Dimarts 19h-20h (Nen)Estaci\u00f3 del Nord -Dimecres 20h-21h (Adult) Fes una CLASSE de PROVA! Ompla el formulari i descobreix un nou m\u00f3n sobre rodes!<\/p>\n","protected":false},"author":1,"featured_media":0,"parent":0,"menu_order":0,"comment_status":"closed","ping_status":"closed","template":"page-templates\/fullwidth-content.php","meta":{"_mi_skip_tracking":false,"_monsterinsights_sitenote_active":false,"_monsterinsights_sitenote_note":"","_monsterinsights_sitenote_category":0},"yoast_head":"<!-- This site is optimized with the Yoast SEO plugin v20.8 - https:\/\/yoast.com\/wordpress\/plugins\/seo\/ -->\n<title>Classe de patinatge de prova - Escola Oficial Patinatge Inline<\/title>\n<meta name=\"robots\" content=\"index, follow, max-snippet:-1, max-image-preview:large, max-video-preview:-1\" \/>\n<link rel=\"canonical\" href=\"http:\/\/escolapatinatge.com\/ca\/classe-de-patinatge-de-prova\/\" \/>\n<meta property=\"og:locale\" content=\"ca_ES\" \/>\n<meta property=\"og:type\" content=\"article\" \/>\n<meta property=\"og:title\" content=\"Classe de patinatge de prova - Escola Oficial Patinatge Inline\" \/>\n<meta property=\"og:description\" content=\"Comen\u00e7a per una classe de prova! Ho vull provar! Escull un horariEstaci\u00f3 del Nord -Dilluns 19h-20h (Adult)Estaci\u00f3 del Nord -Dilluns 19h-20h (Nen)Estaci\u00f3 del Nord -Dimarts 19h-20h (Adult)Estaci\u00f3 del Nord -Dimarts 19h-20h (Nen)Estaci\u00f3 del Nord -Dimecres 20h-21h (Adult) Fes una CLASSE de PROVA! Ompla el formulari i descobreix un nou m\u00f3n sobre rodes!\" \/>\n<meta property=\"og:url\" content=\"http:\/\/escolapatinatge.com\/ca\/classe-de-patinatge-de-prova\/\" \/>\n<meta property=\"og:site_name\" content=\"Escola Oficial Patinatge Inline\" \/>\n<meta property=\"article:modified_time\" content=\"2019-12-10T06:36:47+00:00\" \/>\n<meta name=\"twitter:card\" content=\"summary_large_image\" \/>\n<script type=\"application\/ld+json\" class=\"yoast-schema-graph\">{\"@context\":\"https:\/\/schema.org\",\"@graph\":[{\"@type\":\"WebPage\",\"@id\":\"http:\/\/escolapatinatge.com\/ca\/classe-de-patinatge-de-prova\/\",\"url\":\"http:\/\/escolapatinatge.com\/ca\/classe-de-patinatge-de-prova\/\",\"name\":\"Classe de patinatge de prova - Escola Oficial Patinatge Inline\",\"isPartOf\":{\"@id\":\"https:\/\/escolapatinatge.com\/ca\/#website\"},\"datePublished\":\"2019-10-21T05:29:56+00:00\",\"dateModified\":\"2019-12-10T06:36:47+00:00\",\"breadcrumb\":{\"@id\":\"http:\/\/escolapatinatge.com\/ca\/classe-de-patinatge-de-prova\/#breadcrumb\"},\"inLanguage\":\"ca\",\"potentialAction\":[{\"@type\":\"ReadAction\",\"target\":[\"http:\/\/escolapatinatge.com\/ca\/classe-de-patinatge-de-prova\/\"]}]},{\"@type\":\"BreadcrumbList\",\"@id\":\"http:\/\/escolapatinatge.com\/ca\/classe-de-patinatge-de-prova\/#breadcrumb\",\"itemListElement\":[{\"@type\":\"ListItem\",\"position\":1,\"name\":\"Inici\",\"item\":\"http:\/\/escolapatinatge.com\/ca\/\"},{\"@type\":\"ListItem\",\"position\":2,\"name\":\"Classe de patinatge de prova\"}]},{\"@type\":\"WebSite\",\"@id\":\"https:\/\/escolapatinatge.com\/ca\/#website\",\"url\":\"https:\/\/escolapatinatge.com\/ca\/\",\"name\":\"Escola Oficial Patinatge Inline\",\"description\":\"Classes de patinatge a Barcelona. Apr\u00e8n a patinar a la millor escola de patinatge. Cursos per totes les edats i nivells.\",\"potentialAction\":[{\"@type\":\"SearchAction\",\"target\":{\"@type\":\"EntryPoint\",\"urlTemplate\":\"https:\/\/escolapatinatge.com\/ca\/?s={search_term_string}\"},\"query-input\":\"required name=search_term_string\"}],\"inLanguage\":\"ca\"}]}<\/script>\n<!-- \/ Yoast SEO plugin. -->","yoast_head_json":{"title":"Classe de patinatge de prova - Escola Oficial Patinatge Inline","robots":{"index":"index","follow":"follow","max-snippet":"max-snippet:-1","max-image-preview":"max-image-preview:large","max-video-preview":"max-video-preview:-1"},"canonical":"http:\/\/escolapatinatge.com\/ca\/classe-de-patinatge-de-prova\/","og_locale":"ca_ES","og_type":"article","og_title":"Classe de patinatge de prova - Escola Oficial Patinatge Inline","og_description":"Comen\u00e7a per una classe de prova! Ho vull provar! Escull un horariEstaci\u00f3 del Nord -Dilluns 19h-20h (Adult)Estaci\u00f3 del Nord -Dilluns 19h-20h (Nen)Estaci\u00f3 del Nord -Dimarts 19h-20h (Adult)Estaci\u00f3 del Nord -Dimarts 19h-20h (Nen)Estaci\u00f3 del Nord -Dimecres 20h-21h (Adult) Fes una CLASSE de PROVA! Ompla el formulari i descobreix un nou m\u00f3n sobre rodes!","og_url":"http:\/\/escolapatinatge.com\/ca\/classe-de-patinatge-de-prova\/","og_site_name":"Escola Oficial Patinatge Inline","article_modified_time":"2019-12-10T06:36:47+00:00","twitter_card":"summary_large_image","schema":{"@context":"https:\/\/schema.org","@graph":[{"@type":"WebPage","@id":"http:\/\/escolapatinatge.com\/ca\/classe-de-patinatge-de-prova\/","url":"http:\/\/escolapatinatge.com\/ca\/classe-de-patinatge-de-prova\/","name":"Classe de patinatge de prova - Escola Oficial Patinatge Inline","isPartOf":{"@id":"https:\/\/escolapatinatge.com\/ca\/#website"},"datePublished":"2019-10-21T05:29:56+00:00","dateModified":"2019-12-10T06:36:47+00:00","breadcrumb":{"@id":"http:\/\/escolapatinatge.com\/ca\/classe-de-patinatge-de-prova\/#breadcrumb"},"inLanguage":"ca","potentialAction":[{"@type":"ReadAction","target":["http:\/\/escolapatinatge.com\/ca\/classe-de-patinatge-de-prova\/"]}]},{"@type":"BreadcrumbList","@id":"http:\/\/escolapatinatge.com\/ca\/classe-de-patinatge-de-prova\/#breadcrumb","itemListElement":[{"@type":"ListItem","position":1,"name":"Inici","item":"http:\/\/escolapatinatge.com\/ca\/"},{"@type":"ListItem","position":2,"name":"Classe de patinatge de prova"}]},{"@type":"WebSite","@id":"https:\/\/escolapatinatge.com\/ca\/#website","url":"https:\/\/escolapatinatge.com\/ca\/","name":"Escola Oficial Patinatge Inline","description":"Classes de patinatge a Barcelona. Apr\u00e8n a patinar a la millor escola de patinatge. Cursos per totes les edats i nivells.","potentialAction":[{"@type":"SearchAction","target":{"@type":"EntryPoint","urlTemplate":"https:\/\/escolapatinatge.com\/ca\/?s={search_term_string}"},"query-input":"required name=search_term_string"}],"inLanguage":"ca"}]}},"_links":{"self":[{"href":"http:\/\/escolapatinatge.com\/ca\/wp-json\/wp\/v2\/pages\/1132"}],"collection":[{"href":"http:\/\/escolapatinatge.com\/ca\/wp-json\/wp\/v2\/pages"}],"about":[{"href":"http:\/\/escolapatinatge.com\/ca\/wp-json\/wp\/v2\/types\/page"}],"author":[{"embeddable":true,"href":"http:\/\/escolapatinatge.com\/ca\/wp-json\/wp\/v2\/users\/1"}],"replies":[{"embeddable":true,"href":"http:\/\/escolapatinatge.com\/ca\/wp-json\/wp\/v2\/comments?post=1132"}],"version-history":[{"count":3,"href":"http:\/\/escolapatinatge.com\/ca\/wp-json\/wp\/v2\/pages\/1132\/revisions"}],"predecessor-version":[{"id":1140,"href":"http:\/\/escolapatinatge.com\/ca\/wp-json\/wp\/v2\/pages\/1132\/revisions\/1140"}],"wp:attachment":[{"href":"http:\/\/escolapatinatge.com\/ca\/wp-json\/wp\/v2\/media?parent=1132"}],"curies":[{"name":"wp","href":"https:\/\/api.w.org\/{rel}","templated":true}]}}