{"id":1744,"date":"2020-02-16T11:50:42","date_gmt":"2020-02-16T10:50:42","guid":{"rendered":"http:\/\/escolapatinatge.com\/?page_id=1744"},"modified":"2020-12-20T19:35:54","modified_gmt":"2020-12-20T18:35:54","slug":"calendari","status":"publish","type":"page","link":"http:\/\/escolapatinatge.com\/ca\/calendari\/","title":{"rendered":"Calendari"},"content":{"rendered":"\t\t<div data-elementor-type=\"wp-page\" data-elementor-id=\"1744\" class=\"elementor elementor-1744\">\n\t\t\t\t\t\t<div class=\"elementor-inner\">\n\t\t\t\t<div class=\"elementor-section-wrap\">\n\t\t\t\t\t\t\t\t\t<section class=\"elementor-section elementor-top-section elementor-element elementor-element-5a940b4 elementor-section-boxed elementor-section-height-default elementor-section-height-default\" data-id=\"5a940b4\" data-element_type=\"section\">\n\t\t\t\t\t\t<div class=\"elementor-container elementor-column-gap-default\">\n\t\t\t\t\t\t\t<div class=\"elementor-row\">\n\t\t\t\t\t<div class=\"elementor-column elementor-col-100 elementor-top-column elementor-element elementor-element-e4c12e3\" data-id=\"e4c12e3\" data-element_type=\"column\">\n\t\t\t<div class=\"elementor-column-wrap elementor-element-populated\">\n\t\t\t\t\t\t\t<div class=\"elementor-widget-wrap\">\n\t\t\t\t\t\t<div class=\"elementor-element elementor-element-570b7f5 elementor-widget elementor-widget-heading\" data-id=\"570b7f5\" data-element_type=\"widget\" data-widget_type=\"heading.default\">\n\t\t\t\t<div class=\"elementor-widget-container\">\n\t\t\t<h2 class=\"elementor-heading-title elementor-size-default\">Calendari<\/h2>\t\t<\/div>\n\t\t\t\t<\/div>\n\t\t\t\t\t\t<\/div>\n\t\t\t\t\t<\/div>\n\t\t<\/div>\n\t\t\t\t\t\t\t\t<\/div>\n\t\t\t\t\t<\/div>\n\t\t<\/section>\n\t\t\t\t<section class=\"elementor-section elementor-top-section elementor-element elementor-element-f8632d6 elementor-section-boxed elementor-section-height-default elementor-section-height-default\" data-id=\"f8632d6\" data-element_type=\"section\">\n\t\t\t\t\t\t<div class=\"elementor-container elementor-column-gap-default\">\n\t\t\t\t\t\t\t<div class=\"elementor-row\">\n\t\t\t\t\t<div class=\"elementor-column elementor-col-100 elementor-top-column elementor-element elementor-element-0134020\" data-id=\"0134020\" data-element_type=\"column\">\n\t\t\t<div class=\"elementor-column-wrap elementor-element-populated\">\n\t\t\t\t\t\t\t<div class=\"elementor-widget-wrap\">\n\t\t\t\t\t\t<section class=\"elementor-section elementor-inner-section elementor-element elementor-element-36e0c99 elementor-section-boxed elementor-section-height-default elementor-section-height-default\" data-id=\"36e0c99\" data-element_type=\"section\">\n\t\t\t\t\t\t<div class=\"elementor-container elementor-column-gap-default\">\n\t\t\t\t\t\t\t<div class=\"elementor-row\">\n\t\t\t\t\t<div class=\"elementor-column elementor-col-100 elementor-inner-column elementor-element elementor-element-ce25f40\" data-id=\"ce25f40\" data-element_type=\"column\">\n\t\t\t<div class=\"elementor-column-wrap elementor-element-populated\">\n\t\t\t\t\t\t\t<div class=\"elementor-widget-wrap\">\n\t\t\t\t\t\t<div class=\"elementor-element elementor-element-8d8ff6d elementor-widget elementor-widget-text-editor\" data-id=\"8d8ff6d\" data-element_type=\"widget\" data-widget_type=\"text-editor.default\">\n\t\t\t\t<div class=\"elementor-widget-container\">\n\t\t\t\t\t\t\t\t<div class=\"elementor-text-editor elementor-clearfix\">\n\t\t\t\t<p>En el nostre calendari d&#8217;esdeveniments, podr\u00e0s consultar els nostres d\u00edes festius, rutes en patins, classes especials i molt m\u00e9s!<\/p>\t\t\t\t\t<\/div>\n\t\t\t\t\t\t<\/div>\n\t\t\t\t<\/div>\n\t\t\t\t\t\t<\/div>\n\t\t\t\t\t<\/div>\n\t\t<\/div>\n\t\t\t\t\t\t\t\t<\/div>\n\t\t\t\t\t<\/div>\n\t\t<\/section>\n\t\t\t\t\t\t<\/div>\n\t\t\t\t\t<\/div>\n\t\t<\/div>\n\t\t\t\t\t\t\t\t<\/div>\n\t\t\t\t\t<\/div>\n\t\t<\/section>\n\t\t\t\t<section class=\"elementor-section elementor-top-section elementor-element elementor-element-7c57f79 elementor-section-boxed elementor-section-height-default elementor-section-height-default\" data-id=\"7c57f79\" data-element_type=\"section\">\n\t\t\t\t\t\t<div class=\"elementor-container elementor-column-gap-default\">\n\t\t\t\t\t\t\t<div class=\"elementor-row\">\n\t\t\t\t\t<div class=\"elementor-column elementor-col-100 elementor-top-column elementor-element elementor-element-e56c79a\" data-id=\"e56c79a\" data-element_type=\"column\">\n\t\t\t<div class=\"elementor-column-wrap\">\n\t\t\t\t\t\t\t<div class=\"elementor-widget-wrap\">\n\t\t\t\t\t\t\t\t<\/div>\n\t\t\t\t\t<\/div>\n\t\t<\/div>\n\t\t\t\t\t\t\t\t<\/div>\n\t\t\t\t\t<\/div>\n\t\t<\/section>\n\t\t\t\t<section class=\"elementor-section elementor-top-section elementor-element elementor-element-ce936f2 elementor-section-boxed elementor-section-height-default elementor-section-height-default\" data-id=\"ce936f2\" data-element_type=\"section\">\n\t\t\t\t\t\t<div class=\"elementor-container elementor-column-gap-default\">\n\t\t\t\t\t\t\t<div class=\"elementor-row\">\n\t\t\t\t\t<div class=\"elementor-column elementor-col-100 elementor-top-column elementor-element elementor-element-c37483b\" data-id=\"c37483b\" data-element_type=\"column\">\n\t\t\t<div class=\"elementor-column-wrap elementor-element-populated\">\n\t\t\t\t\t\t\t<div class=\"elementor-widget-wrap\">\n\t\t\t\t\t\t<section class=\"elementor-section elementor-inner-section elementor-element elementor-element-923da10 elementor-section-boxed elementor-section-height-default elementor-section-height-default\" data-id=\"923da10\" data-element_type=\"section\">\n\t\t\t\t\t\t<div class=\"elementor-container elementor-column-gap-default\">\n\t\t\t\t\t\t\t<div class=\"elementor-row\">\n\t\t\t\t\t<div class=\"elementor-column elementor-col-100 elementor-inner-column elementor-element elementor-element-5d4c5fa\" data-id=\"5d4c5fa\" data-element_type=\"column\">\n\t\t\t<div class=\"elementor-column-wrap elementor-element-populated\">\n\t\t\t\t\t\t\t<div class=\"elementor-widget-wrap\">\n\t\t\t\t\t\t<div class=\"elementor-element elementor-element-7da73d1 elementor-widget elementor-widget-heading\" data-id=\"7da73d1\" data-element_type=\"widget\" data-widget_type=\"heading.default\">\n\t\t\t\t<div class=\"elementor-widget-container\">\n\t\t\t<h2 class=\"elementor-heading-title elementor-size-default\">Propers Esdeveniments<\/h2>\t\t<\/div>\n\t\t\t\t<\/div>\n\t\t\t\t\t\t<\/div>\n\t\t\t\t\t<\/div>\n\t\t<\/div>\n\t\t\t\t\t\t\t\t<\/div>\n\t\t\t\t\t<\/div>\n\t\t<\/section>\n\t\t\t\t\t\t<\/div>\n\t\t\t\t\t<\/div>\n\t\t<\/div>\n\t\t\t\t\t\t\t\t<\/div>\n\t\t\t\t\t<\/div>\n\t\t<\/section>\n\t\t\t\t<section class=\"elementor-section elementor-top-section elementor-element elementor-element-3915710 elementor-section-boxed elementor-section-height-default elementor-section-height-default\" data-id=\"3915710\" data-element_type=\"section\">\n\t\t\t\t\t\t<div class=\"elementor-container elementor-column-gap-default\">\n\t\t\t\t\t\t\t<div class=\"elementor-row\">\n\t\t\t\t\t<div class=\"elementor-column elementor-col-100 elementor-top-column elementor-element elementor-element-0216433\" data-id=\"0216433\" data-element_type=\"column\">\n\t\t\t<div class=\"elementor-column-wrap\">\n\t\t\t\t\t\t\t<div class=\"elementor-widget-wrap\">\n\t\t\t\t\t\t\t\t<\/div>\n\t\t\t\t\t<\/div>\n\t\t<\/div>\n\t\t\t\t\t\t\t\t<\/div>\n\t\t\t\t\t<\/div>\n\t\t<\/section>\n\t\t\t\t\t\t\t\t\t<\/div>\n\t\t\t<\/div>\n\t\t\t\t\t<\/div>\n\t\t","protected":false},"excerpt":{"rendered":"<p>Calendari En el nostre calendari d&#8217;esdeveniments, podr\u00e0s consultar els nostres d\u00edes festius, rutes en patins, classes especials i molt m\u00e9s! generfebrermar\u00e7abrilmaigjunyjuliolagostsetembreoctubrenovembredesembre20202021202220232024 Monthly Weekly Daily List Grid Tile novembre desembre 2020 gener MO TU WE TH FR SA SU 30 1 2 3 4 5 6 7 8 9 10 11 12 13 14 15 16 [&hellip;]<\/p>\n","protected":false},"author":1,"featured_media":0,"parent":0,"menu_order":0,"comment_status":"closed","ping_status":"closed","template":"page-templates\/fullwidth-content.php","meta":{"_mi_skip_tracking":false,"_monsterinsights_sitenote_active":false,"_monsterinsights_sitenote_note":"","_monsterinsights_sitenote_category":0},"yoast_head":"<!-- This site is optimized with the Yoast SEO plugin v20.8 - https:\/\/yoast.com\/wordpress\/plugins\/seo\/ -->\n<title>Calendari - Escola Oficial Patinatge Inline<\/title>\n<meta name=\"robots\" content=\"index, follow, max-snippet:-1, max-image-preview:large, max-video-preview:-1\" \/>\n<link rel=\"canonical\" href=\"http:\/\/escolapatinatge.com\/ca\/calendari\/\" \/>\n<meta property=\"og:locale\" content=\"ca_ES\" \/>\n<meta property=\"og:type\" content=\"article\" \/>\n<meta property=\"og:title\" content=\"Calendari - Escola Oficial Patinatge Inline\" \/>\n<meta property=\"og:description\" content=\"Calendari En el nostre calendari d&#8217;esdeveniments, podr\u00e0s consultar els nostres d\u00edes festius, rutes en patins, classes especials i molt m\u00e9s! generfebrermar\u00e7abrilmaigjunyjuliolagostsetembreoctubrenovembredesembre20202021202220232024 Monthly Weekly Daily List Grid Tile novembre desembre 2020 gener MO TU WE TH FR SA SU 30 1 2 3 4 5 6 7 8 9 10 11 12 13 14 15 16 [&hellip;]\" \/>\n<meta property=\"og:url\" content=\"http:\/\/escolapatinatge.com\/ca\/calendari\/\" \/>\n<meta property=\"og:site_name\" content=\"Escola Oficial Patinatge Inline\" \/>\n<meta property=\"article:modified_time\" content=\"2020-12-20T18:35:54+00:00\" \/>\n<meta name=\"twitter:card\" content=\"summary_large_image\" \/>\n<meta name=\"twitter:label1\" content=\"Temps estimat de lectura\" \/>\n\t<meta name=\"twitter:data1\" content=\"2 minuts\" \/>\n<script type=\"application\/ld+json\" class=\"yoast-schema-graph\">{\"@context\":\"https:\/\/schema.org\",\"@graph\":[{\"@type\":\"WebPage\",\"@id\":\"http:\/\/escolapatinatge.com\/ca\/calendari\/\",\"url\":\"http:\/\/escolapatinatge.com\/ca\/calendari\/\",\"name\":\"Calendari - Escola Oficial Patinatge Inline\",\"isPartOf\":{\"@id\":\"https:\/\/escolapatinatge.com\/ca\/#website\"},\"datePublished\":\"2020-02-16T10:50:42+00:00\",\"dateModified\":\"2020-12-20T18:35:54+00:00\",\"breadcrumb\":{\"@id\":\"http:\/\/escolapatinatge.com\/ca\/calendari\/#breadcrumb\"},\"inLanguage\":\"ca\",\"potentialAction\":[{\"@type\":\"ReadAction\",\"target\":[\"http:\/\/escolapatinatge.com\/ca\/calendari\/\"]}]},{\"@type\":\"BreadcrumbList\",\"@id\":\"http:\/\/escolapatinatge.com\/ca\/calendari\/#breadcrumb\",\"itemListElement\":[{\"@type\":\"ListItem\",\"position\":1,\"name\":\"Inici\",\"item\":\"https:\/\/escolapatinatge.com\/ca\/\"},{\"@type\":\"ListItem\",\"position\":2,\"name\":\"Calendari\"}]},{\"@type\":\"WebSite\",\"@id\":\"https:\/\/escolapatinatge.com\/ca\/#website\",\"url\":\"https:\/\/escolapatinatge.com\/ca\/\",\"name\":\"Escola Oficial Patinatge Inline\",\"description\":\"Classes de patinatge a Barcelona. Apr\u00e8n a patinar a la millor escola de patinatge. Cursos per totes les edats i nivells.\",\"potentialAction\":[{\"@type\":\"SearchAction\",\"target\":{\"@type\":\"EntryPoint\",\"urlTemplate\":\"https:\/\/escolapatinatge.com\/ca\/?s={search_term_string}\"},\"query-input\":\"required name=search_term_string\"}],\"inLanguage\":\"ca\"}]}<\/script>\n<!-- \/ Yoast SEO plugin. -->","yoast_head_json":{"title":"Calendari - Escola Oficial Patinatge Inline","robots":{"index":"index","follow":"follow","max-snippet":"max-snippet:-1","max-image-preview":"max-image-preview:large","max-video-preview":"max-video-preview:-1"},"canonical":"http:\/\/escolapatinatge.com\/ca\/calendari\/","og_locale":"ca_ES","og_type":"article","og_title":"Calendari - Escola Oficial Patinatge Inline","og_description":"Calendari En el nostre calendari d&#8217;esdeveniments, podr\u00e0s consultar els nostres d\u00edes festius, rutes en patins, classes especials i molt m\u00e9s! generfebrermar\u00e7abrilmaigjunyjuliolagostsetembreoctubrenovembredesembre20202021202220232024 Monthly Weekly Daily List Grid Tile novembre desembre 2020 gener MO TU WE TH FR SA SU 30 1 2 3 4 5 6 7 8 9 10 11 12 13 14 15 16 [&hellip;]","og_url":"http:\/\/escolapatinatge.com\/ca\/calendari\/","og_site_name":"Escola Oficial Patinatge Inline","article_modified_time":"2020-12-20T18:35:54+00:00","twitter_card":"summary_large_image","twitter_misc":{"Temps estimat de lectura":"2 minuts"},"schema":{"@context":"https:\/\/schema.org","@graph":[{"@type":"WebPage","@id":"http:\/\/escolapatinatge.com\/ca\/calendari\/","url":"http:\/\/escolapatinatge.com\/ca\/calendari\/","name":"Calendari - Escola Oficial Patinatge Inline","isPartOf":{"@id":"https:\/\/escolapatinatge.com\/ca\/#website"},"datePublished":"2020-02-16T10:50:42+00:00","dateModified":"2020-12-20T18:35:54+00:00","breadcrumb":{"@id":"http:\/\/escolapatinatge.com\/ca\/calendari\/#breadcrumb"},"inLanguage":"ca","potentialAction":[{"@type":"ReadAction","target":["http:\/\/escolapatinatge.com\/ca\/calendari\/"]}]},{"@type":"BreadcrumbList","@id":"http:\/\/escolapatinatge.com\/ca\/calendari\/#breadcrumb","itemListElement":[{"@type":"ListItem","position":1,"name":"Inici","item":"https:\/\/escolapatinatge.com\/ca\/"},{"@type":"ListItem","position":2,"name":"Calendari"}]},{"@type":"WebSite","@id":"https:\/\/escolapatinatge.com\/ca\/#website","url":"https:\/\/escolapatinatge.com\/ca\/","name":"Escola Oficial Patinatge Inline","description":"Classes de patinatge a Barcelona. Apr\u00e8n a patinar a la millor escola de patinatge. Cursos per totes les edats i nivells.","potentialAction":[{"@type":"SearchAction","target":{"@type":"EntryPoint","urlTemplate":"https:\/\/escolapatinatge.com\/ca\/?s={search_term_string}"},"query-input":"required name=search_term_string"}],"inLanguage":"ca"}]}},"_links":{"self":[{"href":"http:\/\/escolapatinatge.com\/ca\/wp-json\/wp\/v2\/pages\/1744"}],"collection":[{"href":"http:\/\/escolapatinatge.com\/ca\/wp-json\/wp\/v2\/pages"}],"about":[{"href":"http:\/\/escolapatinatge.com\/ca\/wp-json\/wp\/v2\/types\/page"}],"author":[{"embeddable":true,"href":"http:\/\/escolapatinatge.com\/ca\/wp-json\/wp\/v2\/users\/1"}],"replies":[{"embeddable":true,"href":"http:\/\/escolapatinatge.com\/ca\/wp-json\/wp\/v2\/comments?post=1744"}],"version-history":[{"count":16,"href":"http:\/\/escolapatinatge.com\/ca\/wp-json\/wp\/v2\/pages\/1744\/revisions"}],"predecessor-version":[{"id":12730,"href":"http:\/\/escolapatinatge.com\/ca\/wp-json\/wp\/v2\/pages\/1744\/revisions\/12730"}],"wp:attachment":[{"href":"http:\/\/escolapatinatge.com\/ca\/wp-json\/wp\/v2\/media?parent=1744"}],"curies":[{"name":"wp","href":"https:\/\/api.w.org\/{rel}","templated":true}]}}