{"id":11958,"date":"2019-10-12T17:34:53","date_gmt":"2019-10-12T15:34:53","guid":{"rendered":"http:\/\/escolapatinatge.com\/classes-particulars-de-patinatge-en-linia\/"},"modified":"2020-07-11T19:04:50","modified_gmt":"2020-07-11T17:04:50","slug":"clases-particulares-de-patinaje-en-linea","status":"publish","type":"page","link":"http:\/\/escolapatinatge.com\/es\/clases-particulares-de-patinaje-en-linea\/","title":{"rendered":"CLASES PARTICULARES DE PATINAJE EN L\u00cdNEA"},"content":{"rendered":"\t\t<div data-elementor-type=\"wp-post\" data-elementor-id=\"11958\" class=\"elementor elementor-11958 elementor-1101\">\n\t\t\t\t\t\t<div class=\"elementor-inner\">\n\t\t\t\t<div class=\"elementor-section-wrap\">\n\t\t\t\t\t\t\t\t\t<section class=\"elementor-section elementor-top-section elementor-element elementor-element-ab08de0 elementor-section-boxed elementor-section-height-default elementor-section-height-default\" data-id=\"ab08de0\" data-element_type=\"section\">\n\t\t\t\t\t\t<div class=\"elementor-container elementor-column-gap-default\">\n\t\t\t\t\t\t\t<div class=\"elementor-row\">\n\t\t\t\t\t<div class=\"elementor-column elementor-col-100 elementor-top-column elementor-element elementor-element-209b3f9\" data-id=\"209b3f9\" data-element_type=\"column\">\n\t\t\t<div class=\"elementor-column-wrap elementor-element-populated\">\n\t\t\t\t\t\t\t<div class=\"elementor-widget-wrap\">\n\t\t\t\t\t\t<section class=\"elementor-section elementor-inner-section elementor-element elementor-element-d240b36 elementor-section-boxed elementor-section-height-default elementor-section-height-default\" data-id=\"d240b36\" data-element_type=\"section\">\n\t\t\t\t\t\t<div class=\"elementor-container elementor-column-gap-default\">\n\t\t\t\t\t\t\t<div class=\"elementor-row\">\n\t\t\t\t\t<div class=\"elementor-column elementor-col-100 elementor-inner-column elementor-element elementor-element-4416050\" data-id=\"4416050\" data-element_type=\"column\">\n\t\t\t<div class=\"elementor-column-wrap elementor-element-populated\">\n\t\t\t\t\t\t\t<div class=\"elementor-widget-wrap\">\n\t\t\t\t\t\t<div class=\"elementor-element elementor-element-750462c elementor-widget elementor-widget-heading\" data-id=\"750462c\" data-element_type=\"widget\" data-widget_type=\"heading.default\">\n\t\t\t\t<div class=\"elementor-widget-container\">\n\t\t\t<h2 class=\"elementor-heading-title elementor-size-default\">CLASES PARTICULARES DE PATINAJE EN L\u00cdNEA<\/h2>\t\t<\/div>\n\t\t\t\t<\/div>\n\t\t\t\t\t\t<\/div>\n\t\t\t\t\t<\/div>\n\t\t<\/div>\n\t\t\t\t\t\t\t\t<\/div>\n\t\t\t\t\t<\/div>\n\t\t<\/section>\n\t\t\t\t\t\t<\/div>\n\t\t\t\t\t<\/div>\n\t\t<\/div>\n\t\t\t\t\t\t\t\t<\/div>\n\t\t\t\t\t<\/div>\n\t\t<\/section>\n\t\t\t\t<section class=\"elementor-section elementor-top-section elementor-element elementor-element-5f6e5cf elementor-section-boxed elementor-section-height-default elementor-section-height-default\" data-id=\"5f6e5cf\" data-element_type=\"section\">\n\t\t\t\t\t\t<div class=\"elementor-container elementor-column-gap-default\">\n\t\t\t\t\t\t\t<div class=\"elementor-row\">\n\t\t\t\t\t<div class=\"elementor-column elementor-col-100 elementor-top-column elementor-element elementor-element-37556e7\" data-id=\"37556e7\" data-element_type=\"column\">\n\t\t\t<div class=\"elementor-column-wrap elementor-element-populated\">\n\t\t\t\t\t\t\t<div class=\"elementor-widget-wrap\">\n\t\t\t\t\t\t<section class=\"elementor-section elementor-inner-section elementor-element elementor-element-f14d052 elementor-section-boxed elementor-section-height-default elementor-section-height-default\" data-id=\"f14d052\" data-element_type=\"section\">\n\t\t\t\t\t\t<div class=\"elementor-container elementor-column-gap-default\">\n\t\t\t\t\t\t\t<div class=\"elementor-row\">\n\t\t\t\t\t<div class=\"elementor-column elementor-col-50 elementor-inner-column elementor-element elementor-element-f30d613\" data-id=\"f30d613\" data-element_type=\"column\">\n\t\t\t<div class=\"elementor-column-wrap elementor-element-populated\">\n\t\t\t\t\t\t\t<div class=\"elementor-widget-wrap\">\n\t\t\t\t\t\t<div class=\"elementor-element elementor-element-1cd1705 elementor-widget elementor-widget-image\" data-id=\"1cd1705\" data-element_type=\"widget\" data-widget_type=\"image.default\">\n\t\t\t\t<div class=\"elementor-widget-container\">\n\t\t\t\t\t\t\t\t<div class=\"elementor-image\">\n\t\t\t\t\t\t\t\t\t\t\t\t<img decoding=\"async\" width=\"1024\" height=\"768\" src=\"http:\/\/escolapatinatge.com\/wp-content\/uploads\/2019\/09\/classes_particulars-1024x768.jpg\" class=\"attachment-large size-large wp-image-979\" alt=\"Classes de patinatge particulars\" loading=\"lazy\" srcset=\"http:\/\/escolapatinatge.com\/wp-content\/uploads\/2019\/09\/classes_particulars-1024x768.jpg 1024w, http:\/\/escolapatinatge.com\/wp-content\/uploads\/2019\/09\/classes_particulars-300x225.jpg 300w, http:\/\/escolapatinatge.com\/wp-content\/uploads\/2019\/09\/classes_particulars-768x576.jpg 768w, http:\/\/escolapatinatge.com\/wp-content\/uploads\/2019\/09\/classes_particulars-600x450.jpg 600w, http:\/\/escolapatinatge.com\/wp-content\/uploads\/2019\/09\/classes_particulars.jpg 1599w\" sizes=\"(max-width: 1024px) 100vw, 1024px\" \/>\t\t\t\t\t\t\t\t\t\t\t\t\t\t<\/div>\n\t\t\t\t\t\t<\/div>\n\t\t\t\t<\/div>\n\t\t\t\t\t\t<\/div>\n\t\t\t\t\t<\/div>\n\t\t<\/div>\n\t\t\t\t<div class=\"elementor-column elementor-col-50 elementor-inner-column elementor-element elementor-element-c500152\" data-id=\"c500152\" data-element_type=\"column\">\n\t\t\t<div class=\"elementor-column-wrap elementor-element-populated\">\n\t\t\t\t\t\t\t<div class=\"elementor-widget-wrap\">\n\t\t\t\t\t\t<div class=\"elementor-element elementor-element-264bf5f elementor-widget elementor-widget-text-editor\" data-id=\"264bf5f\" data-element_type=\"widget\" data-widget_type=\"text-editor.default\">\n\t\t\t\t<div class=\"elementor-widget-container\">\n\t\t\t\t\t\t\t\t<div class=\"elementor-text-editor elementor-clearfix\">\n\t\t\t\t<p>Tanto si no te encajan nuestros horarios semanales, como si crees que necesitas un asesoramiento muy personalizado, podemos ofrecerte clases particulares.<\/p><p>El horario y lugar de las clases se acordar\u00e1n previamente entre la Escuela y el alumno, buscando siempre lo m\u00e1s conveniente para ambas partes.<\/p><p><strong>Hay que advertir que las clases particulares se hacen en la calle y el alquiler de material no est\u00e1 incluido.<\/strong><\/p><p>Si desea clases particulares porque tienes poco o ning\u00fan nivel de patinaje, no sufras, en todos los horarios hay nivel principiante y nuestros monitores ense\u00f1an cada d\u00eda a alumnos que no han patinado nunca, as\u00ed como tambi\u00e9n se encontrar\u00e1 otros alumnos en su mismo caso.<\/p><p>Cons\u00faltenos sobre qu\u00e9 horarios hay menos alumnos si desea una atenci\u00f3n m\u00e1s personalizada. En el caso de los m\u00e1s peque\u00f1os, recomendamos siempre las clases en grupo ya que podr\u00e1n hacer juegos con otros ni\u00f1os, socializarse y aprender jugando.<\/p><p>Os animamos a que veng\u00e1is a probar una primera clase por s\u00f3lo 7 euro. Puede consultar c\u00f3mo y cu\u00e1ndo hacer esta clase de prueba en la secci\u00f3n \u00abdudas\u00bb de esta misma web.<\/p><p>En caso de que desees contratar una clase particular de patinaje individual o grupal, h\u00e1znoslo saber.<\/p>\t\t\t\t\t<\/div>\n\t\t\t\t\t\t<\/div>\n\t\t\t\t<\/div>\n\t\t\t\t\t\t<\/div>\n\t\t\t\t\t<\/div>\n\t\t<\/div>\n\t\t\t\t\t\t\t\t<\/div>\n\t\t\t\t\t<\/div>\n\t\t<\/section>\n\t\t\t\t\t\t<\/div>\n\t\t\t\t\t<\/div>\n\t\t<\/div>\n\t\t\t\t\t\t\t\t<\/div>\n\t\t\t\t\t<\/div>\n\t\t<\/section>\n\t\t\t\t\t\t\t\t\t<\/div>\n\t\t\t<\/div>\n\t\t\t\t\t<\/div>\n\t\t","protected":false},"excerpt":{"rendered":"<p>CLASES PARTICULARES DE PATINAJE EN L\u00cdNEA Tanto si no te encajan nuestros horarios semanales, como si crees que necesitas un asesoramiento muy personalizado, podemos ofrecerte clases particulares. El horario y lugar de las clases se acordar\u00e1n previamente entre la Escuela y el alumno, buscando siempre lo m\u00e1s conveniente para ambas partes. Hay que advertir que [&hellip;]<\/p>\n","protected":false},"author":1,"featured_media":0,"parent":0,"menu_order":0,"comment_status":"closed","ping_status":"closed","template":"page-templates\/fullwidth-content.php","meta":{"_mi_skip_tracking":false,"_monsterinsights_sitenote_active":false,"_monsterinsights_sitenote_note":"","_monsterinsights_sitenote_category":0},"yoast_head":"<!-- This site is optimized with the Yoast SEO plugin v20.8 - https:\/\/yoast.com\/wordpress\/plugins\/seo\/ -->\n<title>CLASES PARTICULARES DE PATINAJE EN L\u00cdNEA - Escola Oficial Patinatge Inline<\/title>\n<meta name=\"robots\" content=\"index, follow, max-snippet:-1, max-image-preview:large, max-video-preview:-1\" \/>\n<link rel=\"canonical\" href=\"https:\/\/escolapatinatge.com\/es\/clases-particulares-de-patinaje-en-linea\/\" \/>\n<meta property=\"og:locale\" content=\"es_ES\" \/>\n<meta property=\"og:type\" content=\"article\" \/>\n<meta property=\"og:title\" content=\"CLASES PARTICULARES DE PATINAJE EN L\u00cdNEA - Escola Oficial Patinatge Inline\" \/>\n<meta property=\"og:description\" content=\"CLASES PARTICULARES DE PATINAJE EN L\u00cdNEA Tanto si no te encajan nuestros horarios semanales, como si crees que necesitas un asesoramiento muy personalizado, podemos ofrecerte clases particulares. El horario y lugar de las clases se acordar\u00e1n previamente entre la Escuela y el alumno, buscando siempre lo m\u00e1s conveniente para ambas partes. Hay que advertir que [&hellip;]\" \/>\n<meta property=\"og:url\" content=\"https:\/\/escolapatinatge.com\/es\/clases-particulares-de-patinaje-en-linea\/\" \/>\n<meta property=\"og:site_name\" content=\"Escola Oficial Patinatge Inline\" \/>\n<meta property=\"article:modified_time\" content=\"2020-07-11T17:04:50+00:00\" \/>\n<meta property=\"og:image\" content=\"http:\/\/escolapatinatge.com\/wp-content\/uploads\/2019\/09\/classes_particulars-1024x768.jpg\" \/>\n<meta name=\"twitter:card\" content=\"summary_large_image\" \/>\n<meta name=\"twitter:label1\" content=\"Tiempo de lectura\" \/>\n\t<meta name=\"twitter:data1\" content=\"1 minuto\" \/>\n<script type=\"application\/ld+json\" class=\"yoast-schema-graph\">{\"@context\":\"https:\/\/schema.org\",\"@graph\":[{\"@type\":\"WebPage\",\"@id\":\"https:\/\/escolapatinatge.com\/es\/clases-particulares-de-patinaje-en-linea\/\",\"url\":\"https:\/\/escolapatinatge.com\/es\/clases-particulares-de-patinaje-en-linea\/\",\"name\":\"CLASES PARTICULARES DE PATINAJE EN L\u00cdNEA - Escola Oficial Patinatge Inline\",\"isPartOf\":{\"@id\":\"https:\/\/escolapatinatge.com\/ca\/#website\"},\"datePublished\":\"2019-10-12T15:34:53+00:00\",\"dateModified\":\"2020-07-11T17:04:50+00:00\",\"breadcrumb\":{\"@id\":\"https:\/\/escolapatinatge.com\/es\/clases-particulares-de-patinaje-en-linea\/#breadcrumb\"},\"inLanguage\":\"es\",\"potentialAction\":[{\"@type\":\"ReadAction\",\"target\":[\"https:\/\/escolapatinatge.com\/es\/clases-particulares-de-patinaje-en-linea\/\"]}]},{\"@type\":\"BreadcrumbList\",\"@id\":\"https:\/\/escolapatinatge.com\/es\/clases-particulares-de-patinaje-en-linea\/#breadcrumb\",\"itemListElement\":[{\"@type\":\"ListItem\",\"position\":1,\"name\":\"Inici\",\"item\":\"https:\/\/escolapatinatge.com\/es\/\"},{\"@type\":\"ListItem\",\"position\":2,\"name\":\"CLASES PARTICULARES DE PATINAJE EN L\u00cdNEA\"}]},{\"@type\":\"WebSite\",\"@id\":\"https:\/\/escolapatinatge.com\/ca\/#website\",\"url\":\"https:\/\/escolapatinatge.com\/ca\/\",\"name\":\"Escola Oficial Patinatge Inline\",\"description\":\"Clases de patinaje en Barcelona. Aprende a patinar en la mejor escuela de patinaje. Cursos para todas las edades y niveles.\",\"potentialAction\":[{\"@type\":\"SearchAction\",\"target\":{\"@type\":\"EntryPoint\",\"urlTemplate\":\"https:\/\/escolapatinatge.com\/ca\/?s={search_term_string}\"},\"query-input\":\"required name=search_term_string\"}],\"inLanguage\":\"es\"}]}<\/script>\n<!-- \/ Yoast SEO plugin. -->","yoast_head_json":{"title":"CLASES PARTICULARES DE PATINAJE EN L\u00cdNEA - Escola Oficial Patinatge Inline","robots":{"index":"index","follow":"follow","max-snippet":"max-snippet:-1","max-image-preview":"max-image-preview:large","max-video-preview":"max-video-preview:-1"},"canonical":"https:\/\/escolapatinatge.com\/es\/clases-particulares-de-patinaje-en-linea\/","og_locale":"es_ES","og_type":"article","og_title":"CLASES PARTICULARES DE PATINAJE EN L\u00cdNEA - Escola Oficial Patinatge Inline","og_description":"CLASES PARTICULARES DE PATINAJE EN L\u00cdNEA Tanto si no te encajan nuestros horarios semanales, como si crees que necesitas un asesoramiento muy personalizado, podemos ofrecerte clases particulares. El horario y lugar de las clases se acordar\u00e1n previamente entre la Escuela y el alumno, buscando siempre lo m\u00e1s conveniente para ambas partes. Hay que advertir que [&hellip;]","og_url":"https:\/\/escolapatinatge.com\/es\/clases-particulares-de-patinaje-en-linea\/","og_site_name":"Escola Oficial Patinatge Inline","article_modified_time":"2020-07-11T17:04:50+00:00","og_image":[{"url":"http:\/\/escolapatinatge.com\/wp-content\/uploads\/2019\/09\/classes_particulars-1024x768.jpg"}],"twitter_card":"summary_large_image","twitter_misc":{"Tiempo de lectura":"1 minuto"},"schema":{"@context":"https:\/\/schema.org","@graph":[{"@type":"WebPage","@id":"https:\/\/escolapatinatge.com\/es\/clases-particulares-de-patinaje-en-linea\/","url":"https:\/\/escolapatinatge.com\/es\/clases-particulares-de-patinaje-en-linea\/","name":"CLASES PARTICULARES DE PATINAJE EN L\u00cdNEA - Escola Oficial Patinatge Inline","isPartOf":{"@id":"https:\/\/escolapatinatge.com\/ca\/#website"},"datePublished":"2019-10-12T15:34:53+00:00","dateModified":"2020-07-11T17:04:50+00:00","breadcrumb":{"@id":"https:\/\/escolapatinatge.com\/es\/clases-particulares-de-patinaje-en-linea\/#breadcrumb"},"inLanguage":"es","potentialAction":[{"@type":"ReadAction","target":["https:\/\/escolapatinatge.com\/es\/clases-particulares-de-patinaje-en-linea\/"]}]},{"@type":"BreadcrumbList","@id":"https:\/\/escolapatinatge.com\/es\/clases-particulares-de-patinaje-en-linea\/#breadcrumb","itemListElement":[{"@type":"ListItem","position":1,"name":"Inici","item":"https:\/\/escolapatinatge.com\/es\/"},{"@type":"ListItem","position":2,"name":"CLASES PARTICULARES DE PATINAJE EN L\u00cdNEA"}]},{"@type":"WebSite","@id":"https:\/\/escolapatinatge.com\/ca\/#website","url":"https:\/\/escolapatinatge.com\/ca\/","name":"Escola Oficial Patinatge Inline","description":"Clases de patinaje en Barcelona. Aprende a patinar en la mejor escuela de patinaje. Cursos para todas las edades y niveles.","potentialAction":[{"@type":"SearchAction","target":{"@type":"EntryPoint","urlTemplate":"https:\/\/escolapatinatge.com\/ca\/?s={search_term_string}"},"query-input":"required name=search_term_string"}],"inLanguage":"es"}]}},"_links":{"self":[{"href":"http:\/\/escolapatinatge.com\/es\/wp-json\/wp\/v2\/pages\/11958"}],"collection":[{"href":"http:\/\/escolapatinatge.com\/es\/wp-json\/wp\/v2\/pages"}],"about":[{"href":"http:\/\/escolapatinatge.com\/es\/wp-json\/wp\/v2\/types\/page"}],"author":[{"embeddable":true,"href":"http:\/\/escolapatinatge.com\/es\/wp-json\/wp\/v2\/users\/1"}],"replies":[{"embeddable":true,"href":"http:\/\/escolapatinatge.com\/es\/wp-json\/wp\/v2\/comments?post=11958"}],"version-history":[{"count":2,"href":"http:\/\/escolapatinatge.com\/es\/wp-json\/wp\/v2\/pages\/11958\/revisions"}],"predecessor-version":[{"id":11960,"href":"http:\/\/escolapatinatge.com\/es\/wp-json\/wp\/v2\/pages\/11958\/revisions\/11960"}],"wp:attachment":[{"href":"http:\/\/escolapatinatge.com\/es\/wp-json\/wp\/v2\/media?parent=11958"}],"curies":[{"name":"wp","href":"https:\/\/api.w.org\/{rel}","templated":true}]}}