{"id":1076,"date":"2019-09-30T07:37:34","date_gmt":"2019-09-30T05:37:34","guid":{"rendered":"http:\/\/escolapatinatge.com\/?page_id=1076"},"modified":"2021-10-16T19:21:11","modified_gmt":"2021-10-16T17:21:11","slug":"classes-de-freestyle-slalom","status":"publish","type":"page","link":"https:\/\/escolapatinatge.com\/ca\/classes-de-freestyle-slalom\/","title":{"rendered":"CLASSES DE FREESTYLE SLALOM"},"content":{"rendered":"\t\t<div data-elementor-type=\"wp-post\" data-elementor-id=\"1076\" class=\"elementor elementor-1076\">\n\t\t\t\t\t\t<div class=\"elementor-inner\">\n\t\t\t\t<div class=\"elementor-section-wrap\">\n\t\t\t\t\t\t\t\t\t<section class=\"elementor-section elementor-top-section elementor-element elementor-element-105ded2 elementor-section-boxed elementor-section-height-default elementor-section-height-default\" data-id=\"105ded2\" data-element_type=\"section\">\n\t\t\t\t\t\t<div class=\"elementor-container elementor-column-gap-default\">\n\t\t\t\t\t\t\t<div class=\"elementor-row\">\n\t\t\t\t\t<div class=\"elementor-column elementor-col-100 elementor-top-column elementor-element elementor-element-8370fc6\" data-id=\"8370fc6\" data-element_type=\"column\">\n\t\t\t<div class=\"elementor-column-wrap elementor-element-populated\">\n\t\t\t\t\t\t\t<div class=\"elementor-widget-wrap\">\n\t\t\t\t\t\t<section class=\"elementor-section elementor-inner-section elementor-element elementor-element-f01015a elementor-section-boxed elementor-section-height-default elementor-section-height-default\" data-id=\"f01015a\" data-element_type=\"section\">\n\t\t\t\t\t\t<div class=\"elementor-container elementor-column-gap-default\">\n\t\t\t\t\t\t\t<div class=\"elementor-row\">\n\t\t\t\t\t<div class=\"elementor-column elementor-col-100 elementor-inner-column elementor-element elementor-element-7d50c67\" data-id=\"7d50c67\" data-element_type=\"column\">\n\t\t\t<div class=\"elementor-column-wrap elementor-element-populated\">\n\t\t\t\t\t\t\t<div class=\"elementor-widget-wrap\">\n\t\t\t\t\t\t<div class=\"elementor-element elementor-element-71b7c01 elementor-widget elementor-widget-heading\" data-id=\"71b7c01\" data-element_type=\"widget\" data-widget_type=\"heading.default\">\n\t\t\t\t<div class=\"elementor-widget-container\">\n\t\t\t<h1 class=\"elementor-heading-title elementor-size-default\">CLASSES DE FREESTYLE SLALOM<\/h1>\t\t<\/div>\n\t\t\t\t<\/div>\n\t\t\t\t\t\t<\/div>\n\t\t\t\t\t<\/div>\n\t\t<\/div>\n\t\t\t\t\t\t\t\t<\/div>\n\t\t\t\t\t<\/div>\n\t\t<\/section>\n\t\t\t\t\t\t<\/div>\n\t\t\t\t\t<\/div>\n\t\t<\/div>\n\t\t\t\t\t\t\t\t<\/div>\n\t\t\t\t\t<\/div>\n\t\t<\/section>\n\t\t\t\t<section class=\"elementor-section elementor-top-section elementor-element elementor-element-f0fa12a elementor-section-boxed elementor-section-height-default elementor-section-height-default\" data-id=\"f0fa12a\" data-element_type=\"section\">\n\t\t\t\t\t\t<div class=\"elementor-container elementor-column-gap-default\">\n\t\t\t\t\t\t\t<div class=\"elementor-row\">\n\t\t\t\t\t<div class=\"elementor-column elementor-col-100 elementor-top-column elementor-element elementor-element-e916b71\" data-id=\"e916b71\" data-element_type=\"column\">\n\t\t\t<div class=\"elementor-column-wrap elementor-element-populated\">\n\t\t\t\t\t\t\t<div class=\"elementor-widget-wrap\">\n\t\t\t\t\t\t<section class=\"elementor-section elementor-inner-section elementor-element elementor-element-7bb4180 elementor-section-boxed elementor-section-height-default elementor-section-height-default\" data-id=\"7bb4180\" data-element_type=\"section\">\n\t\t\t\t\t\t<div class=\"elementor-container elementor-column-gap-default\">\n\t\t\t\t\t\t\t<div class=\"elementor-row\">\n\t\t\t\t\t<div class=\"elementor-column elementor-col-50 elementor-inner-column elementor-element elementor-element-03bc074\" data-id=\"03bc074\" data-element_type=\"column\">\n\t\t\t<div class=\"elementor-column-wrap elementor-element-populated\">\n\t\t\t\t\t\t\t<div class=\"elementor-widget-wrap\">\n\t\t\t\t\t\t<div class=\"elementor-element elementor-element-ca1fa9c elementor-widget elementor-widget-video\" data-id=\"ca1fa9c\" data-element_type=\"widget\" data-settings=\"{&quot;youtube_url&quot;:&quot;https:\\\/\\\/www.youtube.com\\\/watch?v=5PaYEmgV8pc&amp;list=PLNoq4gGGFp9dOSHA6Pt-14spvfKEjKvo4&quot;,&quot;show_image_overlay&quot;:&quot;yes&quot;,&quot;image_overlay&quot;:{&quot;url&quot;:&quot;http:\\\/\\\/escolapatinatge.com\\\/wp-content\\\/uploads\\\/2020\\\/03\\\/classes_freestyle_slalom_2.jpg&quot;,&quot;id&quot;:1828,&quot;size&quot;:&quot;&quot;},&quot;video_type&quot;:&quot;youtube&quot;,&quot;controls&quot;:&quot;yes&quot;}\" data-widget_type=\"video.default\">\n\t\t\t\t<div class=\"elementor-widget-container\">\n\t\t\t\t\t<div class=\"elementor-wrapper elementor-open-inline\">\n\t\t\t<div class=\"elementor-video\"><\/div>\t\t\t\t<div class=\"elementor-custom-embed-image-overlay\" style=\"background-image: url(https:\/\/escolapatinatge.com\/wp-content\/uploads\/2020\/03\/classes_freestyle_slalom_2.jpg);\">\n\t\t\t\t\t\t\t\t\t\t\t\t\t\t\t\t<div class=\"elementor-custom-embed-play\" role=\"button\" aria-label=\"Reprodueix v\u00eddeo\" tabindex=\"0\">\n\t\t\t\t\t\t\t<i aria-hidden=\"true\" class=\"eicon-play\"><\/i>\t\t\t\t\t\t\t<span class=\"elementor-screen-only\">Reprodueix v\u00eddeo<\/span>\n\t\t\t\t\t\t<\/div>\n\t\t\t\t\t\t\t\t\t<\/div>\n\t\t\t\t\t<\/div>\n\t\t\t\t<\/div>\n\t\t\t\t<\/div>\n\t\t\t\t\t\t<\/div>\n\t\t\t\t\t<\/div>\n\t\t<\/div>\n\t\t\t\t<div class=\"elementor-column elementor-col-50 elementor-inner-column elementor-element elementor-element-313a475\" data-id=\"313a475\" data-element_type=\"column\">\n\t\t\t<div class=\"elementor-column-wrap elementor-element-populated\">\n\t\t\t\t\t\t\t<div class=\"elementor-widget-wrap\">\n\t\t\t\t\t\t<div class=\"elementor-element elementor-element-13848d2 elementor-widget elementor-widget-text-editor\" data-id=\"13848d2\" data-element_type=\"widget\" data-widget_type=\"text-editor.default\">\n\t\t\t\t<div class=\"elementor-widget-container\">\n\t\t\t\t\t\t\t\t<div class=\"elementor-text-editor elementor-clearfix\">\n\t\t\t\t<p>Les classes de Freestyle Slalom s\u00f3n impartides per experts monitors de la mat\u00e8ria que de manera peri\u00f2dica intenten transmetre tot el seu saber als nostres alumnes. Destaquen per ser classes de patinatge adaptades a qualsevol nivell perqu\u00e8 tots els alumnes puguin iniciar-se en el divertit m\u00f3n del patinatge esl\u00e0lom o perfeccionar la seva t\u00e8cnica.<\/p>\t\t\t\t\t<\/div>\n\t\t\t\t\t\t<\/div>\n\t\t\t\t<\/div>\n\t\t\t\t\t\t<\/div>\n\t\t\t\t\t<\/div>\n\t\t<\/div>\n\t\t\t\t\t\t\t\t<\/div>\n\t\t\t\t\t<\/div>\n\t\t<\/section>\n\t\t\t\t\t\t<\/div>\n\t\t\t\t\t<\/div>\n\t\t<\/div>\n\t\t\t\t\t\t\t\t<\/div>\n\t\t\t\t\t<\/div>\n\t\t<\/section>\n\t\t\t\t\t\t\t\t\t<\/div>\n\t\t\t<\/div>\n\t\t\t\t\t<\/div>\n\t\t","protected":false},"excerpt":{"rendered":"<p>CLASSES DE FREESTYLE SLALOM Les classes de Freestyle Slalom s\u00f3n impartides per experts monitors de la mat\u00e8ria que de manera peri\u00f2dica intenten transmetre tot el seu saber als nostres alumnes. Destaquen per ser classes de patinatge adaptades a qualsevol nivell perqu\u00e8 tots els alumnes puguin iniciar-se en el divertit m\u00f3n del patinatge esl\u00e0lom o perfeccionar [&hellip;]<\/p>\n","protected":false},"author":1,"featured_media":0,"parent":0,"menu_order":0,"comment_status":"closed","ping_status":"closed","template":"page-templates\/fullwidth-content.php","meta":{"_mi_skip_tracking":false,"_monsterinsights_sitenote_active":false,"_monsterinsights_sitenote_note":"","_monsterinsights_sitenote_category":0},"yoast_head":"<!-- This site is optimized with the Yoast SEO plugin v20.8 - https:\/\/yoast.com\/wordpress\/plugins\/seo\/ -->\n<title>CLASSES DE FREESTYLE SLALOM - Escola Oficial Patinatge Inline<\/title>\n<meta name=\"description\" content=\"Les classes de Freestyle Slalom s\u00f3n impartides per experts monitors de la mat\u00e8ria que de manera peri\u00f2dica intenten transmetre tot el seu saber als nostres alumnes.\" \/>\n<meta name=\"robots\" content=\"index, follow, max-snippet:-1, max-image-preview:large, max-video-preview:-1\" \/>\n<link rel=\"canonical\" href=\"http:\/\/escolapatinatge.com\/ca\/classes-de-freestyle-slalom\/\" \/>\n<meta property=\"og:locale\" content=\"ca_ES\" \/>\n<meta property=\"og:type\" content=\"article\" \/>\n<meta property=\"og:title\" content=\"CLASSES DE FREESTYLE SLALOM - Escola Oficial Patinatge Inline\" \/>\n<meta property=\"og:description\" content=\"Les classes de Freestyle Slalom s\u00f3n impartides per experts monitors de la mat\u00e8ria que de manera peri\u00f2dica intenten transmetre tot el seu saber als nostres alumnes.\" \/>\n<meta property=\"og:url\" content=\"http:\/\/escolapatinatge.com\/ca\/classes-de-freestyle-slalom\/\" \/>\n<meta property=\"og:site_name\" content=\"Escola Oficial Patinatge Inline\" \/>\n<meta property=\"article:modified_time\" content=\"2021-10-16T17:21:11+00:00\" \/>\n<meta name=\"twitter:card\" content=\"summary_large_image\" \/>\n<meta name=\"twitter:label1\" content=\"Temps estimat de lectura\" \/>\n\t<meta name=\"twitter:data1\" content=\"1 minut\" \/>\n<script type=\"application\/ld+json\" class=\"yoast-schema-graph\">{\"@context\":\"https:\/\/schema.org\",\"@graph\":[{\"@type\":\"WebPage\",\"@id\":\"http:\/\/escolapatinatge.com\/ca\/classes-de-freestyle-slalom\/\",\"url\":\"http:\/\/escolapatinatge.com\/ca\/classes-de-freestyle-slalom\/\",\"name\":\"CLASSES DE FREESTYLE SLALOM - Escola Oficial Patinatge Inline\",\"isPartOf\":{\"@id\":\"https:\/\/escolapatinatge.com\/ca\/#website\"},\"datePublished\":\"2019-09-30T05:37:34+00:00\",\"dateModified\":\"2021-10-16T17:21:11+00:00\",\"description\":\"Les classes de Freestyle Slalom s\u00f3n impartides per experts monitors de la mat\u00e8ria que de manera peri\u00f2dica intenten transmetre tot el seu saber als nostres alumnes.\",\"breadcrumb\":{\"@id\":\"http:\/\/escolapatinatge.com\/ca\/classes-de-freestyle-slalom\/#breadcrumb\"},\"inLanguage\":\"ca\",\"potentialAction\":[{\"@type\":\"ReadAction\",\"target\":[\"http:\/\/escolapatinatge.com\/ca\/classes-de-freestyle-slalom\/\"]}]},{\"@type\":\"BreadcrumbList\",\"@id\":\"http:\/\/escolapatinatge.com\/ca\/classes-de-freestyle-slalom\/#breadcrumb\",\"itemListElement\":[{\"@type\":\"ListItem\",\"position\":1,\"name\":\"Inici\",\"item\":\"http:\/\/escolapatinatge.com\/ca\/\"},{\"@type\":\"ListItem\",\"position\":2,\"name\":\"CLASSES DE FREESTYLE SLALOM\"}]},{\"@type\":\"WebSite\",\"@id\":\"https:\/\/escolapatinatge.com\/ca\/#website\",\"url\":\"https:\/\/escolapatinatge.com\/ca\/\",\"name\":\"Escola Oficial Patinatge Inline\",\"description\":\"Classes de patinatge a Barcelona. Apr\u00e8n a patinar a la millor escola de patinatge. Cursos per totes les edats i nivells.\",\"potentialAction\":[{\"@type\":\"SearchAction\",\"target\":{\"@type\":\"EntryPoint\",\"urlTemplate\":\"https:\/\/escolapatinatge.com\/ca\/?s={search_term_string}\"},\"query-input\":\"required name=search_term_string\"}],\"inLanguage\":\"ca\"}]}<\/script>\n<!-- \/ Yoast SEO plugin. -->","yoast_head_json":{"title":"CLASSES DE FREESTYLE SLALOM - Escola Oficial Patinatge Inline","description":"Les classes de Freestyle Slalom s\u00f3n impartides per experts monitors de la mat\u00e8ria que de manera peri\u00f2dica intenten transmetre tot el seu saber als nostres alumnes.","robots":{"index":"index","follow":"follow","max-snippet":"max-snippet:-1","max-image-preview":"max-image-preview:large","max-video-preview":"max-video-preview:-1"},"canonical":"http:\/\/escolapatinatge.com\/ca\/classes-de-freestyle-slalom\/","og_locale":"ca_ES","og_type":"article","og_title":"CLASSES DE FREESTYLE SLALOM - Escola Oficial Patinatge Inline","og_description":"Les classes de Freestyle Slalom s\u00f3n impartides per experts monitors de la mat\u00e8ria que de manera peri\u00f2dica intenten transmetre tot el seu saber als nostres alumnes.","og_url":"http:\/\/escolapatinatge.com\/ca\/classes-de-freestyle-slalom\/","og_site_name":"Escola Oficial Patinatge Inline","article_modified_time":"2021-10-16T17:21:11+00:00","twitter_card":"summary_large_image","twitter_misc":{"Temps estimat de lectura":"1 minut"},"schema":{"@context":"https:\/\/schema.org","@graph":[{"@type":"WebPage","@id":"http:\/\/escolapatinatge.com\/ca\/classes-de-freestyle-slalom\/","url":"http:\/\/escolapatinatge.com\/ca\/classes-de-freestyle-slalom\/","name":"CLASSES DE FREESTYLE SLALOM - Escola Oficial Patinatge Inline","isPartOf":{"@id":"https:\/\/escolapatinatge.com\/ca\/#website"},"datePublished":"2019-09-30T05:37:34+00:00","dateModified":"2021-10-16T17:21:11+00:00","description":"Les classes de Freestyle Slalom s\u00f3n impartides per experts monitors de la mat\u00e8ria que de manera peri\u00f2dica intenten transmetre tot el seu saber als nostres alumnes.","breadcrumb":{"@id":"http:\/\/escolapatinatge.com\/ca\/classes-de-freestyle-slalom\/#breadcrumb"},"inLanguage":"ca","potentialAction":[{"@type":"ReadAction","target":["http:\/\/escolapatinatge.com\/ca\/classes-de-freestyle-slalom\/"]}]},{"@type":"BreadcrumbList","@id":"http:\/\/escolapatinatge.com\/ca\/classes-de-freestyle-slalom\/#breadcrumb","itemListElement":[{"@type":"ListItem","position":1,"name":"Inici","item":"http:\/\/escolapatinatge.com\/ca\/"},{"@type":"ListItem","position":2,"name":"CLASSES DE FREESTYLE SLALOM"}]},{"@type":"WebSite","@id":"https:\/\/escolapatinatge.com\/ca\/#website","url":"https:\/\/escolapatinatge.com\/ca\/","name":"Escola Oficial Patinatge Inline","description":"Classes de patinatge a Barcelona. Apr\u00e8n a patinar a la millor escola de patinatge. Cursos per totes les edats i nivells.","potentialAction":[{"@type":"SearchAction","target":{"@type":"EntryPoint","urlTemplate":"https:\/\/escolapatinatge.com\/ca\/?s={search_term_string}"},"query-input":"required name=search_term_string"}],"inLanguage":"ca"}]}},"_links":{"self":[{"href":"https:\/\/escolapatinatge.com\/ca\/wp-json\/wp\/v2\/pages\/1076"}],"collection":[{"href":"https:\/\/escolapatinatge.com\/ca\/wp-json\/wp\/v2\/pages"}],"about":[{"href":"https:\/\/escolapatinatge.com\/ca\/wp-json\/wp\/v2\/types\/page"}],"author":[{"embeddable":true,"href":"https:\/\/escolapatinatge.com\/ca\/wp-json\/wp\/v2\/users\/1"}],"replies":[{"embeddable":true,"href":"https:\/\/escolapatinatge.com\/ca\/wp-json\/wp\/v2\/comments?post=1076"}],"version-history":[{"count":10,"href":"https:\/\/escolapatinatge.com\/ca\/wp-json\/wp\/v2\/pages\/1076\/revisions"}],"predecessor-version":[{"id":13097,"href":"https:\/\/escolapatinatge.com\/ca\/wp-json\/wp\/v2\/pages\/1076\/revisions\/13097"}],"wp:attachment":[{"href":"https:\/\/escolapatinatge.com\/ca\/wp-json\/wp\/v2\/media?parent=1076"}],"curies":[{"name":"wp","href":"https:\/\/api.w.org\/{rel}","templated":true}]}}