{"id":1081,"date":"2019-09-30T07:43:11","date_gmt":"2019-09-30T05:43:11","guid":{"rendered":"http:\/\/escolapatinatge.com\/?page_id=1081"},"modified":"2021-10-16T19:26:58","modified_gmt":"2021-10-16T17:26:58","slug":"escola-dhoquei-linia","status":"publish","type":"page","link":"https:\/\/escolapatinatge.com\/ca\/escola-dhoquei-linia\/","title":{"rendered":"ESCOLA D\u2019HOQUEI L\u00cdNIA"},"content":{"rendered":"\t\t<div data-elementor-type=\"wp-post\" data-elementor-id=\"1081\" class=\"elementor elementor-1081\">\n\t\t\t\t\t\t<div class=\"elementor-inner\">\n\t\t\t\t<div class=\"elementor-section-wrap\">\n\t\t\t\t\t\t\t\t\t<section class=\"elementor-section elementor-top-section elementor-element elementor-element-cd899c6 elementor-section-boxed elementor-section-height-default elementor-section-height-default\" data-id=\"cd899c6\" data-element_type=\"section\">\n\t\t\t\t\t\t<div class=\"elementor-container elementor-column-gap-default\">\n\t\t\t\t\t\t\t<div class=\"elementor-row\">\n\t\t\t\t\t<div class=\"elementor-column elementor-col-100 elementor-top-column elementor-element elementor-element-bd1340b\" data-id=\"bd1340b\" data-element_type=\"column\">\n\t\t\t<div class=\"elementor-column-wrap elementor-element-populated\">\n\t\t\t\t\t\t\t<div class=\"elementor-widget-wrap\">\n\t\t\t\t\t\t<section class=\"elementor-section elementor-inner-section elementor-element elementor-element-ccdeb8b elementor-section-boxed elementor-section-height-default elementor-section-height-default\" data-id=\"ccdeb8b\" data-element_type=\"section\">\n\t\t\t\t\t\t<div class=\"elementor-container elementor-column-gap-default\">\n\t\t\t\t\t\t\t<div class=\"elementor-row\">\n\t\t\t\t\t<div class=\"elementor-column elementor-col-100 elementor-inner-column elementor-element elementor-element-2c7644c\" data-id=\"2c7644c\" data-element_type=\"column\">\n\t\t\t<div class=\"elementor-column-wrap elementor-element-populated\">\n\t\t\t\t\t\t\t<div class=\"elementor-widget-wrap\">\n\t\t\t\t\t\t<div class=\"elementor-element elementor-element-cf55b2c elementor-widget elementor-widget-heading\" data-id=\"cf55b2c\" data-element_type=\"widget\" data-widget_type=\"heading.default\">\n\t\t\t\t<div class=\"elementor-widget-container\">\n\t\t\t<h1 class=\"elementor-heading-title elementor-size-default\">ESCOLA D\u2019HOQUEI L\u00cdNIA<\/h1>\t\t<\/div>\n\t\t\t\t<\/div>\n\t\t\t\t\t\t<\/div>\n\t\t\t\t\t<\/div>\n\t\t<\/div>\n\t\t\t\t\t\t\t\t<\/div>\n\t\t\t\t\t<\/div>\n\t\t<\/section>\n\t\t\t\t\t\t<\/div>\n\t\t\t\t\t<\/div>\n\t\t<\/div>\n\t\t\t\t\t\t\t\t<\/div>\n\t\t\t\t\t<\/div>\n\t\t<\/section>\n\t\t\t\t<section class=\"elementor-section elementor-top-section elementor-element elementor-element-c31c0c4 elementor-section-boxed elementor-section-height-default elementor-section-height-default\" data-id=\"c31c0c4\" data-element_type=\"section\">\n\t\t\t\t\t\t<div class=\"elementor-container elementor-column-gap-default\">\n\t\t\t\t\t\t\t<div class=\"elementor-row\">\n\t\t\t\t\t<div class=\"elementor-column elementor-col-100 elementor-top-column elementor-element elementor-element-8628b00\" data-id=\"8628b00\" data-element_type=\"column\">\n\t\t\t<div class=\"elementor-column-wrap elementor-element-populated\">\n\t\t\t\t\t\t\t<div class=\"elementor-widget-wrap\">\n\t\t\t\t\t\t<section class=\"elementor-section elementor-inner-section elementor-element elementor-element-14e087a elementor-section-boxed elementor-section-height-default elementor-section-height-default\" data-id=\"14e087a\" data-element_type=\"section\">\n\t\t\t\t\t\t<div class=\"elementor-container elementor-column-gap-default\">\n\t\t\t\t\t\t\t<div class=\"elementor-row\">\n\t\t\t\t\t<div class=\"elementor-column elementor-col-50 elementor-inner-column elementor-element elementor-element-bb087c7\" data-id=\"bb087c7\" data-element_type=\"column\">\n\t\t\t<div class=\"elementor-column-wrap elementor-element-populated\">\n\t\t\t\t\t\t\t<div class=\"elementor-widget-wrap\">\n\t\t\t\t\t\t<div class=\"elementor-element elementor-element-4bb039c elementor-widget elementor-widget-image\" data-id=\"4bb039c\" data-element_type=\"widget\" data-widget_type=\"image.default\">\n\t\t\t\t<div class=\"elementor-widget-container\">\n\t\t\t\t\t\t\t\t<div class=\"elementor-image\">\n\t\t\t\t\t\t\t\t\t\t\t\t<img decoding=\"async\" width=\"960\" height=\"720\" src=\"https:\/\/escolapatinatge.com\/wp-content\/uploads\/2019\/08\/hockey_linia.jpg\" class=\"attachment-large size-large wp-image-965\" alt=\"Cursos d&#039;hoquei en l\u00ednia\" loading=\"lazy\" srcset=\"https:\/\/escolapatinatge.com\/wp-content\/uploads\/2019\/08\/hockey_linia.jpg 960w, https:\/\/escolapatinatge.com\/wp-content\/uploads\/2019\/08\/hockey_linia-300x225.jpg 300w, https:\/\/escolapatinatge.com\/wp-content\/uploads\/2019\/08\/hockey_linia-768x576.jpg 768w, https:\/\/escolapatinatge.com\/wp-content\/uploads\/2019\/08\/hockey_linia-600x450.jpg 600w\" sizes=\"(max-width: 960px) 100vw, 960px\" \/>\t\t\t\t\t\t\t\t\t\t\t\t\t\t<\/div>\n\t\t\t\t\t\t<\/div>\n\t\t\t\t<\/div>\n\t\t\t\t\t\t<\/div>\n\t\t\t\t\t<\/div>\n\t\t<\/div>\n\t\t\t\t<div class=\"elementor-column elementor-col-50 elementor-inner-column elementor-element elementor-element-15cd45b\" data-id=\"15cd45b\" data-element_type=\"column\">\n\t\t\t<div class=\"elementor-column-wrap elementor-element-populated\">\n\t\t\t\t\t\t\t<div class=\"elementor-widget-wrap\">\n\t\t\t\t\t\t<div class=\"elementor-element elementor-element-1f5a2a8 elementor-widget elementor-widget-text-editor\" data-id=\"1f5a2a8\" data-element_type=\"widget\" data-widget_type=\"text-editor.default\">\n\t\t\t\t<div class=\"elementor-widget-container\">\n\t\t\t\t\t\t\t\t<div class=\"elementor-text-editor elementor-clearfix\">\n\t\t\t\t<p>Vols descobrir lo divertit que pot arribar a ser l&#8217;hoquei l\u00ednia?<\/p><p>A l\u2019Escola Oficial de Patinatge Inline tamb\u00e9 ensenyem a jugar a l\u2019hoquei l\u00ednia, realitzant classes amenes i divertides que, a m\u00e9s a m\u00e9s, t\u2019ajudar\u00e0n a millorar la teva habilitat amb els patins i equilibri.<\/p><p>Tenim el luxe de disposar d&#8217; equip de monitors que ha jugat o segueix fent-ho en equips de molt renom en aquest esport.<\/p><p>Fem un curs en format monogr\u00e0fic durant el curs (4 diumenges).<\/p>\t\t\t\t\t<\/div>\n\t\t\t\t\t\t<\/div>\n\t\t\t\t<\/div>\n\t\t\t\t\t\t<\/div>\n\t\t\t\t\t<\/div>\n\t\t<\/div>\n\t\t\t\t\t\t\t\t<\/div>\n\t\t\t\t\t<\/div>\n\t\t<\/section>\n\t\t\t\t\t\t<\/div>\n\t\t\t\t\t<\/div>\n\t\t<\/div>\n\t\t\t\t\t\t\t\t<\/div>\n\t\t\t\t\t<\/div>\n\t\t<\/section>\n\t\t\t\t\t\t\t\t\t<\/div>\n\t\t\t<\/div>\n\t\t\t\t\t<\/div>\n\t\t","protected":false},"excerpt":{"rendered":"<p>ESCOLA D\u2019HOQUEI L\u00cdNIA Vols descobrir lo divertit que pot arribar a ser l&#8217;hoquei l\u00ednia? A l\u2019Escola Oficial de Patinatge Inline tamb\u00e9 ensenyem a jugar a l\u2019hoquei l\u00ednia, realitzant classes amenes i divertides que, a m\u00e9s a m\u00e9s, t\u2019ajudar\u00e0n a millorar la teva habilitat amb els patins i equilibri. Tenim el luxe de disposar d&#8217; equip [&hellip;]<\/p>\n","protected":false},"author":1,"featured_media":0,"parent":0,"menu_order":0,"comment_status":"closed","ping_status":"closed","template":"page-templates\/fullwidth-content.php","meta":{"_mi_skip_tracking":false,"_monsterinsights_sitenote_active":false,"_monsterinsights_sitenote_note":"","_monsterinsights_sitenote_category":0},"yoast_head":"<!-- This site is optimized with the Yoast SEO plugin v20.8 - https:\/\/yoast.com\/wordpress\/plugins\/seo\/ -->\n<title>ESCOLA D\u2019HOQUEI L\u00cdNIA - Escola Oficial Patinatge Inline<\/title>\n<meta name=\"description\" content=\"Vols descobrir lo divertit que pot arribar a ser l\u2019hoquei l\u00ednia? A l\u2019Escola Oficial de Patinatge Inline tamb\u00e9 ensenyem a jugar a l\u2019hoquei l\u00ednia.\" \/>\n<meta name=\"robots\" content=\"index, follow, max-snippet:-1, max-image-preview:large, max-video-preview:-1\" \/>\n<link rel=\"canonical\" href=\"https:\/\/escolapatinatge.com\/ca\/escola-dhoquei-linia\/\" \/>\n<meta property=\"og:locale\" content=\"ca_ES\" \/>\n<meta property=\"og:type\" content=\"article\" \/>\n<meta property=\"og:title\" content=\"ESCOLA D\u2019HOQUEI L\u00cdNIA - Escola Oficial Patinatge Inline\" \/>\n<meta property=\"og:description\" content=\"Vols descobrir lo divertit que pot arribar a ser l\u2019hoquei l\u00ednia? A l\u2019Escola Oficial de Patinatge Inline tamb\u00e9 ensenyem a jugar a l\u2019hoquei l\u00ednia.\" \/>\n<meta property=\"og:url\" content=\"https:\/\/escolapatinatge.com\/ca\/escola-dhoquei-linia\/\" \/>\n<meta property=\"og:site_name\" content=\"Escola Oficial Patinatge Inline\" \/>\n<meta property=\"article:modified_time\" content=\"2021-10-16T17:26:58+00:00\" \/>\n<meta property=\"og:image\" content=\"http:\/\/escolapatinatge.com\/wp-content\/uploads\/2019\/08\/hockey_linia.jpg\" \/>\n<meta name=\"twitter:card\" content=\"summary_large_image\" \/>\n<meta name=\"twitter:label1\" content=\"Temps estimat de lectura\" \/>\n\t<meta name=\"twitter:data1\" content=\"1 minut\" \/>\n<script type=\"application\/ld+json\" class=\"yoast-schema-graph\">{\"@context\":\"https:\/\/schema.org\",\"@graph\":[{\"@type\":\"WebPage\",\"@id\":\"https:\/\/escolapatinatge.com\/ca\/escola-dhoquei-linia\/\",\"url\":\"https:\/\/escolapatinatge.com\/ca\/escola-dhoquei-linia\/\",\"name\":\"ESCOLA D\u2019HOQUEI L\u00cdNIA - Escola Oficial Patinatge Inline\",\"isPartOf\":{\"@id\":\"https:\/\/escolapatinatge.com\/ca\/#website\"},\"datePublished\":\"2019-09-30T05:43:11+00:00\",\"dateModified\":\"2021-10-16T17:26:58+00:00\",\"description\":\"Vols descobrir lo divertit que pot arribar a ser l\u2019hoquei l\u00ednia? A l\u2019Escola Oficial de Patinatge Inline tamb\u00e9 ensenyem a jugar a l\u2019hoquei l\u00ednia.\",\"breadcrumb\":{\"@id\":\"https:\/\/escolapatinatge.com\/ca\/escola-dhoquei-linia\/#breadcrumb\"},\"inLanguage\":\"ca\",\"potentialAction\":[{\"@type\":\"ReadAction\",\"target\":[\"https:\/\/escolapatinatge.com\/ca\/escola-dhoquei-linia\/\"]}]},{\"@type\":\"BreadcrumbList\",\"@id\":\"https:\/\/escolapatinatge.com\/ca\/escola-dhoquei-linia\/#breadcrumb\",\"itemListElement\":[{\"@type\":\"ListItem\",\"position\":1,\"name\":\"Inici\",\"item\":\"http:\/\/escolapatinatge.com\/ca\/\"},{\"@type\":\"ListItem\",\"position\":2,\"name\":\"ESCOLA D\u2019HOQUEI L\u00cdNIA\"}]},{\"@type\":\"WebSite\",\"@id\":\"https:\/\/escolapatinatge.com\/ca\/#website\",\"url\":\"https:\/\/escolapatinatge.com\/ca\/\",\"name\":\"Escola Oficial Patinatge Inline\",\"description\":\"Classes de patinatge a Barcelona. Apr\u00e8n a patinar a la millor escola de patinatge. Cursos per totes les edats i nivells.\",\"potentialAction\":[{\"@type\":\"SearchAction\",\"target\":{\"@type\":\"EntryPoint\",\"urlTemplate\":\"https:\/\/escolapatinatge.com\/ca\/?s={search_term_string}\"},\"query-input\":\"required name=search_term_string\"}],\"inLanguage\":\"ca\"}]}<\/script>\n<!-- \/ Yoast SEO plugin. -->","yoast_head_json":{"title":"ESCOLA D\u2019HOQUEI L\u00cdNIA - Escola Oficial Patinatge Inline","description":"Vols descobrir lo divertit que pot arribar a ser l\u2019hoquei l\u00ednia? A l\u2019Escola Oficial de Patinatge Inline tamb\u00e9 ensenyem a jugar a l\u2019hoquei l\u00ednia.","robots":{"index":"index","follow":"follow","max-snippet":"max-snippet:-1","max-image-preview":"max-image-preview:large","max-video-preview":"max-video-preview:-1"},"canonical":"https:\/\/escolapatinatge.com\/ca\/escola-dhoquei-linia\/","og_locale":"ca_ES","og_type":"article","og_title":"ESCOLA D\u2019HOQUEI L\u00cdNIA - Escola Oficial Patinatge Inline","og_description":"Vols descobrir lo divertit que pot arribar a ser l\u2019hoquei l\u00ednia? A l\u2019Escola Oficial de Patinatge Inline tamb\u00e9 ensenyem a jugar a l\u2019hoquei l\u00ednia.","og_url":"https:\/\/escolapatinatge.com\/ca\/escola-dhoquei-linia\/","og_site_name":"Escola Oficial Patinatge Inline","article_modified_time":"2021-10-16T17:26:58+00:00","og_image":[{"url":"http:\/\/escolapatinatge.com\/wp-content\/uploads\/2019\/08\/hockey_linia.jpg"}],"twitter_card":"summary_large_image","twitter_misc":{"Temps estimat de lectura":"1 minut"},"schema":{"@context":"https:\/\/schema.org","@graph":[{"@type":"WebPage","@id":"https:\/\/escolapatinatge.com\/ca\/escola-dhoquei-linia\/","url":"https:\/\/escolapatinatge.com\/ca\/escola-dhoquei-linia\/","name":"ESCOLA D\u2019HOQUEI L\u00cdNIA - Escola Oficial Patinatge Inline","isPartOf":{"@id":"https:\/\/escolapatinatge.com\/ca\/#website"},"datePublished":"2019-09-30T05:43:11+00:00","dateModified":"2021-10-16T17:26:58+00:00","description":"Vols descobrir lo divertit que pot arribar a ser l\u2019hoquei l\u00ednia? A l\u2019Escola Oficial de Patinatge Inline tamb\u00e9 ensenyem a jugar a l\u2019hoquei l\u00ednia.","breadcrumb":{"@id":"https:\/\/escolapatinatge.com\/ca\/escola-dhoquei-linia\/#breadcrumb"},"inLanguage":"ca","potentialAction":[{"@type":"ReadAction","target":["https:\/\/escolapatinatge.com\/ca\/escola-dhoquei-linia\/"]}]},{"@type":"BreadcrumbList","@id":"https:\/\/escolapatinatge.com\/ca\/escola-dhoquei-linia\/#breadcrumb","itemListElement":[{"@type":"ListItem","position":1,"name":"Inici","item":"http:\/\/escolapatinatge.com\/ca\/"},{"@type":"ListItem","position":2,"name":"ESCOLA D\u2019HOQUEI L\u00cdNIA"}]},{"@type":"WebSite","@id":"https:\/\/escolapatinatge.com\/ca\/#website","url":"https:\/\/escolapatinatge.com\/ca\/","name":"Escola Oficial Patinatge Inline","description":"Classes de patinatge a Barcelona. Apr\u00e8n a patinar a la millor escola de patinatge. Cursos per totes les edats i nivells.","potentialAction":[{"@type":"SearchAction","target":{"@type":"EntryPoint","urlTemplate":"https:\/\/escolapatinatge.com\/ca\/?s={search_term_string}"},"query-input":"required name=search_term_string"}],"inLanguage":"ca"}]}},"_links":{"self":[{"href":"https:\/\/escolapatinatge.com\/ca\/wp-json\/wp\/v2\/pages\/1081"}],"collection":[{"href":"https:\/\/escolapatinatge.com\/ca\/wp-json\/wp\/v2\/pages"}],"about":[{"href":"https:\/\/escolapatinatge.com\/ca\/wp-json\/wp\/v2\/types\/page"}],"author":[{"embeddable":true,"href":"https:\/\/escolapatinatge.com\/ca\/wp-json\/wp\/v2\/users\/1"}],"replies":[{"embeddable":true,"href":"https:\/\/escolapatinatge.com\/ca\/wp-json\/wp\/v2\/comments?post=1081"}],"version-history":[{"count":8,"href":"https:\/\/escolapatinatge.com\/ca\/wp-json\/wp\/v2\/pages\/1081\/revisions"}],"predecessor-version":[{"id":13101,"href":"https:\/\/escolapatinatge.com\/ca\/wp-json\/wp\/v2\/pages\/1081\/revisions\/13101"}],"wp:attachment":[{"href":"https:\/\/escolapatinatge.com\/ca\/wp-json\/wp\/v2\/media?parent=1081"}],"curies":[{"name":"wp","href":"https:\/\/api.w.org\/{rel}","templated":true}]}}