{"id":1085,"date":"2019-09-30T07:51:34","date_gmt":"2019-09-30T05:51:34","guid":{"rendered":"http:\/\/escolapatinatge.com\/?page_id=1085"},"modified":"2023-01-26T15:57:04","modified_gmt":"2023-01-26T14:57:04","slug":"classes-de-patinatge-per-a-nens","status":"publish","type":"page","link":"https:\/\/escolapatinatge.com\/ca\/classes-de-patinatge-per-a-nens\/","title":{"rendered":"CLASSES DE PATINATGE PER A NENS"},"content":{"rendered":"\t\t<div data-elementor-type=\"wp-post\" data-elementor-id=\"1085\" class=\"elementor elementor-1085\">\n\t\t\t\t\t\t<div class=\"elementor-inner\">\n\t\t\t\t<div class=\"elementor-section-wrap\">\n\t\t\t\t\t\t\t\t\t<section class=\"elementor-section elementor-top-section elementor-element elementor-element-03a4433 elementor-section-boxed elementor-section-height-default elementor-section-height-default\" data-id=\"03a4433\" data-element_type=\"section\">\n\t\t\t\t\t\t<div class=\"elementor-container elementor-column-gap-default\">\n\t\t\t\t\t\t\t<div class=\"elementor-row\">\n\t\t\t\t\t<div class=\"elementor-column elementor-col-100 elementor-top-column elementor-element elementor-element-44a95af\" data-id=\"44a95af\" data-element_type=\"column\">\n\t\t\t<div class=\"elementor-column-wrap elementor-element-populated\">\n\t\t\t\t\t\t\t<div class=\"elementor-widget-wrap\">\n\t\t\t\t\t\t<section class=\"elementor-section elementor-inner-section elementor-element elementor-element-b5c1999 elementor-section-boxed elementor-section-height-default elementor-section-height-default\" data-id=\"b5c1999\" data-element_type=\"section\">\n\t\t\t\t\t\t<div class=\"elementor-container elementor-column-gap-default\">\n\t\t\t\t\t\t\t<div class=\"elementor-row\">\n\t\t\t\t\t<div class=\"elementor-column elementor-col-100 elementor-inner-column elementor-element elementor-element-b30779b\" data-id=\"b30779b\" data-element_type=\"column\">\n\t\t\t<div class=\"elementor-column-wrap elementor-element-populated\">\n\t\t\t\t\t\t\t<div class=\"elementor-widget-wrap\">\n\t\t\t\t\t\t<div class=\"elementor-element elementor-element-4497896 elementor-widget elementor-widget-heading\" data-id=\"4497896\" data-element_type=\"widget\" data-widget_type=\"heading.default\">\n\t\t\t\t<div class=\"elementor-widget-container\">\n\t\t\t<h1 class=\"elementor-heading-title elementor-size-default\">CLASSES DE PATINATGE PER A NENS<\/h1>\t\t<\/div>\n\t\t\t\t<\/div>\n\t\t\t\t\t\t<\/div>\n\t\t\t\t\t<\/div>\n\t\t<\/div>\n\t\t\t\t\t\t\t\t<\/div>\n\t\t\t\t\t<\/div>\n\t\t<\/section>\n\t\t\t\t\t\t<\/div>\n\t\t\t\t\t<\/div>\n\t\t<\/div>\n\t\t\t\t\t\t\t\t<\/div>\n\t\t\t\t\t<\/div>\n\t\t<\/section>\n\t\t\t\t<section class=\"elementor-section elementor-top-section elementor-element elementor-element-a8a00cb elementor-section-boxed elementor-section-height-default elementor-section-height-default\" data-id=\"a8a00cb\" data-element_type=\"section\">\n\t\t\t\t\t\t<div class=\"elementor-container elementor-column-gap-default\">\n\t\t\t\t\t\t\t<div class=\"elementor-row\">\n\t\t\t\t\t<div class=\"elementor-column elementor-col-100 elementor-top-column elementor-element elementor-element-c446fc2\" data-id=\"c446fc2\" data-element_type=\"column\">\n\t\t\t<div class=\"elementor-column-wrap elementor-element-populated\">\n\t\t\t\t\t\t\t<div class=\"elementor-widget-wrap\">\n\t\t\t\t\t\t<section class=\"elementor-section elementor-inner-section elementor-element elementor-element-d3917cd elementor-section-boxed elementor-section-height-default elementor-section-height-default\" data-id=\"d3917cd\" data-element_type=\"section\">\n\t\t\t\t\t\t<div class=\"elementor-container elementor-column-gap-default\">\n\t\t\t\t\t\t\t<div class=\"elementor-row\">\n\t\t\t\t\t<div class=\"elementor-column elementor-col-50 elementor-inner-column elementor-element elementor-element-c1a783d\" data-id=\"c1a783d\" data-element_type=\"column\">\n\t\t\t<div class=\"elementor-column-wrap elementor-element-populated\">\n\t\t\t\t\t\t\t<div class=\"elementor-widget-wrap\">\n\t\t\t\t\t\t<div class=\"elementor-element elementor-element-93af5d0 elementor-widget elementor-widget-image\" data-id=\"93af5d0\" data-element_type=\"widget\" data-widget_type=\"image.default\">\n\t\t\t\t<div class=\"elementor-widget-container\">\n\t\t\t\t\t\t\t\t<div class=\"elementor-image\">\n\t\t\t\t\t\t\t\t\t\t\t\t<img decoding=\"async\" width=\"1024\" height=\"657\" src=\"https:\/\/escolapatinatge.com\/wp-content\/uploads\/2020\/01\/classes_nens_patinatge-1024x657.png\" class=\"attachment-large size-large wp-image-1565\" alt=\"Classes de patinatge en l\u00ednia per nens\" loading=\"lazy\" srcset=\"https:\/\/escolapatinatge.com\/wp-content\/uploads\/2020\/01\/classes_nens_patinatge-1024x657.png 1024w, https:\/\/escolapatinatge.com\/wp-content\/uploads\/2020\/01\/classes_nens_patinatge-300x193.png 300w, https:\/\/escolapatinatge.com\/wp-content\/uploads\/2020\/01\/classes_nens_patinatge-768x493.png 768w, https:\/\/escolapatinatge.com\/wp-content\/uploads\/2020\/01\/classes_nens_patinatge-600x385.png 600w, https:\/\/escolapatinatge.com\/wp-content\/uploads\/2020\/01\/classes_nens_patinatge.png 1200w\" sizes=\"(max-width: 1024px) 100vw, 1024px\" \/>\t\t\t\t\t\t\t\t\t\t\t\t\t\t<\/div>\n\t\t\t\t\t\t<\/div>\n\t\t\t\t<\/div>\n\t\t\t\t\t\t<\/div>\n\t\t\t\t\t<\/div>\n\t\t<\/div>\n\t\t\t\t<div class=\"elementor-column elementor-col-50 elementor-inner-column elementor-element elementor-element-d2aad48\" data-id=\"d2aad48\" data-element_type=\"column\">\n\t\t\t<div class=\"elementor-column-wrap elementor-element-populated\">\n\t\t\t\t\t\t\t<div class=\"elementor-widget-wrap\">\n\t\t\t\t\t\t<div class=\"elementor-element elementor-element-f8effb7 elementor-widget elementor-widget-text-editor\" data-id=\"f8effb7\" data-element_type=\"widget\" data-widget_type=\"text-editor.default\">\n\t\t\t\t<div class=\"elementor-widget-container\">\n\t\t\t\t\t\t\t\t<div class=\"elementor-text-editor elementor-clearfix\">\n\t\t\t\t<p>Perqu\u00e8 ensenyar a patinar a un nen mai ser\u00e0 el mateix que ensenyar a un adult, les classes per als petits es realitzen totalment a part de les dels grans i es basen en multitud d\u2019exercicis que combinen joc i aprenentatge.<\/p><p>Per descomptat, els nostres monitors compten amb una llarga experi\u00e8ncia en el tracte infantil i es serveixen de t\u00e8cniques psicopedag\u00f2giques m\u00e9s que provades per fomentar les aptituds dels nens.<\/p><p>A m\u00e9s a m\u00e9s, els nens estar\u00e0n en grups redu\u00efts i els pares podreu estar tranquils ja que tots els nostres professors compten amb el certificat de penals, tal com obliga la llei.<\/p>\t\t\t\t\t<\/div>\n\t\t\t\t\t\t<\/div>\n\t\t\t\t<\/div>\n\t\t\t\t\t\t<\/div>\n\t\t\t\t\t<\/div>\n\t\t<\/div>\n\t\t\t\t\t\t\t\t<\/div>\n\t\t\t\t\t<\/div>\n\t\t<\/section>\n\t\t\t\t\t\t<\/div>\n\t\t\t\t\t<\/div>\n\t\t<\/div>\n\t\t\t\t\t\t\t\t<\/div>\n\t\t\t\t\t<\/div>\n\t\t<\/section>\n\t\t\t\t<section class=\"elementor-section elementor-top-section elementor-element elementor-element-d25977f elementor-section-boxed elementor-section-height-default elementor-section-height-default\" data-id=\"d25977f\" data-element_type=\"section\">\n\t\t\t\t\t\t<div class=\"elementor-container elementor-column-gap-default\">\n\t\t\t\t\t\t\t<div class=\"elementor-row\">\n\t\t\t\t\t<div class=\"elementor-column elementor-col-100 elementor-top-column elementor-element elementor-element-1dbdb5e\" data-id=\"1dbdb5e\" data-element_type=\"column\">\n\t\t\t<div class=\"elementor-column-wrap elementor-element-populated\">\n\t\t\t\t\t\t\t<div class=\"elementor-widget-wrap\">\n\t\t\t\t\t\t<div class=\"elementor-element elementor-element-2259b9d elementor-widget elementor-widget-eael-creative-button\" data-id=\"2259b9d\" data-element_type=\"widget\" data-widget_type=\"eael-creative-button.default\">\n\t\t\t\t<div class=\"elementor-widget-container\">\n\t\t\t        <div class=\"eael-creative-button-wrapper\">\n\n            <a class=\"eael-creative-button eael-creative-button--default\" href=\"\/cursos-de-patinatge\/\" data-text=\"Vinga!\">\n\n\t    \n                <div class=\"creative-button-inner\">\n\n                    \n                    <span class=\"cretive-button-text\">RESERVA CLASSES DE PATINATGE ARA!<\/span>\n\n                                            <span class=\"eael-creative-button-icon-right\"><i aria-hidden=\"true\" class=\"far fa-check-circle\"><\/i><\/span>                                    <\/div>\n\t                        <\/a>\n        <\/div>\n\t\t<\/div>\n\t\t\t\t<\/div>\n\t\t\t\t\t\t<\/div>\n\t\t\t\t\t<\/div>\n\t\t<\/div>\n\t\t\t\t\t\t\t\t<\/div>\n\t\t\t\t\t<\/div>\n\t\t<\/section>\n\t\t\t\t<section class=\"elementor-section elementor-top-section elementor-element elementor-element-2b5f840 elementor-section-boxed elementor-section-height-default elementor-section-height-default\" data-id=\"2b5f840\" data-element_type=\"section\">\n\t\t\t\t\t\t<div class=\"elementor-container elementor-column-gap-default\">\n\t\t\t\t\t\t\t<div class=\"elementor-row\">\n\t\t\t\t\t<div class=\"elementor-column elementor-col-100 elementor-top-column elementor-element elementor-element-9799a61\" data-id=\"9799a61\" data-element_type=\"column\">\n\t\t\t<div class=\"elementor-column-wrap elementor-element-populated\">\n\t\t\t\t\t\t\t<div class=\"elementor-widget-wrap\">\n\t\t\t\t\t\t<div class=\"elementor-element elementor-element-a9afea2 elementor-widget elementor-widget-spacer\" data-id=\"a9afea2\" data-element_type=\"widget\" data-widget_type=\"spacer.default\">\n\t\t\t\t<div class=\"elementor-widget-container\">\n\t\t\t\t\t<div class=\"elementor-spacer\">\n\t\t\t<div class=\"elementor-spacer-inner\"><\/div>\n\t\t<\/div>\n\t\t\t\t<\/div>\n\t\t\t\t<\/div>\n\t\t\t\t\t\t<\/div>\n\t\t\t\t\t<\/div>\n\t\t<\/div>\n\t\t\t\t\t\t\t\t<\/div>\n\t\t\t\t\t<\/div>\n\t\t<\/section>\n\t\t\t\t\t\t\t\t\t<\/div>\n\t\t\t<\/div>\n\t\t\t\t\t<\/div>\n\t\t","protected":false},"excerpt":{"rendered":"<p>CLASSES DE PATINATGE PER A NENS Perqu\u00e8 ensenyar a patinar a un nen mai ser\u00e0 el mateix que ensenyar a un adult, les classes per als petits es realitzen totalment a part de les dels grans i es basen en multitud d\u2019exercicis que combinen joc i aprenentatge. Per descomptat, els nostres monitors compten amb una [&hellip;]<\/p>\n","protected":false},"author":1,"featured_media":0,"parent":0,"menu_order":0,"comment_status":"closed","ping_status":"closed","template":"page-templates\/fullwidth-content.php","meta":{"_mi_skip_tracking":false,"_monsterinsights_sitenote_active":false,"_monsterinsights_sitenote_note":"","_monsterinsights_sitenote_category":0},"yoast_head":"<!-- This site is optimized with the Yoast SEO plugin v20.8 - https:\/\/yoast.com\/wordpress\/plugins\/seo\/ -->\n<title>CLASSES DE PATINATGE PER A NENS - Escola Oficial Patinatge Inline<\/title>\n<meta name=\"description\" content=\"Classes de patinatge per nens basades en multitud d\u2019exercicis que combinen joc i aprenentatge, dirigides per professors titulats i en centres esportius segurs.\" \/>\n<meta name=\"robots\" content=\"index, follow, max-snippet:-1, max-image-preview:large, max-video-preview:-1\" \/>\n<link rel=\"canonical\" href=\"https:\/\/escolapatinatge.com\/ca\/classes-de-patinatge-per-a-nens\/\" \/>\n<meta property=\"og:locale\" content=\"ca_ES\" \/>\n<meta property=\"og:type\" content=\"article\" \/>\n<meta property=\"og:title\" content=\"CLASSES DE PATINATGE PER A NENS - Escola Oficial Patinatge Inline\" \/>\n<meta property=\"og:description\" content=\"Classes de patinatge per nens basades en multitud d\u2019exercicis que combinen joc i aprenentatge, dirigides per professors titulats i en centres esportius segurs.\" \/>\n<meta property=\"og:url\" content=\"https:\/\/escolapatinatge.com\/ca\/classes-de-patinatge-per-a-nens\/\" \/>\n<meta property=\"og:site_name\" content=\"Escola Oficial Patinatge Inline\" \/>\n<meta property=\"article:modified_time\" content=\"2023-01-26T14:57:04+00:00\" \/>\n<meta property=\"og:image\" content=\"http:\/\/escolapatinatge.com\/wp-content\/uploads\/2020\/01\/classes_nens_patinatge-1024x657.png\" \/>\n<meta name=\"twitter:card\" content=\"summary_large_image\" \/>\n<meta name=\"twitter:label1\" content=\"Temps estimat de lectura\" \/>\n\t<meta name=\"twitter:data1\" content=\"1 minut\" \/>\n<script type=\"application\/ld+json\" class=\"yoast-schema-graph\">{\"@context\":\"https:\/\/schema.org\",\"@graph\":[{\"@type\":\"WebPage\",\"@id\":\"https:\/\/escolapatinatge.com\/ca\/classes-de-patinatge-per-a-nens\/\",\"url\":\"https:\/\/escolapatinatge.com\/ca\/classes-de-patinatge-per-a-nens\/\",\"name\":\"CLASSES DE PATINATGE PER A NENS - Escola Oficial Patinatge Inline\",\"isPartOf\":{\"@id\":\"https:\/\/escolapatinatge.com\/ca\/#website\"},\"datePublished\":\"2019-09-30T05:51:34+00:00\",\"dateModified\":\"2023-01-26T14:57:04+00:00\",\"description\":\"Classes de patinatge per nens basades en multitud d\u2019exercicis que combinen joc i aprenentatge, dirigides per professors titulats i en centres esportius segurs.\",\"breadcrumb\":{\"@id\":\"https:\/\/escolapatinatge.com\/ca\/classes-de-patinatge-per-a-nens\/#breadcrumb\"},\"inLanguage\":\"ca\",\"potentialAction\":[{\"@type\":\"ReadAction\",\"target\":[\"https:\/\/escolapatinatge.com\/ca\/classes-de-patinatge-per-a-nens\/\"]}]},{\"@type\":\"BreadcrumbList\",\"@id\":\"https:\/\/escolapatinatge.com\/ca\/classes-de-patinatge-per-a-nens\/#breadcrumb\",\"itemListElement\":[{\"@type\":\"ListItem\",\"position\":1,\"name\":\"Inici\",\"item\":\"http:\/\/escolapatinatge.com\/ca\/\"},{\"@type\":\"ListItem\",\"position\":2,\"name\":\"CLASSES DE PATINATGE PER A NENS\"}]},{\"@type\":\"WebSite\",\"@id\":\"https:\/\/escolapatinatge.com\/ca\/#website\",\"url\":\"https:\/\/escolapatinatge.com\/ca\/\",\"name\":\"Escola Oficial Patinatge Inline\",\"description\":\"Classes de patinatge a Barcelona. Apr\u00e8n a patinar a la millor escola de patinatge. Cursos per totes les edats i nivells.\",\"potentialAction\":[{\"@type\":\"SearchAction\",\"target\":{\"@type\":\"EntryPoint\",\"urlTemplate\":\"https:\/\/escolapatinatge.com\/ca\/?s={search_term_string}\"},\"query-input\":\"required name=search_term_string\"}],\"inLanguage\":\"ca\"}]}<\/script>\n<!-- \/ Yoast SEO plugin. -->","yoast_head_json":{"title":"CLASSES DE PATINATGE PER A NENS - Escola Oficial Patinatge Inline","description":"Classes de patinatge per nens basades en multitud d\u2019exercicis que combinen joc i aprenentatge, dirigides per professors titulats i en centres esportius segurs.","robots":{"index":"index","follow":"follow","max-snippet":"max-snippet:-1","max-image-preview":"max-image-preview:large","max-video-preview":"max-video-preview:-1"},"canonical":"https:\/\/escolapatinatge.com\/ca\/classes-de-patinatge-per-a-nens\/","og_locale":"ca_ES","og_type":"article","og_title":"CLASSES DE PATINATGE PER A NENS - Escola Oficial Patinatge Inline","og_description":"Classes de patinatge per nens basades en multitud d\u2019exercicis que combinen joc i aprenentatge, dirigides per professors titulats i en centres esportius segurs.","og_url":"https:\/\/escolapatinatge.com\/ca\/classes-de-patinatge-per-a-nens\/","og_site_name":"Escola Oficial Patinatge Inline","article_modified_time":"2023-01-26T14:57:04+00:00","og_image":[{"url":"http:\/\/escolapatinatge.com\/wp-content\/uploads\/2020\/01\/classes_nens_patinatge-1024x657.png"}],"twitter_card":"summary_large_image","twitter_misc":{"Temps estimat de lectura":"1 minut"},"schema":{"@context":"https:\/\/schema.org","@graph":[{"@type":"WebPage","@id":"https:\/\/escolapatinatge.com\/ca\/classes-de-patinatge-per-a-nens\/","url":"https:\/\/escolapatinatge.com\/ca\/classes-de-patinatge-per-a-nens\/","name":"CLASSES DE PATINATGE PER A NENS - Escola Oficial Patinatge Inline","isPartOf":{"@id":"https:\/\/escolapatinatge.com\/ca\/#website"},"datePublished":"2019-09-30T05:51:34+00:00","dateModified":"2023-01-26T14:57:04+00:00","description":"Classes de patinatge per nens basades en multitud d\u2019exercicis que combinen joc i aprenentatge, dirigides per professors titulats i en centres esportius segurs.","breadcrumb":{"@id":"https:\/\/escolapatinatge.com\/ca\/classes-de-patinatge-per-a-nens\/#breadcrumb"},"inLanguage":"ca","potentialAction":[{"@type":"ReadAction","target":["https:\/\/escolapatinatge.com\/ca\/classes-de-patinatge-per-a-nens\/"]}]},{"@type":"BreadcrumbList","@id":"https:\/\/escolapatinatge.com\/ca\/classes-de-patinatge-per-a-nens\/#breadcrumb","itemListElement":[{"@type":"ListItem","position":1,"name":"Inici","item":"http:\/\/escolapatinatge.com\/ca\/"},{"@type":"ListItem","position":2,"name":"CLASSES DE PATINATGE PER A NENS"}]},{"@type":"WebSite","@id":"https:\/\/escolapatinatge.com\/ca\/#website","url":"https:\/\/escolapatinatge.com\/ca\/","name":"Escola Oficial Patinatge Inline","description":"Classes de patinatge a Barcelona. Apr\u00e8n a patinar a la millor escola de patinatge. Cursos per totes les edats i nivells.","potentialAction":[{"@type":"SearchAction","target":{"@type":"EntryPoint","urlTemplate":"https:\/\/escolapatinatge.com\/ca\/?s={search_term_string}"},"query-input":"required name=search_term_string"}],"inLanguage":"ca"}]}},"_links":{"self":[{"href":"https:\/\/escolapatinatge.com\/ca\/wp-json\/wp\/v2\/pages\/1085"}],"collection":[{"href":"https:\/\/escolapatinatge.com\/ca\/wp-json\/wp\/v2\/pages"}],"about":[{"href":"https:\/\/escolapatinatge.com\/ca\/wp-json\/wp\/v2\/types\/page"}],"author":[{"embeddable":true,"href":"https:\/\/escolapatinatge.com\/ca\/wp-json\/wp\/v2\/users\/1"}],"replies":[{"embeddable":true,"href":"https:\/\/escolapatinatge.com\/ca\/wp-json\/wp\/v2\/comments?post=1085"}],"version-history":[{"count":15,"href":"https:\/\/escolapatinatge.com\/ca\/wp-json\/wp\/v2\/pages\/1085\/revisions"}],"predecessor-version":[{"id":31311,"href":"https:\/\/escolapatinatge.com\/ca\/wp-json\/wp\/v2\/pages\/1085\/revisions\/31311"}],"wp:attachment":[{"href":"https:\/\/escolapatinatge.com\/ca\/wp-json\/wp\/v2\/media?parent=1085"}],"curies":[{"name":"wp","href":"https:\/\/api.w.org\/{rel}","templated":true}]}}