{"id":1088,"date":"2019-10-02T07:46:36","date_gmt":"2019-10-02T05:46:36","guid":{"rendered":"http:\/\/escolapatinatge.com\/?page_id=1088"},"modified":"2023-01-26T15:54:23","modified_gmt":"2023-01-26T14:54:23","slug":"classes-de-patinatge-urba-per-a-adults","status":"publish","type":"page","link":"https:\/\/escolapatinatge.com\/ca\/classes-de-patinatge-urba-per-a-adults\/","title":{"rendered":"CLASSES DE PATINATGE URB\u00c0 PER A ADULTS"},"content":{"rendered":"\t\t<div data-elementor-type=\"wp-post\" data-elementor-id=\"1088\" class=\"elementor elementor-1088\">\n\t\t\t\t\t\t<div class=\"elementor-inner\">\n\t\t\t\t<div class=\"elementor-section-wrap\">\n\t\t\t\t\t\t\t\t\t<section class=\"elementor-section elementor-top-section elementor-element elementor-element-68e7890 elementor-section-boxed elementor-section-height-default elementor-section-height-default\" data-id=\"68e7890\" data-element_type=\"section\">\n\t\t\t\t\t\t<div class=\"elementor-container elementor-column-gap-default\">\n\t\t\t\t\t\t\t<div class=\"elementor-row\">\n\t\t\t\t\t<div class=\"elementor-column elementor-col-100 elementor-top-column elementor-element elementor-element-d7320fd\" data-id=\"d7320fd\" data-element_type=\"column\">\n\t\t\t<div class=\"elementor-column-wrap elementor-element-populated\">\n\t\t\t\t\t\t\t<div class=\"elementor-widget-wrap\">\n\t\t\t\t\t\t<section class=\"elementor-section elementor-inner-section elementor-element elementor-element-ad95265 elementor-section-boxed elementor-section-height-default elementor-section-height-default\" data-id=\"ad95265\" data-element_type=\"section\">\n\t\t\t\t\t\t<div class=\"elementor-container elementor-column-gap-default\">\n\t\t\t\t\t\t\t<div class=\"elementor-row\">\n\t\t\t\t\t<div class=\"elementor-column elementor-col-100 elementor-inner-column elementor-element elementor-element-f2f98b9\" data-id=\"f2f98b9\" data-element_type=\"column\">\n\t\t\t<div class=\"elementor-column-wrap elementor-element-populated\">\n\t\t\t\t\t\t\t<div class=\"elementor-widget-wrap\">\n\t\t\t\t\t\t<div class=\"elementor-element elementor-element-6022771 elementor-widget elementor-widget-heading\" data-id=\"6022771\" data-element_type=\"widget\" data-widget_type=\"heading.default\">\n\t\t\t\t<div class=\"elementor-widget-container\">\n\t\t\t<h1 class=\"elementor-heading-title elementor-size-default\">CLASSES DE PATINATGE URB\u00c0 PER A ADULTS<\/h1>\t\t<\/div>\n\t\t\t\t<\/div>\n\t\t\t\t\t\t<\/div>\n\t\t\t\t\t<\/div>\n\t\t<\/div>\n\t\t\t\t\t\t\t\t<\/div>\n\t\t\t\t\t<\/div>\n\t\t<\/section>\n\t\t\t\t\t\t<\/div>\n\t\t\t\t\t<\/div>\n\t\t<\/div>\n\t\t\t\t\t\t\t\t<\/div>\n\t\t\t\t\t<\/div>\n\t\t<\/section>\n\t\t\t\t<section class=\"elementor-section elementor-top-section elementor-element elementor-element-df92f34 elementor-section-boxed elementor-section-height-default elementor-section-height-default\" data-id=\"df92f34\" data-element_type=\"section\">\n\t\t\t\t\t\t<div class=\"elementor-container elementor-column-gap-default\">\n\t\t\t\t\t\t\t<div class=\"elementor-row\">\n\t\t\t\t\t<div class=\"elementor-column elementor-col-100 elementor-top-column elementor-element elementor-element-b3857e8\" data-id=\"b3857e8\" data-element_type=\"column\">\n\t\t\t<div class=\"elementor-column-wrap elementor-element-populated\">\n\t\t\t\t\t\t\t<div class=\"elementor-widget-wrap\">\n\t\t\t\t\t\t<section class=\"elementor-section elementor-inner-section elementor-element elementor-element-2060037 elementor-section-boxed elementor-section-height-default elementor-section-height-default\" data-id=\"2060037\" data-element_type=\"section\">\n\t\t\t\t\t\t<div class=\"elementor-container elementor-column-gap-default\">\n\t\t\t\t\t\t\t<div class=\"elementor-row\">\n\t\t\t\t\t<div class=\"elementor-column elementor-col-50 elementor-inner-column elementor-element elementor-element-c745d76\" data-id=\"c745d76\" data-element_type=\"column\">\n\t\t\t<div class=\"elementor-column-wrap elementor-element-populated\">\n\t\t\t\t\t\t\t<div class=\"elementor-widget-wrap\">\n\t\t\t\t\t\t<div class=\"elementor-element elementor-element-1e3fdae elementor-widget elementor-widget-image\" data-id=\"1e3fdae\" data-element_type=\"widget\" data-widget_type=\"image.default\">\n\t\t\t\t<div class=\"elementor-widget-container\">\n\t\t\t\t\t\t\t\t<div class=\"elementor-image\">\n\t\t\t\t\t\t\t\t\t\t\t\t<img decoding=\"async\" width=\"381\" height=\"500\" src=\"https:\/\/escolapatinatge.com\/wp-content\/uploads\/2020\/03\/classes_patinatge_adults.png\" class=\"attachment-large size-large wp-image-1819\" alt=\"classes patinatge adults\" loading=\"lazy\" \/>\t\t\t\t\t\t\t\t\t\t\t\t\t\t<\/div>\n\t\t\t\t\t\t<\/div>\n\t\t\t\t<\/div>\n\t\t\t\t\t\t<\/div>\n\t\t\t\t\t<\/div>\n\t\t<\/div>\n\t\t\t\t<div class=\"elementor-column elementor-col-50 elementor-inner-column elementor-element elementor-element-ac52b43\" data-id=\"ac52b43\" data-element_type=\"column\">\n\t\t\t<div class=\"elementor-column-wrap elementor-element-populated\">\n\t\t\t\t\t\t\t<div class=\"elementor-widget-wrap\">\n\t\t\t\t\t\t<div class=\"elementor-element elementor-element-7878e59 elementor-widget elementor-widget-text-editor\" data-id=\"7878e59\" data-element_type=\"widget\" data-widget_type=\"text-editor.default\">\n\t\t\t\t<div class=\"elementor-widget-container\">\n\t\t\t\t\t\t\t\t<div class=\"elementor-text-editor elementor-clearfix\">\n\t\t\t\t<p>Aprofitant la seguretat i la privacitat de les nostres instal.lacions cobertes, els nostres patinadors novells aprenen a girar, frenar i moure\u2019s amb desimboltura.<\/p><p>A mesura que van dominant aquests conceptes b\u00e0sics se\u2019ls prepara per sortir al carrer, on el nostre fabul\u00f2s equip de monitors els ensenyar\u00e0 t\u00e8cniques avan\u00e7ades o molt avan\u00e7ades que poden arribar a incloure el descens de pendents i escales.<\/p><p>Una de les virtuts del patinatge en l\u00ednia \u00e9s que el pot practicar gent de totes les edats. Per motius culturals, moltes vegades s\u2019associa a l\u2019activitat de patinar en l\u00ednia a gent jove o nens, per\u00f2 res m\u00e9s allunyat de la realitat. El patinatge en l\u00ednia no nom\u00e9s \u00e9s apte per a tot tipus de persones, sin\u00f3 que a m\u00e9s \u00e9s altament recomanable com a pr\u00e0ctica esportiva habitual per mantenir-se en forma tant f\u00edsica com ps\u00edquicament.<\/p><p>En pa\u00efsos amb una llarga tradici\u00f3 en patinatge sobre gel com Holanda, Alemanya o \u00c0ustria, per citar alguns, \u00e9s habitual veure patinar a gent d\u2019avan\u00e7ada edat sense cap tipus de complex i amb una soltesa envejable. Evidentment, no \u00e9s el mateix aprendre a patinar sent un nen, de fer de gran, per\u00f2 amb voluntat i ganes, no hi ha res impossible.<\/p>\t\t\t\t\t<\/div>\n\t\t\t\t\t\t<\/div>\n\t\t\t\t<\/div>\n\t\t\t\t\t\t<\/div>\n\t\t\t\t\t<\/div>\n\t\t<\/div>\n\t\t\t\t\t\t\t\t<\/div>\n\t\t\t\t\t<\/div>\n\t\t<\/section>\n\t\t\t\t\t\t<\/div>\n\t\t\t\t\t<\/div>\n\t\t<\/div>\n\t\t\t\t\t\t\t\t<\/div>\n\t\t\t\t\t<\/div>\n\t\t<\/section>\n\t\t\t\t<section class=\"elementor-section elementor-top-section elementor-element elementor-element-52ae9e6 elementor-section-boxed elementor-section-height-default elementor-section-height-default\" data-id=\"52ae9e6\" data-element_type=\"section\">\n\t\t\t\t\t\t<div class=\"elementor-container elementor-column-gap-default\">\n\t\t\t\t\t\t\t<div class=\"elementor-row\">\n\t\t\t\t\t<div class=\"elementor-column elementor-col-100 elementor-top-column elementor-element elementor-element-8501927\" data-id=\"8501927\" data-element_type=\"column\">\n\t\t\t<div class=\"elementor-column-wrap elementor-element-populated\">\n\t\t\t\t\t\t\t<div class=\"elementor-widget-wrap\">\n\t\t\t\t\t\t<section class=\"elementor-section elementor-inner-section elementor-element elementor-element-5267e47 elementor-section-boxed elementor-section-height-default elementor-section-height-default\" data-id=\"5267e47\" data-element_type=\"section\">\n\t\t\t\t\t\t<div class=\"elementor-container elementor-column-gap-default\">\n\t\t\t\t\t\t\t<div class=\"elementor-row\">\n\t\t\t\t\t<div class=\"elementor-column elementor-col-100 elementor-inner-column elementor-element elementor-element-21439fc\" data-id=\"21439fc\" data-element_type=\"column\">\n\t\t\t<div class=\"elementor-column-wrap elementor-element-populated\">\n\t\t\t\t\t\t\t<div class=\"elementor-widget-wrap\">\n\t\t\t\t\t\t<div class=\"elementor-element elementor-element-fe0d165 elementor-widget elementor-widget-heading\" data-id=\"fe0d165\" data-element_type=\"widget\" data-widget_type=\"heading.default\">\n\t\t\t\t<div class=\"elementor-widget-container\">\n\t\t\t<h2 class=\"elementor-heading-title elementor-size-default\">Programa del Curs de Patinatge en L\u00ednia per a adults<\/h2>\t\t<\/div>\n\t\t\t\t<\/div>\n\t\t\t\t\t\t<\/div>\n\t\t\t\t\t<\/div>\n\t\t<\/div>\n\t\t\t\t\t\t\t\t<\/div>\n\t\t\t\t\t<\/div>\n\t\t<\/section>\n\t\t\t\t\t\t<\/div>\n\t\t\t\t\t<\/div>\n\t\t<\/div>\n\t\t\t\t\t\t\t\t<\/div>\n\t\t\t\t\t<\/div>\n\t\t<\/section>\n\t\t\t\t<section class=\"elementor-section elementor-top-section elementor-element elementor-element-2d8ce30 elementor-section-boxed elementor-section-height-default elementor-section-height-default\" data-id=\"2d8ce30\" data-element_type=\"section\">\n\t\t\t\t\t\t<div class=\"elementor-container elementor-column-gap-default\">\n\t\t\t\t\t\t\t<div class=\"elementor-row\">\n\t\t\t\t\t<div class=\"elementor-column elementor-col-100 elementor-top-column elementor-element elementor-element-c38e379\" data-id=\"c38e379\" data-element_type=\"column\">\n\t\t\t<div class=\"elementor-column-wrap elementor-element-populated\">\n\t\t\t\t\t\t\t<div class=\"elementor-widget-wrap\">\n\t\t\t\t\t\t<section class=\"elementor-section elementor-inner-section elementor-element elementor-element-eec1ea1 elementor-section-boxed elementor-section-height-default elementor-section-height-default\" data-id=\"eec1ea1\" data-element_type=\"section\">\n\t\t\t\t\t\t<div class=\"elementor-container elementor-column-gap-default\">\n\t\t\t\t\t\t\t<div class=\"elementor-row\">\n\t\t\t\t\t<div class=\"elementor-column elementor-col-50 elementor-inner-column elementor-element elementor-element-a7bb266\" data-id=\"a7bb266\" data-element_type=\"column\">\n\t\t\t<div class=\"elementor-column-wrap elementor-element-populated\">\n\t\t\t\t\t\t\t<div class=\"elementor-widget-wrap\">\n\t\t\t\t\t\t<div class=\"elementor-element elementor-element-e64e07a elementor-widget elementor-widget-image\" data-id=\"e64e07a\" data-element_type=\"widget\" data-widget_type=\"image.default\">\n\t\t\t\t<div class=\"elementor-widget-container\">\n\t\t\t\t\t\t\t\t<div class=\"elementor-image\">\n\t\t\t\t\t\t\t\t\t\t\t\t<img decoding=\"async\" width=\"500\" height=\"336\" src=\"https:\/\/escolapatinatge.com\/wp-content\/uploads\/2020\/03\/classes_patinatge_adults_2.png\" class=\"attachment-large size-large wp-image-1816\" alt=\"classes patinatge adults\" loading=\"lazy\" \/>\t\t\t\t\t\t\t\t\t\t\t\t\t\t<\/div>\n\t\t\t\t\t\t<\/div>\n\t\t\t\t<\/div>\n\t\t\t\t\t\t<\/div>\n\t\t\t\t\t<\/div>\n\t\t<\/div>\n\t\t\t\t<div class=\"elementor-column elementor-col-50 elementor-inner-column elementor-element elementor-element-d6938d5\" data-id=\"d6938d5\" data-element_type=\"column\">\n\t\t\t<div class=\"elementor-column-wrap elementor-element-populated\">\n\t\t\t\t\t\t\t<div class=\"elementor-widget-wrap\">\n\t\t\t\t\t\t<div class=\"elementor-element elementor-element-2c68555 elementor-widget elementor-widget-text-editor\" data-id=\"2c68555\" data-element_type=\"widget\" data-widget_type=\"text-editor.default\">\n\t\t\t\t<div class=\"elementor-widget-container\">\n\t\t\t\t\t\t\t\t<div class=\"elementor-text-editor elementor-clearfix\">\n\t\t\t\t<p>El programa del curs de patinatge inclou tot tipus de t\u00e8cniques per a patinar amb seguretat pel carrer. Les t\u00e8cniques comprenen tot tipus de girs, frenades i diversos recursos que durant molts anys han servit a milers d\u2019alumnes per convertir-se en aut\u00e8ntics patinadors urbans.<\/p><p>Aix\u00ed mateix, dins del curs de patinatge es veuen altres aspectes m\u00e9s l\u00fadics per a no nom\u00e9s patinar amb seguretat, sin\u00f3 per divertir-se amb els patins.<\/p><p>\u00c9s per aix\u00f2 que molts dels nostres alumnes repeteixen any rere any per perfeccionar la seva t\u00e8cnica de patinatge, divertir-se amb els patins o simplement mantenir-se en forma.<\/p>\t\t\t\t\t<\/div>\n\t\t\t\t\t\t<\/div>\n\t\t\t\t<\/div>\n\t\t\t\t\t\t<\/div>\n\t\t\t\t\t<\/div>\n\t\t<\/div>\n\t\t\t\t\t\t\t\t<\/div>\n\t\t\t\t\t<\/div>\n\t\t<\/section>\n\t\t\t\t\t\t<\/div>\n\t\t\t\t\t<\/div>\n\t\t<\/div>\n\t\t\t\t\t\t\t\t<\/div>\n\t\t\t\t\t<\/div>\n\t\t<\/section>\n\t\t\t\t<section class=\"elementor-section elementor-top-section elementor-element elementor-element-2efbefe elementor-section-boxed elementor-section-height-default elementor-section-height-default\" data-id=\"2efbefe\" data-element_type=\"section\">\n\t\t\t\t\t\t<div class=\"elementor-container elementor-column-gap-default\">\n\t\t\t\t\t\t\t<div class=\"elementor-row\">\n\t\t\t\t\t<div class=\"elementor-column elementor-col-100 elementor-top-column elementor-element elementor-element-83d91b9\" data-id=\"83d91b9\" data-element_type=\"column\">\n\t\t\t<div class=\"elementor-column-wrap elementor-element-populated\">\n\t\t\t\t\t\t\t<div class=\"elementor-widget-wrap\">\n\t\t\t\t\t\t<div class=\"elementor-element elementor-element-986bfc6 elementor-widget elementor-widget-eael-creative-button\" data-id=\"986bfc6\" data-element_type=\"widget\" data-widget_type=\"eael-creative-button.default\">\n\t\t\t\t<div class=\"elementor-widget-container\">\n\t\t\t        <div class=\"eael-creative-button-wrapper\">\n\n            <a class=\"eael-creative-button eael-creative-button--default\" href=\"\/cursos-de-patinatge\/\" data-text=\"Vinga!\">\n\n\t    \n                <div class=\"creative-button-inner\">\n\n                    \n                    <span class=\"cretive-button-text\">RESERVA CLASSES DE PATINATGE ARA!<\/span>\n\n                                            <span class=\"eael-creative-button-icon-right\"><i aria-hidden=\"true\" class=\"far fa-check-circle\"><\/i><\/span>                                    <\/div>\n\t                        <\/a>\n        <\/div>\n\t\t<\/div>\n\t\t\t\t<\/div>\n\t\t\t\t\t\t<\/div>\n\t\t\t\t\t<\/div>\n\t\t<\/div>\n\t\t\t\t\t\t\t\t<\/div>\n\t\t\t\t\t<\/div>\n\t\t<\/section>\n\t\t\t\t<section class=\"elementor-section elementor-top-section elementor-element elementor-element-4ccdb6b elementor-section-boxed elementor-section-height-default elementor-section-height-default\" data-id=\"4ccdb6b\" data-element_type=\"section\">\n\t\t\t\t\t\t<div class=\"elementor-container elementor-column-gap-default\">\n\t\t\t\t\t\t\t<div class=\"elementor-row\">\n\t\t\t\t\t<div class=\"elementor-column elementor-col-100 elementor-top-column elementor-element elementor-element-efe561d\" data-id=\"efe561d\" data-element_type=\"column\">\n\t\t\t<div class=\"elementor-column-wrap elementor-element-populated\">\n\t\t\t\t\t\t\t<div class=\"elementor-widget-wrap\">\n\t\t\t\t\t\t<div class=\"elementor-element elementor-element-ee92469 elementor-widget elementor-widget-spacer\" data-id=\"ee92469\" data-element_type=\"widget\" data-widget_type=\"spacer.default\">\n\t\t\t\t<div class=\"elementor-widget-container\">\n\t\t\t\t\t<div class=\"elementor-spacer\">\n\t\t\t<div class=\"elementor-spacer-inner\"><\/div>\n\t\t<\/div>\n\t\t\t\t<\/div>\n\t\t\t\t<\/div>\n\t\t\t\t\t\t<\/div>\n\t\t\t\t\t<\/div>\n\t\t<\/div>\n\t\t\t\t\t\t\t\t<\/div>\n\t\t\t\t\t<\/div>\n\t\t<\/section>\n\t\t\t\t\t\t\t\t\t<\/div>\n\t\t\t<\/div>\n\t\t\t\t\t<\/div>\n\t\t","protected":false},"excerpt":{"rendered":"<p>CLASSES DE PATINATGE URB\u00c0 PER A ADULTS Aprofitant la seguretat i la privacitat de les nostres instal.lacions cobertes, els nostres patinadors novells aprenen a girar, frenar i moure\u2019s amb desimboltura. A mesura que van dominant aquests conceptes b\u00e0sics se\u2019ls prepara per sortir al carrer, on el nostre fabul\u00f2s equip de monitors els ensenyar\u00e0 t\u00e8cniques avan\u00e7ades [&hellip;]<\/p>\n","protected":false},"author":1,"featured_media":0,"parent":0,"menu_order":0,"comment_status":"closed","ping_status":"closed","template":"page-templates\/fullwidth-content.php","meta":{"_mi_skip_tracking":false,"_monsterinsights_sitenote_active":false,"_monsterinsights_sitenote_note":"","_monsterinsights_sitenote_category":0},"yoast_head":"<!-- This site is optimized with the Yoast SEO plugin v20.8 - https:\/\/yoast.com\/wordpress\/plugins\/seo\/ -->\n<title>CLASSES DE PATINATGE URB\u00c0 PER A ADULTS - Escola Oficial Patinatge Inline<\/title>\n<meta name=\"description\" content=\"Apr\u00e8n a patinar de manera r\u00e1pida i segura amb el nostres professors titulats i en els millors centres esportius de Barcelona. Vine, no te&#039;n penedir\u00e0s!!!\" \/>\n<meta name=\"robots\" content=\"index, follow, max-snippet:-1, max-image-preview:large, max-video-preview:-1\" \/>\n<link rel=\"canonical\" href=\"https:\/\/escolapatinatge.com\/ca\/classes-de-patinatge-urba-per-a-adults\/\" \/>\n<meta property=\"og:locale\" content=\"ca_ES\" \/>\n<meta property=\"og:type\" content=\"article\" \/>\n<meta property=\"og:title\" content=\"CLASSES DE PATINATGE URB\u00c0 PER A ADULTS - Escola Oficial Patinatge Inline\" \/>\n<meta property=\"og:description\" content=\"Apr\u00e8n a patinar de manera r\u00e1pida i segura amb el nostres professors titulats i en els millors centres esportius de Barcelona. Vine, no te&#039;n penedir\u00e0s!!!\" \/>\n<meta property=\"og:url\" content=\"https:\/\/escolapatinatge.com\/ca\/classes-de-patinatge-urba-per-a-adults\/\" \/>\n<meta property=\"og:site_name\" content=\"Escola Oficial Patinatge Inline\" \/>\n<meta property=\"article:modified_time\" content=\"2023-01-26T14:54:23+00:00\" \/>\n<meta property=\"og:image\" content=\"http:\/\/escolapatinatge.com\/wp-content\/uploads\/2020\/03\/classes_patinatge_adults.png\" \/>\n<meta name=\"twitter:card\" content=\"summary_large_image\" \/>\n<meta name=\"twitter:label1\" content=\"Temps estimat de lectura\" \/>\n\t<meta name=\"twitter:data1\" content=\"3 minuts\" \/>\n<script type=\"application\/ld+json\" class=\"yoast-schema-graph\">{\"@context\":\"https:\/\/schema.org\",\"@graph\":[{\"@type\":\"WebPage\",\"@id\":\"https:\/\/escolapatinatge.com\/ca\/classes-de-patinatge-urba-per-a-adults\/\",\"url\":\"https:\/\/escolapatinatge.com\/ca\/classes-de-patinatge-urba-per-a-adults\/\",\"name\":\"CLASSES DE PATINATGE URB\u00c0 PER A ADULTS - Escola Oficial Patinatge Inline\",\"isPartOf\":{\"@id\":\"https:\/\/escolapatinatge.com\/ca\/#website\"},\"datePublished\":\"2019-10-02T05:46:36+00:00\",\"dateModified\":\"2023-01-26T14:54:23+00:00\",\"description\":\"Apr\u00e8n a patinar de manera r\u00e1pida i segura amb el nostres professors titulats i en els millors centres esportius de Barcelona. Vine, no te'n penedir\u00e0s!!!\",\"breadcrumb\":{\"@id\":\"https:\/\/escolapatinatge.com\/ca\/classes-de-patinatge-urba-per-a-adults\/#breadcrumb\"},\"inLanguage\":\"ca\",\"potentialAction\":[{\"@type\":\"ReadAction\",\"target\":[\"https:\/\/escolapatinatge.com\/ca\/classes-de-patinatge-urba-per-a-adults\/\"]}]},{\"@type\":\"BreadcrumbList\",\"@id\":\"https:\/\/escolapatinatge.com\/ca\/classes-de-patinatge-urba-per-a-adults\/#breadcrumb\",\"itemListElement\":[{\"@type\":\"ListItem\",\"position\":1,\"name\":\"Inici\",\"item\":\"http:\/\/escolapatinatge.com\/ca\/\"},{\"@type\":\"ListItem\",\"position\":2,\"name\":\"CLASSES DE PATINATGE URB\u00c0 PER A ADULTS\"}]},{\"@type\":\"WebSite\",\"@id\":\"https:\/\/escolapatinatge.com\/ca\/#website\",\"url\":\"https:\/\/escolapatinatge.com\/ca\/\",\"name\":\"Escola Oficial Patinatge Inline\",\"description\":\"Classes de patinatge a Barcelona. Apr\u00e8n a patinar a la millor escola de patinatge. Cursos per totes les edats i nivells.\",\"potentialAction\":[{\"@type\":\"SearchAction\",\"target\":{\"@type\":\"EntryPoint\",\"urlTemplate\":\"https:\/\/escolapatinatge.com\/ca\/?s={search_term_string}\"},\"query-input\":\"required name=search_term_string\"}],\"inLanguage\":\"ca\"}]}<\/script>\n<!-- \/ Yoast SEO plugin. -->","yoast_head_json":{"title":"CLASSES DE PATINATGE URB\u00c0 PER A ADULTS - Escola Oficial Patinatge Inline","description":"Apr\u00e8n a patinar de manera r\u00e1pida i segura amb el nostres professors titulats i en els millors centres esportius de Barcelona. Vine, no te'n penedir\u00e0s!!!","robots":{"index":"index","follow":"follow","max-snippet":"max-snippet:-1","max-image-preview":"max-image-preview:large","max-video-preview":"max-video-preview:-1"},"canonical":"https:\/\/escolapatinatge.com\/ca\/classes-de-patinatge-urba-per-a-adults\/","og_locale":"ca_ES","og_type":"article","og_title":"CLASSES DE PATINATGE URB\u00c0 PER A ADULTS - Escola Oficial Patinatge Inline","og_description":"Apr\u00e8n a patinar de manera r\u00e1pida i segura amb el nostres professors titulats i en els millors centres esportius de Barcelona. Vine, no te'n penedir\u00e0s!!!","og_url":"https:\/\/escolapatinatge.com\/ca\/classes-de-patinatge-urba-per-a-adults\/","og_site_name":"Escola Oficial Patinatge Inline","article_modified_time":"2023-01-26T14:54:23+00:00","og_image":[{"url":"http:\/\/escolapatinatge.com\/wp-content\/uploads\/2020\/03\/classes_patinatge_adults.png"}],"twitter_card":"summary_large_image","twitter_misc":{"Temps estimat de lectura":"3 minuts"},"schema":{"@context":"https:\/\/schema.org","@graph":[{"@type":"WebPage","@id":"https:\/\/escolapatinatge.com\/ca\/classes-de-patinatge-urba-per-a-adults\/","url":"https:\/\/escolapatinatge.com\/ca\/classes-de-patinatge-urba-per-a-adults\/","name":"CLASSES DE PATINATGE URB\u00c0 PER A ADULTS - Escola Oficial Patinatge Inline","isPartOf":{"@id":"https:\/\/escolapatinatge.com\/ca\/#website"},"datePublished":"2019-10-02T05:46:36+00:00","dateModified":"2023-01-26T14:54:23+00:00","description":"Apr\u00e8n a patinar de manera r\u00e1pida i segura amb el nostres professors titulats i en els millors centres esportius de Barcelona. Vine, no te'n penedir\u00e0s!!!","breadcrumb":{"@id":"https:\/\/escolapatinatge.com\/ca\/classes-de-patinatge-urba-per-a-adults\/#breadcrumb"},"inLanguage":"ca","potentialAction":[{"@type":"ReadAction","target":["https:\/\/escolapatinatge.com\/ca\/classes-de-patinatge-urba-per-a-adults\/"]}]},{"@type":"BreadcrumbList","@id":"https:\/\/escolapatinatge.com\/ca\/classes-de-patinatge-urba-per-a-adults\/#breadcrumb","itemListElement":[{"@type":"ListItem","position":1,"name":"Inici","item":"http:\/\/escolapatinatge.com\/ca\/"},{"@type":"ListItem","position":2,"name":"CLASSES DE PATINATGE URB\u00c0 PER A ADULTS"}]},{"@type":"WebSite","@id":"https:\/\/escolapatinatge.com\/ca\/#website","url":"https:\/\/escolapatinatge.com\/ca\/","name":"Escola Oficial Patinatge Inline","description":"Classes de patinatge a Barcelona. Apr\u00e8n a patinar a la millor escola de patinatge. Cursos per totes les edats i nivells.","potentialAction":[{"@type":"SearchAction","target":{"@type":"EntryPoint","urlTemplate":"https:\/\/escolapatinatge.com\/ca\/?s={search_term_string}"},"query-input":"required name=search_term_string"}],"inLanguage":"ca"}]}},"_links":{"self":[{"href":"https:\/\/escolapatinatge.com\/ca\/wp-json\/wp\/v2\/pages\/1088"}],"collection":[{"href":"https:\/\/escolapatinatge.com\/ca\/wp-json\/wp\/v2\/pages"}],"about":[{"href":"https:\/\/escolapatinatge.com\/ca\/wp-json\/wp\/v2\/types\/page"}],"author":[{"embeddable":true,"href":"https:\/\/escolapatinatge.com\/ca\/wp-json\/wp\/v2\/users\/1"}],"replies":[{"embeddable":true,"href":"https:\/\/escolapatinatge.com\/ca\/wp-json\/wp\/v2\/comments?post=1088"}],"version-history":[{"count":20,"href":"https:\/\/escolapatinatge.com\/ca\/wp-json\/wp\/v2\/pages\/1088\/revisions"}],"predecessor-version":[{"id":31308,"href":"https:\/\/escolapatinatge.com\/ca\/wp-json\/wp\/v2\/pages\/1088\/revisions\/31308"}],"wp:attachment":[{"href":"https:\/\/escolapatinatge.com\/ca\/wp-json\/wp\/v2\/media?parent=1088"}],"curies":[{"name":"wp","href":"https:\/\/api.w.org\/{rel}","templated":true}]}}