{"id":1092,"date":"2019-10-08T07:44:31","date_gmt":"2019-10-08T05:44:31","guid":{"rendered":"http:\/\/escolapatinatge.com\/?page_id=1092"},"modified":"2021-10-16T19:29:45","modified_gmt":"2021-10-16T17:29:45","slug":"classes-de-patinatge-de-velocitat","status":"publish","type":"page","link":"https:\/\/escolapatinatge.com\/ca\/classes-de-patinatge-de-velocitat\/","title":{"rendered":"CLASSES DE PATINATGE DE VELOCITAT"},"content":{"rendered":"\t\t<div data-elementor-type=\"wp-post\" data-elementor-id=\"1092\" class=\"elementor elementor-1092\">\n\t\t\t\t\t\t<div class=\"elementor-inner\">\n\t\t\t\t<div class=\"elementor-section-wrap\">\n\t\t\t\t\t\t\t\t\t<section class=\"elementor-section elementor-top-section elementor-element elementor-element-a3b2ad1 elementor-section-boxed elementor-section-height-default elementor-section-height-default\" data-id=\"a3b2ad1\" data-element_type=\"section\">\n\t\t\t\t\t\t<div class=\"elementor-container elementor-column-gap-default\">\n\t\t\t\t\t\t\t<div class=\"elementor-row\">\n\t\t\t\t\t<div class=\"elementor-column elementor-col-100 elementor-top-column elementor-element elementor-element-88efa4f\" data-id=\"88efa4f\" data-element_type=\"column\">\n\t\t\t<div class=\"elementor-column-wrap elementor-element-populated\">\n\t\t\t\t\t\t\t<div class=\"elementor-widget-wrap\">\n\t\t\t\t\t\t<section class=\"elementor-section elementor-inner-section elementor-element elementor-element-5bcea50 elementor-section-boxed elementor-section-height-default elementor-section-height-default\" data-id=\"5bcea50\" data-element_type=\"section\">\n\t\t\t\t\t\t<div class=\"elementor-container elementor-column-gap-default\">\n\t\t\t\t\t\t\t<div class=\"elementor-row\">\n\t\t\t\t\t<div class=\"elementor-column elementor-col-100 elementor-inner-column elementor-element elementor-element-a274649\" data-id=\"a274649\" data-element_type=\"column\">\n\t\t\t<div class=\"elementor-column-wrap elementor-element-populated\">\n\t\t\t\t\t\t\t<div class=\"elementor-widget-wrap\">\n\t\t\t\t\t\t<div class=\"elementor-element elementor-element-c3fb49c elementor-widget elementor-widget-heading\" data-id=\"c3fb49c\" data-element_type=\"widget\" data-widget_type=\"heading.default\">\n\t\t\t\t<div class=\"elementor-widget-container\">\n\t\t\t<h1 class=\"elementor-heading-title elementor-size-default\">CLASSES I CURSOS DE PATINATGE DE VELOCITAT<\/h1>\t\t<\/div>\n\t\t\t\t<\/div>\n\t\t\t\t\t\t<\/div>\n\t\t\t\t\t<\/div>\n\t\t<\/div>\n\t\t\t\t\t\t\t\t<\/div>\n\t\t\t\t\t<\/div>\n\t\t<\/section>\n\t\t\t\t\t\t<\/div>\n\t\t\t\t\t<\/div>\n\t\t<\/div>\n\t\t\t\t\t\t\t\t<\/div>\n\t\t\t\t\t<\/div>\n\t\t<\/section>\n\t\t\t\t<section class=\"elementor-section elementor-top-section elementor-element elementor-element-01baf88 elementor-section-boxed elementor-section-height-default elementor-section-height-default\" data-id=\"01baf88\" data-element_type=\"section\">\n\t\t\t\t\t\t<div class=\"elementor-container elementor-column-gap-default\">\n\t\t\t\t\t\t\t<div class=\"elementor-row\">\n\t\t\t\t\t<div class=\"elementor-column elementor-col-100 elementor-top-column elementor-element elementor-element-04dea7f\" data-id=\"04dea7f\" data-element_type=\"column\">\n\t\t\t<div class=\"elementor-column-wrap elementor-element-populated\">\n\t\t\t\t\t\t\t<div class=\"elementor-widget-wrap\">\n\t\t\t\t\t\t<section class=\"elementor-section elementor-inner-section elementor-element elementor-element-a2838cb elementor-section-boxed elementor-section-height-default elementor-section-height-default\" data-id=\"a2838cb\" data-element_type=\"section\">\n\t\t\t\t\t\t<div class=\"elementor-container elementor-column-gap-default\">\n\t\t\t\t\t\t\t<div class=\"elementor-row\">\n\t\t\t\t\t<div class=\"elementor-column elementor-col-50 elementor-inner-column elementor-element elementor-element-7f10f8e\" data-id=\"7f10f8e\" data-element_type=\"column\">\n\t\t\t<div class=\"elementor-column-wrap elementor-element-populated\">\n\t\t\t\t\t\t\t<div class=\"elementor-widget-wrap\">\n\t\t\t\t\t\t<div class=\"elementor-element elementor-element-4f66dd2 elementor-widget elementor-widget-image\" data-id=\"4f66dd2\" data-element_type=\"widget\" data-widget_type=\"image.default\">\n\t\t\t\t<div class=\"elementor-widget-container\">\n\t\t\t\t\t\t\t\t<div class=\"elementor-image\">\n\t\t\t\t\t\t\t\t\t\t\t\t<img decoding=\"async\" width=\"1024\" height=\"765\" src=\"https:\/\/escolapatinatge.com\/wp-content\/uploads\/2019\/09\/curs_patinatge_velocitat-1-1024x765.jpg\" class=\"attachment-large size-large wp-image-1035\" alt=\"Cursos de patinatge de velocitat\" loading=\"lazy\" srcset=\"https:\/\/escolapatinatge.com\/wp-content\/uploads\/2019\/09\/curs_patinatge_velocitat-1-1024x765.jpg 1024w, https:\/\/escolapatinatge.com\/wp-content\/uploads\/2019\/09\/curs_patinatge_velocitat-1-300x224.jpg 300w, https:\/\/escolapatinatge.com\/wp-content\/uploads\/2019\/09\/curs_patinatge_velocitat-1-768x574.jpg 768w, https:\/\/escolapatinatge.com\/wp-content\/uploads\/2019\/09\/curs_patinatge_velocitat-1-600x448.jpg 600w, https:\/\/escolapatinatge.com\/wp-content\/uploads\/2019\/09\/curs_patinatge_velocitat-1.jpg 1280w\" sizes=\"(max-width: 1024px) 100vw, 1024px\" \/>\t\t\t\t\t\t\t\t\t\t\t\t\t\t<\/div>\n\t\t\t\t\t\t<\/div>\n\t\t\t\t<\/div>\n\t\t\t\t\t\t<\/div>\n\t\t\t\t\t<\/div>\n\t\t<\/div>\n\t\t\t\t<div class=\"elementor-column elementor-col-50 elementor-inner-column elementor-element elementor-element-a001159\" data-id=\"a001159\" data-element_type=\"column\">\n\t\t\t<div class=\"elementor-column-wrap elementor-element-populated\">\n\t\t\t\t\t\t\t<div class=\"elementor-widget-wrap\">\n\t\t\t\t\t\t<div class=\"elementor-element elementor-element-4a22654 elementor-widget elementor-widget-text-editor\" data-id=\"4a22654\" data-element_type=\"widget\" data-widget_type=\"text-editor.default\">\n\t\t\t\t<div class=\"elementor-widget-container\">\n\t\t\t\t\t\t\t\t<div class=\"elementor-text-editor elementor-clearfix\">\n\t\t\t\t<p>Un parell de cops l\u2019any realitzem cursos monogr\u00e0fics de patinatge de velocitat. L&#8217;objectiu es apropar la modalitat de patinatge de velocitat als nostres alumnes, per a que millorin la seva t\u00e8cnica de patinatje i aconsegueixin a m\u00e9s a m\u00e9s treure m\u00e9s rendiment als seus patins quan van, per exemple, de ruta urbana.<\/p><p>En aquests cursos, s\u2019ensenyen tant conceptes t\u00e9cnics com de preparaci\u00f3 f\u00edsica, per a que els nostres alumnes coneguin i dominin aquesta modalitat tan espectacular.<\/p>\t\t\t\t\t<\/div>\n\t\t\t\t\t\t<\/div>\n\t\t\t\t<\/div>\n\t\t\t\t\t\t<\/div>\n\t\t\t\t\t<\/div>\n\t\t<\/div>\n\t\t\t\t\t\t\t\t<\/div>\n\t\t\t\t\t<\/div>\n\t\t<\/section>\n\t\t\t\t\t\t<\/div>\n\t\t\t\t\t<\/div>\n\t\t<\/div>\n\t\t\t\t\t\t\t\t<\/div>\n\t\t\t\t\t<\/div>\n\t\t<\/section>\n\t\t\t\t\t\t\t\t\t<\/div>\n\t\t\t<\/div>\n\t\t\t\t\t<\/div>\n\t\t","protected":false},"excerpt":{"rendered":"<p>CLASSES I CURSOS DE PATINATGE DE VELOCITAT Un parell de cops l\u2019any realitzem cursos monogr\u00e0fics de patinatge de velocitat. L&#8217;objectiu es apropar la modalitat de patinatge de velocitat als nostres alumnes, per a que millorin la seva t\u00e8cnica de patinatje i aconsegueixin a m\u00e9s a m\u00e9s treure m\u00e9s rendiment als seus patins quan van, per [&hellip;]<\/p>\n","protected":false},"author":1,"featured_media":0,"parent":0,"menu_order":0,"comment_status":"closed","ping_status":"closed","template":"page-templates\/fullwidth-content.php","meta":{"_mi_skip_tracking":false,"_monsterinsights_sitenote_active":false,"_monsterinsights_sitenote_note":"","_monsterinsights_sitenote_category":0},"yoast_head":"<!-- This site is optimized with the Yoast SEO plugin v20.8 - https:\/\/yoast.com\/wordpress\/plugins\/seo\/ -->\n<title>CLASSES DE PATINATGE DE VELOCITAT - Escola Oficial Patinatge Inline<\/title>\n<meta name=\"description\" content=\"Realitzem cursos monogr\u00e0fics de patinatge de velocitat per apropar la modalitat de patinatge de velocitat als nostres alumnes.\" \/>\n<meta name=\"robots\" content=\"index, follow, max-snippet:-1, max-image-preview:large, max-video-preview:-1\" \/>\n<link rel=\"canonical\" href=\"http:\/\/escolapatinatge.com\/ca\/classes-de-patinatge-de-velocitat\/\" \/>\n<meta property=\"og:locale\" content=\"ca_ES\" \/>\n<meta property=\"og:type\" content=\"article\" \/>\n<meta property=\"og:title\" content=\"CLASSES DE PATINATGE DE VELOCITAT - Escola Oficial Patinatge Inline\" \/>\n<meta property=\"og:description\" content=\"Realitzem cursos monogr\u00e0fics de patinatge de velocitat per apropar la modalitat de patinatge de velocitat als nostres alumnes.\" \/>\n<meta property=\"og:url\" content=\"http:\/\/escolapatinatge.com\/ca\/classes-de-patinatge-de-velocitat\/\" \/>\n<meta property=\"og:site_name\" content=\"Escola Oficial Patinatge Inline\" \/>\n<meta property=\"article:modified_time\" content=\"2021-10-16T17:29:45+00:00\" \/>\n<meta property=\"og:image\" content=\"http:\/\/escolapatinatge.com\/wp-content\/uploads\/2019\/09\/curs_patinatge_velocitat-1-1024x765.jpg\" \/>\n<meta name=\"twitter:card\" content=\"summary_large_image\" \/>\n<meta name=\"twitter:label1\" content=\"Temps estimat de lectura\" \/>\n\t<meta name=\"twitter:data1\" content=\"1 minut\" \/>\n<script type=\"application\/ld+json\" class=\"yoast-schema-graph\">{\"@context\":\"https:\/\/schema.org\",\"@graph\":[{\"@type\":\"WebPage\",\"@id\":\"http:\/\/escolapatinatge.com\/ca\/classes-de-patinatge-de-velocitat\/\",\"url\":\"http:\/\/escolapatinatge.com\/ca\/classes-de-patinatge-de-velocitat\/\",\"name\":\"CLASSES DE PATINATGE DE VELOCITAT - Escola Oficial Patinatge Inline\",\"isPartOf\":{\"@id\":\"https:\/\/escolapatinatge.com\/ca\/#website\"},\"datePublished\":\"2019-10-08T05:44:31+00:00\",\"dateModified\":\"2021-10-16T17:29:45+00:00\",\"description\":\"Realitzem cursos monogr\u00e0fics de patinatge de velocitat per apropar la modalitat de patinatge de velocitat als nostres alumnes.\",\"breadcrumb\":{\"@id\":\"http:\/\/escolapatinatge.com\/ca\/classes-de-patinatge-de-velocitat\/#breadcrumb\"},\"inLanguage\":\"ca\",\"potentialAction\":[{\"@type\":\"ReadAction\",\"target\":[\"http:\/\/escolapatinatge.com\/ca\/classes-de-patinatge-de-velocitat\/\"]}]},{\"@type\":\"BreadcrumbList\",\"@id\":\"http:\/\/escolapatinatge.com\/ca\/classes-de-patinatge-de-velocitat\/#breadcrumb\",\"itemListElement\":[{\"@type\":\"ListItem\",\"position\":1,\"name\":\"Inici\",\"item\":\"http:\/\/escolapatinatge.com\/ca\/\"},{\"@type\":\"ListItem\",\"position\":2,\"name\":\"CLASSES DE PATINATGE DE VELOCITAT\"}]},{\"@type\":\"WebSite\",\"@id\":\"https:\/\/escolapatinatge.com\/ca\/#website\",\"url\":\"https:\/\/escolapatinatge.com\/ca\/\",\"name\":\"Escola Oficial Patinatge Inline\",\"description\":\"Classes de patinatge a Barcelona. Apr\u00e8n a patinar a la millor escola de patinatge. Cursos per totes les edats i nivells.\",\"potentialAction\":[{\"@type\":\"SearchAction\",\"target\":{\"@type\":\"EntryPoint\",\"urlTemplate\":\"https:\/\/escolapatinatge.com\/ca\/?s={search_term_string}\"},\"query-input\":\"required name=search_term_string\"}],\"inLanguage\":\"ca\"}]}<\/script>\n<!-- \/ Yoast SEO plugin. -->","yoast_head_json":{"title":"CLASSES DE PATINATGE DE VELOCITAT - Escola Oficial Patinatge Inline","description":"Realitzem cursos monogr\u00e0fics de patinatge de velocitat per apropar la modalitat de patinatge de velocitat als nostres alumnes.","robots":{"index":"index","follow":"follow","max-snippet":"max-snippet:-1","max-image-preview":"max-image-preview:large","max-video-preview":"max-video-preview:-1"},"canonical":"http:\/\/escolapatinatge.com\/ca\/classes-de-patinatge-de-velocitat\/","og_locale":"ca_ES","og_type":"article","og_title":"CLASSES DE PATINATGE DE VELOCITAT - Escola Oficial Patinatge Inline","og_description":"Realitzem cursos monogr\u00e0fics de patinatge de velocitat per apropar la modalitat de patinatge de velocitat als nostres alumnes.","og_url":"http:\/\/escolapatinatge.com\/ca\/classes-de-patinatge-de-velocitat\/","og_site_name":"Escola Oficial Patinatge Inline","article_modified_time":"2021-10-16T17:29:45+00:00","og_image":[{"url":"http:\/\/escolapatinatge.com\/wp-content\/uploads\/2019\/09\/curs_patinatge_velocitat-1-1024x765.jpg"}],"twitter_card":"summary_large_image","twitter_misc":{"Temps estimat de lectura":"1 minut"},"schema":{"@context":"https:\/\/schema.org","@graph":[{"@type":"WebPage","@id":"http:\/\/escolapatinatge.com\/ca\/classes-de-patinatge-de-velocitat\/","url":"http:\/\/escolapatinatge.com\/ca\/classes-de-patinatge-de-velocitat\/","name":"CLASSES DE PATINATGE DE VELOCITAT - Escola Oficial Patinatge Inline","isPartOf":{"@id":"https:\/\/escolapatinatge.com\/ca\/#website"},"datePublished":"2019-10-08T05:44:31+00:00","dateModified":"2021-10-16T17:29:45+00:00","description":"Realitzem cursos monogr\u00e0fics de patinatge de velocitat per apropar la modalitat de patinatge de velocitat als nostres alumnes.","breadcrumb":{"@id":"http:\/\/escolapatinatge.com\/ca\/classes-de-patinatge-de-velocitat\/#breadcrumb"},"inLanguage":"ca","potentialAction":[{"@type":"ReadAction","target":["http:\/\/escolapatinatge.com\/ca\/classes-de-patinatge-de-velocitat\/"]}]},{"@type":"BreadcrumbList","@id":"http:\/\/escolapatinatge.com\/ca\/classes-de-patinatge-de-velocitat\/#breadcrumb","itemListElement":[{"@type":"ListItem","position":1,"name":"Inici","item":"http:\/\/escolapatinatge.com\/ca\/"},{"@type":"ListItem","position":2,"name":"CLASSES DE PATINATGE DE VELOCITAT"}]},{"@type":"WebSite","@id":"https:\/\/escolapatinatge.com\/ca\/#website","url":"https:\/\/escolapatinatge.com\/ca\/","name":"Escola Oficial Patinatge Inline","description":"Classes de patinatge a Barcelona. Apr\u00e8n a patinar a la millor escola de patinatge. Cursos per totes les edats i nivells.","potentialAction":[{"@type":"SearchAction","target":{"@type":"EntryPoint","urlTemplate":"https:\/\/escolapatinatge.com\/ca\/?s={search_term_string}"},"query-input":"required name=search_term_string"}],"inLanguage":"ca"}]}},"_links":{"self":[{"href":"https:\/\/escolapatinatge.com\/ca\/wp-json\/wp\/v2\/pages\/1092"}],"collection":[{"href":"https:\/\/escolapatinatge.com\/ca\/wp-json\/wp\/v2\/pages"}],"about":[{"href":"https:\/\/escolapatinatge.com\/ca\/wp-json\/wp\/v2\/types\/page"}],"author":[{"embeddable":true,"href":"https:\/\/escolapatinatge.com\/ca\/wp-json\/wp\/v2\/users\/1"}],"replies":[{"embeddable":true,"href":"https:\/\/escolapatinatge.com\/ca\/wp-json\/wp\/v2\/comments?post=1092"}],"version-history":[{"count":9,"href":"https:\/\/escolapatinatge.com\/ca\/wp-json\/wp\/v2\/pages\/1092\/revisions"}],"predecessor-version":[{"id":13105,"href":"https:\/\/escolapatinatge.com\/ca\/wp-json\/wp\/v2\/pages\/1092\/revisions\/13105"}],"wp:attachment":[{"href":"https:\/\/escolapatinatge.com\/ca\/wp-json\/wp\/v2\/media?parent=1092"}],"curies":[{"name":"wp","href":"https:\/\/api.w.org\/{rel}","templated":true}]}}