{"id":1098,"date":"2019-10-12T17:16:50","date_gmt":"2019-10-12T15:16:50","guid":{"rendered":"http:\/\/escolapatinatge.com\/?page_id=1098"},"modified":"2021-10-16T19:31:41","modified_gmt":"2021-10-16T17:31:41","slug":"classes-de-descens","status":"publish","type":"page","link":"https:\/\/escolapatinatge.com\/ca\/classes-de-descens\/","title":{"rendered":"CLASSES DE DESCENS"},"content":{"rendered":"\t\t<div data-elementor-type=\"wp-post\" data-elementor-id=\"1098\" class=\"elementor elementor-1098\">\n\t\t\t\t\t\t<div class=\"elementor-inner\">\n\t\t\t\t<div class=\"elementor-section-wrap\">\n\t\t\t\t\t\t\t\t\t<section class=\"elementor-section elementor-top-section elementor-element elementor-element-e88c830 elementor-section-boxed elementor-section-height-default elementor-section-height-default\" data-id=\"e88c830\" data-element_type=\"section\">\n\t\t\t\t\t\t<div class=\"elementor-container elementor-column-gap-default\">\n\t\t\t\t\t\t\t<div class=\"elementor-row\">\n\t\t\t\t\t<div class=\"elementor-column elementor-col-100 elementor-top-column elementor-element elementor-element-938f211\" data-id=\"938f211\" data-element_type=\"column\">\n\t\t\t<div class=\"elementor-column-wrap elementor-element-populated\">\n\t\t\t\t\t\t\t<div class=\"elementor-widget-wrap\">\n\t\t\t\t\t\t<section class=\"elementor-section elementor-inner-section elementor-element elementor-element-c4b1f34 elementor-section-boxed elementor-section-height-default elementor-section-height-default\" data-id=\"c4b1f34\" data-element_type=\"section\">\n\t\t\t\t\t\t<div class=\"elementor-container elementor-column-gap-default\">\n\t\t\t\t\t\t\t<div class=\"elementor-row\">\n\t\t\t\t\t<div class=\"elementor-column elementor-col-100 elementor-inner-column elementor-element elementor-element-4a6c604\" data-id=\"4a6c604\" data-element_type=\"column\">\n\t\t\t<div class=\"elementor-column-wrap elementor-element-populated\">\n\t\t\t\t\t\t\t<div class=\"elementor-widget-wrap\">\n\t\t\t\t\t\t<div class=\"elementor-element elementor-element-7c66050 elementor-widget elementor-widget-heading\" data-id=\"7c66050\" data-element_type=\"widget\" data-widget_type=\"heading.default\">\n\t\t\t\t<div class=\"elementor-widget-container\">\n\t\t\t<h1 class=\"elementor-heading-title elementor-size-default\">CLASSES DE DESCENS EN PATINS<\/h1>\t\t<\/div>\n\t\t\t\t<\/div>\n\t\t\t\t\t\t<\/div>\n\t\t\t\t\t<\/div>\n\t\t<\/div>\n\t\t\t\t\t\t\t\t<\/div>\n\t\t\t\t\t<\/div>\n\t\t<\/section>\n\t\t\t\t\t\t<\/div>\n\t\t\t\t\t<\/div>\n\t\t<\/div>\n\t\t\t\t\t\t\t\t<\/div>\n\t\t\t\t\t<\/div>\n\t\t<\/section>\n\t\t\t\t<section class=\"elementor-section elementor-top-section elementor-element elementor-element-05ec379 elementor-section-boxed elementor-section-height-default elementor-section-height-default\" data-id=\"05ec379\" data-element_type=\"section\">\n\t\t\t\t\t\t<div class=\"elementor-container elementor-column-gap-default\">\n\t\t\t\t\t\t\t<div class=\"elementor-row\">\n\t\t\t\t\t<div class=\"elementor-column elementor-col-100 elementor-top-column elementor-element elementor-element-3463e60\" data-id=\"3463e60\" data-element_type=\"column\">\n\t\t\t<div class=\"elementor-column-wrap elementor-element-populated\">\n\t\t\t\t\t\t\t<div class=\"elementor-widget-wrap\">\n\t\t\t\t\t\t<section class=\"elementor-section elementor-inner-section elementor-element elementor-element-9f79bb3 elementor-section-boxed elementor-section-height-default elementor-section-height-default\" data-id=\"9f79bb3\" data-element_type=\"section\">\n\t\t\t\t\t\t<div class=\"elementor-container elementor-column-gap-default\">\n\t\t\t\t\t\t\t<div class=\"elementor-row\">\n\t\t\t\t\t<div class=\"elementor-column elementor-col-50 elementor-inner-column elementor-element elementor-element-a64c136\" data-id=\"a64c136\" data-element_type=\"column\">\n\t\t\t<div class=\"elementor-column-wrap elementor-element-populated\">\n\t\t\t\t\t\t\t<div class=\"elementor-widget-wrap\">\n\t\t\t\t\t\t<div class=\"elementor-element elementor-element-e4f4904 elementor-widget elementor-widget-image\" data-id=\"e4f4904\" data-element_type=\"widget\" data-widget_type=\"image.default\">\n\t\t\t\t<div class=\"elementor-widget-container\">\n\t\t\t\t\t\t\t\t<div class=\"elementor-image\">\n\t\t\t\t\t\t\t\t\t\t\t\t<img decoding=\"async\" width=\"574\" height=\"404\" src=\"https:\/\/escolapatinatge.com\/wp-content\/uploads\/2019\/09\/classes_descens_downhill.png\" class=\"attachment-large size-large wp-image-987\" alt=\"Classes de Descens Downhill\" loading=\"lazy\" srcset=\"https:\/\/escolapatinatge.com\/wp-content\/uploads\/2019\/09\/classes_descens_downhill.png 574w, https:\/\/escolapatinatge.com\/wp-content\/uploads\/2019\/09\/classes_descens_downhill-300x211.png 300w\" sizes=\"(max-width: 574px) 100vw, 574px\" \/>\t\t\t\t\t\t\t\t\t\t\t\t\t\t<\/div>\n\t\t\t\t\t\t<\/div>\n\t\t\t\t<\/div>\n\t\t\t\t\t\t<\/div>\n\t\t\t\t\t<\/div>\n\t\t<\/div>\n\t\t\t\t<div class=\"elementor-column elementor-col-50 elementor-inner-column elementor-element elementor-element-6012149\" data-id=\"6012149\" data-element_type=\"column\">\n\t\t\t<div class=\"elementor-column-wrap elementor-element-populated\">\n\t\t\t\t\t\t\t<div class=\"elementor-widget-wrap\">\n\t\t\t\t\t\t<div class=\"elementor-element elementor-element-0e601d1 elementor-widget elementor-widget-text-editor\" data-id=\"0e601d1\" data-element_type=\"widget\" data-widget_type=\"text-editor.default\">\n\t\t\t\t<div class=\"elementor-widget-container\">\n\t\t\t\t\t\t\t\t<div class=\"elementor-text-editor elementor-clearfix\">\n\t\t\t\t<p>Un dels problemes amb qu\u00e8 es troba el patinador novell, es el d\u2019afrontar una baixada en patins. Es per aix\u00f2, que realitzem de manera peri\u00f2dica, classes de patinatge especialment enfocades a afrontar amb seguretat qualsevol baixada o pendent en patins.<\/p><p>Aix\u00ed mateix, realitzem classes de descens en patins per a patinadors m\u00e9s experts explicant totes les t\u00e8cniques i f\u00f3rmules per baixar un pendent amb la m\u00e0xima efici\u00e8ncia i seguretat possibles. Aquestes classes estan incloses dintre del temari al llarg de tot el curs.<\/p>\t\t\t\t\t<\/div>\n\t\t\t\t\t\t<\/div>\n\t\t\t\t<\/div>\n\t\t\t\t\t\t<\/div>\n\t\t\t\t\t<\/div>\n\t\t<\/div>\n\t\t\t\t\t\t\t\t<\/div>\n\t\t\t\t\t<\/div>\n\t\t<\/section>\n\t\t\t\t\t\t<\/div>\n\t\t\t\t\t<\/div>\n\t\t<\/div>\n\t\t\t\t\t\t\t\t<\/div>\n\t\t\t\t\t<\/div>\n\t\t<\/section>\n\t\t\t\t\t\t\t\t\t<\/div>\n\t\t\t<\/div>\n\t\t\t\t\t<\/div>\n\t\t","protected":false},"excerpt":{"rendered":"<p>CLASSES DE DESCENS EN PATINS Un dels problemes amb qu\u00e8 es troba el patinador novell, es el d\u2019afrontar una baixada en patins. Es per aix\u00f2, que realitzem de manera peri\u00f2dica, classes de patinatge especialment enfocades a afrontar amb seguretat qualsevol baixada o pendent en patins. Aix\u00ed mateix, realitzem classes de descens en patins per a [&hellip;]<\/p>\n","protected":false},"author":1,"featured_media":0,"parent":0,"menu_order":0,"comment_status":"closed","ping_status":"closed","template":"page-templates\/fullwidth-content.php","meta":{"_mi_skip_tracking":false,"_monsterinsights_sitenote_active":false,"_monsterinsights_sitenote_note":"","_monsterinsights_sitenote_category":0},"yoast_head":"<!-- This site is optimized with the Yoast SEO plugin v20.8 - https:\/\/yoast.com\/wordpress\/plugins\/seo\/ -->\n<title>CLASSES DE DESCENS - Escola Oficial Patinatge Inline<\/title>\n<meta name=\"description\" content=\"Realitzem de manera peri\u00f2dica, classes de patinatge especialment enfocades a afrontar amb seguretat qualsevol baixada o pendent en patins.\" \/>\n<meta name=\"robots\" content=\"index, follow, max-snippet:-1, max-image-preview:large, max-video-preview:-1\" \/>\n<link rel=\"canonical\" href=\"http:\/\/escolapatinatge.com\/ca\/classes-de-descens\/\" \/>\n<meta property=\"og:locale\" content=\"ca_ES\" \/>\n<meta property=\"og:type\" content=\"article\" \/>\n<meta property=\"og:title\" content=\"CLASSES DE DESCENS - Escola Oficial Patinatge Inline\" \/>\n<meta property=\"og:description\" content=\"Realitzem de manera peri\u00f2dica, classes de patinatge especialment enfocades a afrontar amb seguretat qualsevol baixada o pendent en patins.\" \/>\n<meta property=\"og:url\" content=\"http:\/\/escolapatinatge.com\/ca\/classes-de-descens\/\" \/>\n<meta property=\"og:site_name\" content=\"Escola Oficial Patinatge Inline\" \/>\n<meta property=\"article:modified_time\" content=\"2021-10-16T17:31:41+00:00\" \/>\n<meta property=\"og:image\" content=\"http:\/\/escolapatinatge.com\/wp-content\/uploads\/2019\/09\/classes_descens_downhill.png\" \/>\n<meta name=\"twitter:card\" content=\"summary_large_image\" \/>\n<meta name=\"twitter:label1\" content=\"Temps estimat de lectura\" \/>\n\t<meta name=\"twitter:data1\" content=\"1 minut\" \/>\n<script type=\"application\/ld+json\" class=\"yoast-schema-graph\">{\"@context\":\"https:\/\/schema.org\",\"@graph\":[{\"@type\":\"WebPage\",\"@id\":\"http:\/\/escolapatinatge.com\/ca\/classes-de-descens\/\",\"url\":\"http:\/\/escolapatinatge.com\/ca\/classes-de-descens\/\",\"name\":\"CLASSES DE DESCENS - Escola Oficial Patinatge Inline\",\"isPartOf\":{\"@id\":\"https:\/\/escolapatinatge.com\/ca\/#website\"},\"datePublished\":\"2019-10-12T15:16:50+00:00\",\"dateModified\":\"2021-10-16T17:31:41+00:00\",\"description\":\"Realitzem de manera peri\u00f2dica, classes de patinatge especialment enfocades a afrontar amb seguretat qualsevol baixada o pendent en patins.\",\"breadcrumb\":{\"@id\":\"http:\/\/escolapatinatge.com\/ca\/classes-de-descens\/#breadcrumb\"},\"inLanguage\":\"ca\",\"potentialAction\":[{\"@type\":\"ReadAction\",\"target\":[\"http:\/\/escolapatinatge.com\/ca\/classes-de-descens\/\"]}]},{\"@type\":\"BreadcrumbList\",\"@id\":\"http:\/\/escolapatinatge.com\/ca\/classes-de-descens\/#breadcrumb\",\"itemListElement\":[{\"@type\":\"ListItem\",\"position\":1,\"name\":\"Inici\",\"item\":\"http:\/\/escolapatinatge.com\/ca\/\"},{\"@type\":\"ListItem\",\"position\":2,\"name\":\"CLASSES DE DESCENS\"}]},{\"@type\":\"WebSite\",\"@id\":\"https:\/\/escolapatinatge.com\/ca\/#website\",\"url\":\"https:\/\/escolapatinatge.com\/ca\/\",\"name\":\"Escola Oficial Patinatge Inline\",\"description\":\"Classes de patinatge a Barcelona. Apr\u00e8n a patinar a la millor escola de patinatge. Cursos per totes les edats i nivells.\",\"potentialAction\":[{\"@type\":\"SearchAction\",\"target\":{\"@type\":\"EntryPoint\",\"urlTemplate\":\"https:\/\/escolapatinatge.com\/ca\/?s={search_term_string}\"},\"query-input\":\"required name=search_term_string\"}],\"inLanguage\":\"ca\"}]}<\/script>\n<!-- \/ Yoast SEO plugin. -->","yoast_head_json":{"title":"CLASSES DE DESCENS - Escola Oficial Patinatge Inline","description":"Realitzem de manera peri\u00f2dica, classes de patinatge especialment enfocades a afrontar amb seguretat qualsevol baixada o pendent en patins.","robots":{"index":"index","follow":"follow","max-snippet":"max-snippet:-1","max-image-preview":"max-image-preview:large","max-video-preview":"max-video-preview:-1"},"canonical":"http:\/\/escolapatinatge.com\/ca\/classes-de-descens\/","og_locale":"ca_ES","og_type":"article","og_title":"CLASSES DE DESCENS - Escola Oficial Patinatge Inline","og_description":"Realitzem de manera peri\u00f2dica, classes de patinatge especialment enfocades a afrontar amb seguretat qualsevol baixada o pendent en patins.","og_url":"http:\/\/escolapatinatge.com\/ca\/classes-de-descens\/","og_site_name":"Escola Oficial Patinatge Inline","article_modified_time":"2021-10-16T17:31:41+00:00","og_image":[{"url":"http:\/\/escolapatinatge.com\/wp-content\/uploads\/2019\/09\/classes_descens_downhill.png"}],"twitter_card":"summary_large_image","twitter_misc":{"Temps estimat de lectura":"1 minut"},"schema":{"@context":"https:\/\/schema.org","@graph":[{"@type":"WebPage","@id":"http:\/\/escolapatinatge.com\/ca\/classes-de-descens\/","url":"http:\/\/escolapatinatge.com\/ca\/classes-de-descens\/","name":"CLASSES DE DESCENS - Escola Oficial Patinatge Inline","isPartOf":{"@id":"https:\/\/escolapatinatge.com\/ca\/#website"},"datePublished":"2019-10-12T15:16:50+00:00","dateModified":"2021-10-16T17:31:41+00:00","description":"Realitzem de manera peri\u00f2dica, classes de patinatge especialment enfocades a afrontar amb seguretat qualsevol baixada o pendent en patins.","breadcrumb":{"@id":"http:\/\/escolapatinatge.com\/ca\/classes-de-descens\/#breadcrumb"},"inLanguage":"ca","potentialAction":[{"@type":"ReadAction","target":["http:\/\/escolapatinatge.com\/ca\/classes-de-descens\/"]}]},{"@type":"BreadcrumbList","@id":"http:\/\/escolapatinatge.com\/ca\/classes-de-descens\/#breadcrumb","itemListElement":[{"@type":"ListItem","position":1,"name":"Inici","item":"http:\/\/escolapatinatge.com\/ca\/"},{"@type":"ListItem","position":2,"name":"CLASSES DE DESCENS"}]},{"@type":"WebSite","@id":"https:\/\/escolapatinatge.com\/ca\/#website","url":"https:\/\/escolapatinatge.com\/ca\/","name":"Escola Oficial Patinatge Inline","description":"Classes de patinatge a Barcelona. Apr\u00e8n a patinar a la millor escola de patinatge. Cursos per totes les edats i nivells.","potentialAction":[{"@type":"SearchAction","target":{"@type":"EntryPoint","urlTemplate":"https:\/\/escolapatinatge.com\/ca\/?s={search_term_string}"},"query-input":"required name=search_term_string"}],"inLanguage":"ca"}]}},"_links":{"self":[{"href":"https:\/\/escolapatinatge.com\/ca\/wp-json\/wp\/v2\/pages\/1098"}],"collection":[{"href":"https:\/\/escolapatinatge.com\/ca\/wp-json\/wp\/v2\/pages"}],"about":[{"href":"https:\/\/escolapatinatge.com\/ca\/wp-json\/wp\/v2\/types\/page"}],"author":[{"embeddable":true,"href":"https:\/\/escolapatinatge.com\/ca\/wp-json\/wp\/v2\/users\/1"}],"replies":[{"embeddable":true,"href":"https:\/\/escolapatinatge.com\/ca\/wp-json\/wp\/v2\/comments?post=1098"}],"version-history":[{"count":8,"href":"https:\/\/escolapatinatge.com\/ca\/wp-json\/wp\/v2\/pages\/1098\/revisions"}],"predecessor-version":[{"id":13109,"href":"https:\/\/escolapatinatge.com\/ca\/wp-json\/wp\/v2\/pages\/1098\/revisions\/13109"}],"wp:attachment":[{"href":"https:\/\/escolapatinatge.com\/ca\/wp-json\/wp\/v2\/media?parent=1098"}],"curies":[{"name":"wp","href":"https:\/\/api.w.org\/{rel}","templated":true}]}}