{"id":1101,"date":"2019-10-12T17:34:53","date_gmt":"2019-10-12T15:34:53","guid":{"rendered":"http:\/\/escolapatinatge.com\/?page_id=1101"},"modified":"2025-04-17T19:11:35","modified_gmt":"2025-04-17T17:11:35","slug":"classes-particulars-de-patinatge-en-linia","status":"publish","type":"page","link":"https:\/\/escolapatinatge.com\/ca\/classes-particulars-de-patinatge-en-linia\/","title":{"rendered":"CLASSES PARTICULARS DE PATINATGE EN L\u00cdNIA"},"content":{"rendered":"\t\t<div data-elementor-type=\"wp-post\" data-elementor-id=\"1101\" class=\"elementor elementor-1101\">\n\t\t\t\t\t\t<div class=\"elementor-inner\">\n\t\t\t\t<div class=\"elementor-section-wrap\">\n\t\t\t\t\t\t\t\t\t<section class=\"elementor-section elementor-top-section elementor-element elementor-element-ab08de0 elementor-section-boxed elementor-section-height-default elementor-section-height-default\" data-id=\"ab08de0\" data-element_type=\"section\">\n\t\t\t\t\t\t<div class=\"elementor-container elementor-column-gap-default\">\n\t\t\t\t\t\t\t<div class=\"elementor-row\">\n\t\t\t\t\t<div class=\"elementor-column elementor-col-100 elementor-top-column elementor-element elementor-element-209b3f9\" data-id=\"209b3f9\" data-element_type=\"column\">\n\t\t\t<div class=\"elementor-column-wrap elementor-element-populated\">\n\t\t\t\t\t\t\t<div class=\"elementor-widget-wrap\">\n\t\t\t\t\t\t<section class=\"elementor-section elementor-inner-section elementor-element elementor-element-d240b36 elementor-section-boxed elementor-section-height-default elementor-section-height-default\" data-id=\"d240b36\" data-element_type=\"section\">\n\t\t\t\t\t\t<div class=\"elementor-container elementor-column-gap-default\">\n\t\t\t\t\t\t\t<div class=\"elementor-row\">\n\t\t\t\t\t<div class=\"elementor-column elementor-col-100 elementor-inner-column elementor-element elementor-element-4416050\" data-id=\"4416050\" data-element_type=\"column\">\n\t\t\t<div class=\"elementor-column-wrap elementor-element-populated\">\n\t\t\t\t\t\t\t<div class=\"elementor-widget-wrap\">\n\t\t\t\t\t\t<div class=\"elementor-element elementor-element-750462c elementor-widget elementor-widget-heading\" data-id=\"750462c\" data-element_type=\"widget\" data-widget_type=\"heading.default\">\n\t\t\t\t<div class=\"elementor-widget-container\">\n\t\t\t<h1 class=\"elementor-heading-title elementor-size-default\">CLASSES PARTICULARS DE PATINATGE EN L\u00cdNIA<\/h1>\t\t<\/div>\n\t\t\t\t<\/div>\n\t\t\t\t\t\t<\/div>\n\t\t\t\t\t<\/div>\n\t\t<\/div>\n\t\t\t\t\t\t\t\t<\/div>\n\t\t\t\t\t<\/div>\n\t\t<\/section>\n\t\t\t\t\t\t<\/div>\n\t\t\t\t\t<\/div>\n\t\t<\/div>\n\t\t\t\t\t\t\t\t<\/div>\n\t\t\t\t\t<\/div>\n\t\t<\/section>\n\t\t\t\t<section class=\"elementor-section elementor-top-section elementor-element elementor-element-5f6e5cf elementor-section-boxed elementor-section-height-default elementor-section-height-default\" data-id=\"5f6e5cf\" data-element_type=\"section\">\n\t\t\t\t\t\t<div class=\"elementor-container elementor-column-gap-default\">\n\t\t\t\t\t\t\t<div class=\"elementor-row\">\n\t\t\t\t\t<div class=\"elementor-column elementor-col-100 elementor-top-column elementor-element elementor-element-37556e7\" data-id=\"37556e7\" data-element_type=\"column\">\n\t\t\t<div class=\"elementor-column-wrap elementor-element-populated\">\n\t\t\t\t\t\t\t<div class=\"elementor-widget-wrap\">\n\t\t\t\t\t\t<section class=\"elementor-section elementor-inner-section elementor-element elementor-element-f14d052 elementor-section-boxed elementor-section-height-default elementor-section-height-default\" data-id=\"f14d052\" data-element_type=\"section\">\n\t\t\t\t\t\t<div class=\"elementor-container elementor-column-gap-default\">\n\t\t\t\t\t\t\t<div class=\"elementor-row\">\n\t\t\t\t\t<div class=\"elementor-column elementor-col-50 elementor-inner-column elementor-element elementor-element-f30d613\" data-id=\"f30d613\" data-element_type=\"column\">\n\t\t\t<div class=\"elementor-column-wrap elementor-element-populated\">\n\t\t\t\t\t\t\t<div class=\"elementor-widget-wrap\">\n\t\t\t\t\t\t<div class=\"elementor-element elementor-element-1cd1705 elementor-widget elementor-widget-image\" data-id=\"1cd1705\" data-element_type=\"widget\" data-widget_type=\"image.default\">\n\t\t\t\t<div class=\"elementor-widget-container\">\n\t\t\t\t\t\t\t\t<div class=\"elementor-image\">\n\t\t\t\t\t\t\t\t\t\t\t\t<img decoding=\"async\" width=\"1024\" height=\"768\" src=\"https:\/\/escolapatinatge.com\/wp-content\/uploads\/2019\/09\/classes_particulars-1024x768.jpg\" class=\"attachment-large size-large wp-image-979\" alt=\"Classes de patinatge particulars\" loading=\"lazy\" srcset=\"https:\/\/escolapatinatge.com\/wp-content\/uploads\/2019\/09\/classes_particulars-1024x768.jpg 1024w, https:\/\/escolapatinatge.com\/wp-content\/uploads\/2019\/09\/classes_particulars-300x225.jpg 300w, https:\/\/escolapatinatge.com\/wp-content\/uploads\/2019\/09\/classes_particulars-768x576.jpg 768w, https:\/\/escolapatinatge.com\/wp-content\/uploads\/2019\/09\/classes_particulars-600x450.jpg 600w, https:\/\/escolapatinatge.com\/wp-content\/uploads\/2019\/09\/classes_particulars.jpg 1599w\" sizes=\"(max-width: 1024px) 100vw, 1024px\" \/>\t\t\t\t\t\t\t\t\t\t\t\t\t\t<\/div>\n\t\t\t\t\t\t<\/div>\n\t\t\t\t<\/div>\n\t\t\t\t\t\t<\/div>\n\t\t\t\t\t<\/div>\n\t\t<\/div>\n\t\t\t\t<div class=\"elementor-column elementor-col-50 elementor-inner-column elementor-element elementor-element-c500152\" data-id=\"c500152\" data-element_type=\"column\">\n\t\t\t<div class=\"elementor-column-wrap elementor-element-populated\">\n\t\t\t\t\t\t\t<div class=\"elementor-widget-wrap\">\n\t\t\t\t\t\t<div class=\"elementor-element elementor-element-264bf5f elementor-widget elementor-widget-text-editor\" data-id=\"264bf5f\" data-element_type=\"widget\" data-widget_type=\"text-editor.default\">\n\t\t\t\t<div class=\"elementor-widget-container\">\n\t\t\t\t\t\t\t\t<div class=\"elementor-text-editor elementor-clearfix\">\n\t\t\t\t<p>Tant si no t&#8217;encaixen els nostres horaris setmanals, com si creus que necessites un assesorament molt personalitzat, podem oferir-te classes particulars.&nbsp;<\/p>\n<p>L&#8217;horari i lloc de les classes s&#8217;acordar\u00e0n previsament entre l&#8217;Escola i l&#8217;alumne, buscant sempre el m\u00e9s convenient per ambd\u00faes parts.<\/p>\n<p><strong>Hem d&#8217;advertir que les classes particulars es fan al carrer i el lloguer de material no est\u00e0 incl\u00f2s<\/strong>.&nbsp;<\/p>\n<p>Si voleu classes particulars perqu\u00e8 teniu poc o cap nivell de patinatge, no patiu, en tots els horaris hi ha nivell principiant i els nostres monitors ensenyen cada dia a alumnes que no han patinat mai, aix\u00ed com tamb\u00e9 us trobareu altres alumnes en el vostre mateix cas.<\/p>\n<p>Consulteu-nos sobre quins horaris hi ha menys alumnes si voleu una atenci\u00f3 m\u00e9s personalitzada. En el cas dels m\u00e9s petits, recomanem sempre les classes en grup ja que podran fer jocs amb altres nens, socialitzar-se i aprendre jugant.<\/p>\n<p>En cas que volgueu contractar una classe particular de patinatge individual o grupal, contacteu amb nosaltres.<\/p>\t\t\t\t\t<\/div>\n\t\t\t\t\t\t<\/div>\n\t\t\t\t<\/div>\n\t\t\t\t\t\t<\/div>\n\t\t\t\t\t<\/div>\n\t\t<\/div>\n\t\t\t\t\t\t\t\t<\/div>\n\t\t\t\t\t<\/div>\n\t\t<\/section>\n\t\t\t\t\t\t<\/div>\n\t\t\t\t\t<\/div>\n\t\t<\/div>\n\t\t\t\t\t\t\t\t<\/div>\n\t\t\t\t\t<\/div>\n\t\t<\/section>\n\t\t\t\t<section class=\"elementor-section elementor-top-section elementor-element elementor-element-088d3aa elementor-section-boxed elementor-section-height-default elementor-section-height-default\" data-id=\"088d3aa\" data-element_type=\"section\">\n\t\t\t\t\t\t<div class=\"elementor-container elementor-column-gap-default\">\n\t\t\t\t\t\t\t<div class=\"elementor-row\">\n\t\t\t\t\t<div class=\"elementor-column elementor-col-100 elementor-top-column elementor-element elementor-element-7ce957d\" data-id=\"7ce957d\" data-element_type=\"column\">\n\t\t\t<div class=\"elementor-column-wrap elementor-element-populated\">\n\t\t\t\t\t\t\t<div class=\"elementor-widget-wrap\">\n\t\t\t\t\t\t<div class=\"elementor-element elementor-element-2ef3aab elementor-widget elementor-widget-eael-creative-button\" data-id=\"2ef3aab\" data-element_type=\"widget\" data-widget_type=\"eael-creative-button.default\">\n\t\t\t\t<div class=\"elementor-widget-container\">\n\t\t\t        <div class=\"eael-creative-button-wrapper\">\n\n            <a class=\"eael-creative-button eael-creative-button--default\" href=\"\/cursos-de-patinatge\/\" data-text=\"Vinga!\">\n\n\t    \n                <div class=\"creative-button-inner\">\n\n                    \n                    <span class=\"cretive-button-text\">RESERVA CLASSES DE PATINATGE ARA!<\/span>\n\n                                            <span class=\"eael-creative-button-icon-right\"><i aria-hidden=\"true\" class=\"far fa-check-circle\"><\/i><\/span>                                    <\/div>\n\t                        <\/a>\n        <\/div>\n\t\t<\/div>\n\t\t\t\t<\/div>\n\t\t\t\t\t\t<\/div>\n\t\t\t\t\t<\/div>\n\t\t<\/div>\n\t\t\t\t\t\t\t\t<\/div>\n\t\t\t\t\t<\/div>\n\t\t<\/section>\n\t\t\t\t<section class=\"elementor-section elementor-top-section elementor-element elementor-element-9773980 elementor-section-boxed elementor-section-height-default elementor-section-height-default\" data-id=\"9773980\" data-element_type=\"section\">\n\t\t\t\t\t\t<div class=\"elementor-container elementor-column-gap-default\">\n\t\t\t\t\t\t\t<div class=\"elementor-row\">\n\t\t\t\t\t<div class=\"elementor-column elementor-col-100 elementor-top-column elementor-element elementor-element-147f9d4\" data-id=\"147f9d4\" data-element_type=\"column\">\n\t\t\t<div class=\"elementor-column-wrap elementor-element-populated\">\n\t\t\t\t\t\t\t<div class=\"elementor-widget-wrap\">\n\t\t\t\t\t\t<div class=\"elementor-element elementor-element-4b908f9 elementor-widget elementor-widget-spacer\" data-id=\"4b908f9\" data-element_type=\"widget\" data-widget_type=\"spacer.default\">\n\t\t\t\t<div class=\"elementor-widget-container\">\n\t\t\t\t\t<div class=\"elementor-spacer\">\n\t\t\t<div class=\"elementor-spacer-inner\"><\/div>\n\t\t<\/div>\n\t\t\t\t<\/div>\n\t\t\t\t<\/div>\n\t\t\t\t\t\t<\/div>\n\t\t\t\t\t<\/div>\n\t\t<\/div>\n\t\t\t\t\t\t\t\t<\/div>\n\t\t\t\t\t<\/div>\n\t\t<\/section>\n\t\t\t\t\t\t\t\t\t<\/div>\n\t\t\t<\/div>\n\t\t\t\t\t<\/div>\n\t\t","protected":false},"excerpt":{"rendered":"<p>CLASSES PARTICULARS DE PATINATGE EN L\u00cdNIA Tant si no t&#8217;encaixen els nostres horaris setmanals, com si creus que necessites un assesorament molt personalitzat, podem oferir-te classes particulars.&nbsp; L&#8217;horari i lloc de les classes s&#8217;acordar\u00e0n previsament entre l&#8217;Escola i l&#8217;alumne, buscant sempre el m\u00e9s convenient per ambd\u00faes parts. Hem d&#8217;advertir que les classes particulars es fan [&hellip;]<\/p>\n","protected":false},"author":1,"featured_media":0,"parent":0,"menu_order":0,"comment_status":"closed","ping_status":"closed","template":"page-templates\/fullwidth-content.php","meta":{"_mi_skip_tracking":false,"_monsterinsights_sitenote_active":false,"_monsterinsights_sitenote_note":"","_monsterinsights_sitenote_category":0},"yoast_head":"<!-- This site is optimized with the Yoast SEO plugin v20.8 - https:\/\/yoast.com\/wordpress\/plugins\/seo\/ -->\n<title>CLASSES PARTICULARS DE PATINATGE EN L\u00cdNIA - Escola Oficial Patinatge Inline<\/title>\n<meta name=\"description\" content=\"Tant si no t\u2019encaixen els nostres horaris setmanals, com si creus que necessites un assesorament molt personalitzat, podem oferir-te classes particulars de patinatge.\" \/>\n<meta name=\"robots\" content=\"index, follow, max-snippet:-1, max-image-preview:large, max-video-preview:-1\" \/>\n<link rel=\"canonical\" href=\"http:\/\/escolapatinatge.com\/ca\/classes-particulars-de-patinatge-en-linia\/\" \/>\n<meta property=\"og:locale\" content=\"ca_ES\" \/>\n<meta property=\"og:type\" content=\"article\" \/>\n<meta property=\"og:title\" content=\"CLASSES PARTICULARS DE PATINATGE EN L\u00cdNIA - Escola Oficial Patinatge Inline\" \/>\n<meta property=\"og:description\" content=\"Tant si no t\u2019encaixen els nostres horaris setmanals, com si creus que necessites un assesorament molt personalitzat, podem oferir-te classes particulars de patinatge.\" \/>\n<meta property=\"og:url\" content=\"http:\/\/escolapatinatge.com\/ca\/classes-particulars-de-patinatge-en-linia\/\" \/>\n<meta property=\"og:site_name\" content=\"Escola Oficial Patinatge Inline\" \/>\n<meta property=\"article:modified_time\" content=\"2025-04-17T17:11:35+00:00\" \/>\n<meta property=\"og:image\" content=\"http:\/\/escolapatinatge.com\/wp-content\/uploads\/2019\/09\/classes_particulars-1024x768.jpg\" \/>\n<meta name=\"twitter:card\" content=\"summary_large_image\" \/>\n<meta name=\"twitter:label1\" content=\"Temps estimat de lectura\" \/>\n\t<meta name=\"twitter:data1\" content=\"2 minuts\" \/>\n<script type=\"application\/ld+json\" class=\"yoast-schema-graph\">{\"@context\":\"https:\/\/schema.org\",\"@graph\":[{\"@type\":\"WebPage\",\"@id\":\"http:\/\/escolapatinatge.com\/ca\/classes-particulars-de-patinatge-en-linia\/\",\"url\":\"http:\/\/escolapatinatge.com\/ca\/classes-particulars-de-patinatge-en-linia\/\",\"name\":\"CLASSES PARTICULARS DE PATINATGE EN L\u00cdNIA - Escola Oficial Patinatge Inline\",\"isPartOf\":{\"@id\":\"https:\/\/escolapatinatge.com\/ca\/#website\"},\"datePublished\":\"2019-10-12T15:34:53+00:00\",\"dateModified\":\"2025-04-17T17:11:35+00:00\",\"description\":\"Tant si no t\u2019encaixen els nostres horaris setmanals, com si creus que necessites un assesorament molt personalitzat, podem oferir-te classes particulars de patinatge.\",\"breadcrumb\":{\"@id\":\"http:\/\/escolapatinatge.com\/ca\/classes-particulars-de-patinatge-en-linia\/#breadcrumb\"},\"inLanguage\":\"ca\",\"potentialAction\":[{\"@type\":\"ReadAction\",\"target\":[\"http:\/\/escolapatinatge.com\/ca\/classes-particulars-de-patinatge-en-linia\/\"]}]},{\"@type\":\"BreadcrumbList\",\"@id\":\"http:\/\/escolapatinatge.com\/ca\/classes-particulars-de-patinatge-en-linia\/#breadcrumb\",\"itemListElement\":[{\"@type\":\"ListItem\",\"position\":1,\"name\":\"Inici\",\"item\":\"http:\/\/escolapatinatge.com\/ca\/\"},{\"@type\":\"ListItem\",\"position\":2,\"name\":\"CLASSES PARTICULARS DE PATINATGE EN L\u00cdNIA\"}]},{\"@type\":\"WebSite\",\"@id\":\"https:\/\/escolapatinatge.com\/ca\/#website\",\"url\":\"https:\/\/escolapatinatge.com\/ca\/\",\"name\":\"Escola Oficial Patinatge Inline\",\"description\":\"Classes de patinatge a Barcelona. Apr\u00e8n a patinar a la millor escola de patinatge. Cursos per totes les edats i nivells.\",\"potentialAction\":[{\"@type\":\"SearchAction\",\"target\":{\"@type\":\"EntryPoint\",\"urlTemplate\":\"https:\/\/escolapatinatge.com\/ca\/?s={search_term_string}\"},\"query-input\":\"required name=search_term_string\"}],\"inLanguage\":\"ca\"}]}<\/script>\n<!-- \/ Yoast SEO plugin. -->","yoast_head_json":{"title":"CLASSES PARTICULARS DE PATINATGE EN L\u00cdNIA - Escola Oficial Patinatge Inline","description":"Tant si no t\u2019encaixen els nostres horaris setmanals, com si creus que necessites un assesorament molt personalitzat, podem oferir-te classes particulars de patinatge.","robots":{"index":"index","follow":"follow","max-snippet":"max-snippet:-1","max-image-preview":"max-image-preview:large","max-video-preview":"max-video-preview:-1"},"canonical":"http:\/\/escolapatinatge.com\/ca\/classes-particulars-de-patinatge-en-linia\/","og_locale":"ca_ES","og_type":"article","og_title":"CLASSES PARTICULARS DE PATINATGE EN L\u00cdNIA - Escola Oficial Patinatge Inline","og_description":"Tant si no t\u2019encaixen els nostres horaris setmanals, com si creus que necessites un assesorament molt personalitzat, podem oferir-te classes particulars de patinatge.","og_url":"http:\/\/escolapatinatge.com\/ca\/classes-particulars-de-patinatge-en-linia\/","og_site_name":"Escola Oficial Patinatge Inline","article_modified_time":"2025-04-17T17:11:35+00:00","og_image":[{"url":"http:\/\/escolapatinatge.com\/wp-content\/uploads\/2019\/09\/classes_particulars-1024x768.jpg"}],"twitter_card":"summary_large_image","twitter_misc":{"Temps estimat de lectura":"2 minuts"},"schema":{"@context":"https:\/\/schema.org","@graph":[{"@type":"WebPage","@id":"http:\/\/escolapatinatge.com\/ca\/classes-particulars-de-patinatge-en-linia\/","url":"http:\/\/escolapatinatge.com\/ca\/classes-particulars-de-patinatge-en-linia\/","name":"CLASSES PARTICULARS DE PATINATGE EN L\u00cdNIA - Escola Oficial Patinatge Inline","isPartOf":{"@id":"https:\/\/escolapatinatge.com\/ca\/#website"},"datePublished":"2019-10-12T15:34:53+00:00","dateModified":"2025-04-17T17:11:35+00:00","description":"Tant si no t\u2019encaixen els nostres horaris setmanals, com si creus que necessites un assesorament molt personalitzat, podem oferir-te classes particulars de patinatge.","breadcrumb":{"@id":"http:\/\/escolapatinatge.com\/ca\/classes-particulars-de-patinatge-en-linia\/#breadcrumb"},"inLanguage":"ca","potentialAction":[{"@type":"ReadAction","target":["http:\/\/escolapatinatge.com\/ca\/classes-particulars-de-patinatge-en-linia\/"]}]},{"@type":"BreadcrumbList","@id":"http:\/\/escolapatinatge.com\/ca\/classes-particulars-de-patinatge-en-linia\/#breadcrumb","itemListElement":[{"@type":"ListItem","position":1,"name":"Inici","item":"http:\/\/escolapatinatge.com\/ca\/"},{"@type":"ListItem","position":2,"name":"CLASSES PARTICULARS DE PATINATGE EN L\u00cdNIA"}]},{"@type":"WebSite","@id":"https:\/\/escolapatinatge.com\/ca\/#website","url":"https:\/\/escolapatinatge.com\/ca\/","name":"Escola Oficial Patinatge Inline","description":"Classes de patinatge a Barcelona. Apr\u00e8n a patinar a la millor escola de patinatge. Cursos per totes les edats i nivells.","potentialAction":[{"@type":"SearchAction","target":{"@type":"EntryPoint","urlTemplate":"https:\/\/escolapatinatge.com\/ca\/?s={search_term_string}"},"query-input":"required name=search_term_string"}],"inLanguage":"ca"}]}},"_links":{"self":[{"href":"https:\/\/escolapatinatge.com\/ca\/wp-json\/wp\/v2\/pages\/1101"}],"collection":[{"href":"https:\/\/escolapatinatge.com\/ca\/wp-json\/wp\/v2\/pages"}],"about":[{"href":"https:\/\/escolapatinatge.com\/ca\/wp-json\/wp\/v2\/types\/page"}],"author":[{"embeddable":true,"href":"https:\/\/escolapatinatge.com\/ca\/wp-json\/wp\/v2\/users\/1"}],"replies":[{"embeddable":true,"href":"https:\/\/escolapatinatge.com\/ca\/wp-json\/wp\/v2\/comments?post=1101"}],"version-history":[{"count":15,"href":"https:\/\/escolapatinatge.com\/ca\/wp-json\/wp\/v2\/pages\/1101\/revisions"}],"predecessor-version":[{"id":32660,"href":"https:\/\/escolapatinatge.com\/ca\/wp-json\/wp\/v2\/pages\/1101\/revisions\/32660"}],"wp:attachment":[{"href":"https:\/\/escolapatinatge.com\/ca\/wp-json\/wp\/v2\/media?parent=1101"}],"curies":[{"name":"wp","href":"https:\/\/api.w.org\/{rel}","templated":true}]}}