{"id":1114,"date":"2019-10-12T18:25:27","date_gmt":"2019-10-12T16:25:27","guid":{"rendered":"http:\/\/escolapatinatge.com\/?page_id=1114"},"modified":"2021-10-16T19:54:08","modified_gmt":"2021-10-16T17:54:08","slug":"activitats-extraescolars-per-a-col-legis","status":"publish","type":"page","link":"https:\/\/escolapatinatge.com\/ca\/activitats-extraescolars-per-a-col-legis\/","title":{"rendered":"ACTIVITATS EXTRAESCOLARS PER A COL.LEGIS"},"content":{"rendered":"\t\t<div data-elementor-type=\"wp-post\" data-elementor-id=\"1114\" class=\"elementor elementor-1114\">\n\t\t\t\t\t\t<div class=\"elementor-inner\">\n\t\t\t\t<div class=\"elementor-section-wrap\">\n\t\t\t\t\t\t\t\t\t<section class=\"elementor-section elementor-top-section elementor-element elementor-element-279b0c0 elementor-section-boxed elementor-section-height-default elementor-section-height-default\" data-id=\"279b0c0\" data-element_type=\"section\">\n\t\t\t\t\t\t<div class=\"elementor-container elementor-column-gap-default\">\n\t\t\t\t\t\t\t<div class=\"elementor-row\">\n\t\t\t\t\t<div class=\"elementor-column elementor-col-100 elementor-top-column elementor-element elementor-element-ad61401\" data-id=\"ad61401\" data-element_type=\"column\">\n\t\t\t<div class=\"elementor-column-wrap elementor-element-populated\">\n\t\t\t\t\t\t\t<div class=\"elementor-widget-wrap\">\n\t\t\t\t\t\t<section class=\"elementor-section elementor-inner-section elementor-element elementor-element-9c4cc56 elementor-section-boxed elementor-section-height-default elementor-section-height-default\" data-id=\"9c4cc56\" data-element_type=\"section\">\n\t\t\t\t\t\t<div class=\"elementor-container elementor-column-gap-default\">\n\t\t\t\t\t\t\t<div class=\"elementor-row\">\n\t\t\t\t\t<div class=\"elementor-column elementor-col-100 elementor-inner-column elementor-element elementor-element-78320c0\" data-id=\"78320c0\" data-element_type=\"column\">\n\t\t\t<div class=\"elementor-column-wrap elementor-element-populated\">\n\t\t\t\t\t\t\t<div class=\"elementor-widget-wrap\">\n\t\t\t\t\t\t<div class=\"elementor-element elementor-element-8859932 elementor-widget elementor-widget-heading\" data-id=\"8859932\" data-element_type=\"widget\" data-widget_type=\"heading.default\">\n\t\t\t\t<div class=\"elementor-widget-container\">\n\t\t\t<h1 class=\"elementor-heading-title elementor-size-default\">ACTIVITATS EXTRAESCOLARS DE PATINATGE PER A COL.LEGIS<\/h1>\t\t<\/div>\n\t\t\t\t<\/div>\n\t\t\t\t\t\t<\/div>\n\t\t\t\t\t<\/div>\n\t\t<\/div>\n\t\t\t\t\t\t\t\t<\/div>\n\t\t\t\t\t<\/div>\n\t\t<\/section>\n\t\t\t\t\t\t<\/div>\n\t\t\t\t\t<\/div>\n\t\t<\/div>\n\t\t\t\t\t\t\t\t<\/div>\n\t\t\t\t\t<\/div>\n\t\t<\/section>\n\t\t\t\t<section class=\"elementor-section elementor-top-section elementor-element elementor-element-21b5439 elementor-section-boxed elementor-section-height-default elementor-section-height-default\" data-id=\"21b5439\" data-element_type=\"section\">\n\t\t\t\t\t\t<div class=\"elementor-container elementor-column-gap-default\">\n\t\t\t\t\t\t\t<div class=\"elementor-row\">\n\t\t\t\t\t<div class=\"elementor-column elementor-col-100 elementor-top-column elementor-element elementor-element-0db2ffe\" data-id=\"0db2ffe\" data-element_type=\"column\">\n\t\t\t<div class=\"elementor-column-wrap elementor-element-populated\">\n\t\t\t\t\t\t\t<div class=\"elementor-widget-wrap\">\n\t\t\t\t\t\t<section class=\"elementor-section elementor-inner-section elementor-element elementor-element-aa0decf elementor-section-boxed elementor-section-height-default elementor-section-height-default\" data-id=\"aa0decf\" data-element_type=\"section\">\n\t\t\t\t\t\t<div class=\"elementor-container elementor-column-gap-default\">\n\t\t\t\t\t\t\t<div class=\"elementor-row\">\n\t\t\t\t\t<div class=\"elementor-column elementor-col-50 elementor-inner-column elementor-element elementor-element-1227451\" data-id=\"1227451\" data-element_type=\"column\">\n\t\t\t<div class=\"elementor-column-wrap elementor-element-populated\">\n\t\t\t\t\t\t\t<div class=\"elementor-widget-wrap\">\n\t\t\t\t\t\t<div class=\"elementor-element elementor-element-ead81ab elementor-widget elementor-widget-image\" data-id=\"ead81ab\" data-element_type=\"widget\" data-widget_type=\"image.default\">\n\t\t\t\t<div class=\"elementor-widget-container\">\n\t\t\t\t\t\t\t\t<div class=\"elementor-image\">\n\t\t\t\t\t\t\t\t\t\t\t\t<img decoding=\"async\" width=\"1024\" height=\"683\" src=\"https:\/\/escolapatinatge.com\/wp-content\/uploads\/2020\/01\/extraescolars_patinatge-1024x683.png\" class=\"attachment-large size-large wp-image-1561\" alt=\"ACTIVITATS EXTRAESCOLARS PER A COL.LEGIS\" loading=\"lazy\" srcset=\"https:\/\/escolapatinatge.com\/wp-content\/uploads\/2020\/01\/extraescolars_patinatge-1024x683.png 1024w, https:\/\/escolapatinatge.com\/wp-content\/uploads\/2020\/01\/extraescolars_patinatge-300x200.png 300w, https:\/\/escolapatinatge.com\/wp-content\/uploads\/2020\/01\/extraescolars_patinatge-768x512.png 768w, https:\/\/escolapatinatge.com\/wp-content\/uploads\/2020\/01\/extraescolars_patinatge-600x400.png 600w, https:\/\/escolapatinatge.com\/wp-content\/uploads\/2020\/01\/extraescolars_patinatge.png 1200w\" sizes=\"(max-width: 1024px) 100vw, 1024px\" \/>\t\t\t\t\t\t\t\t\t\t\t\t\t\t<\/div>\n\t\t\t\t\t\t<\/div>\n\t\t\t\t<\/div>\n\t\t\t\t\t\t<\/div>\n\t\t\t\t\t<\/div>\n\t\t<\/div>\n\t\t\t\t<div class=\"elementor-column elementor-col-50 elementor-inner-column elementor-element elementor-element-a0d1bfa\" data-id=\"a0d1bfa\" data-element_type=\"column\">\n\t\t\t<div class=\"elementor-column-wrap elementor-element-populated\">\n\t\t\t\t\t\t\t<div class=\"elementor-widget-wrap\">\n\t\t\t\t\t\t<div class=\"elementor-element elementor-element-cb41842 elementor-widget elementor-widget-text-editor\" data-id=\"cb41842\" data-element_type=\"widget\" data-widget_type=\"text-editor.default\">\n\t\t\t\t<div class=\"elementor-widget-container\">\n\t\t\t\t\t\t\t\t<div class=\"elementor-text-editor elementor-clearfix\">\n\t\t\t\t<p>Patinar \u00e9s un esport que augmenta la coordinaci\u00f3, l\u2019equilibri, el sentit espacial i els reflexos, i per aix\u00f2 a l\u2019Escola Oficial de Patinatge Inline considerem que aprendre a primerenca edat contribueix molt positivament al desenvolupament motriu dels nens.<\/p><p>Per aix\u00f2 oferim classes a les escoles de prim\u00e0ria i secund\u00e0ria que poden realitzar:<br \/>\u2013 <strong>de manera puntual<\/strong>, en forma de jornada te\u00f2rico-pr\u00e0ctica en les nostres pistes cobertes o a les pr\u00f2pies instal.lacions del col.legi<br \/>\u2013 <strong>de manera peri\u00f2dica<\/strong>, una o m\u00e9s vegades per setmana, en aquest cas ens desplacem fins al centre que requereix els nostres serveis per a major comoditat dels seus alumnes.<\/p><p>No cal dir que, com tots els esports, patinar requereix pr\u00e0ctica i el veritablement recomanable \u00e9s un aprenentatge continuat.<\/p><p>Contacta amb nosaltres per obtenir informaci\u00f3 m\u00e9s detallada.<\/p>\t\t\t\t\t<\/div>\n\t\t\t\t\t\t<\/div>\n\t\t\t\t<\/div>\n\t\t\t\t\t\t<\/div>\n\t\t\t\t\t<\/div>\n\t\t<\/div>\n\t\t\t\t\t\t\t\t<\/div>\n\t\t\t\t\t<\/div>\n\t\t<\/section>\n\t\t\t\t\t\t<\/div>\n\t\t\t\t\t<\/div>\n\t\t<\/div>\n\t\t\t\t\t\t\t\t<\/div>\n\t\t\t\t\t<\/div>\n\t\t<\/section>\n\t\t\t\t\t\t\t\t\t<\/div>\n\t\t\t<\/div>\n\t\t\t\t\t<\/div>\n\t\t","protected":false},"excerpt":{"rendered":"<p>ACTIVITATS EXTRAESCOLARS DE PATINATGE PER A COL.LEGIS Patinar \u00e9s un esport que augmenta la coordinaci\u00f3, l\u2019equilibri, el sentit espacial i els reflexos, i per aix\u00f2 a l\u2019Escola Oficial de Patinatge Inline considerem que aprendre a primerenca edat contribueix molt positivament al desenvolupament motriu dels nens. Per aix\u00f2 oferim classes a les escoles de prim\u00e0ria i [&hellip;]<\/p>\n","protected":false},"author":1,"featured_media":0,"parent":0,"menu_order":0,"comment_status":"closed","ping_status":"closed","template":"page-templates\/fullwidth-content.php","meta":{"_mi_skip_tracking":false,"_monsterinsights_sitenote_active":false,"_monsterinsights_sitenote_note":"","_monsterinsights_sitenote_category":0},"yoast_head":"<!-- This site is optimized with the Yoast SEO plugin v20.8 - https:\/\/yoast.com\/wordpress\/plugins\/seo\/ -->\n<title>ACTIVITATS EXTRAESCOLARS PER A COL.LEGIS - Escola Oficial Patinatge Inline<\/title>\n<meta name=\"description\" content=\"Oferim classes de patinatge a totes les escoles de prim\u00e0ria i secund\u00e0ria. Patinar \u00e9s un esport que augmenta la coordinaci\u00f3, l\u2019equilibri, el sentit espacial i els reflexos.\" \/>\n<meta name=\"robots\" content=\"index, follow, max-snippet:-1, max-image-preview:large, max-video-preview:-1\" \/>\n<link rel=\"canonical\" href=\"http:\/\/escolapatinatge.com\/ca\/activitats-extraescolars-per-a-col-legis\/\" \/>\n<meta property=\"og:locale\" content=\"ca_ES\" \/>\n<meta property=\"og:type\" content=\"article\" \/>\n<meta property=\"og:title\" content=\"ACTIVITATS EXTRAESCOLARS PER A COL.LEGIS - Escola Oficial Patinatge Inline\" \/>\n<meta property=\"og:description\" content=\"Oferim classes de patinatge a totes les escoles de prim\u00e0ria i secund\u00e0ria. Patinar \u00e9s un esport que augmenta la coordinaci\u00f3, l\u2019equilibri, el sentit espacial i els reflexos.\" \/>\n<meta property=\"og:url\" content=\"http:\/\/escolapatinatge.com\/ca\/activitats-extraescolars-per-a-col-legis\/\" \/>\n<meta property=\"og:site_name\" content=\"Escola Oficial Patinatge Inline\" \/>\n<meta property=\"article:modified_time\" content=\"2021-10-16T17:54:08+00:00\" \/>\n<meta property=\"og:image\" content=\"http:\/\/escolapatinatge.com\/wp-content\/uploads\/2020\/01\/extraescolars_patinatge-1024x683.png\" \/>\n<meta name=\"twitter:card\" content=\"summary_large_image\" \/>\n<meta name=\"twitter:label1\" content=\"Temps estimat de lectura\" \/>\n\t<meta name=\"twitter:data1\" content=\"1 minut\" \/>\n<script type=\"application\/ld+json\" class=\"yoast-schema-graph\">{\"@context\":\"https:\/\/schema.org\",\"@graph\":[{\"@type\":\"WebPage\",\"@id\":\"http:\/\/escolapatinatge.com\/ca\/activitats-extraescolars-per-a-col-legis\/\",\"url\":\"http:\/\/escolapatinatge.com\/ca\/activitats-extraescolars-per-a-col-legis\/\",\"name\":\"ACTIVITATS EXTRAESCOLARS PER A COL.LEGIS - Escola Oficial Patinatge Inline\",\"isPartOf\":{\"@id\":\"https:\/\/escolapatinatge.com\/ca\/#website\"},\"datePublished\":\"2019-10-12T16:25:27+00:00\",\"dateModified\":\"2021-10-16T17:54:08+00:00\",\"description\":\"Oferim classes de patinatge a totes les escoles de prim\u00e0ria i secund\u00e0ria. Patinar \u00e9s un esport que augmenta la coordinaci\u00f3, l\u2019equilibri, el sentit espacial i els reflexos.\",\"breadcrumb\":{\"@id\":\"http:\/\/escolapatinatge.com\/ca\/activitats-extraescolars-per-a-col-legis\/#breadcrumb\"},\"inLanguage\":\"ca\",\"potentialAction\":[{\"@type\":\"ReadAction\",\"target\":[\"http:\/\/escolapatinatge.com\/ca\/activitats-extraescolars-per-a-col-legis\/\"]}]},{\"@type\":\"BreadcrumbList\",\"@id\":\"http:\/\/escolapatinatge.com\/ca\/activitats-extraescolars-per-a-col-legis\/#breadcrumb\",\"itemListElement\":[{\"@type\":\"ListItem\",\"position\":1,\"name\":\"Inici\",\"item\":\"http:\/\/escolapatinatge.com\/ca\/\"},{\"@type\":\"ListItem\",\"position\":2,\"name\":\"ACTIVITATS EXTRAESCOLARS PER A COL.LEGIS\"}]},{\"@type\":\"WebSite\",\"@id\":\"https:\/\/escolapatinatge.com\/ca\/#website\",\"url\":\"https:\/\/escolapatinatge.com\/ca\/\",\"name\":\"Escola Oficial Patinatge Inline\",\"description\":\"Classes de patinatge a Barcelona. Apr\u00e8n a patinar a la millor escola de patinatge. Cursos per totes les edats i nivells.\",\"potentialAction\":[{\"@type\":\"SearchAction\",\"target\":{\"@type\":\"EntryPoint\",\"urlTemplate\":\"https:\/\/escolapatinatge.com\/ca\/?s={search_term_string}\"},\"query-input\":\"required name=search_term_string\"}],\"inLanguage\":\"ca\"}]}<\/script>\n<!-- \/ Yoast SEO plugin. -->","yoast_head_json":{"title":"ACTIVITATS EXTRAESCOLARS PER A COL.LEGIS - Escola Oficial Patinatge Inline","description":"Oferim classes de patinatge a totes les escoles de prim\u00e0ria i secund\u00e0ria. Patinar \u00e9s un esport que augmenta la coordinaci\u00f3, l\u2019equilibri, el sentit espacial i els reflexos.","robots":{"index":"index","follow":"follow","max-snippet":"max-snippet:-1","max-image-preview":"max-image-preview:large","max-video-preview":"max-video-preview:-1"},"canonical":"http:\/\/escolapatinatge.com\/ca\/activitats-extraescolars-per-a-col-legis\/","og_locale":"ca_ES","og_type":"article","og_title":"ACTIVITATS EXTRAESCOLARS PER A COL.LEGIS - Escola Oficial Patinatge Inline","og_description":"Oferim classes de patinatge a totes les escoles de prim\u00e0ria i secund\u00e0ria. Patinar \u00e9s un esport que augmenta la coordinaci\u00f3, l\u2019equilibri, el sentit espacial i els reflexos.","og_url":"http:\/\/escolapatinatge.com\/ca\/activitats-extraescolars-per-a-col-legis\/","og_site_name":"Escola Oficial Patinatge Inline","article_modified_time":"2021-10-16T17:54:08+00:00","og_image":[{"url":"http:\/\/escolapatinatge.com\/wp-content\/uploads\/2020\/01\/extraescolars_patinatge-1024x683.png"}],"twitter_card":"summary_large_image","twitter_misc":{"Temps estimat de lectura":"1 minut"},"schema":{"@context":"https:\/\/schema.org","@graph":[{"@type":"WebPage","@id":"http:\/\/escolapatinatge.com\/ca\/activitats-extraescolars-per-a-col-legis\/","url":"http:\/\/escolapatinatge.com\/ca\/activitats-extraescolars-per-a-col-legis\/","name":"ACTIVITATS EXTRAESCOLARS PER A COL.LEGIS - Escola Oficial Patinatge Inline","isPartOf":{"@id":"https:\/\/escolapatinatge.com\/ca\/#website"},"datePublished":"2019-10-12T16:25:27+00:00","dateModified":"2021-10-16T17:54:08+00:00","description":"Oferim classes de patinatge a totes les escoles de prim\u00e0ria i secund\u00e0ria. Patinar \u00e9s un esport que augmenta la coordinaci\u00f3, l\u2019equilibri, el sentit espacial i els reflexos.","breadcrumb":{"@id":"http:\/\/escolapatinatge.com\/ca\/activitats-extraescolars-per-a-col-legis\/#breadcrumb"},"inLanguage":"ca","potentialAction":[{"@type":"ReadAction","target":["http:\/\/escolapatinatge.com\/ca\/activitats-extraescolars-per-a-col-legis\/"]}]},{"@type":"BreadcrumbList","@id":"http:\/\/escolapatinatge.com\/ca\/activitats-extraescolars-per-a-col-legis\/#breadcrumb","itemListElement":[{"@type":"ListItem","position":1,"name":"Inici","item":"http:\/\/escolapatinatge.com\/ca\/"},{"@type":"ListItem","position":2,"name":"ACTIVITATS EXTRAESCOLARS PER A COL.LEGIS"}]},{"@type":"WebSite","@id":"https:\/\/escolapatinatge.com\/ca\/#website","url":"https:\/\/escolapatinatge.com\/ca\/","name":"Escola Oficial Patinatge Inline","description":"Classes de patinatge a Barcelona. Apr\u00e8n a patinar a la millor escola de patinatge. Cursos per totes les edats i nivells.","potentialAction":[{"@type":"SearchAction","target":{"@type":"EntryPoint","urlTemplate":"https:\/\/escolapatinatge.com\/ca\/?s={search_term_string}"},"query-input":"required name=search_term_string"}],"inLanguage":"ca"}]}},"_links":{"self":[{"href":"https:\/\/escolapatinatge.com\/ca\/wp-json\/wp\/v2\/pages\/1114"}],"collection":[{"href":"https:\/\/escolapatinatge.com\/ca\/wp-json\/wp\/v2\/pages"}],"about":[{"href":"https:\/\/escolapatinatge.com\/ca\/wp-json\/wp\/v2\/types\/page"}],"author":[{"embeddable":true,"href":"https:\/\/escolapatinatge.com\/ca\/wp-json\/wp\/v2\/users\/1"}],"replies":[{"embeddable":true,"href":"https:\/\/escolapatinatge.com\/ca\/wp-json\/wp\/v2\/comments?post=1114"}],"version-history":[{"count":8,"href":"https:\/\/escolapatinatge.com\/ca\/wp-json\/wp\/v2\/pages\/1114\/revisions"}],"predecessor-version":[{"id":13136,"href":"https:\/\/escolapatinatge.com\/ca\/wp-json\/wp\/v2\/pages\/1114\/revisions\/13136"}],"wp:attachment":[{"href":"https:\/\/escolapatinatge.com\/ca\/wp-json\/wp\/v2\/media?parent=1114"}],"curies":[{"name":"wp","href":"https:\/\/api.w.org\/{rel}","templated":true}]}}