{"id":1117,"date":"2019-10-12T18:30:05","date_gmt":"2019-10-12T16:30:05","guid":{"rendered":"http:\/\/escolapatinatge.com\/?page_id=1117"},"modified":"2023-01-26T15:59:44","modified_gmt":"2023-01-26T14:59:44","slug":"classes-de-patinatge-al-carrer","status":"publish","type":"page","link":"https:\/\/escolapatinatge.com\/ca\/classes-de-patinatge-al-carrer\/","title":{"rendered":"CLASSES DE PATINATGE AL CARRER"},"content":{"rendered":"\t\t<div data-elementor-type=\"wp-post\" data-elementor-id=\"1117\" class=\"elementor elementor-1117\">\n\t\t\t\t\t\t<div class=\"elementor-inner\">\n\t\t\t\t<div class=\"elementor-section-wrap\">\n\t\t\t\t\t\t\t\t\t<section class=\"elementor-section elementor-top-section elementor-element elementor-element-ad01ba3 elementor-section-boxed elementor-section-height-default elementor-section-height-default\" data-id=\"ad01ba3\" data-element_type=\"section\">\n\t\t\t\t\t\t<div class=\"elementor-container elementor-column-gap-default\">\n\t\t\t\t\t\t\t<div class=\"elementor-row\">\n\t\t\t\t\t<div class=\"elementor-column elementor-col-100 elementor-top-column elementor-element elementor-element-329415a\" data-id=\"329415a\" data-element_type=\"column\">\n\t\t\t<div class=\"elementor-column-wrap elementor-element-populated\">\n\t\t\t\t\t\t\t<div class=\"elementor-widget-wrap\">\n\t\t\t\t\t\t<section class=\"elementor-section elementor-inner-section elementor-element elementor-element-ce5c6b6 elementor-section-boxed elementor-section-height-default elementor-section-height-default\" data-id=\"ce5c6b6\" data-element_type=\"section\">\n\t\t\t\t\t\t<div class=\"elementor-container elementor-column-gap-default\">\n\t\t\t\t\t\t\t<div class=\"elementor-row\">\n\t\t\t\t\t<div class=\"elementor-column elementor-col-100 elementor-inner-column elementor-element elementor-element-87c0293\" data-id=\"87c0293\" data-element_type=\"column\">\n\t\t\t<div class=\"elementor-column-wrap elementor-element-populated\">\n\t\t\t\t\t\t\t<div class=\"elementor-widget-wrap\">\n\t\t\t\t\t\t<div class=\"elementor-element elementor-element-ac569e9 elementor-widget elementor-widget-heading\" data-id=\"ac569e9\" data-element_type=\"widget\" data-widget_type=\"heading.default\">\n\t\t\t\t<div class=\"elementor-widget-container\">\n\t\t\t<h1 class=\"elementor-heading-title elementor-size-default\">CLASSES DE PATINATGE AL CARRER<\/h1>\t\t<\/div>\n\t\t\t\t<\/div>\n\t\t\t\t\t\t<\/div>\n\t\t\t\t\t<\/div>\n\t\t<\/div>\n\t\t\t\t\t\t\t\t<\/div>\n\t\t\t\t\t<\/div>\n\t\t<\/section>\n\t\t\t\t\t\t<\/div>\n\t\t\t\t\t<\/div>\n\t\t<\/div>\n\t\t\t\t\t\t\t\t<\/div>\n\t\t\t\t\t<\/div>\n\t\t<\/section>\n\t\t\t\t<section class=\"elementor-section elementor-top-section elementor-element elementor-element-09d0198 elementor-section-boxed elementor-section-height-default elementor-section-height-default\" data-id=\"09d0198\" data-element_type=\"section\">\n\t\t\t\t\t\t<div class=\"elementor-container elementor-column-gap-default\">\n\t\t\t\t\t\t\t<div class=\"elementor-row\">\n\t\t\t\t\t<div class=\"elementor-column elementor-col-100 elementor-top-column elementor-element elementor-element-dfbe780\" data-id=\"dfbe780\" data-element_type=\"column\">\n\t\t\t<div class=\"elementor-column-wrap elementor-element-populated\">\n\t\t\t\t\t\t\t<div class=\"elementor-widget-wrap\">\n\t\t\t\t\t\t<section class=\"elementor-section elementor-inner-section elementor-element elementor-element-3e17586 elementor-section-boxed elementor-section-height-default elementor-section-height-default\" data-id=\"3e17586\" data-element_type=\"section\">\n\t\t\t\t\t\t<div class=\"elementor-container elementor-column-gap-default\">\n\t\t\t\t\t\t\t<div class=\"elementor-row\">\n\t\t\t\t\t<div class=\"elementor-column elementor-col-50 elementor-inner-column elementor-element elementor-element-ca32fc5\" data-id=\"ca32fc5\" data-element_type=\"column\">\n\t\t\t<div class=\"elementor-column-wrap elementor-element-populated\">\n\t\t\t\t\t\t\t<div class=\"elementor-widget-wrap\">\n\t\t\t\t\t\t<div class=\"elementor-element elementor-element-258ffe8 elementor-widget elementor-widget-image\" data-id=\"258ffe8\" data-element_type=\"widget\" data-widget_type=\"image.default\">\n\t\t\t\t<div class=\"elementor-widget-container\">\n\t\t\t\t\t\t\t\t<div class=\"elementor-image\">\n\t\t\t\t\t\t\t\t\t\t\t\t<img decoding=\"async\" width=\"960\" height=\"640\" src=\"https:\/\/escolapatinatge.com\/wp-content\/uploads\/2019\/09\/classes-carrer.jpg\" class=\"attachment-large size-large wp-image-990\" alt=\"Classes de patinatge al carrer\" loading=\"lazy\" srcset=\"https:\/\/escolapatinatge.com\/wp-content\/uploads\/2019\/09\/classes-carrer.jpg 960w, https:\/\/escolapatinatge.com\/wp-content\/uploads\/2019\/09\/classes-carrer-300x200.jpg 300w, https:\/\/escolapatinatge.com\/wp-content\/uploads\/2019\/09\/classes-carrer-768x512.jpg 768w, https:\/\/escolapatinatge.com\/wp-content\/uploads\/2019\/09\/classes-carrer-600x400.jpg 600w\" sizes=\"(max-width: 960px) 100vw, 960px\" \/>\t\t\t\t\t\t\t\t\t\t\t\t\t\t<\/div>\n\t\t\t\t\t\t<\/div>\n\t\t\t\t<\/div>\n\t\t\t\t\t\t<\/div>\n\t\t\t\t\t<\/div>\n\t\t<\/div>\n\t\t\t\t<div class=\"elementor-column elementor-col-50 elementor-inner-column elementor-element elementor-element-aab92a8\" data-id=\"aab92a8\" data-element_type=\"column\">\n\t\t\t<div class=\"elementor-column-wrap elementor-element-populated\">\n\t\t\t\t\t\t\t<div class=\"elementor-widget-wrap\">\n\t\t\t\t\t\t<div class=\"elementor-element elementor-element-29f992b elementor-widget elementor-widget-text-editor\" data-id=\"29f992b\" data-element_type=\"widget\" data-widget_type=\"text-editor.default\">\n\t\t\t\t<div class=\"elementor-widget-container\">\n\t\t\t\t\t\t\t\t<div class=\"elementor-text-editor elementor-clearfix\">\n\t\t\t\t<p>Un cop els nostres alumnes van agafant confian\u00e7a amb els patins anem, mica en mica, acostant-los a experimentar el que ser\u00e0 el seu mitj\u00e0 natural sobre els patins: el carrer. Aix\u00ed, practicarem t\u00e8cniques que hem apr\u00e8s de manera segura dins les nostres instal.lacions, per aplicar-les al carrer. Tamb\u00e9 practicarem t\u00e8cniques que nom\u00e9s es poden aprendre al carrer com fer baixades, baixar i pujar voreres, etc.<\/p><p>Tanmateix, traslladarem tota la nostra experi\u00e8ncia com a patinadors urbans, per poder afrontar tota mena d&#8217;imprevistos que acostumen a succeir quan usem els nostres patins com a un mitj\u00e0 de transport.<\/p>\t\t\t\t\t<\/div>\n\t\t\t\t\t\t<\/div>\n\t\t\t\t<\/div>\n\t\t\t\t\t\t<\/div>\n\t\t\t\t\t<\/div>\n\t\t<\/div>\n\t\t\t\t\t\t\t\t<\/div>\n\t\t\t\t\t<\/div>\n\t\t<\/section>\n\t\t\t\t\t\t<\/div>\n\t\t\t\t\t<\/div>\n\t\t<\/div>\n\t\t\t\t\t\t\t\t<\/div>\n\t\t\t\t\t<\/div>\n\t\t<\/section>\n\t\t\t\t<section class=\"elementor-section elementor-top-section elementor-element elementor-element-b0e4bd4 elementor-section-boxed elementor-section-height-default elementor-section-height-default\" data-id=\"b0e4bd4\" data-element_type=\"section\">\n\t\t\t\t\t\t<div class=\"elementor-container elementor-column-gap-default\">\n\t\t\t\t\t\t\t<div class=\"elementor-row\">\n\t\t\t\t\t<div class=\"elementor-column elementor-col-100 elementor-top-column elementor-element elementor-element-c729b35\" data-id=\"c729b35\" data-element_type=\"column\">\n\t\t\t<div class=\"elementor-column-wrap elementor-element-populated\">\n\t\t\t\t\t\t\t<div class=\"elementor-widget-wrap\">\n\t\t\t\t\t\t<div class=\"elementor-element elementor-element-fe96c71 elementor-widget elementor-widget-eael-creative-button\" data-id=\"fe96c71\" data-element_type=\"widget\" data-widget_type=\"eael-creative-button.default\">\n\t\t\t\t<div class=\"elementor-widget-container\">\n\t\t\t        <div class=\"eael-creative-button-wrapper\">\n\n            <a class=\"eael-creative-button eael-creative-button--default\" href=\"\/cursos-de-patinatge\/\" data-text=\"Vinga!\">\n\n\t    \n                <div class=\"creative-button-inner\">\n\n                    \n                    <span class=\"cretive-button-text\">RESERVA CLASSES DE PATINATGE ARA!<\/span>\n\n                                            <span class=\"eael-creative-button-icon-right\"><i aria-hidden=\"true\" class=\"far fa-check-circle\"><\/i><\/span>                                    <\/div>\n\t                        <\/a>\n        <\/div>\n\t\t<\/div>\n\t\t\t\t<\/div>\n\t\t\t\t\t\t<\/div>\n\t\t\t\t\t<\/div>\n\t\t<\/div>\n\t\t\t\t\t\t\t\t<\/div>\n\t\t\t\t\t<\/div>\n\t\t<\/section>\n\t\t\t\t\t\t\t\t\t<\/div>\n\t\t\t<\/div>\n\t\t\t\t\t<\/div>\n\t\t","protected":false},"excerpt":{"rendered":"<p>CLASSES DE PATINATGE AL CARRER Un cop els nostres alumnes van agafant confian\u00e7a amb els patins anem, mica en mica, acostant-los a experimentar el que ser\u00e0 el seu mitj\u00e0 natural sobre els patins: el carrer. Aix\u00ed, practicarem t\u00e8cniques que hem apr\u00e8s de manera segura dins les nostres instal.lacions, per aplicar-les al carrer. Tamb\u00e9 practicarem t\u00e8cniques [&hellip;]<\/p>\n","protected":false},"author":1,"featured_media":0,"parent":0,"menu_order":0,"comment_status":"closed","ping_status":"closed","template":"page-templates\/fullwidth-content.php","meta":{"_mi_skip_tracking":false,"_monsterinsights_sitenote_active":false,"_monsterinsights_sitenote_note":"","_monsterinsights_sitenote_category":0},"yoast_head":"<!-- This site is optimized with the Yoast SEO plugin v20.8 - https:\/\/yoast.com\/wordpress\/plugins\/seo\/ -->\n<title>CLASSES DE PATINATGE AL CARRER - Escola Oficial Patinatge Inline<\/title>\n<meta name=\"description\" content=\"Apr\u00e9n amb nosaltres de manera segura per poder patinar pel carrer sense c\u00f3rrer cap mena de risc!\" \/>\n<meta name=\"robots\" content=\"index, follow, max-snippet:-1, max-image-preview:large, max-video-preview:-1\" \/>\n<link rel=\"canonical\" href=\"https:\/\/escolapatinatge.com\/ca\/classes-de-patinatge-al-carrer\/\" \/>\n<meta property=\"og:locale\" content=\"ca_ES\" \/>\n<meta property=\"og:type\" content=\"article\" \/>\n<meta property=\"og:title\" content=\"CLASSES DE PATINATGE AL CARRER - Escola Oficial Patinatge Inline\" \/>\n<meta property=\"og:description\" content=\"Apr\u00e9n amb nosaltres de manera segura per poder patinar pel carrer sense c\u00f3rrer cap mena de risc!\" \/>\n<meta property=\"og:url\" content=\"https:\/\/escolapatinatge.com\/ca\/classes-de-patinatge-al-carrer\/\" \/>\n<meta property=\"og:site_name\" content=\"Escola Oficial Patinatge Inline\" \/>\n<meta property=\"article:modified_time\" content=\"2023-01-26T14:59:44+00:00\" \/>\n<meta property=\"og:image\" content=\"http:\/\/escolapatinatge.com\/wp-content\/uploads\/2019\/09\/classes-carrer.jpg\" \/>\n<meta name=\"twitter:card\" content=\"summary_large_image\" \/>\n<meta name=\"twitter:label1\" content=\"Temps estimat de lectura\" \/>\n\t<meta name=\"twitter:data1\" content=\"1 minut\" \/>\n<script type=\"application\/ld+json\" class=\"yoast-schema-graph\">{\"@context\":\"https:\/\/schema.org\",\"@graph\":[{\"@type\":\"WebPage\",\"@id\":\"https:\/\/escolapatinatge.com\/ca\/classes-de-patinatge-al-carrer\/\",\"url\":\"https:\/\/escolapatinatge.com\/ca\/classes-de-patinatge-al-carrer\/\",\"name\":\"CLASSES DE PATINATGE AL CARRER - Escola Oficial Patinatge Inline\",\"isPartOf\":{\"@id\":\"https:\/\/escolapatinatge.com\/ca\/#website\"},\"datePublished\":\"2019-10-12T16:30:05+00:00\",\"dateModified\":\"2023-01-26T14:59:44+00:00\",\"description\":\"Apr\u00e9n amb nosaltres de manera segura per poder patinar pel carrer sense c\u00f3rrer cap mena de risc!\",\"breadcrumb\":{\"@id\":\"https:\/\/escolapatinatge.com\/ca\/classes-de-patinatge-al-carrer\/#breadcrumb\"},\"inLanguage\":\"ca\",\"potentialAction\":[{\"@type\":\"ReadAction\",\"target\":[\"https:\/\/escolapatinatge.com\/ca\/classes-de-patinatge-al-carrer\/\"]}]},{\"@type\":\"BreadcrumbList\",\"@id\":\"https:\/\/escolapatinatge.com\/ca\/classes-de-patinatge-al-carrer\/#breadcrumb\",\"itemListElement\":[{\"@type\":\"ListItem\",\"position\":1,\"name\":\"Inici\",\"item\":\"http:\/\/escolapatinatge.com\/ca\/\"},{\"@type\":\"ListItem\",\"position\":2,\"name\":\"CLASSES DE PATINATGE AL CARRER\"}]},{\"@type\":\"WebSite\",\"@id\":\"https:\/\/escolapatinatge.com\/ca\/#website\",\"url\":\"https:\/\/escolapatinatge.com\/ca\/\",\"name\":\"Escola Oficial Patinatge Inline\",\"description\":\"Classes de patinatge a Barcelona. Apr\u00e8n a patinar a la millor escola de patinatge. Cursos per totes les edats i nivells.\",\"potentialAction\":[{\"@type\":\"SearchAction\",\"target\":{\"@type\":\"EntryPoint\",\"urlTemplate\":\"https:\/\/escolapatinatge.com\/ca\/?s={search_term_string}\"},\"query-input\":\"required name=search_term_string\"}],\"inLanguage\":\"ca\"}]}<\/script>\n<!-- \/ Yoast SEO plugin. -->","yoast_head_json":{"title":"CLASSES DE PATINATGE AL CARRER - Escola Oficial Patinatge Inline","description":"Apr\u00e9n amb nosaltres de manera segura per poder patinar pel carrer sense c\u00f3rrer cap mena de risc!","robots":{"index":"index","follow":"follow","max-snippet":"max-snippet:-1","max-image-preview":"max-image-preview:large","max-video-preview":"max-video-preview:-1"},"canonical":"https:\/\/escolapatinatge.com\/ca\/classes-de-patinatge-al-carrer\/","og_locale":"ca_ES","og_type":"article","og_title":"CLASSES DE PATINATGE AL CARRER - Escola Oficial Patinatge Inline","og_description":"Apr\u00e9n amb nosaltres de manera segura per poder patinar pel carrer sense c\u00f3rrer cap mena de risc!","og_url":"https:\/\/escolapatinatge.com\/ca\/classes-de-patinatge-al-carrer\/","og_site_name":"Escola Oficial Patinatge Inline","article_modified_time":"2023-01-26T14:59:44+00:00","og_image":[{"url":"http:\/\/escolapatinatge.com\/wp-content\/uploads\/2019\/09\/classes-carrer.jpg"}],"twitter_card":"summary_large_image","twitter_misc":{"Temps estimat de lectura":"1 minut"},"schema":{"@context":"https:\/\/schema.org","@graph":[{"@type":"WebPage","@id":"https:\/\/escolapatinatge.com\/ca\/classes-de-patinatge-al-carrer\/","url":"https:\/\/escolapatinatge.com\/ca\/classes-de-patinatge-al-carrer\/","name":"CLASSES DE PATINATGE AL CARRER - Escola Oficial Patinatge Inline","isPartOf":{"@id":"https:\/\/escolapatinatge.com\/ca\/#website"},"datePublished":"2019-10-12T16:30:05+00:00","dateModified":"2023-01-26T14:59:44+00:00","description":"Apr\u00e9n amb nosaltres de manera segura per poder patinar pel carrer sense c\u00f3rrer cap mena de risc!","breadcrumb":{"@id":"https:\/\/escolapatinatge.com\/ca\/classes-de-patinatge-al-carrer\/#breadcrumb"},"inLanguage":"ca","potentialAction":[{"@type":"ReadAction","target":["https:\/\/escolapatinatge.com\/ca\/classes-de-patinatge-al-carrer\/"]}]},{"@type":"BreadcrumbList","@id":"https:\/\/escolapatinatge.com\/ca\/classes-de-patinatge-al-carrer\/#breadcrumb","itemListElement":[{"@type":"ListItem","position":1,"name":"Inici","item":"http:\/\/escolapatinatge.com\/ca\/"},{"@type":"ListItem","position":2,"name":"CLASSES DE PATINATGE AL CARRER"}]},{"@type":"WebSite","@id":"https:\/\/escolapatinatge.com\/ca\/#website","url":"https:\/\/escolapatinatge.com\/ca\/","name":"Escola Oficial Patinatge Inline","description":"Classes de patinatge a Barcelona. Apr\u00e8n a patinar a la millor escola de patinatge. Cursos per totes les edats i nivells.","potentialAction":[{"@type":"SearchAction","target":{"@type":"EntryPoint","urlTemplate":"https:\/\/escolapatinatge.com\/ca\/?s={search_term_string}"},"query-input":"required name=search_term_string"}],"inLanguage":"ca"}]}},"_links":{"self":[{"href":"https:\/\/escolapatinatge.com\/ca\/wp-json\/wp\/v2\/pages\/1117"}],"collection":[{"href":"https:\/\/escolapatinatge.com\/ca\/wp-json\/wp\/v2\/pages"}],"about":[{"href":"https:\/\/escolapatinatge.com\/ca\/wp-json\/wp\/v2\/types\/page"}],"author":[{"embeddable":true,"href":"https:\/\/escolapatinatge.com\/ca\/wp-json\/wp\/v2\/users\/1"}],"replies":[{"embeddable":true,"href":"https:\/\/escolapatinatge.com\/ca\/wp-json\/wp\/v2\/comments?post=1117"}],"version-history":[{"count":11,"href":"https:\/\/escolapatinatge.com\/ca\/wp-json\/wp\/v2\/pages\/1117\/revisions"}],"predecessor-version":[{"id":31320,"href":"https:\/\/escolapatinatge.com\/ca\/wp-json\/wp\/v2\/pages\/1117\/revisions\/31320"}],"wp:attachment":[{"href":"https:\/\/escolapatinatge.com\/ca\/wp-json\/wp\/v2\/media?parent=1117"}],"curies":[{"name":"wp","href":"https:\/\/api.w.org\/{rel}","templated":true}]}}