{"id":941,"date":"2019-08-27T20:14:24","date_gmt":"2019-08-27T18:14:24","guid":{"rendered":"http:\/\/escolapatinatge.com\/?page_id=941"},"modified":"2023-05-02T14:56:33","modified_gmt":"2023-05-02T12:56:33","slug":"classes-de-pati-de-4-rodes-o-quad","status":"publish","type":"page","link":"https:\/\/escolapatinatge.com\/ca\/classes-de-pati-de-4-rodes-o-quad\/","title":{"rendered":"CLASSES DE PAT\u00cd DE 4 RODES O QUAD"},"content":{"rendered":"\t\t<div data-elementor-type=\"wp-post\" data-elementor-id=\"941\" class=\"elementor elementor-941\">\n\t\t\t\t\t\t<div class=\"elementor-inner\">\n\t\t\t\t<div class=\"elementor-section-wrap\">\n\t\t\t\t\t\t\t\t\t<section class=\"elementor-section elementor-top-section elementor-element elementor-element-66ab387 elementor-section-boxed elementor-section-height-default elementor-section-height-default\" data-id=\"66ab387\" data-element_type=\"section\">\n\t\t\t\t\t\t<div class=\"elementor-container elementor-column-gap-default\">\n\t\t\t\t\t\t\t<div class=\"elementor-row\">\n\t\t\t\t\t<div class=\"elementor-column elementor-col-100 elementor-top-column elementor-element elementor-element-9232d38\" data-id=\"9232d38\" data-element_type=\"column\">\n\t\t\t<div class=\"elementor-column-wrap elementor-element-populated\">\n\t\t\t\t\t\t\t<div class=\"elementor-widget-wrap\">\n\t\t\t\t\t\t<section class=\"elementor-section elementor-inner-section elementor-element elementor-element-d050f24 elementor-section-boxed elementor-section-height-default elementor-section-height-default\" data-id=\"d050f24\" data-element_type=\"section\">\n\t\t\t\t\t\t<div class=\"elementor-container elementor-column-gap-default\">\n\t\t\t\t\t\t\t<div class=\"elementor-row\">\n\t\t\t\t\t<div class=\"elementor-column elementor-col-100 elementor-inner-column elementor-element elementor-element-d2b70b2\" data-id=\"d2b70b2\" data-element_type=\"column\">\n\t\t\t<div class=\"elementor-column-wrap elementor-element-populated\">\n\t\t\t\t\t\t\t<div class=\"elementor-widget-wrap\">\n\t\t\t\t\t\t<div class=\"elementor-element elementor-element-680ac3d elementor-widget elementor-widget-heading\" data-id=\"680ac3d\" data-element_type=\"widget\" data-widget_type=\"heading.default\">\n\t\t\t\t<div class=\"elementor-widget-container\">\n\t\t\t<h1 class=\"elementor-heading-title elementor-size-default\">CLASSES DE PAT\u00cd DE 4 RODES O QUAD<\/h1>\t\t<\/div>\n\t\t\t\t<\/div>\n\t\t\t\t\t\t<\/div>\n\t\t\t\t\t<\/div>\n\t\t<\/div>\n\t\t\t\t\t\t\t\t<\/div>\n\t\t\t\t\t<\/div>\n\t\t<\/section>\n\t\t\t\t\t\t<\/div>\n\t\t\t\t\t<\/div>\n\t\t<\/div>\n\t\t\t\t\t\t\t\t<\/div>\n\t\t\t\t\t<\/div>\n\t\t<\/section>\n\t\t\t\t<section class=\"elementor-section elementor-top-section elementor-element elementor-element-2fd6d54 elementor-section-boxed elementor-section-height-default elementor-section-height-default\" data-id=\"2fd6d54\" data-element_type=\"section\">\n\t\t\t\t\t\t<div class=\"elementor-container elementor-column-gap-default\">\n\t\t\t\t\t\t\t<div class=\"elementor-row\">\n\t\t\t\t\t<div class=\"elementor-column elementor-col-100 elementor-top-column elementor-element elementor-element-4bcf9cf\" data-id=\"4bcf9cf\" data-element_type=\"column\">\n\t\t\t<div class=\"elementor-column-wrap elementor-element-populated\">\n\t\t\t\t\t\t\t<div class=\"elementor-widget-wrap\">\n\t\t\t\t\t\t<section class=\"elementor-section elementor-inner-section elementor-element elementor-element-7e263a5 elementor-section-boxed elementor-section-height-default elementor-section-height-default\" data-id=\"7e263a5\" data-element_type=\"section\">\n\t\t\t\t\t\t<div class=\"elementor-container elementor-column-gap-default\">\n\t\t\t\t\t\t\t<div class=\"elementor-row\">\n\t\t\t\t\t<div class=\"elementor-column elementor-col-50 elementor-inner-column elementor-element elementor-element-cc58fca\" data-id=\"cc58fca\" data-element_type=\"column\">\n\t\t\t<div class=\"elementor-column-wrap elementor-element-populated\">\n\t\t\t\t\t\t\t<div class=\"elementor-widget-wrap\">\n\t\t\t\t\t\t<div class=\"elementor-element elementor-element-c6a5853 elementor-widget elementor-widget-image\" data-id=\"c6a5853\" data-element_type=\"widget\" data-widget_type=\"image.default\">\n\t\t\t\t<div class=\"elementor-widget-container\">\n\t\t\t\t\t\t\t\t<div class=\"elementor-image\">\n\t\t\t\t\t\t\t\t\t\t\t\t<img decoding=\"async\" width=\"768\" height=\"496\" src=\"https:\/\/escolapatinatge.com\/wp-content\/uploads\/2019\/09\/classes_quads_3.jpg\" class=\"attachment-large size-large wp-image-975\" alt=\"Classes de patins quad o 4 rodes\" loading=\"lazy\" srcset=\"https:\/\/escolapatinatge.com\/wp-content\/uploads\/2019\/09\/classes_quads_3.jpg 768w, https:\/\/escolapatinatge.com\/wp-content\/uploads\/2019\/09\/classes_quads_3-300x194.jpg 300w, https:\/\/escolapatinatge.com\/wp-content\/uploads\/2019\/09\/classes_quads_3-600x388.jpg 600w\" sizes=\"(max-width: 768px) 100vw, 768px\" \/>\t\t\t\t\t\t\t\t\t\t\t\t\t\t<\/div>\n\t\t\t\t\t\t<\/div>\n\t\t\t\t<\/div>\n\t\t\t\t\t\t<\/div>\n\t\t\t\t\t<\/div>\n\t\t<\/div>\n\t\t\t\t<div class=\"elementor-column elementor-col-50 elementor-inner-column elementor-element elementor-element-1f7a50d\" data-id=\"1f7a50d\" data-element_type=\"column\">\n\t\t\t<div class=\"elementor-column-wrap elementor-element-populated\">\n\t\t\t\t\t\t\t<div class=\"elementor-widget-wrap\">\n\t\t\t\t\t\t<div class=\"elementor-element elementor-element-408d672 elementor-widget elementor-widget-text-editor\" data-id=\"408d672\" data-element_type=\"widget\" data-widget_type=\"text-editor.default\">\n\t\t\t\t<div class=\"elementor-widget-container\">\n\t\t\t\t\t\t\t\t<div class=\"elementor-text-editor elementor-clearfix\">\n\t\t\t\t<p>Els patins quad o de quatre rodes estan tornant amb for\u00e7a ja que tenen un encant especial. Amb ells pots fer girs i moviments \u00fanics que no pots fer amb altres tipus de patins. Per aquest motiu tenim les nostres classes de patins de 4 rodes enfocades tant a adults com a nens per a que puguis gaudir d\u2019aquesta altra manera de patinar.<\/p>\t\t\t\t\t<\/div>\n\t\t\t\t\t\t<\/div>\n\t\t\t\t<\/div>\n\t\t\t\t\t\t<\/div>\n\t\t\t\t\t<\/div>\n\t\t<\/div>\n\t\t\t\t\t\t\t\t<\/div>\n\t\t\t\t\t<\/div>\n\t\t<\/section>\n\t\t\t\t\t\t<\/div>\n\t\t\t\t\t<\/div>\n\t\t<\/div>\n\t\t\t\t\t\t\t\t<\/div>\n\t\t\t\t\t<\/div>\n\t\t<\/section>\n\t\t\t\t<section class=\"elementor-section elementor-top-section elementor-element elementor-element-cd14347 elementor-section-boxed elementor-section-height-default elementor-section-height-default\" data-id=\"cd14347\" data-element_type=\"section\">\n\t\t\t\t\t\t<div class=\"elementor-container elementor-column-gap-default\">\n\t\t\t\t\t\t\t<div class=\"elementor-row\">\n\t\t\t\t\t<div class=\"elementor-column elementor-col-100 elementor-top-column elementor-element elementor-element-cfc7b9d\" data-id=\"cfc7b9d\" data-element_type=\"column\">\n\t\t\t<div class=\"elementor-column-wrap elementor-element-populated\">\n\t\t\t\t\t\t\t<div class=\"elementor-widget-wrap\">\n\t\t\t\t\t\t<div class=\"elementor-element elementor-element-dd6ed9b elementor-widget elementor-widget-eael-creative-button\" data-id=\"dd6ed9b\" data-element_type=\"widget\" data-widget_type=\"eael-creative-button.default\">\n\t\t\t\t<div class=\"elementor-widget-container\">\n\t\t\t        <div class=\"eael-creative-button-wrapper\">\n\n            <a class=\"eael-creative-button eael-creative-button--default\" href=\"\/cursos-de-patinatge\/\" data-text=\"Vinga!\">\n\n\t    \n                <div class=\"creative-button-inner\">\n\n                    \n                    <span class=\"cretive-button-text\">RESERVA CLASSES DE PATINATGE ARA!<\/span>\n\n                                            <span class=\"eael-creative-button-icon-right\"><i aria-hidden=\"true\" class=\"far fa-check-circle\"><\/i><\/span>                                    <\/div>\n\t                        <\/a>\n        <\/div>\n\t\t<\/div>\n\t\t\t\t<\/div>\n\t\t\t\t\t\t<\/div>\n\t\t\t\t\t<\/div>\n\t\t<\/div>\n\t\t\t\t\t\t\t\t<\/div>\n\t\t\t\t\t<\/div>\n\t\t<\/section>\n\t\t\t\t<section class=\"elementor-section elementor-top-section elementor-element elementor-element-aaa0d2d elementor-section-boxed elementor-section-height-default elementor-section-height-default\" data-id=\"aaa0d2d\" data-element_type=\"section\">\n\t\t\t\t\t\t<div class=\"elementor-container elementor-column-gap-default\">\n\t\t\t\t\t\t\t<div class=\"elementor-row\">\n\t\t\t\t\t<div class=\"elementor-column elementor-col-100 elementor-top-column elementor-element elementor-element-258d22b\" data-id=\"258d22b\" data-element_type=\"column\">\n\t\t\t<div class=\"elementor-column-wrap elementor-element-populated\">\n\t\t\t\t\t\t\t<div class=\"elementor-widget-wrap\">\n\t\t\t\t\t\t<div class=\"elementor-element elementor-element-fcd852e elementor-widget elementor-widget-spacer\" data-id=\"fcd852e\" data-element_type=\"widget\" data-widget_type=\"spacer.default\">\n\t\t\t\t<div class=\"elementor-widget-container\">\n\t\t\t\t\t<div class=\"elementor-spacer\">\n\t\t\t<div class=\"elementor-spacer-inner\"><\/div>\n\t\t<\/div>\n\t\t\t\t<\/div>\n\t\t\t\t<\/div>\n\t\t\t\t\t\t<\/div>\n\t\t\t\t\t<\/div>\n\t\t<\/div>\n\t\t\t\t\t\t\t\t<\/div>\n\t\t\t\t\t<\/div>\n\t\t<\/section>\n\t\t\t\t\t\t\t\t\t<\/div>\n\t\t\t<\/div>\n\t\t\t\t\t<\/div>\n\t\t","protected":false},"excerpt":{"rendered":"<p>CLASSES DE PAT\u00cd DE 4 RODES O QUAD Els patins quad o de quatre rodes estan tornant amb for\u00e7a ja que tenen un encant especial. Amb ells pots fer girs i moviments \u00fanics que no pots fer amb altres tipus de patins. Per aquest motiu tenim les nostres classes de patins de 4 rodes enfocades [&hellip;]<\/p>\n","protected":false},"author":1,"featured_media":0,"parent":0,"menu_order":0,"comment_status":"closed","ping_status":"closed","template":"page-templates\/fullwidth-content.php","meta":{"_mi_skip_tracking":false,"_monsterinsights_sitenote_active":false,"_monsterinsights_sitenote_note":"","_monsterinsights_sitenote_category":0},"yoast_head":"<!-- This site is optimized with the Yoast SEO plugin v20.8 - https:\/\/yoast.com\/wordpress\/plugins\/seo\/ -->\n<title>CLASSES DE PAT\u00cd DE 4 RODES O QUAD - Escola Oficial Patinatge Inline<\/title>\n<meta name=\"description\" content=\"Les nostres classes de patins de 4 rodes o quads estan enfocades tant a adults com a nens per a que puguis gaudir d\u2019aquesta manera tan divertida de patinar.\" \/>\n<meta name=\"robots\" content=\"index, follow, max-snippet:-1, max-image-preview:large, max-video-preview:-1\" \/>\n<link rel=\"canonical\" href=\"https:\/\/escolapatinatge.com\/ca\/classes-de-pati-de-4-rodes-o-quad\/\" \/>\n<meta property=\"og:locale\" content=\"ca_ES\" \/>\n<meta property=\"og:type\" content=\"article\" \/>\n<meta property=\"og:title\" content=\"CLASSES DE PAT\u00cd DE 4 RODES O QUAD - Escola Oficial Patinatge Inline\" \/>\n<meta property=\"og:description\" content=\"Les nostres classes de patins de 4 rodes o quads estan enfocades tant a adults com a nens per a que puguis gaudir d\u2019aquesta manera tan divertida de patinar.\" \/>\n<meta property=\"og:url\" content=\"https:\/\/escolapatinatge.com\/ca\/classes-de-pati-de-4-rodes-o-quad\/\" \/>\n<meta property=\"og:site_name\" content=\"Escola Oficial Patinatge Inline\" \/>\n<meta property=\"article:modified_time\" content=\"2023-05-02T12:56:33+00:00\" \/>\n<meta property=\"og:image\" content=\"http:\/\/escolapatinatge.com\/wp-content\/uploads\/2019\/09\/classes_quads_3.jpg\" \/>\n<meta name=\"twitter:card\" content=\"summary_large_image\" \/>\n<meta name=\"twitter:label1\" content=\"Temps estimat de lectura\" \/>\n\t<meta name=\"twitter:data1\" content=\"1 minut\" \/>\n<script type=\"application\/ld+json\" class=\"yoast-schema-graph\">{\"@context\":\"https:\/\/schema.org\",\"@graph\":[{\"@type\":\"WebPage\",\"@id\":\"https:\/\/escolapatinatge.com\/ca\/classes-de-pati-de-4-rodes-o-quad\/\",\"url\":\"https:\/\/escolapatinatge.com\/ca\/classes-de-pati-de-4-rodes-o-quad\/\",\"name\":\"CLASSES DE PAT\u00cd DE 4 RODES O QUAD - Escola Oficial Patinatge Inline\",\"isPartOf\":{\"@id\":\"https:\/\/escolapatinatge.com\/ca\/#website\"},\"datePublished\":\"2019-08-27T18:14:24+00:00\",\"dateModified\":\"2023-05-02T12:56:33+00:00\",\"description\":\"Les nostres classes de patins de 4 rodes o quads estan enfocades tant a adults com a nens per a que puguis gaudir d\u2019aquesta manera tan divertida de patinar.\",\"breadcrumb\":{\"@id\":\"https:\/\/escolapatinatge.com\/ca\/classes-de-pati-de-4-rodes-o-quad\/#breadcrumb\"},\"inLanguage\":\"ca\",\"potentialAction\":[{\"@type\":\"ReadAction\",\"target\":[\"https:\/\/escolapatinatge.com\/ca\/classes-de-pati-de-4-rodes-o-quad\/\"]}]},{\"@type\":\"BreadcrumbList\",\"@id\":\"https:\/\/escolapatinatge.com\/ca\/classes-de-pati-de-4-rodes-o-quad\/#breadcrumb\",\"itemListElement\":[{\"@type\":\"ListItem\",\"position\":1,\"name\":\"Inici\",\"item\":\"http:\/\/escolapatinatge.com\/ca\/\"},{\"@type\":\"ListItem\",\"position\":2,\"name\":\"CLASSES DE PAT\u00cd DE 4 RODES O QUAD\"}]},{\"@type\":\"WebSite\",\"@id\":\"https:\/\/escolapatinatge.com\/ca\/#website\",\"url\":\"https:\/\/escolapatinatge.com\/ca\/\",\"name\":\"Escola Oficial Patinatge Inline\",\"description\":\"Classes de patinatge a Barcelona. Apr\u00e8n a patinar a la millor escola de patinatge. Cursos per totes les edats i nivells.\",\"potentialAction\":[{\"@type\":\"SearchAction\",\"target\":{\"@type\":\"EntryPoint\",\"urlTemplate\":\"https:\/\/escolapatinatge.com\/ca\/?s={search_term_string}\"},\"query-input\":\"required name=search_term_string\"}],\"inLanguage\":\"ca\"}]}<\/script>\n<!-- \/ Yoast SEO plugin. -->","yoast_head_json":{"title":"CLASSES DE PAT\u00cd DE 4 RODES O QUAD - Escola Oficial Patinatge Inline","description":"Les nostres classes de patins de 4 rodes o quads estan enfocades tant a adults com a nens per a que puguis gaudir d\u2019aquesta manera tan divertida de patinar.","robots":{"index":"index","follow":"follow","max-snippet":"max-snippet:-1","max-image-preview":"max-image-preview:large","max-video-preview":"max-video-preview:-1"},"canonical":"https:\/\/escolapatinatge.com\/ca\/classes-de-pati-de-4-rodes-o-quad\/","og_locale":"ca_ES","og_type":"article","og_title":"CLASSES DE PAT\u00cd DE 4 RODES O QUAD - Escola Oficial Patinatge Inline","og_description":"Les nostres classes de patins de 4 rodes o quads estan enfocades tant a adults com a nens per a que puguis gaudir d\u2019aquesta manera tan divertida de patinar.","og_url":"https:\/\/escolapatinatge.com\/ca\/classes-de-pati-de-4-rodes-o-quad\/","og_site_name":"Escola Oficial Patinatge Inline","article_modified_time":"2023-05-02T12:56:33+00:00","og_image":[{"url":"http:\/\/escolapatinatge.com\/wp-content\/uploads\/2019\/09\/classes_quads_3.jpg"}],"twitter_card":"summary_large_image","twitter_misc":{"Temps estimat de lectura":"1 minut"},"schema":{"@context":"https:\/\/schema.org","@graph":[{"@type":"WebPage","@id":"https:\/\/escolapatinatge.com\/ca\/classes-de-pati-de-4-rodes-o-quad\/","url":"https:\/\/escolapatinatge.com\/ca\/classes-de-pati-de-4-rodes-o-quad\/","name":"CLASSES DE PAT\u00cd DE 4 RODES O QUAD - Escola Oficial Patinatge Inline","isPartOf":{"@id":"https:\/\/escolapatinatge.com\/ca\/#website"},"datePublished":"2019-08-27T18:14:24+00:00","dateModified":"2023-05-02T12:56:33+00:00","description":"Les nostres classes de patins de 4 rodes o quads estan enfocades tant a adults com a nens per a que puguis gaudir d\u2019aquesta manera tan divertida de patinar.","breadcrumb":{"@id":"https:\/\/escolapatinatge.com\/ca\/classes-de-pati-de-4-rodes-o-quad\/#breadcrumb"},"inLanguage":"ca","potentialAction":[{"@type":"ReadAction","target":["https:\/\/escolapatinatge.com\/ca\/classes-de-pati-de-4-rodes-o-quad\/"]}]},{"@type":"BreadcrumbList","@id":"https:\/\/escolapatinatge.com\/ca\/classes-de-pati-de-4-rodes-o-quad\/#breadcrumb","itemListElement":[{"@type":"ListItem","position":1,"name":"Inici","item":"http:\/\/escolapatinatge.com\/ca\/"},{"@type":"ListItem","position":2,"name":"CLASSES DE PAT\u00cd DE 4 RODES O QUAD"}]},{"@type":"WebSite","@id":"https:\/\/escolapatinatge.com\/ca\/#website","url":"https:\/\/escolapatinatge.com\/ca\/","name":"Escola Oficial Patinatge Inline","description":"Classes de patinatge a Barcelona. Apr\u00e8n a patinar a la millor escola de patinatge. Cursos per totes les edats i nivells.","potentialAction":[{"@type":"SearchAction","target":{"@type":"EntryPoint","urlTemplate":"https:\/\/escolapatinatge.com\/ca\/?s={search_term_string}"},"query-input":"required name=search_term_string"}],"inLanguage":"ca"}]}},"_links":{"self":[{"href":"https:\/\/escolapatinatge.com\/ca\/wp-json\/wp\/v2\/pages\/941"}],"collection":[{"href":"https:\/\/escolapatinatge.com\/ca\/wp-json\/wp\/v2\/pages"}],"about":[{"href":"https:\/\/escolapatinatge.com\/ca\/wp-json\/wp\/v2\/types\/page"}],"author":[{"embeddable":true,"href":"https:\/\/escolapatinatge.com\/ca\/wp-json\/wp\/v2\/users\/1"}],"replies":[{"embeddable":true,"href":"https:\/\/escolapatinatge.com\/ca\/wp-json\/wp\/v2\/comments?post=941"}],"version-history":[{"count":20,"href":"https:\/\/escolapatinatge.com\/ca\/wp-json\/wp\/v2\/pages\/941\/revisions"}],"predecessor-version":[{"id":31561,"href":"https:\/\/escolapatinatge.com\/ca\/wp-json\/wp\/v2\/pages\/941\/revisions\/31561"}],"wp:attachment":[{"href":"https:\/\/escolapatinatge.com\/ca\/wp-json\/wp\/v2\/media?parent=941"}],"curies":[{"name":"wp","href":"https:\/\/api.w.org\/{rel}","templated":true}]}}