{"id":11988,"date":"2019-10-12T17:54:39","date_gmt":"2019-10-12T15:54:39","guid":{"rendered":"http:\/\/escolapatinatge.com\/rutes-urbanes-en-patins\/"},"modified":"2021-10-16T19:45:12","modified_gmt":"2021-10-16T17:45:12","slug":"rutes-urbanes-en-patins","status":"publish","type":"page","link":"https:\/\/escolapatinatge.com\/en\/rutes-urbanes-en-patins\/","title":{"rendered":"RUTES URBANES EN PATINS"},"content":{"rendered":"\t\t<div data-elementor-type=\"wp-post\" data-elementor-id=\"11988\" class=\"elementor elementor-11988 elementor-1105\">\n\t\t\t\t\t\t<div class=\"elementor-inner\">\n\t\t\t\t<div class=\"elementor-section-wrap\">\n\t\t\t\t\t\t\t\t\t<section class=\"elementor-section elementor-top-section elementor-element elementor-element-e79b4c5 elementor-section-boxed elementor-section-height-default elementor-section-height-default\" data-id=\"e79b4c5\" data-element_type=\"section\">\n\t\t\t\t\t\t<div class=\"elementor-container elementor-column-gap-default\">\n\t\t\t\t\t\t\t<div class=\"elementor-row\">\n\t\t\t\t\t<div class=\"elementor-column elementor-col-100 elementor-top-column elementor-element elementor-element-7059da8\" data-id=\"7059da8\" data-element_type=\"column\">\n\t\t\t<div class=\"elementor-column-wrap elementor-element-populated\">\n\t\t\t\t\t\t\t<div class=\"elementor-widget-wrap\">\n\t\t\t\t\t\t<section class=\"elementor-section elementor-inner-section elementor-element elementor-element-2f01971 elementor-section-boxed elementor-section-height-default elementor-section-height-default\" data-id=\"2f01971\" data-element_type=\"section\">\n\t\t\t\t\t\t<div class=\"elementor-container elementor-column-gap-default\">\n\t\t\t\t\t\t\t<div class=\"elementor-row\">\n\t\t\t\t\t<div class=\"elementor-column elementor-col-100 elementor-inner-column elementor-element elementor-element-abca035\" data-id=\"abca035\" data-element_type=\"column\">\n\t\t\t<div class=\"elementor-column-wrap elementor-element-populated\">\n\t\t\t\t\t\t\t<div class=\"elementor-widget-wrap\">\n\t\t\t\t\t\t<div class=\"elementor-element elementor-element-a458733 elementor-widget elementor-widget-heading\" data-id=\"a458733\" data-element_type=\"widget\" data-widget_type=\"heading.default\">\n\t\t\t\t<div class=\"elementor-widget-container\">\n\t\t\t<h1 class=\"elementor-heading-title elementor-size-default\">RUTES URBANES EN PATINS<\/h1>\t\t<\/div>\n\t\t\t\t<\/div>\n\t\t\t\t\t\t<\/div>\n\t\t\t\t\t<\/div>\n\t\t<\/div>\n\t\t\t\t\t\t\t\t<\/div>\n\t\t\t\t\t<\/div>\n\t\t<\/section>\n\t\t\t\t\t\t<\/div>\n\t\t\t\t\t<\/div>\n\t\t<\/div>\n\t\t\t\t\t\t\t\t<\/div>\n\t\t\t\t\t<\/div>\n\t\t<\/section>\n\t\t\t\t<section class=\"elementor-section elementor-top-section elementor-element elementor-element-103d7a4 elementor-section-boxed elementor-section-height-default elementor-section-height-default\" data-id=\"103d7a4\" data-element_type=\"section\">\n\t\t\t\t\t\t<div class=\"elementor-container elementor-column-gap-default\">\n\t\t\t\t\t\t\t<div class=\"elementor-row\">\n\t\t\t\t\t<div class=\"elementor-column elementor-col-100 elementor-top-column elementor-element elementor-element-d30dd26\" data-id=\"d30dd26\" data-element_type=\"column\">\n\t\t\t<div class=\"elementor-column-wrap elementor-element-populated\">\n\t\t\t\t\t\t\t<div class=\"elementor-widget-wrap\">\n\t\t\t\t\t\t<section class=\"elementor-section elementor-inner-section elementor-element elementor-element-560f9ae elementor-section-boxed elementor-section-height-default elementor-section-height-default\" data-id=\"560f9ae\" data-element_type=\"section\">\n\t\t\t\t\t\t<div class=\"elementor-container elementor-column-gap-default\">\n\t\t\t\t\t\t\t<div class=\"elementor-row\">\n\t\t\t\t\t<div class=\"elementor-column elementor-col-50 elementor-inner-column elementor-element elementor-element-c1d321f\" data-id=\"c1d321f\" data-element_type=\"column\">\n\t\t\t<div class=\"elementor-column-wrap elementor-element-populated\">\n\t\t\t\t\t\t\t<div class=\"elementor-widget-wrap\">\n\t\t\t\t\t\t<div class=\"elementor-element elementor-element-47a3d1e elementor-widget elementor-widget-image\" data-id=\"47a3d1e\" data-element_type=\"widget\" data-widget_type=\"image.default\">\n\t\t\t\t<div class=\"elementor-widget-container\">\n\t\t\t\t\t\t\t\t<div class=\"elementor-image\">\n\t\t\t\t\t\t\t\t\t\t\t\t<img decoding=\"async\" width=\"960\" height=\"640\" src=\"https:\/\/escolapatinatge.com\/wp-content\/uploads\/2019\/08\/rutes_urbanes.jpg\" class=\"attachment-large size-large wp-image-968\" alt=\"Rutes urbanes en patins\" loading=\"lazy\" srcset=\"https:\/\/escolapatinatge.com\/wp-content\/uploads\/2019\/08\/rutes_urbanes.jpg 960w, https:\/\/escolapatinatge.com\/wp-content\/uploads\/2019\/08\/rutes_urbanes-300x200.jpg 300w, https:\/\/escolapatinatge.com\/wp-content\/uploads\/2019\/08\/rutes_urbanes-768x512.jpg 768w, https:\/\/escolapatinatge.com\/wp-content\/uploads\/2019\/08\/rutes_urbanes-600x400.jpg 600w\" sizes=\"(max-width: 960px) 100vw, 960px\" \/>\t\t\t\t\t\t\t\t\t\t\t\t\t\t<\/div>\n\t\t\t\t\t\t<\/div>\n\t\t\t\t<\/div>\n\t\t\t\t\t\t<\/div>\n\t\t\t\t\t<\/div>\n\t\t<\/div>\n\t\t\t\t<div class=\"elementor-column elementor-col-50 elementor-inner-column elementor-element elementor-element-77ee745\" data-id=\"77ee745\" data-element_type=\"column\">\n\t\t\t<div class=\"elementor-column-wrap elementor-element-populated\">\n\t\t\t\t\t\t\t<div class=\"elementor-widget-wrap\">\n\t\t\t\t\t\t<div class=\"elementor-element elementor-element-e63e755 elementor-widget elementor-widget-text-editor\" data-id=\"e63e755\" data-element_type=\"widget\" data-widget_type=\"text-editor.default\">\n\t\t\t\t<div class=\"elementor-widget-container\">\n\t\t\t\t\t\t\t\t<div class=\"elementor-text-editor elementor-clearfix\">\n\t\t\t\t<p>Com a complement a les classes, a l\u2019Escola Oficial de Patinatge Inline realitzem rutes urbanes en patins perqu\u00e8 milloris el teu nivell mentre et diverteixes i passes una bona estona.<\/p><p>Aquestes rutes s\u00f3n gratu\u00eftes i de lliure assist\u00e8ncia per als nostres alumnes i nom\u00e9s es requereix saber realitzar girs i frenats b\u00e0sics.<\/p><p>Realitzem una ruta urbana en patins un cop al mes, normalmente diumenges per la tarda, i el punt i hora de sortida el teniu al nostre <strong>CALENDARI<\/strong>. No obstant, tamb\u00e9 ho anunciem a trav\u00e9s de les nostres Xarxes Socials uns d\u00edes abans. Per tant et recomanem que ens segueixis per <a href=\"https:\/\/www.facebook.com\/pg\/escolapatinatge\">Facebook<\/a> o <a href=\"https:\/\/www.instagram.com\/escolaoficial\/\">Instagram<\/a>.<\/p><p>Si ja teniu un nivell m\u00ednim de patinatge en el qual podeu girar i frenar de manera b\u00e0sica, \u00e9s molt recomanable que us comenceu a aquestes rutes per anar millorant el vostre nivell, alhora que passeu una bona estona descobrint la ciutat sobre patins.<\/p>\t\t\t\t\t<\/div>\n\t\t\t\t\t\t<\/div>\n\t\t\t\t<\/div>\n\t\t\t\t\t\t<\/div>\n\t\t\t\t\t<\/div>\n\t\t<\/div>\n\t\t\t\t\t\t\t\t<\/div>\n\t\t\t\t\t<\/div>\n\t\t<\/section>\n\t\t\t\t\t\t<\/div>\n\t\t\t\t\t<\/div>\n\t\t<\/div>\n\t\t\t\t\t\t\t\t<\/div>\n\t\t\t\t\t<\/div>\n\t\t<\/section>\n\t\t\t\t<section class=\"elementor-section elementor-top-section elementor-element elementor-element-b961a37 elementor-section-boxed elementor-section-height-default elementor-section-height-default\" data-id=\"b961a37\" data-element_type=\"section\">\n\t\t\t\t\t\t<div class=\"elementor-container elementor-column-gap-default\">\n\t\t\t\t\t\t\t<div class=\"elementor-row\">\n\t\t\t\t\t<div class=\"elementor-column elementor-col-100 elementor-top-column elementor-element elementor-element-f999743\" data-id=\"f999743\" data-element_type=\"column\">\n\t\t\t<div class=\"elementor-column-wrap elementor-element-populated\">\n\t\t\t\t\t\t\t<div class=\"elementor-widget-wrap\">\n\t\t\t\t\t\t<section class=\"elementor-section elementor-inner-section elementor-element elementor-element-aca67e1 elementor-section-boxed elementor-section-height-default elementor-section-height-default\" data-id=\"aca67e1\" data-element_type=\"section\">\n\t\t\t\t\t\t<div class=\"elementor-container elementor-column-gap-default\">\n\t\t\t\t\t\t\t<div class=\"elementor-row\">\n\t\t\t\t\t<div class=\"elementor-column elementor-col-50 elementor-inner-column elementor-element elementor-element-e353688\" data-id=\"e353688\" data-element_type=\"column\">\n\t\t\t<div class=\"elementor-column-wrap elementor-element-populated\">\n\t\t\t\t\t\t\t<div class=\"elementor-widget-wrap\">\n\t\t\t\t\t\t<div class=\"elementor-element elementor-element-553c74d elementor-widget elementor-widget-image\" data-id=\"553c74d\" data-element_type=\"widget\" data-widget_type=\"image.default\">\n\t\t\t\t<div class=\"elementor-widget-container\">\n\t\t\t\t\t\t\t\t<div class=\"elementor-image\">\n\t\t\t\t\t\t\t\t\t\t\t\t<img decoding=\"async\" width=\"960\" height=\"720\" src=\"https:\/\/escolapatinatge.com\/wp-content\/uploads\/2019\/10\/ruta_patins_escola_2.jpg\" class=\"attachment-large size-large wp-image-1109\" alt=\"Ruta urbana en patins\" loading=\"lazy\" srcset=\"https:\/\/escolapatinatge.com\/wp-content\/uploads\/2019\/10\/ruta_patins_escola_2.jpg 960w, https:\/\/escolapatinatge.com\/wp-content\/uploads\/2019\/10\/ruta_patins_escola_2-300x225.jpg 300w, https:\/\/escolapatinatge.com\/wp-content\/uploads\/2019\/10\/ruta_patins_escola_2-768x576.jpg 768w, https:\/\/escolapatinatge.com\/wp-content\/uploads\/2019\/10\/ruta_patins_escola_2-600x450.jpg 600w\" sizes=\"(max-width: 960px) 100vw, 960px\" \/>\t\t\t\t\t\t\t\t\t\t\t\t\t\t<\/div>\n\t\t\t\t\t\t<\/div>\n\t\t\t\t<\/div>\n\t\t\t\t\t\t<\/div>\n\t\t\t\t\t<\/div>\n\t\t<\/div>\n\t\t\t\t<div class=\"elementor-column elementor-col-50 elementor-inner-column elementor-element elementor-element-d89eee3\" data-id=\"d89eee3\" data-element_type=\"column\">\n\t\t\t<div class=\"elementor-column-wrap elementor-element-populated\">\n\t\t\t\t\t\t\t<div class=\"elementor-widget-wrap\">\n\t\t\t\t\t\t<div class=\"elementor-element elementor-element-595a73a elementor-drop-cap-yes elementor-drop-cap-view-default elementor-widget elementor-widget-text-editor\" data-id=\"595a73a\" data-element_type=\"widget\" data-settings=\"{&quot;drop_cap&quot;:&quot;yes&quot;}\" data-widget_type=\"text-editor.default\">\n\t\t\t\t<div class=\"elementor-widget-container\">\n\t\t\t\t\t\t\t\t<div class=\"elementor-text-editor elementor-clearfix\">\n\t\t\t\t<p><strong>Recomanem portar totes les proteccions:<\/strong> genolleres, colzeres i canelleres, aix\u00ed com casc.<\/p><p>Si no us atreviu a sortir sols o voleu passar una bona estona patinant, animeu-vos i participeu, segur que us divertireu!!<\/p><p>Un dels punts que les fa m\u00e9s especials es que son portades i dirigides per alumnes o exalumnes nostres. Per tant, tamb\u00e9 convidem a tots aquells que es vegin capa\u00e7os a oferir-se com a voluntaris.\u00a0<\/p><p><strong>Important:<\/strong> Tots els assistents a aquestes rutes gratu\u00eftes fan l\u2019activitat sota la seva pr\u00f2pia responsabilitat. Els menors han d\u2019anar acompanyats i supervisats per un adult en tot moment. No es permetran comportaments inc\u00edvics.<\/p>\t\t\t\t\t<\/div>\n\t\t\t\t\t\t<\/div>\n\t\t\t\t<\/div>\n\t\t\t\t\t\t<\/div>\n\t\t\t\t\t<\/div>\n\t\t<\/div>\n\t\t\t\t\t\t\t\t<\/div>\n\t\t\t\t\t<\/div>\n\t\t<\/section>\n\t\t\t\t\t\t<\/div>\n\t\t\t\t\t<\/div>\n\t\t<\/div>\n\t\t\t\t\t\t\t\t<\/div>\n\t\t\t\t\t<\/div>\n\t\t<\/section>\n\t\t\t\t\t\t\t\t\t<\/div>\n\t\t\t<\/div>\n\t\t\t\t\t<\/div>\n\t\t","protected":false},"excerpt":{"rendered":"<p>RUTES URBANES EN PATINS Com a complement a les classes, a l\u2019Escola Oficial de Patinatge Inline realitzem rutes urbanes en patins perqu\u00e8 milloris el teu nivell mentre et diverteixes i passes una bona estona. Aquestes rutes s\u00f3n gratu\u00eftes i de lliure assist\u00e8ncia per als nostres alumnes i nom\u00e9s es requereix saber realitzar girs i frenats [&hellip;]<\/p>\n","protected":false},"author":1,"featured_media":0,"parent":0,"menu_order":0,"comment_status":"closed","ping_status":"closed","template":"page-templates\/fullwidth-content.php","meta":{"_mi_skip_tracking":false,"_monsterinsights_sitenote_active":false,"_monsterinsights_sitenote_note":"","_monsterinsights_sitenote_category":0},"yoast_head":"<!-- This site is optimized with the Yoast SEO plugin v20.8 - https:\/\/yoast.com\/wordpress\/plugins\/seo\/ -->\n<title>RUTES URBANES EN PATINS - Escola Oficial Patinatge Inline<\/title>\n<meta name=\"description\" content=\"Realitzem rutes urbanes en patins perqu\u00e8 milloris el teu nivell mentre et diverteixes i passes una bona estona. Vine amb nosaltres a gaudir de la ciutat!\" \/>\n<meta name=\"robots\" content=\"index, follow, max-snippet:-1, max-image-preview:large, max-video-preview:-1\" \/>\n<link rel=\"canonical\" href=\"https:\/\/escolapatinatge.com\/en\/rutes-urbanes-en-patins\/\" \/>\n<meta property=\"og:locale\" content=\"en_US\" \/>\n<meta property=\"og:type\" content=\"article\" \/>\n<meta property=\"og:title\" content=\"RUTES URBANES EN PATINS - Escola Oficial Patinatge Inline\" \/>\n<meta property=\"og:description\" content=\"Realitzem rutes urbanes en patins perqu\u00e8 milloris el teu nivell mentre et diverteixes i passes una bona estona. Vine amb nosaltres a gaudir de la ciutat!\" \/>\n<meta property=\"og:url\" content=\"https:\/\/escolapatinatge.com\/en\/rutes-urbanes-en-patins\/\" \/>\n<meta property=\"og:site_name\" content=\"Escola Oficial Patinatge Inline\" \/>\n<meta property=\"article:modified_time\" content=\"2021-10-16T17:45:12+00:00\" \/>\n<meta property=\"og:image\" content=\"http:\/\/escolapatinatge.com\/wp-content\/uploads\/2019\/08\/rutes_urbanes.jpg\" \/>\n<meta name=\"twitter:card\" content=\"summary_large_image\" \/>\n<meta name=\"twitter:label1\" content=\"Est. reading time\" \/>\n\t<meta name=\"twitter:data1\" content=\"1 minute\" \/>\n<script type=\"application\/ld+json\" class=\"yoast-schema-graph\">{\"@context\":\"https:\/\/schema.org\",\"@graph\":[{\"@type\":\"WebPage\",\"@id\":\"https:\/\/escolapatinatge.com\/en\/rutes-urbanes-en-patins\/\",\"url\":\"https:\/\/escolapatinatge.com\/en\/rutes-urbanes-en-patins\/\",\"name\":\"RUTES URBANES EN PATINS - Escola Oficial Patinatge Inline\",\"isPartOf\":{\"@id\":\"https:\/\/escolapatinatge.com\/ca\/#website\"},\"datePublished\":\"2019-10-12T15:54:39+00:00\",\"dateModified\":\"2021-10-16T17:45:12+00:00\",\"description\":\"Realitzem rutes urbanes en patins perqu\u00e8 milloris el teu nivell mentre et diverteixes i passes una bona estona. Vine amb nosaltres a gaudir de la ciutat!\",\"breadcrumb\":{\"@id\":\"https:\/\/escolapatinatge.com\/en\/rutes-urbanes-en-patins\/#breadcrumb\"},\"inLanguage\":\"en-US\",\"potentialAction\":[{\"@type\":\"ReadAction\",\"target\":[\"https:\/\/escolapatinatge.com\/en\/rutes-urbanes-en-patins\/\"]}]},{\"@type\":\"BreadcrumbList\",\"@id\":\"https:\/\/escolapatinatge.com\/en\/rutes-urbanes-en-patins\/#breadcrumb\",\"itemListElement\":[{\"@type\":\"ListItem\",\"position\":1,\"name\":\"Inici\",\"item\":\"https:\/\/escolapatinatge.com\/en\/\"},{\"@type\":\"ListItem\",\"position\":2,\"name\":\"RUTES URBANES EN PATINS\"}]},{\"@type\":\"WebSite\",\"@id\":\"https:\/\/escolapatinatge.com\/ca\/#website\",\"url\":\"https:\/\/escolapatinatge.com\/ca\/\",\"name\":\"Escola Oficial Patinatge Inline\",\"description\":\"Skating lessons in Barcelona. Learn to skate at the best skating school. Courses for all ages and levels.\",\"potentialAction\":[{\"@type\":\"SearchAction\",\"target\":{\"@type\":\"EntryPoint\",\"urlTemplate\":\"https:\/\/escolapatinatge.com\/ca\/?s={search_term_string}\"},\"query-input\":\"required name=search_term_string\"}],\"inLanguage\":\"en-US\"}]}<\/script>\n<!-- \/ Yoast SEO plugin. -->","yoast_head_json":{"title":"RUTES URBANES EN PATINS - Escola Oficial Patinatge Inline","description":"Realitzem rutes urbanes en patins perqu\u00e8 milloris el teu nivell mentre et diverteixes i passes una bona estona. Vine amb nosaltres a gaudir de la ciutat!","robots":{"index":"index","follow":"follow","max-snippet":"max-snippet:-1","max-image-preview":"max-image-preview:large","max-video-preview":"max-video-preview:-1"},"canonical":"https:\/\/escolapatinatge.com\/en\/rutes-urbanes-en-patins\/","og_locale":"en_US","og_type":"article","og_title":"RUTES URBANES EN PATINS - Escola Oficial Patinatge Inline","og_description":"Realitzem rutes urbanes en patins perqu\u00e8 milloris el teu nivell mentre et diverteixes i passes una bona estona. Vine amb nosaltres a gaudir de la ciutat!","og_url":"https:\/\/escolapatinatge.com\/en\/rutes-urbanes-en-patins\/","og_site_name":"Escola Oficial Patinatge Inline","article_modified_time":"2021-10-16T17:45:12+00:00","og_image":[{"url":"http:\/\/escolapatinatge.com\/wp-content\/uploads\/2019\/08\/rutes_urbanes.jpg"}],"twitter_card":"summary_large_image","twitter_misc":{"Est. reading time":"1 minute"},"schema":{"@context":"https:\/\/schema.org","@graph":[{"@type":"WebPage","@id":"https:\/\/escolapatinatge.com\/en\/rutes-urbanes-en-patins\/","url":"https:\/\/escolapatinatge.com\/en\/rutes-urbanes-en-patins\/","name":"RUTES URBANES EN PATINS - Escola Oficial Patinatge Inline","isPartOf":{"@id":"https:\/\/escolapatinatge.com\/ca\/#website"},"datePublished":"2019-10-12T15:54:39+00:00","dateModified":"2021-10-16T17:45:12+00:00","description":"Realitzem rutes urbanes en patins perqu\u00e8 milloris el teu nivell mentre et diverteixes i passes una bona estona. Vine amb nosaltres a gaudir de la ciutat!","breadcrumb":{"@id":"https:\/\/escolapatinatge.com\/en\/rutes-urbanes-en-patins\/#breadcrumb"},"inLanguage":"en-US","potentialAction":[{"@type":"ReadAction","target":["https:\/\/escolapatinatge.com\/en\/rutes-urbanes-en-patins\/"]}]},{"@type":"BreadcrumbList","@id":"https:\/\/escolapatinatge.com\/en\/rutes-urbanes-en-patins\/#breadcrumb","itemListElement":[{"@type":"ListItem","position":1,"name":"Inici","item":"https:\/\/escolapatinatge.com\/en\/"},{"@type":"ListItem","position":2,"name":"RUTES URBANES EN PATINS"}]},{"@type":"WebSite","@id":"https:\/\/escolapatinatge.com\/ca\/#website","url":"https:\/\/escolapatinatge.com\/ca\/","name":"Escola Oficial Patinatge Inline","description":"Skating lessons in Barcelona. Learn to skate at the best skating school. Courses for all ages and levels.","potentialAction":[{"@type":"SearchAction","target":{"@type":"EntryPoint","urlTemplate":"https:\/\/escolapatinatge.com\/ca\/?s={search_term_string}"},"query-input":"required name=search_term_string"}],"inLanguage":"en-US"}]}},"_links":{"self":[{"href":"https:\/\/escolapatinatge.com\/en\/wp-json\/wp\/v2\/pages\/11988"}],"collection":[{"href":"https:\/\/escolapatinatge.com\/en\/wp-json\/wp\/v2\/pages"}],"about":[{"href":"https:\/\/escolapatinatge.com\/en\/wp-json\/wp\/v2\/types\/page"}],"author":[{"embeddable":true,"href":"https:\/\/escolapatinatge.com\/en\/wp-json\/wp\/v2\/users\/1"}],"replies":[{"embeddable":true,"href":"https:\/\/escolapatinatge.com\/en\/wp-json\/wp\/v2\/comments?post=11988"}],"version-history":[{"count":4,"href":"https:\/\/escolapatinatge.com\/en\/wp-json\/wp\/v2\/pages\/11988\/revisions"}],"predecessor-version":[{"id":13129,"href":"https:\/\/escolapatinatge.com\/en\/wp-json\/wp\/v2\/pages\/11988\/revisions\/13129"}],"wp:attachment":[{"href":"https:\/\/escolapatinatge.com\/en\/wp-json\/wp\/v2\/media?parent=11988"}],"curies":[{"name":"wp","href":"https:\/\/api.w.org\/{rel}","templated":true}]}}