{"id":11943,"date":"2019-10-02T07:46:36","date_gmt":"2019-10-02T05:46:36","guid":{"rendered":"http:\/\/escolapatinatge.com\/classes-de-patinatge-urba-per-a-adults\/"},"modified":"2020-07-11T18:23:49","modified_gmt":"2020-07-11T16:23:49","slug":"clases-de-patinaje-urbano-para-adultos","status":"publish","type":"page","link":"https:\/\/escolapatinatge.com\/es\/clases-de-patinaje-urbano-para-adultos\/","title":{"rendered":"CLASES DE PATINAJE URBANO PARA ADULTOS"},"content":{"rendered":"\t\t<div data-elementor-type=\"wp-post\" data-elementor-id=\"11943\" class=\"elementor elementor-11943 elementor-1088\">\n\t\t\t\t\t\t<div class=\"elementor-inner\">\n\t\t\t\t<div class=\"elementor-section-wrap\">\n\t\t\t\t\t\t\t\t\t<section class=\"elementor-section elementor-top-section elementor-element elementor-element-68e7890 elementor-section-boxed elementor-section-height-default elementor-section-height-default\" data-id=\"68e7890\" data-element_type=\"section\">\n\t\t\t\t\t\t<div class=\"elementor-container elementor-column-gap-default\">\n\t\t\t\t\t\t\t<div class=\"elementor-row\">\n\t\t\t\t\t<div class=\"elementor-column elementor-col-100 elementor-top-column elementor-element elementor-element-d7320fd\" data-id=\"d7320fd\" data-element_type=\"column\">\n\t\t\t<div class=\"elementor-column-wrap elementor-element-populated\">\n\t\t\t\t\t\t\t<div class=\"elementor-widget-wrap\">\n\t\t\t\t\t\t<section class=\"elementor-section elementor-inner-section elementor-element elementor-element-ad95265 elementor-section-boxed elementor-section-height-default elementor-section-height-default\" data-id=\"ad95265\" data-element_type=\"section\">\n\t\t\t\t\t\t<div class=\"elementor-container elementor-column-gap-default\">\n\t\t\t\t\t\t\t<div class=\"elementor-row\">\n\t\t\t\t\t<div class=\"elementor-column elementor-col-100 elementor-inner-column elementor-element elementor-element-f2f98b9\" data-id=\"f2f98b9\" data-element_type=\"column\">\n\t\t\t<div class=\"elementor-column-wrap elementor-element-populated\">\n\t\t\t\t\t\t\t<div class=\"elementor-widget-wrap\">\n\t\t\t\t\t\t<div class=\"elementor-element elementor-element-6022771 elementor-widget elementor-widget-heading\" data-id=\"6022771\" data-element_type=\"widget\" data-widget_type=\"heading.default\">\n\t\t\t\t<div class=\"elementor-widget-container\">\n\t\t\t<h2 class=\"elementor-heading-title elementor-size-default\">CLASES DE PATINAJE URBANO PARA ADULTOS<\/h2>\t\t<\/div>\n\t\t\t\t<\/div>\n\t\t\t\t\t\t<\/div>\n\t\t\t\t\t<\/div>\n\t\t<\/div>\n\t\t\t\t\t\t\t\t<\/div>\n\t\t\t\t\t<\/div>\n\t\t<\/section>\n\t\t\t\t\t\t<\/div>\n\t\t\t\t\t<\/div>\n\t\t<\/div>\n\t\t\t\t\t\t\t\t<\/div>\n\t\t\t\t\t<\/div>\n\t\t<\/section>\n\t\t\t\t<section class=\"elementor-section elementor-top-section elementor-element elementor-element-df92f34 elementor-section-boxed elementor-section-height-default elementor-section-height-default\" data-id=\"df92f34\" data-element_type=\"section\">\n\t\t\t\t\t\t<div class=\"elementor-container elementor-column-gap-default\">\n\t\t\t\t\t\t\t<div class=\"elementor-row\">\n\t\t\t\t\t<div class=\"elementor-column elementor-col-100 elementor-top-column elementor-element elementor-element-b3857e8\" data-id=\"b3857e8\" data-element_type=\"column\">\n\t\t\t<div class=\"elementor-column-wrap elementor-element-populated\">\n\t\t\t\t\t\t\t<div class=\"elementor-widget-wrap\">\n\t\t\t\t\t\t<section class=\"elementor-section elementor-inner-section elementor-element elementor-element-2060037 elementor-section-boxed elementor-section-height-default elementor-section-height-default\" data-id=\"2060037\" data-element_type=\"section\">\n\t\t\t\t\t\t<div class=\"elementor-container elementor-column-gap-default\">\n\t\t\t\t\t\t\t<div class=\"elementor-row\">\n\t\t\t\t\t<div class=\"elementor-column elementor-col-50 elementor-inner-column elementor-element elementor-element-c745d76\" data-id=\"c745d76\" data-element_type=\"column\">\n\t\t\t<div class=\"elementor-column-wrap elementor-element-populated\">\n\t\t\t\t\t\t\t<div class=\"elementor-widget-wrap\">\n\t\t\t\t\t\t<div class=\"elementor-element elementor-element-1e3fdae elementor-widget elementor-widget-image\" data-id=\"1e3fdae\" data-element_type=\"widget\" data-widget_type=\"image.default\">\n\t\t\t\t<div class=\"elementor-widget-container\">\n\t\t\t\t\t\t\t\t<div class=\"elementor-image\">\n\t\t\t\t\t\t\t\t\t\t\t\t<img decoding=\"async\" width=\"381\" height=\"500\" src=\"https:\/\/escolapatinatge.com\/wp-content\/uploads\/2020\/03\/classes_patinatge_adults.png\" class=\"attachment-large size-large wp-image-1819\" alt=\"classes patinatge adults\" loading=\"lazy\" \/>\t\t\t\t\t\t\t\t\t\t\t\t\t\t<\/div>\n\t\t\t\t\t\t<\/div>\n\t\t\t\t<\/div>\n\t\t\t\t\t\t<\/div>\n\t\t\t\t\t<\/div>\n\t\t<\/div>\n\t\t\t\t<div class=\"elementor-column elementor-col-50 elementor-inner-column elementor-element elementor-element-ac52b43\" data-id=\"ac52b43\" data-element_type=\"column\">\n\t\t\t<div class=\"elementor-column-wrap elementor-element-populated\">\n\t\t\t\t\t\t\t<div class=\"elementor-widget-wrap\">\n\t\t\t\t\t\t<div class=\"elementor-element elementor-element-7878e59 elementor-widget elementor-widget-text-editor\" data-id=\"7878e59\" data-element_type=\"widget\" data-widget_type=\"text-editor.default\">\n\t\t\t\t<div class=\"elementor-widget-container\">\n\t\t\t\t\t\t\t\t<div class=\"elementor-text-editor elementor-clearfix\">\n\t\t\t\t<p>Aprovechando la seguridad y la privacidad de nuestras instalaciones cubiertas, nuestros patinadores noveles aprenden a girar, frenar y moverse con soltura.<\/p><p>A medida que van dominando estos conceptos b\u00e1sicos se les prepara para salir a la calle, donde nuestro fabuloso equipo de monitores les ense\u00f1ar\u00e1 t\u00e9cnicas avanzadas o muy avanzadas que pueden llegar a incluir el descenso de pendientes y escaleras.<\/p><p>Una de las virtudes del patinaje en l\u00ednea es que lo puede practicar gente de todas las edades. Por motivos culturales, muchas veces se asocia a la actividad de patinar en l\u00ednea en gente joven o ni\u00f1os, pero nada m\u00e1s alejado de la realidad. El patinaje en l\u00ednea no s\u00f3lo es apto para todo tipo de personas, sino que adem\u00e1s es altamente recomendable como pr\u00e1ctica deportiva habitual para mantenerse en forma tanto f\u00edsica como ps\u00edquicamente.<\/p><p>En pa\u00edses con una larga tradici\u00f3n en patinaje sobre hielo como Holanda, Alemania o Austria, por citar algunos, es habitual ver patinar a gente de avanzada edad sin ning\u00fan tipo de complejo y con una soltura envidiable. Evidentemente, no es lo mismo aprender a patinar siendo un ni\u00f1o, de hacer de grande, pero con voluntad y ganas, no hay nada imposible.<\/p>\t\t\t\t\t<\/div>\n\t\t\t\t\t\t<\/div>\n\t\t\t\t<\/div>\n\t\t\t\t\t\t<\/div>\n\t\t\t\t\t<\/div>\n\t\t<\/div>\n\t\t\t\t\t\t\t\t<\/div>\n\t\t\t\t\t<\/div>\n\t\t<\/section>\n\t\t\t\t\t\t<\/div>\n\t\t\t\t\t<\/div>\n\t\t<\/div>\n\t\t\t\t\t\t\t\t<\/div>\n\t\t\t\t\t<\/div>\n\t\t<\/section>\n\t\t\t\t<section class=\"elementor-section elementor-top-section elementor-element elementor-element-52ae9e6 elementor-section-boxed elementor-section-height-default elementor-section-height-default\" data-id=\"52ae9e6\" data-element_type=\"section\">\n\t\t\t\t\t\t<div class=\"elementor-container elementor-column-gap-default\">\n\t\t\t\t\t\t\t<div class=\"elementor-row\">\n\t\t\t\t\t<div class=\"elementor-column elementor-col-100 elementor-top-column elementor-element elementor-element-8501927\" data-id=\"8501927\" data-element_type=\"column\">\n\t\t\t<div class=\"elementor-column-wrap elementor-element-populated\">\n\t\t\t\t\t\t\t<div class=\"elementor-widget-wrap\">\n\t\t\t\t\t\t<section class=\"elementor-section elementor-inner-section elementor-element elementor-element-5267e47 elementor-section-boxed elementor-section-height-default elementor-section-height-default\" data-id=\"5267e47\" data-element_type=\"section\">\n\t\t\t\t\t\t<div class=\"elementor-container elementor-column-gap-default\">\n\t\t\t\t\t\t\t<div class=\"elementor-row\">\n\t\t\t\t\t<div class=\"elementor-column elementor-col-100 elementor-inner-column elementor-element elementor-element-21439fc\" data-id=\"21439fc\" data-element_type=\"column\">\n\t\t\t<div class=\"elementor-column-wrap elementor-element-populated\">\n\t\t\t\t\t\t\t<div class=\"elementor-widget-wrap\">\n\t\t\t\t\t\t<div class=\"elementor-element elementor-element-fe0d165 elementor-widget elementor-widget-heading\" data-id=\"fe0d165\" data-element_type=\"widget\" data-widget_type=\"heading.default\">\n\t\t\t\t<div class=\"elementor-widget-container\">\n\t\t\t<h2 class=\"elementor-heading-title elementor-size-default\">Programa del Curso de Patinaje en L\u00ednea para adultos<\/h2>\t\t<\/div>\n\t\t\t\t<\/div>\n\t\t\t\t\t\t<\/div>\n\t\t\t\t\t<\/div>\n\t\t<\/div>\n\t\t\t\t\t\t\t\t<\/div>\n\t\t\t\t\t<\/div>\n\t\t<\/section>\n\t\t\t\t\t\t<\/div>\n\t\t\t\t\t<\/div>\n\t\t<\/div>\n\t\t\t\t\t\t\t\t<\/div>\n\t\t\t\t\t<\/div>\n\t\t<\/section>\n\t\t\t\t<section class=\"elementor-section elementor-top-section elementor-element elementor-element-2d8ce30 elementor-section-boxed elementor-section-height-default elementor-section-height-default\" data-id=\"2d8ce30\" data-element_type=\"section\">\n\t\t\t\t\t\t<div class=\"elementor-container elementor-column-gap-default\">\n\t\t\t\t\t\t\t<div class=\"elementor-row\">\n\t\t\t\t\t<div class=\"elementor-column elementor-col-100 elementor-top-column elementor-element elementor-element-c38e379\" data-id=\"c38e379\" data-element_type=\"column\">\n\t\t\t<div class=\"elementor-column-wrap elementor-element-populated\">\n\t\t\t\t\t\t\t<div class=\"elementor-widget-wrap\">\n\t\t\t\t\t\t<section class=\"elementor-section elementor-inner-section elementor-element elementor-element-eec1ea1 elementor-section-boxed elementor-section-height-default elementor-section-height-default\" data-id=\"eec1ea1\" data-element_type=\"section\">\n\t\t\t\t\t\t<div class=\"elementor-container elementor-column-gap-default\">\n\t\t\t\t\t\t\t<div class=\"elementor-row\">\n\t\t\t\t\t<div class=\"elementor-column elementor-col-50 elementor-inner-column elementor-element elementor-element-a7bb266\" data-id=\"a7bb266\" data-element_type=\"column\">\n\t\t\t<div class=\"elementor-column-wrap elementor-element-populated\">\n\t\t\t\t\t\t\t<div class=\"elementor-widget-wrap\">\n\t\t\t\t\t\t<div class=\"elementor-element elementor-element-e64e07a elementor-widget elementor-widget-image\" data-id=\"e64e07a\" data-element_type=\"widget\" data-widget_type=\"image.default\">\n\t\t\t\t<div class=\"elementor-widget-container\">\n\t\t\t\t\t\t\t\t<div class=\"elementor-image\">\n\t\t\t\t\t\t\t\t\t\t\t\t<img decoding=\"async\" width=\"500\" height=\"336\" src=\"https:\/\/escolapatinatge.com\/wp-content\/uploads\/2020\/03\/classes_patinatge_adults_2.png\" class=\"attachment-large size-large wp-image-1816\" alt=\"classes patinatge adults\" loading=\"lazy\" \/>\t\t\t\t\t\t\t\t\t\t\t\t\t\t<\/div>\n\t\t\t\t\t\t<\/div>\n\t\t\t\t<\/div>\n\t\t\t\t\t\t<\/div>\n\t\t\t\t\t<\/div>\n\t\t<\/div>\n\t\t\t\t<div class=\"elementor-column elementor-col-50 elementor-inner-column elementor-element elementor-element-d6938d5\" data-id=\"d6938d5\" data-element_type=\"column\">\n\t\t\t<div class=\"elementor-column-wrap elementor-element-populated\">\n\t\t\t\t\t\t\t<div class=\"elementor-widget-wrap\">\n\t\t\t\t\t\t<div class=\"elementor-element elementor-element-2c68555 elementor-widget elementor-widget-text-editor\" data-id=\"2c68555\" data-element_type=\"widget\" data-widget_type=\"text-editor.default\">\n\t\t\t\t<div class=\"elementor-widget-container\">\n\t\t\t\t\t\t\t\t<div class=\"elementor-text-editor elementor-clearfix\">\n\t\t\t\t<p>El programa del curso de patinaje incluye todo tipo de t\u00e9cnicas para patinar con seguridad por la calle. Las t\u00e9cnicas comprenden todo tipo de giros, frenadas y varios recursos que durante muchos a\u00f1os han servido a miles de alumnos para convertirse en aut\u00e9nticos patinadores urbanos.<\/p><p>Asimismo, dentro del curso de patinaje se ven otros aspectos m\u00e1s l\u00fadicos para no s\u00f3lo patinar con seguridad, sino para divertirse con los patines.<\/p><p>Es por ello que muchos de nuestros alumnos repiten a\u00f1o tras a\u00f1o para perfeccionar su t\u00e9cnica de patinaje, divertirse con los patines o simplemente mantenerse en forma.<\/p>\t\t\t\t\t<\/div>\n\t\t\t\t\t\t<\/div>\n\t\t\t\t<\/div>\n\t\t\t\t\t\t<\/div>\n\t\t\t\t\t<\/div>\n\t\t<\/div>\n\t\t\t\t\t\t\t\t<\/div>\n\t\t\t\t\t<\/div>\n\t\t<\/section>\n\t\t\t\t\t\t<\/div>\n\t\t\t\t\t<\/div>\n\t\t<\/div>\n\t\t\t\t\t\t\t\t<\/div>\n\t\t\t\t\t<\/div>\n\t\t<\/section>\n\t\t\t\t\t\t\t\t\t<\/div>\n\t\t\t<\/div>\n\t\t\t\t\t<\/div>\n\t\t","protected":false},"excerpt":{"rendered":"<p>CLASES DE PATINAJE URBANO PARA ADULTOS Aprovechando la seguridad y la privacidad de nuestras instalaciones cubiertas, nuestros patinadores noveles aprenden a girar, frenar y moverse con soltura. A medida que van dominando estos conceptos b\u00e1sicos se les prepara para salir a la calle, donde nuestro fabuloso equipo de monitores les ense\u00f1ar\u00e1 t\u00e9cnicas avanzadas o muy [&hellip;]<\/p>\n","protected":false},"author":1,"featured_media":0,"parent":0,"menu_order":0,"comment_status":"closed","ping_status":"closed","template":"page-templates\/fullwidth-content.php","meta":{"_mi_skip_tracking":false,"_monsterinsights_sitenote_active":false,"_monsterinsights_sitenote_note":"","_monsterinsights_sitenote_category":0},"yoast_head":"<!-- This site is optimized with the Yoast SEO plugin v20.8 - https:\/\/yoast.com\/wordpress\/plugins\/seo\/ -->\n<title>CLASES DE PATINAJE URBANO PARA ADULTOS - Escola Oficial Patinatge Inline<\/title>\n<meta name=\"robots\" content=\"index, follow, max-snippet:-1, max-image-preview:large, max-video-preview:-1\" \/>\n<link rel=\"canonical\" href=\"http:\/\/escolapatinatge.com\/es\/clases-de-patinaje-urbano-para-adultos\/\" \/>\n<meta property=\"og:locale\" content=\"es_ES\" \/>\n<meta property=\"og:type\" content=\"article\" \/>\n<meta property=\"og:title\" content=\"CLASES DE PATINAJE URBANO PARA ADULTOS - Escola Oficial Patinatge Inline\" \/>\n<meta property=\"og:description\" content=\"CLASES DE PATINAJE URBANO PARA ADULTOS Aprovechando la seguridad y la privacidad de nuestras instalaciones cubiertas, nuestros patinadores noveles aprenden a girar, frenar y moverse con soltura. A medida que van dominando estos conceptos b\u00e1sicos se les prepara para salir a la calle, donde nuestro fabuloso equipo de monitores les ense\u00f1ar\u00e1 t\u00e9cnicas avanzadas o muy [&hellip;]\" \/>\n<meta property=\"og:url\" content=\"http:\/\/escolapatinatge.com\/es\/clases-de-patinaje-urbano-para-adultos\/\" \/>\n<meta property=\"og:site_name\" content=\"Escola Oficial Patinatge Inline\" \/>\n<meta property=\"article:modified_time\" content=\"2020-07-11T16:23:49+00:00\" \/>\n<meta property=\"og:image\" content=\"http:\/\/escolapatinatge.com\/wp-content\/uploads\/2020\/03\/classes_patinatge_adults.png\" \/>\n<meta name=\"twitter:card\" content=\"summary_large_image\" \/>\n<meta name=\"twitter:label1\" content=\"Tiempo de lectura\" \/>\n\t<meta name=\"twitter:data1\" content=\"2 minutos\" \/>\n<script type=\"application\/ld+json\" class=\"yoast-schema-graph\">{\"@context\":\"https:\/\/schema.org\",\"@graph\":[{\"@type\":\"WebPage\",\"@id\":\"http:\/\/escolapatinatge.com\/es\/clases-de-patinaje-urbano-para-adultos\/\",\"url\":\"http:\/\/escolapatinatge.com\/es\/clases-de-patinaje-urbano-para-adultos\/\",\"name\":\"CLASES DE PATINAJE URBANO PARA ADULTOS - Escola Oficial Patinatge Inline\",\"isPartOf\":{\"@id\":\"https:\/\/escolapatinatge.com\/ca\/#website\"},\"datePublished\":\"2019-10-02T05:46:36+00:00\",\"dateModified\":\"2020-07-11T16:23:49+00:00\",\"breadcrumb\":{\"@id\":\"http:\/\/escolapatinatge.com\/es\/clases-de-patinaje-urbano-para-adultos\/#breadcrumb\"},\"inLanguage\":\"es\",\"potentialAction\":[{\"@type\":\"ReadAction\",\"target\":[\"http:\/\/escolapatinatge.com\/es\/clases-de-patinaje-urbano-para-adultos\/\"]}]},{\"@type\":\"BreadcrumbList\",\"@id\":\"http:\/\/escolapatinatge.com\/es\/clases-de-patinaje-urbano-para-adultos\/#breadcrumb\",\"itemListElement\":[{\"@type\":\"ListItem\",\"position\":1,\"name\":\"Inici\",\"item\":\"https:\/\/escolapatinatge.com\/es\/\"},{\"@type\":\"ListItem\",\"position\":2,\"name\":\"CLASES DE PATINAJE URBANO PARA ADULTOS\"}]},{\"@type\":\"WebSite\",\"@id\":\"https:\/\/escolapatinatge.com\/ca\/#website\",\"url\":\"https:\/\/escolapatinatge.com\/ca\/\",\"name\":\"Escola Oficial Patinatge Inline\",\"description\":\"Clases de patinaje en Barcelona. Aprende a patinar en la mejor escuela de patinaje. Cursos para todas las edades y niveles.\",\"potentialAction\":[{\"@type\":\"SearchAction\",\"target\":{\"@type\":\"EntryPoint\",\"urlTemplate\":\"https:\/\/escolapatinatge.com\/ca\/?s={search_term_string}\"},\"query-input\":\"required name=search_term_string\"}],\"inLanguage\":\"es\"}]}<\/script>\n<!-- \/ Yoast SEO plugin. -->","yoast_head_json":{"title":"CLASES DE PATINAJE URBANO PARA ADULTOS - Escola Oficial Patinatge Inline","robots":{"index":"index","follow":"follow","max-snippet":"max-snippet:-1","max-image-preview":"max-image-preview:large","max-video-preview":"max-video-preview:-1"},"canonical":"http:\/\/escolapatinatge.com\/es\/clases-de-patinaje-urbano-para-adultos\/","og_locale":"es_ES","og_type":"article","og_title":"CLASES DE PATINAJE URBANO PARA ADULTOS - Escola Oficial Patinatge Inline","og_description":"CLASES DE PATINAJE URBANO PARA ADULTOS Aprovechando la seguridad y la privacidad de nuestras instalaciones cubiertas, nuestros patinadores noveles aprenden a girar, frenar y moverse con soltura. A medida que van dominando estos conceptos b\u00e1sicos se les prepara para salir a la calle, donde nuestro fabuloso equipo de monitores les ense\u00f1ar\u00e1 t\u00e9cnicas avanzadas o muy [&hellip;]","og_url":"http:\/\/escolapatinatge.com\/es\/clases-de-patinaje-urbano-para-adultos\/","og_site_name":"Escola Oficial Patinatge Inline","article_modified_time":"2020-07-11T16:23:49+00:00","og_image":[{"url":"http:\/\/escolapatinatge.com\/wp-content\/uploads\/2020\/03\/classes_patinatge_adults.png"}],"twitter_card":"summary_large_image","twitter_misc":{"Tiempo de lectura":"2 minutos"},"schema":{"@context":"https:\/\/schema.org","@graph":[{"@type":"WebPage","@id":"http:\/\/escolapatinatge.com\/es\/clases-de-patinaje-urbano-para-adultos\/","url":"http:\/\/escolapatinatge.com\/es\/clases-de-patinaje-urbano-para-adultos\/","name":"CLASES DE PATINAJE URBANO PARA ADULTOS - Escola Oficial Patinatge Inline","isPartOf":{"@id":"https:\/\/escolapatinatge.com\/ca\/#website"},"datePublished":"2019-10-02T05:46:36+00:00","dateModified":"2020-07-11T16:23:49+00:00","breadcrumb":{"@id":"http:\/\/escolapatinatge.com\/es\/clases-de-patinaje-urbano-para-adultos\/#breadcrumb"},"inLanguage":"es","potentialAction":[{"@type":"ReadAction","target":["http:\/\/escolapatinatge.com\/es\/clases-de-patinaje-urbano-para-adultos\/"]}]},{"@type":"BreadcrumbList","@id":"http:\/\/escolapatinatge.com\/es\/clases-de-patinaje-urbano-para-adultos\/#breadcrumb","itemListElement":[{"@type":"ListItem","position":1,"name":"Inici","item":"https:\/\/escolapatinatge.com\/es\/"},{"@type":"ListItem","position":2,"name":"CLASES DE PATINAJE URBANO PARA ADULTOS"}]},{"@type":"WebSite","@id":"https:\/\/escolapatinatge.com\/ca\/#website","url":"https:\/\/escolapatinatge.com\/ca\/","name":"Escola Oficial Patinatge Inline","description":"Clases de patinaje en Barcelona. Aprende a patinar en la mejor escuela de patinaje. Cursos para todas las edades y niveles.","potentialAction":[{"@type":"SearchAction","target":{"@type":"EntryPoint","urlTemplate":"https:\/\/escolapatinatge.com\/ca\/?s={search_term_string}"},"query-input":"required name=search_term_string"}],"inLanguage":"es"}]}},"_links":{"self":[{"href":"https:\/\/escolapatinatge.com\/es\/wp-json\/wp\/v2\/pages\/11943"}],"collection":[{"href":"https:\/\/escolapatinatge.com\/es\/wp-json\/wp\/v2\/pages"}],"about":[{"href":"https:\/\/escolapatinatge.com\/es\/wp-json\/wp\/v2\/types\/page"}],"author":[{"embeddable":true,"href":"https:\/\/escolapatinatge.com\/es\/wp-json\/wp\/v2\/users\/1"}],"replies":[{"embeddable":true,"href":"https:\/\/escolapatinatge.com\/es\/wp-json\/wp\/v2\/comments?post=11943"}],"version-history":[{"count":2,"href":"https:\/\/escolapatinatge.com\/es\/wp-json\/wp\/v2\/pages\/11943\/revisions"}],"predecessor-version":[{"id":11945,"href":"https:\/\/escolapatinatge.com\/es\/wp-json\/wp\/v2\/pages\/11943\/revisions\/11945"}],"wp:attachment":[{"href":"https:\/\/escolapatinatge.com\/es\/wp-json\/wp\/v2\/media?parent=11943"}],"curies":[{"name":"wp","href":"https:\/\/api.w.org\/{rel}","templated":true}]}}