{"id":11947,"date":"2019-09-30T07:51:34","date_gmt":"2019-09-30T05:51:34","guid":{"rendered":"http:\/\/escolapatinatge.com\/classes-de-patinatge-per-a-nens\/"},"modified":"2020-07-11T18:41:35","modified_gmt":"2020-07-11T16:41:35","slug":"clases-de-patinaje-para-ninos","status":"publish","type":"page","link":"https:\/\/escolapatinatge.com\/es\/clases-de-patinaje-para-ninos\/","title":{"rendered":"CLASES DE PATINAJE PARA NI\u00d1OS"},"content":{"rendered":"\t\t<div data-elementor-type=\"wp-post\" data-elementor-id=\"11947\" class=\"elementor elementor-11947 elementor-1085\">\n\t\t\t\t\t\t<div class=\"elementor-inner\">\n\t\t\t\t<div class=\"elementor-section-wrap\">\n\t\t\t\t\t\t\t\t\t<section class=\"elementor-section elementor-top-section elementor-element elementor-element-03a4433 elementor-section-boxed elementor-section-height-default elementor-section-height-default\" data-id=\"03a4433\" data-element_type=\"section\">\n\t\t\t\t\t\t<div class=\"elementor-container elementor-column-gap-default\">\n\t\t\t\t\t\t\t<div class=\"elementor-row\">\n\t\t\t\t\t<div class=\"elementor-column elementor-col-100 elementor-top-column elementor-element elementor-element-44a95af\" data-id=\"44a95af\" data-element_type=\"column\">\n\t\t\t<div class=\"elementor-column-wrap elementor-element-populated\">\n\t\t\t\t\t\t\t<div class=\"elementor-widget-wrap\">\n\t\t\t\t\t\t<section class=\"elementor-section elementor-inner-section elementor-element elementor-element-b5c1999 elementor-section-boxed elementor-section-height-default elementor-section-height-default\" data-id=\"b5c1999\" data-element_type=\"section\">\n\t\t\t\t\t\t<div class=\"elementor-container elementor-column-gap-default\">\n\t\t\t\t\t\t\t<div class=\"elementor-row\">\n\t\t\t\t\t<div class=\"elementor-column elementor-col-100 elementor-inner-column elementor-element elementor-element-b30779b\" data-id=\"b30779b\" data-element_type=\"column\">\n\t\t\t<div class=\"elementor-column-wrap elementor-element-populated\">\n\t\t\t\t\t\t\t<div class=\"elementor-widget-wrap\">\n\t\t\t\t\t\t<div class=\"elementor-element elementor-element-4497896 elementor-widget elementor-widget-heading\" data-id=\"4497896\" data-element_type=\"widget\" data-widget_type=\"heading.default\">\n\t\t\t\t<div class=\"elementor-widget-container\">\n\t\t\t<h2 class=\"elementor-heading-title elementor-size-default\">CLASES DE PATINAJE PARA NI\u00d1OS<\/h2>\t\t<\/div>\n\t\t\t\t<\/div>\n\t\t\t\t\t\t<\/div>\n\t\t\t\t\t<\/div>\n\t\t<\/div>\n\t\t\t\t\t\t\t\t<\/div>\n\t\t\t\t\t<\/div>\n\t\t<\/section>\n\t\t\t\t\t\t<\/div>\n\t\t\t\t\t<\/div>\n\t\t<\/div>\n\t\t\t\t\t\t\t\t<\/div>\n\t\t\t\t\t<\/div>\n\t\t<\/section>\n\t\t\t\t<section class=\"elementor-section elementor-top-section elementor-element elementor-element-a8a00cb elementor-section-boxed elementor-section-height-default elementor-section-height-default\" data-id=\"a8a00cb\" data-element_type=\"section\">\n\t\t\t\t\t\t<div class=\"elementor-container elementor-column-gap-default\">\n\t\t\t\t\t\t\t<div class=\"elementor-row\">\n\t\t\t\t\t<div class=\"elementor-column elementor-col-100 elementor-top-column elementor-element elementor-element-c446fc2\" data-id=\"c446fc2\" data-element_type=\"column\">\n\t\t\t<div class=\"elementor-column-wrap elementor-element-populated\">\n\t\t\t\t\t\t\t<div class=\"elementor-widget-wrap\">\n\t\t\t\t\t\t<section class=\"elementor-section elementor-inner-section elementor-element elementor-element-d3917cd elementor-section-boxed elementor-section-height-default elementor-section-height-default\" data-id=\"d3917cd\" data-element_type=\"section\">\n\t\t\t\t\t\t<div class=\"elementor-container elementor-column-gap-default\">\n\t\t\t\t\t\t\t<div class=\"elementor-row\">\n\t\t\t\t\t<div class=\"elementor-column elementor-col-50 elementor-inner-column elementor-element elementor-element-c1a783d\" data-id=\"c1a783d\" data-element_type=\"column\">\n\t\t\t<div class=\"elementor-column-wrap elementor-element-populated\">\n\t\t\t\t\t\t\t<div class=\"elementor-widget-wrap\">\n\t\t\t\t\t\t<div class=\"elementor-element elementor-element-93af5d0 elementor-widget elementor-widget-image\" data-id=\"93af5d0\" data-element_type=\"widget\" data-widget_type=\"image.default\">\n\t\t\t\t<div class=\"elementor-widget-container\">\n\t\t\t\t\t\t\t\t<div class=\"elementor-image\">\n\t\t\t\t\t\t\t\t\t\t\t\t<img decoding=\"async\" width=\"1024\" height=\"657\" src=\"https:\/\/escolapatinatge.com\/wp-content\/uploads\/2020\/01\/classes_nens_patinatge-1024x657.png\" class=\"attachment-large size-large wp-image-1565\" alt=\"Classes de patinatge en l\u00ednia per nens\" loading=\"lazy\" srcset=\"https:\/\/escolapatinatge.com\/wp-content\/uploads\/2020\/01\/classes_nens_patinatge-1024x657.png 1024w, https:\/\/escolapatinatge.com\/wp-content\/uploads\/2020\/01\/classes_nens_patinatge-300x193.png 300w, https:\/\/escolapatinatge.com\/wp-content\/uploads\/2020\/01\/classes_nens_patinatge-768x493.png 768w, https:\/\/escolapatinatge.com\/wp-content\/uploads\/2020\/01\/classes_nens_patinatge-600x385.png 600w, https:\/\/escolapatinatge.com\/wp-content\/uploads\/2020\/01\/classes_nens_patinatge.png 1200w\" sizes=\"(max-width: 1024px) 100vw, 1024px\" \/>\t\t\t\t\t\t\t\t\t\t\t\t\t\t<\/div>\n\t\t\t\t\t\t<\/div>\n\t\t\t\t<\/div>\n\t\t\t\t\t\t<\/div>\n\t\t\t\t\t<\/div>\n\t\t<\/div>\n\t\t\t\t<div class=\"elementor-column elementor-col-50 elementor-inner-column elementor-element elementor-element-d2aad48\" data-id=\"d2aad48\" data-element_type=\"column\">\n\t\t\t<div class=\"elementor-column-wrap elementor-element-populated\">\n\t\t\t\t\t\t\t<div class=\"elementor-widget-wrap\">\n\t\t\t\t\t\t<div class=\"elementor-element elementor-element-f8effb7 elementor-widget elementor-widget-text-editor\" data-id=\"f8effb7\" data-element_type=\"widget\" data-widget_type=\"text-editor.default\">\n\t\t\t\t<div class=\"elementor-widget-container\">\n\t\t\t\t\t\t\t\t<div class=\"elementor-text-editor elementor-clearfix\">\n\t\t\t\t<p>Porque ense\u00f1ar a patinar a un ni\u00f1o nunca ser\u00e1 lo mismo que ense\u00f1ar a un adulto, las clases para los m\u00e1s peque\u00f1os se realizan totalmente aparte de las de los adultos y se basan en multitud de ejercicios que combinan juego y aprendizaje.<\/p><p>Por supuesto, nuestros monitores cuentan con una larga experiencia en el trato infantil y se sirven de t\u00e9cnicas psicopedag\u00f3gicas m\u00e1s que probadas para fomentar las aptitudes de los ni\u00f1os.<\/p><p>Adem\u00e1s, los ni\u00f1os estar\u00e1n en grupos reducidos y los padres podr\u00e1n estar tranquilos ya que todos nuestros profesores cuentan con el certificado de penales, tal como obliga la ley.<\/p>\t\t\t\t\t<\/div>\n\t\t\t\t\t\t<\/div>\n\t\t\t\t<\/div>\n\t\t\t\t\t\t<\/div>\n\t\t\t\t\t<\/div>\n\t\t<\/div>\n\t\t\t\t\t\t\t\t<\/div>\n\t\t\t\t\t<\/div>\n\t\t<\/section>\n\t\t\t\t\t\t<\/div>\n\t\t\t\t\t<\/div>\n\t\t<\/div>\n\t\t\t\t\t\t\t\t<\/div>\n\t\t\t\t\t<\/div>\n\t\t<\/section>\n\t\t\t\t\t\t\t\t\t<\/div>\n\t\t\t<\/div>\n\t\t\t\t\t<\/div>\n\t\t","protected":false},"excerpt":{"rendered":"<p>CLASES DE PATINAJE PARA NI\u00d1OS Porque ense\u00f1ar a patinar a un ni\u00f1o nunca ser\u00e1 lo mismo que ense\u00f1ar a un adulto, las clases para los m\u00e1s peque\u00f1os se realizan totalmente aparte de las de los adultos y se basan en multitud de ejercicios que combinan juego y aprendizaje. Por supuesto, nuestros monitores cuentan con una [&hellip;]<\/p>\n","protected":false},"author":1,"featured_media":0,"parent":0,"menu_order":0,"comment_status":"closed","ping_status":"closed","template":"page-templates\/fullwidth-content.php","meta":{"_mi_skip_tracking":false,"_monsterinsights_sitenote_active":false,"_monsterinsights_sitenote_note":"","_monsterinsights_sitenote_category":0},"yoast_head":"<!-- This site is optimized with the Yoast SEO plugin v20.8 - https:\/\/yoast.com\/wordpress\/plugins\/seo\/ -->\n<title>CLASES DE PATINAJE PARA NI\u00d1OS - Escola Oficial Patinatge Inline<\/title>\n<meta name=\"robots\" content=\"index, follow, max-snippet:-1, max-image-preview:large, max-video-preview:-1\" \/>\n<link rel=\"canonical\" href=\"https:\/\/escolapatinatge.com\/es\/clases-de-patinaje-para-ninos\/\" \/>\n<meta property=\"og:locale\" content=\"es_ES\" \/>\n<meta property=\"og:type\" content=\"article\" \/>\n<meta property=\"og:title\" content=\"CLASES DE PATINAJE PARA NI\u00d1OS - Escola Oficial Patinatge Inline\" \/>\n<meta property=\"og:description\" content=\"CLASES DE PATINAJE PARA NI\u00d1OS Porque ense\u00f1ar a patinar a un ni\u00f1o nunca ser\u00e1 lo mismo que ense\u00f1ar a un adulto, las clases para los m\u00e1s peque\u00f1os se realizan totalmente aparte de las de los adultos y se basan en multitud de ejercicios que combinan juego y aprendizaje. Por supuesto, nuestros monitores cuentan con una [&hellip;]\" \/>\n<meta property=\"og:url\" content=\"https:\/\/escolapatinatge.com\/es\/clases-de-patinaje-para-ninos\/\" \/>\n<meta property=\"og:site_name\" content=\"Escola Oficial Patinatge Inline\" \/>\n<meta property=\"article:modified_time\" content=\"2020-07-11T16:41:35+00:00\" \/>\n<meta property=\"og:image\" content=\"http:\/\/escolapatinatge.com\/wp-content\/uploads\/2020\/01\/classes_nens_patinatge-1024x657.png\" \/>\n<meta name=\"twitter:card\" content=\"summary_large_image\" \/>\n<meta name=\"twitter:label1\" content=\"Tiempo de lectura\" \/>\n\t<meta name=\"twitter:data1\" content=\"1 minuto\" \/>\n<script type=\"application\/ld+json\" class=\"yoast-schema-graph\">{\"@context\":\"https:\/\/schema.org\",\"@graph\":[{\"@type\":\"WebPage\",\"@id\":\"https:\/\/escolapatinatge.com\/es\/clases-de-patinaje-para-ninos\/\",\"url\":\"https:\/\/escolapatinatge.com\/es\/clases-de-patinaje-para-ninos\/\",\"name\":\"CLASES DE PATINAJE PARA NI\u00d1OS - Escola Oficial Patinatge Inline\",\"isPartOf\":{\"@id\":\"http:\/\/escolapatinatge.com\/ca\/#website\"},\"datePublished\":\"2019-09-30T05:51:34+00:00\",\"dateModified\":\"2020-07-11T16:41:35+00:00\",\"breadcrumb\":{\"@id\":\"https:\/\/escolapatinatge.com\/es\/clases-de-patinaje-para-ninos\/#breadcrumb\"},\"inLanguage\":\"es\",\"potentialAction\":[{\"@type\":\"ReadAction\",\"target\":[\"https:\/\/escolapatinatge.com\/es\/clases-de-patinaje-para-ninos\/\"]}]},{\"@type\":\"BreadcrumbList\",\"@id\":\"https:\/\/escolapatinatge.com\/es\/clases-de-patinaje-para-ninos\/#breadcrumb\",\"itemListElement\":[{\"@type\":\"ListItem\",\"position\":1,\"name\":\"Inici\",\"item\":\"https:\/\/escolapatinatge.com\/es\/\"},{\"@type\":\"ListItem\",\"position\":2,\"name\":\"CLASES DE PATINAJE PARA NI\u00d1OS\"}]},{\"@type\":\"WebSite\",\"@id\":\"http:\/\/escolapatinatge.com\/ca\/#website\",\"url\":\"http:\/\/escolapatinatge.com\/ca\/\",\"name\":\"Escola Oficial Patinatge Inline\",\"description\":\"Clases de patinaje en Barcelona. Aprende a patinar en la mejor escuela de patinaje. Cursos para todas las edades y niveles.\",\"potentialAction\":[{\"@type\":\"SearchAction\",\"target\":{\"@type\":\"EntryPoint\",\"urlTemplate\":\"http:\/\/escolapatinatge.com\/ca\/?s={search_term_string}\"},\"query-input\":\"required name=search_term_string\"}],\"inLanguage\":\"es\"}]}<\/script>\n<!-- \/ Yoast SEO plugin. -->","yoast_head_json":{"title":"CLASES DE PATINAJE PARA NI\u00d1OS - Escola Oficial Patinatge Inline","robots":{"index":"index","follow":"follow","max-snippet":"max-snippet:-1","max-image-preview":"max-image-preview:large","max-video-preview":"max-video-preview:-1"},"canonical":"https:\/\/escolapatinatge.com\/es\/clases-de-patinaje-para-ninos\/","og_locale":"es_ES","og_type":"article","og_title":"CLASES DE PATINAJE PARA NI\u00d1OS - Escola Oficial Patinatge Inline","og_description":"CLASES DE PATINAJE PARA NI\u00d1OS Porque ense\u00f1ar a patinar a un ni\u00f1o nunca ser\u00e1 lo mismo que ense\u00f1ar a un adulto, las clases para los m\u00e1s peque\u00f1os se realizan totalmente aparte de las de los adultos y se basan en multitud de ejercicios que combinan juego y aprendizaje. Por supuesto, nuestros monitores cuentan con una [&hellip;]","og_url":"https:\/\/escolapatinatge.com\/es\/clases-de-patinaje-para-ninos\/","og_site_name":"Escola Oficial Patinatge Inline","article_modified_time":"2020-07-11T16:41:35+00:00","og_image":[{"url":"http:\/\/escolapatinatge.com\/wp-content\/uploads\/2020\/01\/classes_nens_patinatge-1024x657.png"}],"twitter_card":"summary_large_image","twitter_misc":{"Tiempo de lectura":"1 minuto"},"schema":{"@context":"https:\/\/schema.org","@graph":[{"@type":"WebPage","@id":"https:\/\/escolapatinatge.com\/es\/clases-de-patinaje-para-ninos\/","url":"https:\/\/escolapatinatge.com\/es\/clases-de-patinaje-para-ninos\/","name":"CLASES DE PATINAJE PARA NI\u00d1OS - Escola Oficial Patinatge Inline","isPartOf":{"@id":"http:\/\/escolapatinatge.com\/ca\/#website"},"datePublished":"2019-09-30T05:51:34+00:00","dateModified":"2020-07-11T16:41:35+00:00","breadcrumb":{"@id":"https:\/\/escolapatinatge.com\/es\/clases-de-patinaje-para-ninos\/#breadcrumb"},"inLanguage":"es","potentialAction":[{"@type":"ReadAction","target":["https:\/\/escolapatinatge.com\/es\/clases-de-patinaje-para-ninos\/"]}]},{"@type":"BreadcrumbList","@id":"https:\/\/escolapatinatge.com\/es\/clases-de-patinaje-para-ninos\/#breadcrumb","itemListElement":[{"@type":"ListItem","position":1,"name":"Inici","item":"https:\/\/escolapatinatge.com\/es\/"},{"@type":"ListItem","position":2,"name":"CLASES DE PATINAJE PARA NI\u00d1OS"}]},{"@type":"WebSite","@id":"http:\/\/escolapatinatge.com\/ca\/#website","url":"http:\/\/escolapatinatge.com\/ca\/","name":"Escola Oficial Patinatge Inline","description":"Clases de patinaje en Barcelona. Aprende a patinar en la mejor escuela de patinaje. Cursos para todas las edades y niveles.","potentialAction":[{"@type":"SearchAction","target":{"@type":"EntryPoint","urlTemplate":"http:\/\/escolapatinatge.com\/ca\/?s={search_term_string}"},"query-input":"required name=search_term_string"}],"inLanguage":"es"}]}},"_links":{"self":[{"href":"https:\/\/escolapatinatge.com\/es\/wp-json\/wp\/v2\/pages\/11947"}],"collection":[{"href":"https:\/\/escolapatinatge.com\/es\/wp-json\/wp\/v2\/pages"}],"about":[{"href":"https:\/\/escolapatinatge.com\/es\/wp-json\/wp\/v2\/types\/page"}],"author":[{"embeddable":true,"href":"https:\/\/escolapatinatge.com\/es\/wp-json\/wp\/v2\/users\/1"}],"replies":[{"embeddable":true,"href":"https:\/\/escolapatinatge.com\/es\/wp-json\/wp\/v2\/comments?post=11947"}],"version-history":[{"count":4,"href":"https:\/\/escolapatinatge.com\/es\/wp-json\/wp\/v2\/pages\/11947\/revisions"}],"predecessor-version":[{"id":11951,"href":"https:\/\/escolapatinatge.com\/es\/wp-json\/wp\/v2\/pages\/11947\/revisions\/11951"}],"wp:attachment":[{"href":"https:\/\/escolapatinatge.com\/es\/wp-json\/wp\/v2\/media?parent=11947"}],"curies":[{"name":"wp","href":"https:\/\/api.w.org\/{rel}","templated":true}]}}