{"id":11967,"date":"2019-09-30T07:43:11","date_gmt":"2019-09-30T05:43:11","guid":{"rendered":"http:\/\/escolapatinatge.com\/escola-dhoquei-linia\/"},"modified":"2020-07-18T13:47:55","modified_gmt":"2020-07-18T11:47:55","slug":"escuela-de-hockey-linea","status":"publish","type":"page","link":"https:\/\/escolapatinatge.com\/es\/escuela-de-hockey-linea\/","title":{"rendered":"ESCUELA DE HOCKEY L\u00cdNEA"},"content":{"rendered":"\t\t<div data-elementor-type=\"wp-post\" data-elementor-id=\"11967\" class=\"elementor elementor-11967 elementor-1081\">\n\t\t\t\t\t\t<div class=\"elementor-inner\">\n\t\t\t\t<div class=\"elementor-section-wrap\">\n\t\t\t\t\t\t\t\t\t<section class=\"elementor-section elementor-top-section elementor-element elementor-element-cd899c6 elementor-section-boxed elementor-section-height-default elementor-section-height-default\" data-id=\"cd899c6\" data-element_type=\"section\">\n\t\t\t\t\t\t<div class=\"elementor-container elementor-column-gap-default\">\n\t\t\t\t\t\t\t<div class=\"elementor-row\">\n\t\t\t\t\t<div class=\"elementor-column elementor-col-100 elementor-top-column elementor-element elementor-element-bd1340b\" data-id=\"bd1340b\" data-element_type=\"column\">\n\t\t\t<div class=\"elementor-column-wrap elementor-element-populated\">\n\t\t\t\t\t\t\t<div class=\"elementor-widget-wrap\">\n\t\t\t\t\t\t<section class=\"elementor-section elementor-inner-section elementor-element elementor-element-ccdeb8b elementor-section-boxed elementor-section-height-default elementor-section-height-default\" data-id=\"ccdeb8b\" data-element_type=\"section\">\n\t\t\t\t\t\t<div class=\"elementor-container elementor-column-gap-default\">\n\t\t\t\t\t\t\t<div class=\"elementor-row\">\n\t\t\t\t\t<div class=\"elementor-column elementor-col-100 elementor-inner-column elementor-element elementor-element-2c7644c\" data-id=\"2c7644c\" data-element_type=\"column\">\n\t\t\t<div class=\"elementor-column-wrap elementor-element-populated\">\n\t\t\t\t\t\t\t<div class=\"elementor-widget-wrap\">\n\t\t\t\t\t\t<div class=\"elementor-element elementor-element-cf55b2c elementor-widget elementor-widget-heading\" data-id=\"cf55b2c\" data-element_type=\"widget\" data-widget_type=\"heading.default\">\n\t\t\t\t<div class=\"elementor-widget-container\">\n\t\t\t<h2 class=\"elementor-heading-title elementor-size-default\">ESCUELA DE HOCKEY L\u00cdNEA<\/h2>\t\t<\/div>\n\t\t\t\t<\/div>\n\t\t\t\t\t\t<\/div>\n\t\t\t\t\t<\/div>\n\t\t<\/div>\n\t\t\t\t\t\t\t\t<\/div>\n\t\t\t\t\t<\/div>\n\t\t<\/section>\n\t\t\t\t\t\t<\/div>\n\t\t\t\t\t<\/div>\n\t\t<\/div>\n\t\t\t\t\t\t\t\t<\/div>\n\t\t\t\t\t<\/div>\n\t\t<\/section>\n\t\t\t\t<section class=\"elementor-section elementor-top-section elementor-element elementor-element-c31c0c4 elementor-section-boxed elementor-section-height-default elementor-section-height-default\" data-id=\"c31c0c4\" data-element_type=\"section\">\n\t\t\t\t\t\t<div class=\"elementor-container elementor-column-gap-default\">\n\t\t\t\t\t\t\t<div class=\"elementor-row\">\n\t\t\t\t\t<div class=\"elementor-column elementor-col-100 elementor-top-column elementor-element elementor-element-8628b00\" data-id=\"8628b00\" data-element_type=\"column\">\n\t\t\t<div class=\"elementor-column-wrap elementor-element-populated\">\n\t\t\t\t\t\t\t<div class=\"elementor-widget-wrap\">\n\t\t\t\t\t\t<section class=\"elementor-section elementor-inner-section elementor-element elementor-element-14e087a elementor-section-boxed elementor-section-height-default elementor-section-height-default\" data-id=\"14e087a\" data-element_type=\"section\">\n\t\t\t\t\t\t<div class=\"elementor-container elementor-column-gap-default\">\n\t\t\t\t\t\t\t<div class=\"elementor-row\">\n\t\t\t\t\t<div class=\"elementor-column elementor-col-50 elementor-inner-column elementor-element elementor-element-bb087c7\" data-id=\"bb087c7\" data-element_type=\"column\">\n\t\t\t<div class=\"elementor-column-wrap elementor-element-populated\">\n\t\t\t\t\t\t\t<div class=\"elementor-widget-wrap\">\n\t\t\t\t\t\t<div class=\"elementor-element elementor-element-4bb039c elementor-widget elementor-widget-image\" data-id=\"4bb039c\" data-element_type=\"widget\" data-widget_type=\"image.default\">\n\t\t\t\t<div class=\"elementor-widget-container\">\n\t\t\t\t\t\t\t\t<div class=\"elementor-image\">\n\t\t\t\t\t\t\t\t\t\t\t\t<img decoding=\"async\" width=\"960\" height=\"720\" src=\"https:\/\/escolapatinatge.com\/wp-content\/uploads\/2019\/08\/hockey_linia.jpg\" class=\"attachment-large size-large wp-image-965\" alt=\"Cursos d&#039;hoquei en l\u00ednia\" loading=\"lazy\" srcset=\"https:\/\/escolapatinatge.com\/wp-content\/uploads\/2019\/08\/hockey_linia.jpg 960w, https:\/\/escolapatinatge.com\/wp-content\/uploads\/2019\/08\/hockey_linia-300x225.jpg 300w, https:\/\/escolapatinatge.com\/wp-content\/uploads\/2019\/08\/hockey_linia-768x576.jpg 768w, https:\/\/escolapatinatge.com\/wp-content\/uploads\/2019\/08\/hockey_linia-600x450.jpg 600w\" sizes=\"(max-width: 960px) 100vw, 960px\" \/>\t\t\t\t\t\t\t\t\t\t\t\t\t\t<\/div>\n\t\t\t\t\t\t<\/div>\n\t\t\t\t<\/div>\n\t\t\t\t\t\t<\/div>\n\t\t\t\t\t<\/div>\n\t\t<\/div>\n\t\t\t\t<div class=\"elementor-column elementor-col-50 elementor-inner-column elementor-element elementor-element-15cd45b\" data-id=\"15cd45b\" data-element_type=\"column\">\n\t\t\t<div class=\"elementor-column-wrap elementor-element-populated\">\n\t\t\t\t\t\t\t<div class=\"elementor-widget-wrap\">\n\t\t\t\t\t\t<div class=\"elementor-element elementor-element-1f5a2a8 elementor-widget elementor-widget-text-editor\" data-id=\"1f5a2a8\" data-element_type=\"widget\" data-widget_type=\"text-editor.default\">\n\t\t\t\t<div class=\"elementor-widget-container\">\n\t\t\t\t\t\t\t\t<div class=\"elementor-text-editor elementor-clearfix\">\n\t\t\t\t<p>Quieres descubrir lo divertido que puede llegar a ser el hockey l\u00ednea?<\/p><p>En la Escuela Oficial de Patinaje Inline tambi\u00e9n ense\u00f1amos a jugar al hockey l\u00ednea, realizando clases amenas y divertidas que, adem\u00e1s, te ayudar\u00e1n a mejorar tu habilidad con los patines y equilibrio.<\/p><p>Tenemos el lujo de disponer de equipo de monitores que ha jugado o sigue haci\u00e9ndolo en equipos de mucho renombre en este deporte.<\/p><p>Hacemos un curso en formato monogr\u00e1fico durante el curso (4 domingos).<\/p>\t\t\t\t\t<\/div>\n\t\t\t\t\t\t<\/div>\n\t\t\t\t<\/div>\n\t\t\t\t\t\t<\/div>\n\t\t\t\t\t<\/div>\n\t\t<\/div>\n\t\t\t\t\t\t\t\t<\/div>\n\t\t\t\t\t<\/div>\n\t\t<\/section>\n\t\t\t\t\t\t<\/div>\n\t\t\t\t\t<\/div>\n\t\t<\/div>\n\t\t\t\t\t\t\t\t<\/div>\n\t\t\t\t\t<\/div>\n\t\t<\/section>\n\t\t\t\t\t\t\t\t\t<\/div>\n\t\t\t<\/div>\n\t\t\t\t\t<\/div>\n\t\t","protected":false},"excerpt":{"rendered":"<p>ESCUELA DE HOCKEY L\u00cdNEA Quieres descubrir lo divertido que puede llegar a ser el hockey l\u00ednea? En la Escuela Oficial de Patinaje Inline tambi\u00e9n ense\u00f1amos a jugar al hockey l\u00ednea, realizando clases amenas y divertidas que, adem\u00e1s, te ayudar\u00e1n a mejorar tu habilidad con los patines y equilibrio. Tenemos el lujo de disponer de equipo [&hellip;]<\/p>\n","protected":false},"author":1,"featured_media":0,"parent":0,"menu_order":0,"comment_status":"closed","ping_status":"closed","template":"page-templates\/fullwidth-content.php","meta":{"_mi_skip_tracking":false,"_monsterinsights_sitenote_active":false,"_monsterinsights_sitenote_note":"","_monsterinsights_sitenote_category":0},"yoast_head":"<!-- This site is optimized with the Yoast SEO plugin v20.8 - https:\/\/yoast.com\/wordpress\/plugins\/seo\/ -->\n<title>ESCUELA DE HOCKEY L\u00cdNEA - Escola Oficial Patinatge Inline<\/title>\n<meta name=\"robots\" content=\"index, follow, max-snippet:-1, max-image-preview:large, max-video-preview:-1\" \/>\n<link rel=\"canonical\" href=\"https:\/\/escolapatinatge.com\/es\/escuela-de-hockey-linea\/\" \/>\n<meta property=\"og:locale\" content=\"es_ES\" \/>\n<meta property=\"og:type\" content=\"article\" \/>\n<meta property=\"og:title\" content=\"ESCUELA DE HOCKEY L\u00cdNEA - Escola Oficial Patinatge Inline\" \/>\n<meta property=\"og:description\" content=\"ESCUELA DE HOCKEY L\u00cdNEA Quieres descubrir lo divertido que puede llegar a ser el hockey l\u00ednea? En la Escuela Oficial de Patinaje Inline tambi\u00e9n ense\u00f1amos a jugar al hockey l\u00ednea, realizando clases amenas y divertidas que, adem\u00e1s, te ayudar\u00e1n a mejorar tu habilidad con los patines y equilibrio. Tenemos el lujo de disponer de equipo [&hellip;]\" \/>\n<meta property=\"og:url\" content=\"https:\/\/escolapatinatge.com\/es\/escuela-de-hockey-linea\/\" \/>\n<meta property=\"og:site_name\" content=\"Escola Oficial Patinatge Inline\" \/>\n<meta property=\"article:modified_time\" content=\"2020-07-18T11:47:55+00:00\" \/>\n<meta property=\"og:image\" content=\"http:\/\/escolapatinatge.com\/wp-content\/uploads\/2019\/08\/hockey_linia.jpg\" \/>\n<meta name=\"twitter:card\" content=\"summary_large_image\" \/>\n<script type=\"application\/ld+json\" class=\"yoast-schema-graph\">{\"@context\":\"https:\/\/schema.org\",\"@graph\":[{\"@type\":\"WebPage\",\"@id\":\"https:\/\/escolapatinatge.com\/es\/escuela-de-hockey-linea\/\",\"url\":\"https:\/\/escolapatinatge.com\/es\/escuela-de-hockey-linea\/\",\"name\":\"ESCUELA DE HOCKEY L\u00cdNEA - Escola Oficial Patinatge Inline\",\"isPartOf\":{\"@id\":\"http:\/\/escolapatinatge.com\/ca\/#website\"},\"datePublished\":\"2019-09-30T05:43:11+00:00\",\"dateModified\":\"2020-07-18T11:47:55+00:00\",\"breadcrumb\":{\"@id\":\"https:\/\/escolapatinatge.com\/es\/escuela-de-hockey-linea\/#breadcrumb\"},\"inLanguage\":\"es\",\"potentialAction\":[{\"@type\":\"ReadAction\",\"target\":[\"https:\/\/escolapatinatge.com\/es\/escuela-de-hockey-linea\/\"]}]},{\"@type\":\"BreadcrumbList\",\"@id\":\"https:\/\/escolapatinatge.com\/es\/escuela-de-hockey-linea\/#breadcrumb\",\"itemListElement\":[{\"@type\":\"ListItem\",\"position\":1,\"name\":\"Inici\",\"item\":\"https:\/\/escolapatinatge.com\/es\/\"},{\"@type\":\"ListItem\",\"position\":2,\"name\":\"ESCUELA DE HOCKEY L\u00cdNEA\"}]},{\"@type\":\"WebSite\",\"@id\":\"http:\/\/escolapatinatge.com\/ca\/#website\",\"url\":\"http:\/\/escolapatinatge.com\/ca\/\",\"name\":\"Escola Oficial Patinatge Inline\",\"description\":\"Clases de patinaje en Barcelona. Aprende a patinar en la mejor escuela de patinaje. Cursos para todas las edades y niveles.\",\"potentialAction\":[{\"@type\":\"SearchAction\",\"target\":{\"@type\":\"EntryPoint\",\"urlTemplate\":\"http:\/\/escolapatinatge.com\/ca\/?s={search_term_string}\"},\"query-input\":\"required name=search_term_string\"}],\"inLanguage\":\"es\"}]}<\/script>\n<!-- \/ Yoast SEO plugin. -->","yoast_head_json":{"title":"ESCUELA DE HOCKEY L\u00cdNEA - Escola Oficial Patinatge Inline","robots":{"index":"index","follow":"follow","max-snippet":"max-snippet:-1","max-image-preview":"max-image-preview:large","max-video-preview":"max-video-preview:-1"},"canonical":"https:\/\/escolapatinatge.com\/es\/escuela-de-hockey-linea\/","og_locale":"es_ES","og_type":"article","og_title":"ESCUELA DE HOCKEY L\u00cdNEA - Escola Oficial Patinatge Inline","og_description":"ESCUELA DE HOCKEY L\u00cdNEA Quieres descubrir lo divertido que puede llegar a ser el hockey l\u00ednea? En la Escuela Oficial de Patinaje Inline tambi\u00e9n ense\u00f1amos a jugar al hockey l\u00ednea, realizando clases amenas y divertidas que, adem\u00e1s, te ayudar\u00e1n a mejorar tu habilidad con los patines y equilibrio. Tenemos el lujo de disponer de equipo [&hellip;]","og_url":"https:\/\/escolapatinatge.com\/es\/escuela-de-hockey-linea\/","og_site_name":"Escola Oficial Patinatge Inline","article_modified_time":"2020-07-18T11:47:55+00:00","og_image":[{"url":"http:\/\/escolapatinatge.com\/wp-content\/uploads\/2019\/08\/hockey_linia.jpg"}],"twitter_card":"summary_large_image","schema":{"@context":"https:\/\/schema.org","@graph":[{"@type":"WebPage","@id":"https:\/\/escolapatinatge.com\/es\/escuela-de-hockey-linea\/","url":"https:\/\/escolapatinatge.com\/es\/escuela-de-hockey-linea\/","name":"ESCUELA DE HOCKEY L\u00cdNEA - Escola Oficial Patinatge Inline","isPartOf":{"@id":"http:\/\/escolapatinatge.com\/ca\/#website"},"datePublished":"2019-09-30T05:43:11+00:00","dateModified":"2020-07-18T11:47:55+00:00","breadcrumb":{"@id":"https:\/\/escolapatinatge.com\/es\/escuela-de-hockey-linea\/#breadcrumb"},"inLanguage":"es","potentialAction":[{"@type":"ReadAction","target":["https:\/\/escolapatinatge.com\/es\/escuela-de-hockey-linea\/"]}]},{"@type":"BreadcrumbList","@id":"https:\/\/escolapatinatge.com\/es\/escuela-de-hockey-linea\/#breadcrumb","itemListElement":[{"@type":"ListItem","position":1,"name":"Inici","item":"https:\/\/escolapatinatge.com\/es\/"},{"@type":"ListItem","position":2,"name":"ESCUELA DE HOCKEY L\u00cdNEA"}]},{"@type":"WebSite","@id":"http:\/\/escolapatinatge.com\/ca\/#website","url":"http:\/\/escolapatinatge.com\/ca\/","name":"Escola Oficial Patinatge Inline","description":"Clases de patinaje en Barcelona. Aprende a patinar en la mejor escuela de patinaje. Cursos para todas las edades y niveles.","potentialAction":[{"@type":"SearchAction","target":{"@type":"EntryPoint","urlTemplate":"http:\/\/escolapatinatge.com\/ca\/?s={search_term_string}"},"query-input":"required name=search_term_string"}],"inLanguage":"es"}]}},"_links":{"self":[{"href":"https:\/\/escolapatinatge.com\/es\/wp-json\/wp\/v2\/pages\/11967"}],"collection":[{"href":"https:\/\/escolapatinatge.com\/es\/wp-json\/wp\/v2\/pages"}],"about":[{"href":"https:\/\/escolapatinatge.com\/es\/wp-json\/wp\/v2\/types\/page"}],"author":[{"embeddable":true,"href":"https:\/\/escolapatinatge.com\/es\/wp-json\/wp\/v2\/users\/1"}],"replies":[{"embeddable":true,"href":"https:\/\/escolapatinatge.com\/es\/wp-json\/wp\/v2\/comments?post=11967"}],"version-history":[{"count":2,"href":"https:\/\/escolapatinatge.com\/es\/wp-json\/wp\/v2\/pages\/11967\/revisions"}],"predecessor-version":[{"id":11969,"href":"https:\/\/escolapatinatge.com\/es\/wp-json\/wp\/v2\/pages\/11967\/revisions\/11969"}],"wp:attachment":[{"href":"https:\/\/escolapatinatge.com\/es\/wp-json\/wp\/v2\/media?parent=11967"}],"curies":[{"name":"wp","href":"https:\/\/api.w.org\/{rel}","templated":true}]}}