{"id":11971,"date":"2019-10-08T07:44:31","date_gmt":"2019-10-08T05:44:31","guid":{"rendered":"http:\/\/escolapatinatge.com\/classes-de-patinatge-de-velocitat\/"},"modified":"2020-07-18T20:07:23","modified_gmt":"2020-07-18T18:07:23","slug":"clases-de-patinaje-de-velocidad","status":"publish","type":"page","link":"https:\/\/escolapatinatge.com\/es\/clases-de-patinaje-de-velocidad\/","title":{"rendered":"CLASES DE PATINAJE DE VELOCIDAD"},"content":{"rendered":"\t\t<div data-elementor-type=\"wp-post\" data-elementor-id=\"11971\" class=\"elementor elementor-11971 elementor-1092\">\n\t\t\t\t\t\t<div class=\"elementor-inner\">\n\t\t\t\t<div class=\"elementor-section-wrap\">\n\t\t\t\t\t\t\t\t\t<section class=\"elementor-section elementor-top-section elementor-element elementor-element-a3b2ad1 elementor-section-boxed elementor-section-height-default elementor-section-height-default\" data-id=\"a3b2ad1\" data-element_type=\"section\">\n\t\t\t\t\t\t<div class=\"elementor-container elementor-column-gap-default\">\n\t\t\t\t\t\t\t<div class=\"elementor-row\">\n\t\t\t\t\t<div class=\"elementor-column elementor-col-100 elementor-top-column elementor-element elementor-element-88efa4f\" data-id=\"88efa4f\" data-element_type=\"column\">\n\t\t\t<div class=\"elementor-column-wrap elementor-element-populated\">\n\t\t\t\t\t\t\t<div class=\"elementor-widget-wrap\">\n\t\t\t\t\t\t<section class=\"elementor-section elementor-inner-section elementor-element elementor-element-5bcea50 elementor-section-boxed elementor-section-height-default elementor-section-height-default\" data-id=\"5bcea50\" data-element_type=\"section\">\n\t\t\t\t\t\t<div class=\"elementor-container elementor-column-gap-default\">\n\t\t\t\t\t\t\t<div class=\"elementor-row\">\n\t\t\t\t\t<div class=\"elementor-column elementor-col-100 elementor-inner-column elementor-element elementor-element-a274649\" data-id=\"a274649\" data-element_type=\"column\">\n\t\t\t<div class=\"elementor-column-wrap elementor-element-populated\">\n\t\t\t\t\t\t\t<div class=\"elementor-widget-wrap\">\n\t\t\t\t\t\t<div class=\"elementor-element elementor-element-c3fb49c elementor-widget elementor-widget-heading\" data-id=\"c3fb49c\" data-element_type=\"widget\" data-widget_type=\"heading.default\">\n\t\t\t\t<div class=\"elementor-widget-container\">\n\t\t\t<h2 class=\"elementor-heading-title elementor-size-default\">CLASES Y CURSOS DE PATINAJE DE VELOCIDAD<\/h2>\t\t<\/div>\n\t\t\t\t<\/div>\n\t\t\t\t\t\t<\/div>\n\t\t\t\t\t<\/div>\n\t\t<\/div>\n\t\t\t\t\t\t\t\t<\/div>\n\t\t\t\t\t<\/div>\n\t\t<\/section>\n\t\t\t\t\t\t<\/div>\n\t\t\t\t\t<\/div>\n\t\t<\/div>\n\t\t\t\t\t\t\t\t<\/div>\n\t\t\t\t\t<\/div>\n\t\t<\/section>\n\t\t\t\t<section class=\"elementor-section elementor-top-section elementor-element elementor-element-01baf88 elementor-section-boxed elementor-section-height-default elementor-section-height-default\" data-id=\"01baf88\" data-element_type=\"section\">\n\t\t\t\t\t\t<div class=\"elementor-container elementor-column-gap-default\">\n\t\t\t\t\t\t\t<div class=\"elementor-row\">\n\t\t\t\t\t<div class=\"elementor-column elementor-col-100 elementor-top-column elementor-element elementor-element-04dea7f\" data-id=\"04dea7f\" data-element_type=\"column\">\n\t\t\t<div class=\"elementor-column-wrap elementor-element-populated\">\n\t\t\t\t\t\t\t<div class=\"elementor-widget-wrap\">\n\t\t\t\t\t\t<section class=\"elementor-section elementor-inner-section elementor-element elementor-element-a2838cb elementor-section-boxed elementor-section-height-default elementor-section-height-default\" data-id=\"a2838cb\" data-element_type=\"section\">\n\t\t\t\t\t\t<div class=\"elementor-container elementor-column-gap-default\">\n\t\t\t\t\t\t\t<div class=\"elementor-row\">\n\t\t\t\t\t<div class=\"elementor-column elementor-col-50 elementor-inner-column elementor-element elementor-element-7f10f8e\" data-id=\"7f10f8e\" data-element_type=\"column\">\n\t\t\t<div class=\"elementor-column-wrap elementor-element-populated\">\n\t\t\t\t\t\t\t<div class=\"elementor-widget-wrap\">\n\t\t\t\t\t\t<div class=\"elementor-element elementor-element-4f66dd2 elementor-widget elementor-widget-image\" data-id=\"4f66dd2\" data-element_type=\"widget\" data-widget_type=\"image.default\">\n\t\t\t\t<div class=\"elementor-widget-container\">\n\t\t\t\t\t\t\t\t<div class=\"elementor-image\">\n\t\t\t\t\t\t\t\t\t\t\t\t<img decoding=\"async\" width=\"1024\" height=\"765\" src=\"https:\/\/escolapatinatge.com\/wp-content\/uploads\/2019\/09\/curs_patinatge_velocitat-1-1024x765.jpg\" class=\"attachment-large size-large wp-image-1035\" alt=\"Cursos de patinatge de velocitat\" loading=\"lazy\" srcset=\"https:\/\/escolapatinatge.com\/wp-content\/uploads\/2019\/09\/curs_patinatge_velocitat-1-1024x765.jpg 1024w, https:\/\/escolapatinatge.com\/wp-content\/uploads\/2019\/09\/curs_patinatge_velocitat-1-300x224.jpg 300w, https:\/\/escolapatinatge.com\/wp-content\/uploads\/2019\/09\/curs_patinatge_velocitat-1-768x574.jpg 768w, https:\/\/escolapatinatge.com\/wp-content\/uploads\/2019\/09\/curs_patinatge_velocitat-1-600x448.jpg 600w, https:\/\/escolapatinatge.com\/wp-content\/uploads\/2019\/09\/curs_patinatge_velocitat-1.jpg 1280w\" sizes=\"(max-width: 1024px) 100vw, 1024px\" \/>\t\t\t\t\t\t\t\t\t\t\t\t\t\t<\/div>\n\t\t\t\t\t\t<\/div>\n\t\t\t\t<\/div>\n\t\t\t\t\t\t<\/div>\n\t\t\t\t\t<\/div>\n\t\t<\/div>\n\t\t\t\t<div class=\"elementor-column elementor-col-50 elementor-inner-column elementor-element elementor-element-a001159\" data-id=\"a001159\" data-element_type=\"column\">\n\t\t\t<div class=\"elementor-column-wrap elementor-element-populated\">\n\t\t\t\t\t\t\t<div class=\"elementor-widget-wrap\">\n\t\t\t\t\t\t<div class=\"elementor-element elementor-element-4a22654 elementor-widget elementor-widget-text-editor\" data-id=\"4a22654\" data-element_type=\"widget\" data-widget_type=\"text-editor.default\">\n\t\t\t\t<div class=\"elementor-widget-container\">\n\t\t\t\t\t\t\t\t<div class=\"elementor-text-editor elementor-clearfix\">\n\t\t\t\t<p>Un par de veces al a\u00f1o realizamos cursos monogr\u00e1ficos de patinaje de velocidad. El objetivo es acercar la modalidad de patinaje de velocidad a nuestros alumnos, para que mejoren su t\u00e9cnica de patinaje y consigan adem\u00e1s sacar m\u00e1s rendimiento a sus patines cuando van, por ejemplo, de ruta urbana.<\/p><p>En estos cursos, se ense\u00f1an tanto conceptos t\u00e9cnicos como de preparaci\u00f3n f\u00edsica, para que nuestros alumnos conozcan y dominen esta modalidad tan espectacular.<\/p>\t\t\t\t\t<\/div>\n\t\t\t\t\t\t<\/div>\n\t\t\t\t<\/div>\n\t\t\t\t\t\t<\/div>\n\t\t\t\t\t<\/div>\n\t\t<\/div>\n\t\t\t\t\t\t\t\t<\/div>\n\t\t\t\t\t<\/div>\n\t\t<\/section>\n\t\t\t\t\t\t<\/div>\n\t\t\t\t\t<\/div>\n\t\t<\/div>\n\t\t\t\t\t\t\t\t<\/div>\n\t\t\t\t\t<\/div>\n\t\t<\/section>\n\t\t\t\t\t\t\t\t\t<\/div>\n\t\t\t<\/div>\n\t\t\t\t\t<\/div>\n\t\t","protected":false},"excerpt":{"rendered":"<p>CLASES Y CURSOS DE PATINAJE DE VELOCIDAD Un par de veces al a\u00f1o realizamos cursos monogr\u00e1ficos de patinaje de velocidad. El objetivo es acercar la modalidad de patinaje de velocidad a nuestros alumnos, para que mejoren su t\u00e9cnica de patinaje y consigan adem\u00e1s sacar m\u00e1s rendimiento a sus patines cuando van, por ejemplo, de ruta [&hellip;]<\/p>\n","protected":false},"author":1,"featured_media":0,"parent":0,"menu_order":0,"comment_status":"closed","ping_status":"closed","template":"page-templates\/fullwidth-content.php","meta":{"_mi_skip_tracking":false,"_monsterinsights_sitenote_active":false,"_monsterinsights_sitenote_note":"","_monsterinsights_sitenote_category":0},"yoast_head":"<!-- This site is optimized with the Yoast SEO plugin v20.8 - https:\/\/yoast.com\/wordpress\/plugins\/seo\/ -->\n<title>CLASES DE PATINAJE DE VELOCIDAD - Escola Oficial Patinatge Inline<\/title>\n<meta name=\"robots\" content=\"index, follow, max-snippet:-1, max-image-preview:large, max-video-preview:-1\" \/>\n<link rel=\"canonical\" href=\"https:\/\/escolapatinatge.com\/es\/clases-de-patinaje-de-velocidad\/\" \/>\n<meta property=\"og:locale\" content=\"es_ES\" \/>\n<meta property=\"og:type\" content=\"article\" \/>\n<meta property=\"og:title\" content=\"CLASES DE PATINAJE DE VELOCIDAD - Escola Oficial Patinatge Inline\" \/>\n<meta property=\"og:description\" content=\"CLASES Y CURSOS DE PATINAJE DE VELOCIDAD Un par de veces al a\u00f1o realizamos cursos monogr\u00e1ficos de patinaje de velocidad. El objetivo es acercar la modalidad de patinaje de velocidad a nuestros alumnos, para que mejoren su t\u00e9cnica de patinaje y consigan adem\u00e1s sacar m\u00e1s rendimiento a sus patines cuando van, por ejemplo, de ruta [&hellip;]\" \/>\n<meta property=\"og:url\" content=\"https:\/\/escolapatinatge.com\/es\/clases-de-patinaje-de-velocidad\/\" \/>\n<meta property=\"og:site_name\" content=\"Escola Oficial Patinatge Inline\" \/>\n<meta property=\"article:modified_time\" content=\"2020-07-18T18:07:23+00:00\" \/>\n<meta property=\"og:image\" content=\"http:\/\/escolapatinatge.com\/wp-content\/uploads\/2019\/09\/curs_patinatge_velocitat-1-1024x765.jpg\" \/>\n<meta name=\"twitter:card\" content=\"summary_large_image\" \/>\n<script type=\"application\/ld+json\" class=\"yoast-schema-graph\">{\"@context\":\"https:\/\/schema.org\",\"@graph\":[{\"@type\":\"WebPage\",\"@id\":\"https:\/\/escolapatinatge.com\/es\/clases-de-patinaje-de-velocidad\/\",\"url\":\"https:\/\/escolapatinatge.com\/es\/clases-de-patinaje-de-velocidad\/\",\"name\":\"CLASES DE PATINAJE DE VELOCIDAD - Escola Oficial Patinatge Inline\",\"isPartOf\":{\"@id\":\"http:\/\/escolapatinatge.com\/ca\/#website\"},\"datePublished\":\"2019-10-08T05:44:31+00:00\",\"dateModified\":\"2020-07-18T18:07:23+00:00\",\"breadcrumb\":{\"@id\":\"https:\/\/escolapatinatge.com\/es\/clases-de-patinaje-de-velocidad\/#breadcrumb\"},\"inLanguage\":\"es\",\"potentialAction\":[{\"@type\":\"ReadAction\",\"target\":[\"https:\/\/escolapatinatge.com\/es\/clases-de-patinaje-de-velocidad\/\"]}]},{\"@type\":\"BreadcrumbList\",\"@id\":\"https:\/\/escolapatinatge.com\/es\/clases-de-patinaje-de-velocidad\/#breadcrumb\",\"itemListElement\":[{\"@type\":\"ListItem\",\"position\":1,\"name\":\"Inici\",\"item\":\"https:\/\/escolapatinatge.com\/es\/\"},{\"@type\":\"ListItem\",\"position\":2,\"name\":\"CLASES DE PATINAJE DE VELOCIDAD\"}]},{\"@type\":\"WebSite\",\"@id\":\"http:\/\/escolapatinatge.com\/ca\/#website\",\"url\":\"http:\/\/escolapatinatge.com\/ca\/\",\"name\":\"Escola Oficial Patinatge Inline\",\"description\":\"Clases de patinaje en Barcelona. Aprende a patinar en la mejor escuela de patinaje. Cursos para todas las edades y niveles.\",\"potentialAction\":[{\"@type\":\"SearchAction\",\"target\":{\"@type\":\"EntryPoint\",\"urlTemplate\":\"http:\/\/escolapatinatge.com\/ca\/?s={search_term_string}\"},\"query-input\":\"required name=search_term_string\"}],\"inLanguage\":\"es\"}]}<\/script>\n<!-- \/ Yoast SEO plugin. -->","yoast_head_json":{"title":"CLASES DE PATINAJE DE VELOCIDAD - Escola Oficial Patinatge Inline","robots":{"index":"index","follow":"follow","max-snippet":"max-snippet:-1","max-image-preview":"max-image-preview:large","max-video-preview":"max-video-preview:-1"},"canonical":"https:\/\/escolapatinatge.com\/es\/clases-de-patinaje-de-velocidad\/","og_locale":"es_ES","og_type":"article","og_title":"CLASES DE PATINAJE DE VELOCIDAD - Escola Oficial Patinatge Inline","og_description":"CLASES Y CURSOS DE PATINAJE DE VELOCIDAD Un par de veces al a\u00f1o realizamos cursos monogr\u00e1ficos de patinaje de velocidad. El objetivo es acercar la modalidad de patinaje de velocidad a nuestros alumnos, para que mejoren su t\u00e9cnica de patinaje y consigan adem\u00e1s sacar m\u00e1s rendimiento a sus patines cuando van, por ejemplo, de ruta [&hellip;]","og_url":"https:\/\/escolapatinatge.com\/es\/clases-de-patinaje-de-velocidad\/","og_site_name":"Escola Oficial Patinatge Inline","article_modified_time":"2020-07-18T18:07:23+00:00","og_image":[{"url":"http:\/\/escolapatinatge.com\/wp-content\/uploads\/2019\/09\/curs_patinatge_velocitat-1-1024x765.jpg"}],"twitter_card":"summary_large_image","schema":{"@context":"https:\/\/schema.org","@graph":[{"@type":"WebPage","@id":"https:\/\/escolapatinatge.com\/es\/clases-de-patinaje-de-velocidad\/","url":"https:\/\/escolapatinatge.com\/es\/clases-de-patinaje-de-velocidad\/","name":"CLASES DE PATINAJE DE VELOCIDAD - Escola Oficial Patinatge Inline","isPartOf":{"@id":"http:\/\/escolapatinatge.com\/ca\/#website"},"datePublished":"2019-10-08T05:44:31+00:00","dateModified":"2020-07-18T18:07:23+00:00","breadcrumb":{"@id":"https:\/\/escolapatinatge.com\/es\/clases-de-patinaje-de-velocidad\/#breadcrumb"},"inLanguage":"es","potentialAction":[{"@type":"ReadAction","target":["https:\/\/escolapatinatge.com\/es\/clases-de-patinaje-de-velocidad\/"]}]},{"@type":"BreadcrumbList","@id":"https:\/\/escolapatinatge.com\/es\/clases-de-patinaje-de-velocidad\/#breadcrumb","itemListElement":[{"@type":"ListItem","position":1,"name":"Inici","item":"https:\/\/escolapatinatge.com\/es\/"},{"@type":"ListItem","position":2,"name":"CLASES DE PATINAJE DE VELOCIDAD"}]},{"@type":"WebSite","@id":"http:\/\/escolapatinatge.com\/ca\/#website","url":"http:\/\/escolapatinatge.com\/ca\/","name":"Escola Oficial Patinatge Inline","description":"Clases de patinaje en Barcelona. Aprende a patinar en la mejor escuela de patinaje. Cursos para todas las edades y niveles.","potentialAction":[{"@type":"SearchAction","target":{"@type":"EntryPoint","urlTemplate":"http:\/\/escolapatinatge.com\/ca\/?s={search_term_string}"},"query-input":"required name=search_term_string"}],"inLanguage":"es"}]}},"_links":{"self":[{"href":"https:\/\/escolapatinatge.com\/es\/wp-json\/wp\/v2\/pages\/11971"}],"collection":[{"href":"https:\/\/escolapatinatge.com\/es\/wp-json\/wp\/v2\/pages"}],"about":[{"href":"https:\/\/escolapatinatge.com\/es\/wp-json\/wp\/v2\/types\/page"}],"author":[{"embeddable":true,"href":"https:\/\/escolapatinatge.com\/es\/wp-json\/wp\/v2\/users\/1"}],"replies":[{"embeddable":true,"href":"https:\/\/escolapatinatge.com\/es\/wp-json\/wp\/v2\/comments?post=11971"}],"version-history":[{"count":2,"href":"https:\/\/escolapatinatge.com\/es\/wp-json\/wp\/v2\/pages\/11971\/revisions"}],"predecessor-version":[{"id":11973,"href":"https:\/\/escolapatinatge.com\/es\/wp-json\/wp\/v2\/pages\/11971\/revisions\/11973"}],"wp:attachment":[{"href":"https:\/\/escolapatinatge.com\/es\/wp-json\/wp\/v2\/media?parent=11971"}],"curies":[{"name":"wp","href":"https:\/\/api.w.org\/{rel}","templated":true}]}}