{"id":11976,"date":"2019-10-12T17:16:50","date_gmt":"2019-10-12T15:16:50","guid":{"rendered":"http:\/\/escolapatinatge.com\/classes-de-descens\/"},"modified":"2020-07-18T20:17:13","modified_gmt":"2020-07-18T18:17:13","slug":"clases-de-descenso","status":"publish","type":"page","link":"https:\/\/escolapatinatge.com\/es\/clases-de-descenso\/","title":{"rendered":"CLASES DE DESCENSO"},"content":{"rendered":"\t\t<div data-elementor-type=\"wp-post\" data-elementor-id=\"11976\" class=\"elementor elementor-11976 elementor-1098\">\n\t\t\t\t\t\t<div class=\"elementor-inner\">\n\t\t\t\t<div class=\"elementor-section-wrap\">\n\t\t\t\t\t\t\t\t\t<section class=\"elementor-section elementor-top-section elementor-element elementor-element-e88c830 elementor-section-boxed elementor-section-height-default elementor-section-height-default\" data-id=\"e88c830\" data-element_type=\"section\">\n\t\t\t\t\t\t<div class=\"elementor-container elementor-column-gap-default\">\n\t\t\t\t\t\t\t<div class=\"elementor-row\">\n\t\t\t\t\t<div class=\"elementor-column elementor-col-100 elementor-top-column elementor-element elementor-element-938f211\" data-id=\"938f211\" data-element_type=\"column\">\n\t\t\t<div class=\"elementor-column-wrap elementor-element-populated\">\n\t\t\t\t\t\t\t<div class=\"elementor-widget-wrap\">\n\t\t\t\t\t\t<section class=\"elementor-section elementor-inner-section elementor-element elementor-element-c4b1f34 elementor-section-boxed elementor-section-height-default elementor-section-height-default\" data-id=\"c4b1f34\" data-element_type=\"section\">\n\t\t\t\t\t\t<div class=\"elementor-container elementor-column-gap-default\">\n\t\t\t\t\t\t\t<div class=\"elementor-row\">\n\t\t\t\t\t<div class=\"elementor-column elementor-col-100 elementor-inner-column elementor-element elementor-element-4a6c604\" data-id=\"4a6c604\" data-element_type=\"column\">\n\t\t\t<div class=\"elementor-column-wrap elementor-element-populated\">\n\t\t\t\t\t\t\t<div class=\"elementor-widget-wrap\">\n\t\t\t\t\t\t<div class=\"elementor-element elementor-element-7c66050 elementor-widget elementor-widget-heading\" data-id=\"7c66050\" data-element_type=\"widget\" data-widget_type=\"heading.default\">\n\t\t\t\t<div class=\"elementor-widget-container\">\n\t\t\t<h2 class=\"elementor-heading-title elementor-size-default\">CLASES DE DESCENSO EN PATINES<\/h2>\t\t<\/div>\n\t\t\t\t<\/div>\n\t\t\t\t\t\t<\/div>\n\t\t\t\t\t<\/div>\n\t\t<\/div>\n\t\t\t\t\t\t\t\t<\/div>\n\t\t\t\t\t<\/div>\n\t\t<\/section>\n\t\t\t\t\t\t<\/div>\n\t\t\t\t\t<\/div>\n\t\t<\/div>\n\t\t\t\t\t\t\t\t<\/div>\n\t\t\t\t\t<\/div>\n\t\t<\/section>\n\t\t\t\t<section class=\"elementor-section elementor-top-section elementor-element elementor-element-05ec379 elementor-section-boxed elementor-section-height-default elementor-section-height-default\" data-id=\"05ec379\" data-element_type=\"section\">\n\t\t\t\t\t\t<div class=\"elementor-container elementor-column-gap-default\">\n\t\t\t\t\t\t\t<div class=\"elementor-row\">\n\t\t\t\t\t<div class=\"elementor-column elementor-col-100 elementor-top-column elementor-element elementor-element-3463e60\" data-id=\"3463e60\" data-element_type=\"column\">\n\t\t\t<div class=\"elementor-column-wrap elementor-element-populated\">\n\t\t\t\t\t\t\t<div class=\"elementor-widget-wrap\">\n\t\t\t\t\t\t<section class=\"elementor-section elementor-inner-section elementor-element elementor-element-9f79bb3 elementor-section-boxed elementor-section-height-default elementor-section-height-default\" data-id=\"9f79bb3\" data-element_type=\"section\">\n\t\t\t\t\t\t<div class=\"elementor-container elementor-column-gap-default\">\n\t\t\t\t\t\t\t<div class=\"elementor-row\">\n\t\t\t\t\t<div class=\"elementor-column elementor-col-50 elementor-inner-column elementor-element elementor-element-a64c136\" data-id=\"a64c136\" data-element_type=\"column\">\n\t\t\t<div class=\"elementor-column-wrap elementor-element-populated\">\n\t\t\t\t\t\t\t<div class=\"elementor-widget-wrap\">\n\t\t\t\t\t\t<div class=\"elementor-element elementor-element-e4f4904 elementor-widget elementor-widget-image\" data-id=\"e4f4904\" data-element_type=\"widget\" data-widget_type=\"image.default\">\n\t\t\t\t<div class=\"elementor-widget-container\">\n\t\t\t\t\t\t\t\t<div class=\"elementor-image\">\n\t\t\t\t\t\t\t\t\t\t\t\t<img decoding=\"async\" width=\"574\" height=\"404\" src=\"https:\/\/escolapatinatge.com\/wp-content\/uploads\/2019\/09\/classes_descens_downhill.png\" class=\"attachment-large size-large wp-image-987\" alt=\"Classes de Descens Downhill\" loading=\"lazy\" srcset=\"https:\/\/escolapatinatge.com\/wp-content\/uploads\/2019\/09\/classes_descens_downhill.png 574w, https:\/\/escolapatinatge.com\/wp-content\/uploads\/2019\/09\/classes_descens_downhill-300x211.png 300w\" sizes=\"(max-width: 574px) 100vw, 574px\" \/>\t\t\t\t\t\t\t\t\t\t\t\t\t\t<\/div>\n\t\t\t\t\t\t<\/div>\n\t\t\t\t<\/div>\n\t\t\t\t\t\t<\/div>\n\t\t\t\t\t<\/div>\n\t\t<\/div>\n\t\t\t\t<div class=\"elementor-column elementor-col-50 elementor-inner-column elementor-element elementor-element-6012149\" data-id=\"6012149\" data-element_type=\"column\">\n\t\t\t<div class=\"elementor-column-wrap elementor-element-populated\">\n\t\t\t\t\t\t\t<div class=\"elementor-widget-wrap\">\n\t\t\t\t\t\t<div class=\"elementor-element elementor-element-0e601d1 elementor-widget elementor-widget-text-editor\" data-id=\"0e601d1\" data-element_type=\"widget\" data-widget_type=\"text-editor.default\">\n\t\t\t\t<div class=\"elementor-widget-container\">\n\t\t\t\t\t\t\t\t<div class=\"elementor-text-editor elementor-clearfix\">\n\t\t\t\t<p>Uno de los problemas con que se encuentra el patinador novato, es el de afrontar una bajada en patines. Es por ello, que realizamos de manera peri\u00f3dica, clases de patinaje especialmente enfocadas a afrontar con seguridad cualquier bajada o pendiente en patines.<\/p><p>Asimismo, realizamos clases de descenso en patines para patinadores m\u00e1s expertos explicando todas las t\u00e9cnicas y f\u00f3rmulas para bajar una pendiente con la m\u00e1xima eficiencia y seguridad posibles. Estas clases est\u00e1n incluidas dentro del temario a lo largo de todo el curso.<\/p>\t\t\t\t\t<\/div>\n\t\t\t\t\t\t<\/div>\n\t\t\t\t<\/div>\n\t\t\t\t\t\t<\/div>\n\t\t\t\t\t<\/div>\n\t\t<\/div>\n\t\t\t\t\t\t\t\t<\/div>\n\t\t\t\t\t<\/div>\n\t\t<\/section>\n\t\t\t\t\t\t<\/div>\n\t\t\t\t\t<\/div>\n\t\t<\/div>\n\t\t\t\t\t\t\t\t<\/div>\n\t\t\t\t\t<\/div>\n\t\t<\/section>\n\t\t\t\t\t\t\t\t\t<\/div>\n\t\t\t<\/div>\n\t\t\t\t\t<\/div>\n\t\t","protected":false},"excerpt":{"rendered":"<p>CLASES DE DESCENSO EN PATINES Uno de los problemas con que se encuentra el patinador novato, es el de afrontar una bajada en patines. Es por ello, que realizamos de manera peri\u00f3dica, clases de patinaje especialmente enfocadas a afrontar con seguridad cualquier bajada o pendiente en patines. Asimismo, realizamos clases de descenso en patines para [&hellip;]<\/p>\n","protected":false},"author":1,"featured_media":0,"parent":0,"menu_order":0,"comment_status":"closed","ping_status":"closed","template":"page-templates\/fullwidth-content.php","meta":{"_mi_skip_tracking":false,"_monsterinsights_sitenote_active":false,"_monsterinsights_sitenote_note":"","_monsterinsights_sitenote_category":0},"yoast_head":"<!-- This site is optimized with the Yoast SEO plugin v20.8 - https:\/\/yoast.com\/wordpress\/plugins\/seo\/ -->\n<title>CLASES DE DESCENSO - Escola Oficial Patinatge Inline<\/title>\n<meta name=\"robots\" content=\"index, follow, max-snippet:-1, max-image-preview:large, max-video-preview:-1\" \/>\n<link rel=\"canonical\" href=\"http:\/\/escolapatinatge.com\/es\/clases-de-descenso\/\" \/>\n<meta property=\"og:locale\" content=\"es_ES\" \/>\n<meta property=\"og:type\" content=\"article\" \/>\n<meta property=\"og:title\" content=\"CLASES DE DESCENSO - Escola Oficial Patinatge Inline\" \/>\n<meta property=\"og:description\" content=\"CLASES DE DESCENSO EN PATINES Uno de los problemas con que se encuentra el patinador novato, es el de afrontar una bajada en patines. Es por ello, que realizamos de manera peri\u00f3dica, clases de patinaje especialmente enfocadas a afrontar con seguridad cualquier bajada o pendiente en patines. Asimismo, realizamos clases de descenso en patines para [&hellip;]\" \/>\n<meta property=\"og:url\" content=\"http:\/\/escolapatinatge.com\/es\/clases-de-descenso\/\" \/>\n<meta property=\"og:site_name\" content=\"Escola Oficial Patinatge Inline\" \/>\n<meta property=\"article:modified_time\" content=\"2020-07-18T18:17:13+00:00\" \/>\n<meta property=\"og:image\" content=\"http:\/\/escolapatinatge.com\/wp-content\/uploads\/2019\/09\/classes_descens_downhill.png\" \/>\n<meta name=\"twitter:card\" content=\"summary_large_image\" \/>\n<script type=\"application\/ld+json\" class=\"yoast-schema-graph\">{\"@context\":\"https:\/\/schema.org\",\"@graph\":[{\"@type\":\"WebPage\",\"@id\":\"http:\/\/escolapatinatge.com\/es\/clases-de-descenso\/\",\"url\":\"http:\/\/escolapatinatge.com\/es\/clases-de-descenso\/\",\"name\":\"CLASES DE DESCENSO - Escola Oficial Patinatge Inline\",\"isPartOf\":{\"@id\":\"http:\/\/escolapatinatge.com\/ca\/#website\"},\"datePublished\":\"2019-10-12T15:16:50+00:00\",\"dateModified\":\"2020-07-18T18:17:13+00:00\",\"breadcrumb\":{\"@id\":\"http:\/\/escolapatinatge.com\/es\/clases-de-descenso\/#breadcrumb\"},\"inLanguage\":\"es\",\"potentialAction\":[{\"@type\":\"ReadAction\",\"target\":[\"http:\/\/escolapatinatge.com\/es\/clases-de-descenso\/\"]}]},{\"@type\":\"BreadcrumbList\",\"@id\":\"http:\/\/escolapatinatge.com\/es\/clases-de-descenso\/#breadcrumb\",\"itemListElement\":[{\"@type\":\"ListItem\",\"position\":1,\"name\":\"Inici\",\"item\":\"https:\/\/escolapatinatge.com\/es\/\"},{\"@type\":\"ListItem\",\"position\":2,\"name\":\"CLASES DE DESCENSO\"}]},{\"@type\":\"WebSite\",\"@id\":\"http:\/\/escolapatinatge.com\/ca\/#website\",\"url\":\"http:\/\/escolapatinatge.com\/ca\/\",\"name\":\"Escola Oficial Patinatge Inline\",\"description\":\"Clases de patinaje en Barcelona. Aprende a patinar en la mejor escuela de patinaje. Cursos para todas las edades y niveles.\",\"potentialAction\":[{\"@type\":\"SearchAction\",\"target\":{\"@type\":\"EntryPoint\",\"urlTemplate\":\"http:\/\/escolapatinatge.com\/ca\/?s={search_term_string}\"},\"query-input\":\"required name=search_term_string\"}],\"inLanguage\":\"es\"}]}<\/script>\n<!-- \/ Yoast SEO plugin. -->","yoast_head_json":{"title":"CLASES DE DESCENSO - Escola Oficial Patinatge Inline","robots":{"index":"index","follow":"follow","max-snippet":"max-snippet:-1","max-image-preview":"max-image-preview:large","max-video-preview":"max-video-preview:-1"},"canonical":"http:\/\/escolapatinatge.com\/es\/clases-de-descenso\/","og_locale":"es_ES","og_type":"article","og_title":"CLASES DE DESCENSO - Escola Oficial Patinatge Inline","og_description":"CLASES DE DESCENSO EN PATINES Uno de los problemas con que se encuentra el patinador novato, es el de afrontar una bajada en patines. Es por ello, que realizamos de manera peri\u00f3dica, clases de patinaje especialmente enfocadas a afrontar con seguridad cualquier bajada o pendiente en patines. Asimismo, realizamos clases de descenso en patines para [&hellip;]","og_url":"http:\/\/escolapatinatge.com\/es\/clases-de-descenso\/","og_site_name":"Escola Oficial Patinatge Inline","article_modified_time":"2020-07-18T18:17:13+00:00","og_image":[{"url":"http:\/\/escolapatinatge.com\/wp-content\/uploads\/2019\/09\/classes_descens_downhill.png"}],"twitter_card":"summary_large_image","schema":{"@context":"https:\/\/schema.org","@graph":[{"@type":"WebPage","@id":"http:\/\/escolapatinatge.com\/es\/clases-de-descenso\/","url":"http:\/\/escolapatinatge.com\/es\/clases-de-descenso\/","name":"CLASES DE DESCENSO - Escola Oficial Patinatge Inline","isPartOf":{"@id":"http:\/\/escolapatinatge.com\/ca\/#website"},"datePublished":"2019-10-12T15:16:50+00:00","dateModified":"2020-07-18T18:17:13+00:00","breadcrumb":{"@id":"http:\/\/escolapatinatge.com\/es\/clases-de-descenso\/#breadcrumb"},"inLanguage":"es","potentialAction":[{"@type":"ReadAction","target":["http:\/\/escolapatinatge.com\/es\/clases-de-descenso\/"]}]},{"@type":"BreadcrumbList","@id":"http:\/\/escolapatinatge.com\/es\/clases-de-descenso\/#breadcrumb","itemListElement":[{"@type":"ListItem","position":1,"name":"Inici","item":"https:\/\/escolapatinatge.com\/es\/"},{"@type":"ListItem","position":2,"name":"CLASES DE DESCENSO"}]},{"@type":"WebSite","@id":"http:\/\/escolapatinatge.com\/ca\/#website","url":"http:\/\/escolapatinatge.com\/ca\/","name":"Escola Oficial Patinatge Inline","description":"Clases de patinaje en Barcelona. Aprende a patinar en la mejor escuela de patinaje. Cursos para todas las edades y niveles.","potentialAction":[{"@type":"SearchAction","target":{"@type":"EntryPoint","urlTemplate":"http:\/\/escolapatinatge.com\/ca\/?s={search_term_string}"},"query-input":"required name=search_term_string"}],"inLanguage":"es"}]}},"_links":{"self":[{"href":"https:\/\/escolapatinatge.com\/es\/wp-json\/wp\/v2\/pages\/11976"}],"collection":[{"href":"https:\/\/escolapatinatge.com\/es\/wp-json\/wp\/v2\/pages"}],"about":[{"href":"https:\/\/escolapatinatge.com\/es\/wp-json\/wp\/v2\/types\/page"}],"author":[{"embeddable":true,"href":"https:\/\/escolapatinatge.com\/es\/wp-json\/wp\/v2\/users\/1"}],"replies":[{"embeddable":true,"href":"https:\/\/escolapatinatge.com\/es\/wp-json\/wp\/v2\/comments?post=11976"}],"version-history":[{"count":2,"href":"https:\/\/escolapatinatge.com\/es\/wp-json\/wp\/v2\/pages\/11976\/revisions"}],"predecessor-version":[{"id":11978,"href":"https:\/\/escolapatinatge.com\/es\/wp-json\/wp\/v2\/pages\/11976\/revisions\/11978"}],"wp:attachment":[{"href":"https:\/\/escolapatinatge.com\/es\/wp-json\/wp\/v2\/media?parent=11976"}],"curies":[{"name":"wp","href":"https:\/\/api.w.org\/{rel}","templated":true}]}}