{"id":11980,"date":"2019-10-12T18:30:05","date_gmt":"2019-10-12T16:30:05","guid":{"rendered":"http:\/\/escolapatinatge.com\/classes-de-patinatge-al-carrer\/"},"modified":"2020-07-18T20:24:10","modified_gmt":"2020-07-18T18:24:10","slug":"clases-de-patinaje-en-la-calle","status":"publish","type":"page","link":"https:\/\/escolapatinatge.com\/es\/clases-de-patinaje-en-la-calle\/","title":{"rendered":"CLASES DE PATINAJE EN LA CALLE"},"content":{"rendered":"\t\t<div data-elementor-type=\"wp-post\" data-elementor-id=\"11980\" class=\"elementor elementor-11980 elementor-1117\">\n\t\t\t\t\t\t<div class=\"elementor-inner\">\n\t\t\t\t<div class=\"elementor-section-wrap\">\n\t\t\t\t\t\t\t\t\t<section class=\"elementor-section elementor-top-section elementor-element elementor-element-ad01ba3 elementor-section-boxed elementor-section-height-default elementor-section-height-default\" data-id=\"ad01ba3\" data-element_type=\"section\">\n\t\t\t\t\t\t<div class=\"elementor-container elementor-column-gap-default\">\n\t\t\t\t\t\t\t<div class=\"elementor-row\">\n\t\t\t\t\t<div class=\"elementor-column elementor-col-100 elementor-top-column elementor-element elementor-element-329415a\" data-id=\"329415a\" data-element_type=\"column\">\n\t\t\t<div class=\"elementor-column-wrap elementor-element-populated\">\n\t\t\t\t\t\t\t<div class=\"elementor-widget-wrap\">\n\t\t\t\t\t\t<section class=\"elementor-section elementor-inner-section elementor-element elementor-element-ce5c6b6 elementor-section-boxed elementor-section-height-default elementor-section-height-default\" data-id=\"ce5c6b6\" data-element_type=\"section\">\n\t\t\t\t\t\t<div class=\"elementor-container elementor-column-gap-default\">\n\t\t\t\t\t\t\t<div class=\"elementor-row\">\n\t\t\t\t\t<div class=\"elementor-column elementor-col-100 elementor-inner-column elementor-element elementor-element-87c0293\" data-id=\"87c0293\" data-element_type=\"column\">\n\t\t\t<div class=\"elementor-column-wrap elementor-element-populated\">\n\t\t\t\t\t\t\t<div class=\"elementor-widget-wrap\">\n\t\t\t\t\t\t<div class=\"elementor-element elementor-element-ac569e9 elementor-widget elementor-widget-heading\" data-id=\"ac569e9\" data-element_type=\"widget\" data-widget_type=\"heading.default\">\n\t\t\t\t<div class=\"elementor-widget-container\">\n\t\t\t<h2 class=\"elementor-heading-title elementor-size-default\">CLASES DE PATINAJE EN LA CALLE<\/h2>\t\t<\/div>\n\t\t\t\t<\/div>\n\t\t\t\t\t\t<\/div>\n\t\t\t\t\t<\/div>\n\t\t<\/div>\n\t\t\t\t\t\t\t\t<\/div>\n\t\t\t\t\t<\/div>\n\t\t<\/section>\n\t\t\t\t\t\t<\/div>\n\t\t\t\t\t<\/div>\n\t\t<\/div>\n\t\t\t\t\t\t\t\t<\/div>\n\t\t\t\t\t<\/div>\n\t\t<\/section>\n\t\t\t\t<section class=\"elementor-section elementor-top-section elementor-element elementor-element-09d0198 elementor-section-boxed elementor-section-height-default elementor-section-height-default\" data-id=\"09d0198\" data-element_type=\"section\">\n\t\t\t\t\t\t<div class=\"elementor-container elementor-column-gap-default\">\n\t\t\t\t\t\t\t<div class=\"elementor-row\">\n\t\t\t\t\t<div class=\"elementor-column elementor-col-100 elementor-top-column elementor-element elementor-element-dfbe780\" data-id=\"dfbe780\" data-element_type=\"column\">\n\t\t\t<div class=\"elementor-column-wrap elementor-element-populated\">\n\t\t\t\t\t\t\t<div class=\"elementor-widget-wrap\">\n\t\t\t\t\t\t<section class=\"elementor-section elementor-inner-section elementor-element elementor-element-3e17586 elementor-section-boxed elementor-section-height-default elementor-section-height-default\" data-id=\"3e17586\" data-element_type=\"section\">\n\t\t\t\t\t\t<div class=\"elementor-container elementor-column-gap-default\">\n\t\t\t\t\t\t\t<div class=\"elementor-row\">\n\t\t\t\t\t<div class=\"elementor-column elementor-col-50 elementor-inner-column elementor-element elementor-element-ca32fc5\" data-id=\"ca32fc5\" data-element_type=\"column\">\n\t\t\t<div class=\"elementor-column-wrap elementor-element-populated\">\n\t\t\t\t\t\t\t<div class=\"elementor-widget-wrap\">\n\t\t\t\t\t\t<div class=\"elementor-element elementor-element-258ffe8 elementor-widget elementor-widget-image\" data-id=\"258ffe8\" data-element_type=\"widget\" data-widget_type=\"image.default\">\n\t\t\t\t<div class=\"elementor-widget-container\">\n\t\t\t\t\t\t\t\t<div class=\"elementor-image\">\n\t\t\t\t\t\t\t\t\t\t\t\t<img decoding=\"async\" width=\"960\" height=\"640\" src=\"https:\/\/escolapatinatge.com\/wp-content\/uploads\/2019\/09\/classes-carrer.jpg\" class=\"attachment-large size-large wp-image-990\" alt=\"Classes de patinatge al carrer\" loading=\"lazy\" srcset=\"https:\/\/escolapatinatge.com\/wp-content\/uploads\/2019\/09\/classes-carrer.jpg 960w, https:\/\/escolapatinatge.com\/wp-content\/uploads\/2019\/09\/classes-carrer-300x200.jpg 300w, https:\/\/escolapatinatge.com\/wp-content\/uploads\/2019\/09\/classes-carrer-768x512.jpg 768w, https:\/\/escolapatinatge.com\/wp-content\/uploads\/2019\/09\/classes-carrer-600x400.jpg 600w\" sizes=\"(max-width: 960px) 100vw, 960px\" \/>\t\t\t\t\t\t\t\t\t\t\t\t\t\t<\/div>\n\t\t\t\t\t\t<\/div>\n\t\t\t\t<\/div>\n\t\t\t\t\t\t<\/div>\n\t\t\t\t\t<\/div>\n\t\t<\/div>\n\t\t\t\t<div class=\"elementor-column elementor-col-50 elementor-inner-column elementor-element elementor-element-aab92a8\" data-id=\"aab92a8\" data-element_type=\"column\">\n\t\t\t<div class=\"elementor-column-wrap elementor-element-populated\">\n\t\t\t\t\t\t\t<div class=\"elementor-widget-wrap\">\n\t\t\t\t\t\t<div class=\"elementor-element elementor-element-29f992b elementor-widget elementor-widget-text-editor\" data-id=\"29f992b\" data-element_type=\"widget\" data-widget_type=\"text-editor.default\">\n\t\t\t\t<div class=\"elementor-widget-container\">\n\t\t\t\t\t\t\t\t<div class=\"elementor-text-editor elementor-clearfix\">\n\t\t\t\t<p>Una vez nuestros alumnos van cogiendo confianza con los patines vamos, poco a poco, acerc\u00e1ndolos a experimentar lo que ser\u00e1 su medio natural sobre los patines: la calle. As\u00ed, practicaremos t\u00e9cnicas que hemos aprendido de manera segura dentro de nuestras instalaciones, para aplicarlas en la calle. Tambi\u00e9n practicaremos t\u00e9cnicas que s\u00f3lo se pueden aprender en la calle como hacer bajadas, bajar y subir aceras, etc.<\/p><p>Sin embargo, trasladaremos toda nuestra experiencia como patinadores urbanos, para poder afrontar todo tipo de imprevistos que suelen suceder cuando usamos nuestros patines como un medio de transporte.<\/p>\t\t\t\t\t<\/div>\n\t\t\t\t\t\t<\/div>\n\t\t\t\t<\/div>\n\t\t\t\t\t\t<\/div>\n\t\t\t\t\t<\/div>\n\t\t<\/div>\n\t\t\t\t\t\t\t\t<\/div>\n\t\t\t\t\t<\/div>\n\t\t<\/section>\n\t\t\t\t\t\t<\/div>\n\t\t\t\t\t<\/div>\n\t\t<\/div>\n\t\t\t\t\t\t\t\t<\/div>\n\t\t\t\t\t<\/div>\n\t\t<\/section>\n\t\t\t\t\t\t\t\t\t<\/div>\n\t\t\t<\/div>\n\t\t\t\t\t<\/div>\n\t\t","protected":false},"excerpt":{"rendered":"<p>CLASES DE PATINAJE EN LA CALLE Una vez nuestros alumnos van cogiendo confianza con los patines vamos, poco a poco, acerc\u00e1ndolos a experimentar lo que ser\u00e1 su medio natural sobre los patines: la calle. As\u00ed, practicaremos t\u00e9cnicas que hemos aprendido de manera segura dentro de nuestras instalaciones, para aplicarlas en la calle. Tambi\u00e9n practicaremos t\u00e9cnicas [&hellip;]<\/p>\n","protected":false},"author":1,"featured_media":0,"parent":0,"menu_order":0,"comment_status":"closed","ping_status":"closed","template":"page-templates\/fullwidth-content.php","meta":{"_mi_skip_tracking":false,"_monsterinsights_sitenote_active":false,"_monsterinsights_sitenote_note":"","_monsterinsights_sitenote_category":0},"yoast_head":"<!-- This site is optimized with the Yoast SEO plugin v20.8 - https:\/\/yoast.com\/wordpress\/plugins\/seo\/ -->\n<title>CLASES DE PATINAJE EN LA CALLE - Escola Oficial Patinatge Inline<\/title>\n<meta name=\"robots\" content=\"index, follow, max-snippet:-1, max-image-preview:large, max-video-preview:-1\" \/>\n<link rel=\"canonical\" href=\"https:\/\/escolapatinatge.com\/es\/clases-de-patinaje-en-la-calle\/\" \/>\n<meta property=\"og:locale\" content=\"es_ES\" \/>\n<meta property=\"og:type\" content=\"article\" \/>\n<meta property=\"og:title\" content=\"CLASES DE PATINAJE EN LA CALLE - Escola Oficial Patinatge Inline\" \/>\n<meta property=\"og:description\" content=\"CLASES DE PATINAJE EN LA CALLE Una vez nuestros alumnos van cogiendo confianza con los patines vamos, poco a poco, acerc\u00e1ndolos a experimentar lo que ser\u00e1 su medio natural sobre los patines: la calle. As\u00ed, practicaremos t\u00e9cnicas que hemos aprendido de manera segura dentro de nuestras instalaciones, para aplicarlas en la calle. Tambi\u00e9n practicaremos t\u00e9cnicas [&hellip;]\" \/>\n<meta property=\"og:url\" content=\"https:\/\/escolapatinatge.com\/es\/clases-de-patinaje-en-la-calle\/\" \/>\n<meta property=\"og:site_name\" content=\"Escola Oficial Patinatge Inline\" \/>\n<meta property=\"article:modified_time\" content=\"2020-07-18T18:24:10+00:00\" \/>\n<meta property=\"og:image\" content=\"http:\/\/escolapatinatge.com\/wp-content\/uploads\/2019\/09\/classes-carrer.jpg\" \/>\n<meta name=\"twitter:card\" content=\"summary_large_image\" \/>\n<meta name=\"twitter:label1\" content=\"Tiempo de lectura\" \/>\n\t<meta name=\"twitter:data1\" content=\"1 minuto\" \/>\n<script type=\"application\/ld+json\" class=\"yoast-schema-graph\">{\"@context\":\"https:\/\/schema.org\",\"@graph\":[{\"@type\":\"WebPage\",\"@id\":\"https:\/\/escolapatinatge.com\/es\/clases-de-patinaje-en-la-calle\/\",\"url\":\"https:\/\/escolapatinatge.com\/es\/clases-de-patinaje-en-la-calle\/\",\"name\":\"CLASES DE PATINAJE EN LA CALLE - Escola Oficial Patinatge Inline\",\"isPartOf\":{\"@id\":\"https:\/\/escolapatinatge.com\/ca\/#website\"},\"datePublished\":\"2019-10-12T16:30:05+00:00\",\"dateModified\":\"2020-07-18T18:24:10+00:00\",\"breadcrumb\":{\"@id\":\"https:\/\/escolapatinatge.com\/es\/clases-de-patinaje-en-la-calle\/#breadcrumb\"},\"inLanguage\":\"es\",\"potentialAction\":[{\"@type\":\"ReadAction\",\"target\":[\"https:\/\/escolapatinatge.com\/es\/clases-de-patinaje-en-la-calle\/\"]}]},{\"@type\":\"BreadcrumbList\",\"@id\":\"https:\/\/escolapatinatge.com\/es\/clases-de-patinaje-en-la-calle\/#breadcrumb\",\"itemListElement\":[{\"@type\":\"ListItem\",\"position\":1,\"name\":\"Inici\",\"item\":\"https:\/\/escolapatinatge.com\/es\/\"},{\"@type\":\"ListItem\",\"position\":2,\"name\":\"CLASES DE PATINAJE EN LA CALLE\"}]},{\"@type\":\"WebSite\",\"@id\":\"https:\/\/escolapatinatge.com\/ca\/#website\",\"url\":\"https:\/\/escolapatinatge.com\/ca\/\",\"name\":\"Escola Oficial Patinatge Inline\",\"description\":\"Clases de patinaje en Barcelona. Aprende a patinar en la mejor escuela de patinaje. Cursos para todas las edades y niveles.\",\"potentialAction\":[{\"@type\":\"SearchAction\",\"target\":{\"@type\":\"EntryPoint\",\"urlTemplate\":\"https:\/\/escolapatinatge.com\/ca\/?s={search_term_string}\"},\"query-input\":\"required name=search_term_string\"}],\"inLanguage\":\"es\"}]}<\/script>\n<!-- \/ Yoast SEO plugin. -->","yoast_head_json":{"title":"CLASES DE PATINAJE EN LA CALLE - Escola Oficial Patinatge Inline","robots":{"index":"index","follow":"follow","max-snippet":"max-snippet:-1","max-image-preview":"max-image-preview:large","max-video-preview":"max-video-preview:-1"},"canonical":"https:\/\/escolapatinatge.com\/es\/clases-de-patinaje-en-la-calle\/","og_locale":"es_ES","og_type":"article","og_title":"CLASES DE PATINAJE EN LA CALLE - Escola Oficial Patinatge Inline","og_description":"CLASES DE PATINAJE EN LA CALLE Una vez nuestros alumnos van cogiendo confianza con los patines vamos, poco a poco, acerc\u00e1ndolos a experimentar lo que ser\u00e1 su medio natural sobre los patines: la calle. As\u00ed, practicaremos t\u00e9cnicas que hemos aprendido de manera segura dentro de nuestras instalaciones, para aplicarlas en la calle. Tambi\u00e9n practicaremos t\u00e9cnicas [&hellip;]","og_url":"https:\/\/escolapatinatge.com\/es\/clases-de-patinaje-en-la-calle\/","og_site_name":"Escola Oficial Patinatge Inline","article_modified_time":"2020-07-18T18:24:10+00:00","og_image":[{"url":"http:\/\/escolapatinatge.com\/wp-content\/uploads\/2019\/09\/classes-carrer.jpg"}],"twitter_card":"summary_large_image","twitter_misc":{"Tiempo de lectura":"1 minuto"},"schema":{"@context":"https:\/\/schema.org","@graph":[{"@type":"WebPage","@id":"https:\/\/escolapatinatge.com\/es\/clases-de-patinaje-en-la-calle\/","url":"https:\/\/escolapatinatge.com\/es\/clases-de-patinaje-en-la-calle\/","name":"CLASES DE PATINAJE EN LA CALLE - Escola Oficial Patinatge Inline","isPartOf":{"@id":"https:\/\/escolapatinatge.com\/ca\/#website"},"datePublished":"2019-10-12T16:30:05+00:00","dateModified":"2020-07-18T18:24:10+00:00","breadcrumb":{"@id":"https:\/\/escolapatinatge.com\/es\/clases-de-patinaje-en-la-calle\/#breadcrumb"},"inLanguage":"es","potentialAction":[{"@type":"ReadAction","target":["https:\/\/escolapatinatge.com\/es\/clases-de-patinaje-en-la-calle\/"]}]},{"@type":"BreadcrumbList","@id":"https:\/\/escolapatinatge.com\/es\/clases-de-patinaje-en-la-calle\/#breadcrumb","itemListElement":[{"@type":"ListItem","position":1,"name":"Inici","item":"https:\/\/escolapatinatge.com\/es\/"},{"@type":"ListItem","position":2,"name":"CLASES DE PATINAJE EN LA CALLE"}]},{"@type":"WebSite","@id":"https:\/\/escolapatinatge.com\/ca\/#website","url":"https:\/\/escolapatinatge.com\/ca\/","name":"Escola Oficial Patinatge Inline","description":"Clases de patinaje en Barcelona. Aprende a patinar en la mejor escuela de patinaje. Cursos para todas las edades y niveles.","potentialAction":[{"@type":"SearchAction","target":{"@type":"EntryPoint","urlTemplate":"https:\/\/escolapatinatge.com\/ca\/?s={search_term_string}"},"query-input":"required name=search_term_string"}],"inLanguage":"es"}]}},"_links":{"self":[{"href":"https:\/\/escolapatinatge.com\/es\/wp-json\/wp\/v2\/pages\/11980"}],"collection":[{"href":"https:\/\/escolapatinatge.com\/es\/wp-json\/wp\/v2\/pages"}],"about":[{"href":"https:\/\/escolapatinatge.com\/es\/wp-json\/wp\/v2\/types\/page"}],"author":[{"embeddable":true,"href":"https:\/\/escolapatinatge.com\/es\/wp-json\/wp\/v2\/users\/1"}],"replies":[{"embeddable":true,"href":"https:\/\/escolapatinatge.com\/es\/wp-json\/wp\/v2\/comments?post=11980"}],"version-history":[{"count":2,"href":"https:\/\/escolapatinatge.com\/es\/wp-json\/wp\/v2\/pages\/11980\/revisions"}],"predecessor-version":[{"id":11982,"href":"https:\/\/escolapatinatge.com\/es\/wp-json\/wp\/v2\/pages\/11980\/revisions\/11982"}],"wp:attachment":[{"href":"https:\/\/escolapatinatge.com\/es\/wp-json\/wp\/v2\/media?parent=11980"}],"curies":[{"name":"wp","href":"https:\/\/api.w.org\/{rel}","templated":true}]}}