{"id":11984,"date":"2019-10-13T19:44:16","date_gmt":"2019-10-13T17:44:16","guid":{"rendered":"http:\/\/escolapatinatge.com\/cursos-de-freeskate\/"},"modified":"2021-10-16T19:42:13","modified_gmt":"2021-10-16T17:42:13","slug":"cursos-de-freeskate","status":"publish","type":"page","link":"https:\/\/escolapatinatge.com\/es\/cursos-de-freeskate\/","title":{"rendered":"CURSOS DE FREESKATE"},"content":{"rendered":"\t\t<div data-elementor-type=\"wp-post\" data-elementor-id=\"11984\" class=\"elementor elementor-11984 elementor-1124\">\n\t\t\t\t\t\t<div class=\"elementor-inner\">\n\t\t\t\t<div class=\"elementor-section-wrap\">\n\t\t\t\t\t\t\t\t\t<section class=\"elementor-section elementor-top-section elementor-element elementor-element-f0d6626 elementor-section-boxed elementor-section-height-default elementor-section-height-default\" data-id=\"f0d6626\" data-element_type=\"section\">\n\t\t\t\t\t\t<div class=\"elementor-container elementor-column-gap-default\">\n\t\t\t\t\t\t\t<div class=\"elementor-row\">\n\t\t\t\t\t<div class=\"elementor-column elementor-col-100 elementor-top-column elementor-element elementor-element-3364fcb\" data-id=\"3364fcb\" data-element_type=\"column\">\n\t\t\t<div class=\"elementor-column-wrap elementor-element-populated\">\n\t\t\t\t\t\t\t<div class=\"elementor-widget-wrap\">\n\t\t\t\t\t\t<section class=\"elementor-section elementor-inner-section elementor-element elementor-element-5654cdf elementor-section-boxed elementor-section-height-default elementor-section-height-default\" data-id=\"5654cdf\" data-element_type=\"section\">\n\t\t\t\t\t\t<div class=\"elementor-container elementor-column-gap-default\">\n\t\t\t\t\t\t\t<div class=\"elementor-row\">\n\t\t\t\t\t<div class=\"elementor-column elementor-col-100 elementor-inner-column elementor-element elementor-element-2446249\" data-id=\"2446249\" data-element_type=\"column\">\n\t\t\t<div class=\"elementor-column-wrap elementor-element-populated\">\n\t\t\t\t\t\t\t<div class=\"elementor-widget-wrap\">\n\t\t\t\t\t\t<div class=\"elementor-element elementor-element-c9304dc elementor-widget elementor-widget-heading\" data-id=\"c9304dc\" data-element_type=\"widget\" data-widget_type=\"heading.default\">\n\t\t\t\t<div class=\"elementor-widget-container\">\n\t\t\t<h1 class=\"elementor-heading-title elementor-size-default\">CURSOS DE PATINATGE FREESKATE<\/h1>\t\t<\/div>\n\t\t\t\t<\/div>\n\t\t\t\t\t\t<\/div>\n\t\t\t\t\t<\/div>\n\t\t<\/div>\n\t\t\t\t\t\t\t\t<\/div>\n\t\t\t\t\t<\/div>\n\t\t<\/section>\n\t\t\t\t\t\t<\/div>\n\t\t\t\t\t<\/div>\n\t\t<\/div>\n\t\t\t\t\t\t\t\t<\/div>\n\t\t\t\t\t<\/div>\n\t\t<\/section>\n\t\t\t\t<section class=\"elementor-section elementor-top-section elementor-element elementor-element-319d7fe elementor-section-boxed elementor-section-height-default elementor-section-height-default\" data-id=\"319d7fe\" data-element_type=\"section\">\n\t\t\t\t\t\t<div class=\"elementor-container elementor-column-gap-default\">\n\t\t\t\t\t\t\t<div class=\"elementor-row\">\n\t\t\t\t\t<div class=\"elementor-column elementor-col-100 elementor-top-column elementor-element elementor-element-5347231\" data-id=\"5347231\" data-element_type=\"column\">\n\t\t\t<div class=\"elementor-column-wrap elementor-element-populated\">\n\t\t\t\t\t\t\t<div class=\"elementor-widget-wrap\">\n\t\t\t\t\t\t<section class=\"elementor-section elementor-inner-section elementor-element elementor-element-53be99d elementor-section-boxed elementor-section-height-default elementor-section-height-default\" data-id=\"53be99d\" data-element_type=\"section\">\n\t\t\t\t\t\t<div class=\"elementor-container elementor-column-gap-default\">\n\t\t\t\t\t\t\t<div class=\"elementor-row\">\n\t\t\t\t\t<div class=\"elementor-column elementor-col-50 elementor-inner-column elementor-element elementor-element-a324c5d\" data-id=\"a324c5d\" data-element_type=\"column\">\n\t\t\t<div class=\"elementor-column-wrap elementor-element-populated\">\n\t\t\t\t\t\t\t<div class=\"elementor-widget-wrap\">\n\t\t\t\t\t\t<div class=\"elementor-element elementor-element-4241be4 elementor-widget elementor-widget-image\" data-id=\"4241be4\" data-element_type=\"widget\" data-widget_type=\"image.default\">\n\t\t\t\t<div class=\"elementor-widget-container\">\n\t\t\t\t\t\t\t\t<div class=\"elementor-image\">\n\t\t\t\t\t\t\t\t\t\t\t\t<img decoding=\"async\" width=\"624\" height=\"444\" src=\"https:\/\/escolapatinatge.com\/wp-content\/uploads\/2019\/09\/cursos_freeskate.jpg\" class=\"attachment-large size-large wp-image-999\" alt=\"Cursos de patinatge Freeskate\" loading=\"lazy\" srcset=\"https:\/\/escolapatinatge.com\/wp-content\/uploads\/2019\/09\/cursos_freeskate.jpg 624w, https:\/\/escolapatinatge.com\/wp-content\/uploads\/2019\/09\/cursos_freeskate-300x213.jpg 300w, https:\/\/escolapatinatge.com\/wp-content\/uploads\/2019\/09\/cursos_freeskate-600x427.jpg 600w\" sizes=\"(max-width: 624px) 100vw, 624px\" \/>\t\t\t\t\t\t\t\t\t\t\t\t\t\t<\/div>\n\t\t\t\t\t\t<\/div>\n\t\t\t\t<\/div>\n\t\t\t\t\t\t<\/div>\n\t\t\t\t\t<\/div>\n\t\t<\/div>\n\t\t\t\t<div class=\"elementor-column elementor-col-50 elementor-inner-column elementor-element elementor-element-c53b0fa\" data-id=\"c53b0fa\" data-element_type=\"column\">\n\t\t\t<div class=\"elementor-column-wrap elementor-element-populated\">\n\t\t\t\t\t\t\t<div class=\"elementor-widget-wrap\">\n\t\t\t\t\t\t<div class=\"elementor-element elementor-element-12b84b2 elementor-widget elementor-widget-text-editor\" data-id=\"12b84b2\" data-element_type=\"widget\" data-widget_type=\"text-editor.default\">\n\t\t\t\t<div class=\"elementor-widget-container\">\n\t\t\t\t\t\t\t\t<div class=\"elementor-text-editor elementor-clearfix\">\n\t\t\t\t<p>El patinatge Freeskate es un tipus de patinatge urb\u00e0 que t\u00e9 com a fi, patinar per la ciutat sense aturar-se davant de cap obstacle. D&#8217;aqu\u00ed surt el nom: Free Skate (Patinatge Lluire).\u00a0<\/p><p>En els cursos de Freeskate, ensenyem a passar amb solv\u00e8ncia tot tipus d&#8217;obstacles comuns a totes les ciutats: rampes, boreres, escales, etc, etc buscant primer de tot la seguretat, despr\u00e9s fomentant el civisme i, finalment i no menys important, buscant la diversi\u00f3.<\/p><p>Els cursos de patinatge Freeskate es realitzen en un format monogr\u00e0fic dos o tres cops l&#8217;any durant el cap de setmana.<\/p><p>Per estar informat, consulteu regularment les nostres Xarxes Socials.<\/p>\t\t\t\t\t<\/div>\n\t\t\t\t\t\t<\/div>\n\t\t\t\t<\/div>\n\t\t\t\t\t\t<\/div>\n\t\t\t\t\t<\/div>\n\t\t<\/div>\n\t\t\t\t\t\t\t\t<\/div>\n\t\t\t\t\t<\/div>\n\t\t<\/section>\n\t\t\t\t\t\t<\/div>\n\t\t\t\t\t<\/div>\n\t\t<\/div>\n\t\t\t\t\t\t\t\t<\/div>\n\t\t\t\t\t<\/div>\n\t\t<\/section>\n\t\t\t\t\t\t\t\t\t<\/div>\n\t\t\t<\/div>\n\t\t\t\t\t<\/div>\n\t\t","protected":false},"excerpt":{"rendered":"<p>CURSOS DE PATINATGE FREESKATE El patinatge Freeskate es un tipus de patinatge urb\u00e0 que t\u00e9 com a fi, patinar per la ciutat sense aturar-se davant de cap obstacle. D&#8217;aqu\u00ed surt el nom: Free Skate (Patinatge Lluire).\u00a0 En els cursos de Freeskate, ensenyem a passar amb solv\u00e8ncia tot tipus d&#8217;obstacles comuns a totes les ciutats: rampes, [&hellip;]<\/p>\n","protected":false},"author":1,"featured_media":0,"parent":0,"menu_order":0,"comment_status":"closed","ping_status":"closed","template":"page-templates\/fullwidth-content.php","meta":{"_mi_skip_tracking":false,"_monsterinsights_sitenote_active":false,"_monsterinsights_sitenote_note":"","_monsterinsights_sitenote_category":0},"yoast_head":"<!-- This site is optimized with the Yoast SEO plugin v20.8 - https:\/\/yoast.com\/wordpress\/plugins\/seo\/ -->\n<title>CURSOS DE FREESKATE - Escola Oficial Patinatge Inline<\/title>\n<meta name=\"description\" content=\"En els cursos de Freeskate, ensenyem a passar amb solv\u00e8ncia tot tipus d\u2019obstacles comuns a totes les ciutats: rampes, boreres, escales, etc, etc buscant primer de tot la seguretat, despr\u00e9s fomentant el civisme i, finalment i no menys important, buscant la diversi\u00f3.\" \/>\n<meta name=\"robots\" content=\"index, follow, max-snippet:-1, max-image-preview:large, max-video-preview:-1\" \/>\n<link rel=\"canonical\" href=\"http:\/\/escolapatinatge.com\/es\/cursos-de-freeskate\/\" \/>\n<meta property=\"og:locale\" content=\"es_ES\" \/>\n<meta property=\"og:type\" content=\"article\" \/>\n<meta property=\"og:title\" content=\"CURSOS DE FREESKATE - Escola Oficial Patinatge Inline\" \/>\n<meta property=\"og:description\" content=\"En els cursos de Freeskate, ensenyem a passar amb solv\u00e8ncia tot tipus d\u2019obstacles comuns a totes les ciutats: rampes, boreres, escales, etc, etc buscant primer de tot la seguretat, despr\u00e9s fomentant el civisme i, finalment i no menys important, buscant la diversi\u00f3.\" \/>\n<meta property=\"og:url\" content=\"http:\/\/escolapatinatge.com\/es\/cursos-de-freeskate\/\" \/>\n<meta property=\"og:site_name\" content=\"Escola Oficial Patinatge Inline\" \/>\n<meta property=\"article:modified_time\" content=\"2021-10-16T17:42:13+00:00\" \/>\n<meta property=\"og:image\" content=\"http:\/\/escolapatinatge.com\/wp-content\/uploads\/2019\/09\/cursos_freeskate.jpg\" \/>\n<meta name=\"twitter:card\" content=\"summary_large_image\" \/>\n<meta name=\"twitter:label1\" content=\"Tiempo de lectura\" \/>\n\t<meta name=\"twitter:data1\" content=\"1 minuto\" \/>\n<script type=\"application\/ld+json\" class=\"yoast-schema-graph\">{\"@context\":\"https:\/\/schema.org\",\"@graph\":[{\"@type\":\"WebPage\",\"@id\":\"http:\/\/escolapatinatge.com\/es\/cursos-de-freeskate\/\",\"url\":\"http:\/\/escolapatinatge.com\/es\/cursos-de-freeskate\/\",\"name\":\"CURSOS DE FREESKATE - Escola Oficial Patinatge Inline\",\"isPartOf\":{\"@id\":\"https:\/\/escolapatinatge.com\/ca\/#website\"},\"datePublished\":\"2019-10-13T17:44:16+00:00\",\"dateModified\":\"2021-10-16T17:42:13+00:00\",\"description\":\"En els cursos de Freeskate, ensenyem a passar amb solv\u00e8ncia tot tipus d\u2019obstacles comuns a totes les ciutats: rampes, boreres, escales, etc, etc buscant primer de tot la seguretat, despr\u00e9s fomentant el civisme i, finalment i no menys important, buscant la diversi\u00f3.\",\"breadcrumb\":{\"@id\":\"http:\/\/escolapatinatge.com\/es\/cursos-de-freeskate\/#breadcrumb\"},\"inLanguage\":\"es\",\"potentialAction\":[{\"@type\":\"ReadAction\",\"target\":[\"http:\/\/escolapatinatge.com\/es\/cursos-de-freeskate\/\"]}]},{\"@type\":\"BreadcrumbList\",\"@id\":\"http:\/\/escolapatinatge.com\/es\/cursos-de-freeskate\/#breadcrumb\",\"itemListElement\":[{\"@type\":\"ListItem\",\"position\":1,\"name\":\"Inici\",\"item\":\"https:\/\/escolapatinatge.com\/es\/\"},{\"@type\":\"ListItem\",\"position\":2,\"name\":\"CURSOS DE FREESKATE\"}]},{\"@type\":\"WebSite\",\"@id\":\"https:\/\/escolapatinatge.com\/ca\/#website\",\"url\":\"https:\/\/escolapatinatge.com\/ca\/\",\"name\":\"Escola Oficial Patinatge Inline\",\"description\":\"Clases de patinaje en Barcelona. Aprende a patinar en la mejor escuela de patinaje. Cursos para todas las edades y niveles.\",\"potentialAction\":[{\"@type\":\"SearchAction\",\"target\":{\"@type\":\"EntryPoint\",\"urlTemplate\":\"https:\/\/escolapatinatge.com\/ca\/?s={search_term_string}\"},\"query-input\":\"required name=search_term_string\"}],\"inLanguage\":\"es\"}]}<\/script>\n<!-- \/ Yoast SEO plugin. -->","yoast_head_json":{"title":"CURSOS DE FREESKATE - Escola Oficial Patinatge Inline","description":"En els cursos de Freeskate, ensenyem a passar amb solv\u00e8ncia tot tipus d\u2019obstacles comuns a totes les ciutats: rampes, boreres, escales, etc, etc buscant primer de tot la seguretat, despr\u00e9s fomentant el civisme i, finalment i no menys important, buscant la diversi\u00f3.","robots":{"index":"index","follow":"follow","max-snippet":"max-snippet:-1","max-image-preview":"max-image-preview:large","max-video-preview":"max-video-preview:-1"},"canonical":"http:\/\/escolapatinatge.com\/es\/cursos-de-freeskate\/","og_locale":"es_ES","og_type":"article","og_title":"CURSOS DE FREESKATE - Escola Oficial Patinatge Inline","og_description":"En els cursos de Freeskate, ensenyem a passar amb solv\u00e8ncia tot tipus d\u2019obstacles comuns a totes les ciutats: rampes, boreres, escales, etc, etc buscant primer de tot la seguretat, despr\u00e9s fomentant el civisme i, finalment i no menys important, buscant la diversi\u00f3.","og_url":"http:\/\/escolapatinatge.com\/es\/cursos-de-freeskate\/","og_site_name":"Escola Oficial Patinatge Inline","article_modified_time":"2021-10-16T17:42:13+00:00","og_image":[{"url":"http:\/\/escolapatinatge.com\/wp-content\/uploads\/2019\/09\/cursos_freeskate.jpg"}],"twitter_card":"summary_large_image","twitter_misc":{"Tiempo de lectura":"1 minuto"},"schema":{"@context":"https:\/\/schema.org","@graph":[{"@type":"WebPage","@id":"http:\/\/escolapatinatge.com\/es\/cursos-de-freeskate\/","url":"http:\/\/escolapatinatge.com\/es\/cursos-de-freeskate\/","name":"CURSOS DE FREESKATE - Escola Oficial Patinatge Inline","isPartOf":{"@id":"https:\/\/escolapatinatge.com\/ca\/#website"},"datePublished":"2019-10-13T17:44:16+00:00","dateModified":"2021-10-16T17:42:13+00:00","description":"En els cursos de Freeskate, ensenyem a passar amb solv\u00e8ncia tot tipus d\u2019obstacles comuns a totes les ciutats: rampes, boreres, escales, etc, etc buscant primer de tot la seguretat, despr\u00e9s fomentant el civisme i, finalment i no menys important, buscant la diversi\u00f3.","breadcrumb":{"@id":"http:\/\/escolapatinatge.com\/es\/cursos-de-freeskate\/#breadcrumb"},"inLanguage":"es","potentialAction":[{"@type":"ReadAction","target":["http:\/\/escolapatinatge.com\/es\/cursos-de-freeskate\/"]}]},{"@type":"BreadcrumbList","@id":"http:\/\/escolapatinatge.com\/es\/cursos-de-freeskate\/#breadcrumb","itemListElement":[{"@type":"ListItem","position":1,"name":"Inici","item":"https:\/\/escolapatinatge.com\/es\/"},{"@type":"ListItem","position":2,"name":"CURSOS DE FREESKATE"}]},{"@type":"WebSite","@id":"https:\/\/escolapatinatge.com\/ca\/#website","url":"https:\/\/escolapatinatge.com\/ca\/","name":"Escola Oficial Patinatge Inline","description":"Clases de patinaje en Barcelona. Aprende a patinar en la mejor escuela de patinaje. Cursos para todas las edades y niveles.","potentialAction":[{"@type":"SearchAction","target":{"@type":"EntryPoint","urlTemplate":"https:\/\/escolapatinatge.com\/ca\/?s={search_term_string}"},"query-input":"required name=search_term_string"}],"inLanguage":"es"}]}},"_links":{"self":[{"href":"https:\/\/escolapatinatge.com\/es\/wp-json\/wp\/v2\/pages\/11984"}],"collection":[{"href":"https:\/\/escolapatinatge.com\/es\/wp-json\/wp\/v2\/pages"}],"about":[{"href":"https:\/\/escolapatinatge.com\/es\/wp-json\/wp\/v2\/types\/page"}],"author":[{"embeddable":true,"href":"https:\/\/escolapatinatge.com\/es\/wp-json\/wp\/v2\/users\/1"}],"replies":[{"embeddable":true,"href":"https:\/\/escolapatinatge.com\/es\/wp-json\/wp\/v2\/comments?post=11984"}],"version-history":[{"count":7,"href":"https:\/\/escolapatinatge.com\/es\/wp-json\/wp\/v2\/pages\/11984\/revisions"}],"predecessor-version":[{"id":13121,"href":"https:\/\/escolapatinatge.com\/es\/wp-json\/wp\/v2\/pages\/11984\/revisions\/13121"}],"wp:attachment":[{"href":"https:\/\/escolapatinatge.com\/es\/wp-json\/wp\/v2\/media?parent=11984"}],"curies":[{"name":"wp","href":"https:\/\/api.w.org\/{rel}","templated":true}]}}