{"id":11989,"date":"2019-10-12T17:54:39","date_gmt":"2019-10-12T15:54:39","guid":{"rendered":"http:\/\/escolapatinatge.com\/rutes-urbanes-en-patins\/"},"modified":"2020-07-19T17:55:16","modified_gmt":"2020-07-19T15:55:16","slug":"rutas-urbanas-en-patines","status":"publish","type":"page","link":"https:\/\/escolapatinatge.com\/es\/rutas-urbanas-en-patines\/","title":{"rendered":"RUTAS URBANAS EN PATINES"},"content":{"rendered":"\t\t<div data-elementor-type=\"wp-post\" data-elementor-id=\"11989\" class=\"elementor elementor-11989 elementor-1105\">\n\t\t\t\t\t\t<div class=\"elementor-inner\">\n\t\t\t\t<div class=\"elementor-section-wrap\">\n\t\t\t\t\t\t\t\t\t<section class=\"elementor-section elementor-top-section elementor-element elementor-element-e79b4c5 elementor-section-boxed elementor-section-height-default elementor-section-height-default\" data-id=\"e79b4c5\" data-element_type=\"section\">\n\t\t\t\t\t\t<div class=\"elementor-container elementor-column-gap-default\">\n\t\t\t\t\t\t\t<div class=\"elementor-row\">\n\t\t\t\t\t<div class=\"elementor-column elementor-col-100 elementor-top-column elementor-element elementor-element-7059da8\" data-id=\"7059da8\" data-element_type=\"column\">\n\t\t\t<div class=\"elementor-column-wrap elementor-element-populated\">\n\t\t\t\t\t\t\t<div class=\"elementor-widget-wrap\">\n\t\t\t\t\t\t<section class=\"elementor-section elementor-inner-section elementor-element elementor-element-2f01971 elementor-section-boxed elementor-section-height-default elementor-section-height-default\" data-id=\"2f01971\" data-element_type=\"section\">\n\t\t\t\t\t\t<div class=\"elementor-container elementor-column-gap-default\">\n\t\t\t\t\t\t\t<div class=\"elementor-row\">\n\t\t\t\t\t<div class=\"elementor-column elementor-col-100 elementor-inner-column elementor-element elementor-element-abca035\" data-id=\"abca035\" data-element_type=\"column\">\n\t\t\t<div class=\"elementor-column-wrap elementor-element-populated\">\n\t\t\t\t\t\t\t<div class=\"elementor-widget-wrap\">\n\t\t\t\t\t\t<div class=\"elementor-element elementor-element-a458733 elementor-widget elementor-widget-heading\" data-id=\"a458733\" data-element_type=\"widget\" data-widget_type=\"heading.default\">\n\t\t\t\t<div class=\"elementor-widget-container\">\n\t\t\t<h2 class=\"elementor-heading-title elementor-size-default\">RUTAS URBANAS EN PATINES<\/h2>\t\t<\/div>\n\t\t\t\t<\/div>\n\t\t\t\t\t\t<\/div>\n\t\t\t\t\t<\/div>\n\t\t<\/div>\n\t\t\t\t\t\t\t\t<\/div>\n\t\t\t\t\t<\/div>\n\t\t<\/section>\n\t\t\t\t\t\t<\/div>\n\t\t\t\t\t<\/div>\n\t\t<\/div>\n\t\t\t\t\t\t\t\t<\/div>\n\t\t\t\t\t<\/div>\n\t\t<\/section>\n\t\t\t\t<section class=\"elementor-section elementor-top-section elementor-element elementor-element-103d7a4 elementor-section-boxed elementor-section-height-default elementor-section-height-default\" data-id=\"103d7a4\" data-element_type=\"section\">\n\t\t\t\t\t\t<div class=\"elementor-container elementor-column-gap-default\">\n\t\t\t\t\t\t\t<div class=\"elementor-row\">\n\t\t\t\t\t<div class=\"elementor-column elementor-col-100 elementor-top-column elementor-element elementor-element-d30dd26\" data-id=\"d30dd26\" data-element_type=\"column\">\n\t\t\t<div class=\"elementor-column-wrap elementor-element-populated\">\n\t\t\t\t\t\t\t<div class=\"elementor-widget-wrap\">\n\t\t\t\t\t\t<section class=\"elementor-section elementor-inner-section elementor-element elementor-element-560f9ae elementor-section-boxed elementor-section-height-default elementor-section-height-default\" data-id=\"560f9ae\" data-element_type=\"section\">\n\t\t\t\t\t\t<div class=\"elementor-container elementor-column-gap-default\">\n\t\t\t\t\t\t\t<div class=\"elementor-row\">\n\t\t\t\t\t<div class=\"elementor-column elementor-col-50 elementor-inner-column elementor-element elementor-element-c1d321f\" data-id=\"c1d321f\" data-element_type=\"column\">\n\t\t\t<div class=\"elementor-column-wrap elementor-element-populated\">\n\t\t\t\t\t\t\t<div class=\"elementor-widget-wrap\">\n\t\t\t\t\t\t<div class=\"elementor-element elementor-element-47a3d1e elementor-widget elementor-widget-image\" data-id=\"47a3d1e\" data-element_type=\"widget\" data-widget_type=\"image.default\">\n\t\t\t\t<div class=\"elementor-widget-container\">\n\t\t\t\t\t\t\t\t<div class=\"elementor-image\">\n\t\t\t\t\t\t\t\t\t\t\t\t<img decoding=\"async\" width=\"960\" height=\"640\" src=\"https:\/\/escolapatinatge.com\/wp-content\/uploads\/2019\/08\/rutes_urbanes.jpg\" class=\"attachment-large size-large wp-image-968\" alt=\"Rutes urbanes en patins\" loading=\"lazy\" srcset=\"https:\/\/escolapatinatge.com\/wp-content\/uploads\/2019\/08\/rutes_urbanes.jpg 960w, https:\/\/escolapatinatge.com\/wp-content\/uploads\/2019\/08\/rutes_urbanes-300x200.jpg 300w, https:\/\/escolapatinatge.com\/wp-content\/uploads\/2019\/08\/rutes_urbanes-768x512.jpg 768w, https:\/\/escolapatinatge.com\/wp-content\/uploads\/2019\/08\/rutes_urbanes-600x400.jpg 600w\" sizes=\"(max-width: 960px) 100vw, 960px\" \/>\t\t\t\t\t\t\t\t\t\t\t\t\t\t<\/div>\n\t\t\t\t\t\t<\/div>\n\t\t\t\t<\/div>\n\t\t\t\t\t\t<\/div>\n\t\t\t\t\t<\/div>\n\t\t<\/div>\n\t\t\t\t<div class=\"elementor-column elementor-col-50 elementor-inner-column elementor-element elementor-element-77ee745\" data-id=\"77ee745\" data-element_type=\"column\">\n\t\t\t<div class=\"elementor-column-wrap elementor-element-populated\">\n\t\t\t\t\t\t\t<div class=\"elementor-widget-wrap\">\n\t\t\t\t\t\t<div class=\"elementor-element elementor-element-e63e755 elementor-widget elementor-widget-text-editor\" data-id=\"e63e755\" data-element_type=\"widget\" data-widget_type=\"text-editor.default\">\n\t\t\t\t<div class=\"elementor-widget-container\">\n\t\t\t\t\t\t\t\t<div class=\"elementor-text-editor elementor-clearfix\">\n\t\t\t\t<p>Como complemento a las clases, en la Escuela Oficial de Patinaje Inline realizamos rutas urbanas en patines para que mejores tu nivel mientras te diviertes y pasas un buen rato.<\/p><p>Estas rutas son gratuitas y de libre asistencia para nuestros alumnos y s\u00f3lo se requiere saber realizar giros y frenados b\u00e1sicos.<\/p><p>Realizamos una ruta urbana en patines una vez al mes, normalmente domingos por la tarde, y el punto y hora de salida lo ten\u00e9is a nuestro CALENDARIO. Sin embargo, tambi\u00e9n lo anunciamos a trav\u00e9s de nuestras redes sociales unos d\u00edas antes. Por lo tanto te recomendamos que nos sigas por <a href=\"https:\/\/www.facebook.com\/escolapatinatge\">Facebook<\/a> o <a href=\"https:\/\/www.instagram.com\/escolaoficial\/\">Instagram<\/a>.<\/p><p>Si ya tiene un nivel m\u00ednimo de patinaje en el que puedes girar y frenar de manera b\u00e1sica, es muy recomendable que comiences con estas rutas para ir mejorando tu nivel, al tiempo que pas\u00e9is un buen rato descubriendo la ciudad sobre patines.<\/p>\t\t\t\t\t<\/div>\n\t\t\t\t\t\t<\/div>\n\t\t\t\t<\/div>\n\t\t\t\t\t\t<\/div>\n\t\t\t\t\t<\/div>\n\t\t<\/div>\n\t\t\t\t\t\t\t\t<\/div>\n\t\t\t\t\t<\/div>\n\t\t<\/section>\n\t\t\t\t\t\t<\/div>\n\t\t\t\t\t<\/div>\n\t\t<\/div>\n\t\t\t\t\t\t\t\t<\/div>\n\t\t\t\t\t<\/div>\n\t\t<\/section>\n\t\t\t\t<section class=\"elementor-section elementor-top-section elementor-element elementor-element-b961a37 elementor-section-boxed elementor-section-height-default elementor-section-height-default\" data-id=\"b961a37\" data-element_type=\"section\">\n\t\t\t\t\t\t<div class=\"elementor-container elementor-column-gap-default\">\n\t\t\t\t\t\t\t<div class=\"elementor-row\">\n\t\t\t\t\t<div class=\"elementor-column elementor-col-100 elementor-top-column elementor-element elementor-element-f999743\" data-id=\"f999743\" data-element_type=\"column\">\n\t\t\t<div class=\"elementor-column-wrap elementor-element-populated\">\n\t\t\t\t\t\t\t<div class=\"elementor-widget-wrap\">\n\t\t\t\t\t\t<section class=\"elementor-section elementor-inner-section elementor-element elementor-element-aca67e1 elementor-section-boxed elementor-section-height-default elementor-section-height-default\" data-id=\"aca67e1\" data-element_type=\"section\">\n\t\t\t\t\t\t<div class=\"elementor-container elementor-column-gap-default\">\n\t\t\t\t\t\t\t<div class=\"elementor-row\">\n\t\t\t\t\t<div class=\"elementor-column elementor-col-50 elementor-inner-column elementor-element elementor-element-e353688\" data-id=\"e353688\" data-element_type=\"column\">\n\t\t\t<div class=\"elementor-column-wrap elementor-element-populated\">\n\t\t\t\t\t\t\t<div class=\"elementor-widget-wrap\">\n\t\t\t\t\t\t<div class=\"elementor-element elementor-element-553c74d elementor-widget elementor-widget-image\" data-id=\"553c74d\" data-element_type=\"widget\" data-widget_type=\"image.default\">\n\t\t\t\t<div class=\"elementor-widget-container\">\n\t\t\t\t\t\t\t\t<div class=\"elementor-image\">\n\t\t\t\t\t\t\t\t\t\t\t\t<img decoding=\"async\" width=\"960\" height=\"720\" src=\"https:\/\/escolapatinatge.com\/wp-content\/uploads\/2019\/10\/ruta_patins_escola_2.jpg\" class=\"attachment-large size-large wp-image-1109\" alt=\"Ruta urbana en patins\" loading=\"lazy\" srcset=\"https:\/\/escolapatinatge.com\/wp-content\/uploads\/2019\/10\/ruta_patins_escola_2.jpg 960w, https:\/\/escolapatinatge.com\/wp-content\/uploads\/2019\/10\/ruta_patins_escola_2-300x225.jpg 300w, https:\/\/escolapatinatge.com\/wp-content\/uploads\/2019\/10\/ruta_patins_escola_2-768x576.jpg 768w, https:\/\/escolapatinatge.com\/wp-content\/uploads\/2019\/10\/ruta_patins_escola_2-600x450.jpg 600w\" sizes=\"(max-width: 960px) 100vw, 960px\" \/>\t\t\t\t\t\t\t\t\t\t\t\t\t\t<\/div>\n\t\t\t\t\t\t<\/div>\n\t\t\t\t<\/div>\n\t\t\t\t\t\t<\/div>\n\t\t\t\t\t<\/div>\n\t\t<\/div>\n\t\t\t\t<div class=\"elementor-column elementor-col-50 elementor-inner-column elementor-element elementor-element-d89eee3\" data-id=\"d89eee3\" data-element_type=\"column\">\n\t\t\t<div class=\"elementor-column-wrap elementor-element-populated\">\n\t\t\t\t\t\t\t<div class=\"elementor-widget-wrap\">\n\t\t\t\t\t\t<div class=\"elementor-element elementor-element-595a73a elementor-drop-cap-yes elementor-drop-cap-view-default elementor-widget elementor-widget-text-editor\" data-id=\"595a73a\" data-element_type=\"widget\" data-settings=\"{&quot;drop_cap&quot;:&quot;yes&quot;}\" data-widget_type=\"text-editor.default\">\n\t\t\t\t<div class=\"elementor-widget-container\">\n\t\t\t\t\t\t\t\t<div class=\"elementor-text-editor elementor-clearfix\">\n\t\t\t\t<p><strong>Recomendamos llevar todas las protecciones: rodilleras, coderas y mu\u00f1equeras, as\u00ed como casco.<\/strong><\/p><p>Si no se atreve a salir solos o desea pasar un buen rato patinando, animaos y participad, seguro que os divertir\u00e9is !!<\/p><p>Uno de los puntos que las hace m\u00e1s especiales es que son portadas y dirigidas por alumnos o ex alumnos nuestros. Por lo tanto, tambi\u00e9n invitamos a todos aquellos que se vean capaces a ofrecerse como voluntarios.<\/p><p>Importante: Todos los asistentes a estas rutas gratuitas hacen la actividad bajo su propia responsabilidad. Los menores deben ir acompa\u00f1ados y supervisados por un adulto en todo momento. No se permitir\u00e1n comportamientos inc\u00edvicos.<\/p>\t\t\t\t\t<\/div>\n\t\t\t\t\t\t<\/div>\n\t\t\t\t<\/div>\n\t\t\t\t\t\t<\/div>\n\t\t\t\t\t<\/div>\n\t\t<\/div>\n\t\t\t\t\t\t\t\t<\/div>\n\t\t\t\t\t<\/div>\n\t\t<\/section>\n\t\t\t\t\t\t<\/div>\n\t\t\t\t\t<\/div>\n\t\t<\/div>\n\t\t\t\t\t\t\t\t<\/div>\n\t\t\t\t\t<\/div>\n\t\t<\/section>\n\t\t\t\t\t\t\t\t\t<\/div>\n\t\t\t<\/div>\n\t\t\t\t\t<\/div>\n\t\t","protected":false},"excerpt":{"rendered":"<p>RUTAS URBANAS EN PATINES Como complemento a las clases, en la Escuela Oficial de Patinaje Inline realizamos rutas urbanas en patines para que mejores tu nivel mientras te diviertes y pasas un buen rato. Estas rutas son gratuitas y de libre asistencia para nuestros alumnos y s\u00f3lo se requiere saber realizar giros y frenados b\u00e1sicos. [&hellip;]<\/p>\n","protected":false},"author":1,"featured_media":0,"parent":0,"menu_order":0,"comment_status":"closed","ping_status":"closed","template":"page-templates\/fullwidth-content.php","meta":{"_mi_skip_tracking":false,"_monsterinsights_sitenote_active":false,"_monsterinsights_sitenote_note":"","_monsterinsights_sitenote_category":0},"yoast_head":"<!-- This site is optimized with the Yoast SEO plugin v20.8 - https:\/\/yoast.com\/wordpress\/plugins\/seo\/ -->\n<title>RUTAS URBANAS EN PATINES - Escola Oficial Patinatge Inline<\/title>\n<meta name=\"robots\" content=\"index, follow, max-snippet:-1, max-image-preview:large, max-video-preview:-1\" \/>\n<link rel=\"canonical\" href=\"https:\/\/escolapatinatge.com\/es\/rutas-urbanas-en-patines\/\" \/>\n<meta property=\"og:locale\" content=\"es_ES\" \/>\n<meta property=\"og:type\" content=\"article\" \/>\n<meta property=\"og:title\" content=\"RUTAS URBANAS EN PATINES - Escola Oficial Patinatge Inline\" \/>\n<meta property=\"og:description\" content=\"RUTAS URBANAS EN PATINES Como complemento a las clases, en la Escuela Oficial de Patinaje Inline realizamos rutas urbanas en patines para que mejores tu nivel mientras te diviertes y pasas un buen rato. Estas rutas son gratuitas y de libre asistencia para nuestros alumnos y s\u00f3lo se requiere saber realizar giros y frenados b\u00e1sicos. [&hellip;]\" \/>\n<meta property=\"og:url\" content=\"https:\/\/escolapatinatge.com\/es\/rutas-urbanas-en-patines\/\" \/>\n<meta property=\"og:site_name\" content=\"Escola Oficial Patinatge Inline\" \/>\n<meta property=\"article:modified_time\" content=\"2020-07-19T15:55:16+00:00\" \/>\n<meta property=\"og:image\" content=\"http:\/\/escolapatinatge.com\/wp-content\/uploads\/2019\/08\/rutes_urbanes.jpg\" \/>\n<meta name=\"twitter:card\" content=\"summary_large_image\" \/>\n<meta name=\"twitter:label1\" content=\"Tiempo de lectura\" \/>\n\t<meta name=\"twitter:data1\" content=\"1 minuto\" \/>\n<script type=\"application\/ld+json\" class=\"yoast-schema-graph\">{\"@context\":\"https:\/\/schema.org\",\"@graph\":[{\"@type\":\"WebPage\",\"@id\":\"https:\/\/escolapatinatge.com\/es\/rutas-urbanas-en-patines\/\",\"url\":\"https:\/\/escolapatinatge.com\/es\/rutas-urbanas-en-patines\/\",\"name\":\"RUTAS URBANAS EN PATINES - Escola Oficial Patinatge Inline\",\"isPartOf\":{\"@id\":\"http:\/\/escolapatinatge.com\/ca\/#website\"},\"datePublished\":\"2019-10-12T15:54:39+00:00\",\"dateModified\":\"2020-07-19T15:55:16+00:00\",\"breadcrumb\":{\"@id\":\"https:\/\/escolapatinatge.com\/es\/rutas-urbanas-en-patines\/#breadcrumb\"},\"inLanguage\":\"es\",\"potentialAction\":[{\"@type\":\"ReadAction\",\"target\":[\"https:\/\/escolapatinatge.com\/es\/rutas-urbanas-en-patines\/\"]}]},{\"@type\":\"BreadcrumbList\",\"@id\":\"https:\/\/escolapatinatge.com\/es\/rutas-urbanas-en-patines\/#breadcrumb\",\"itemListElement\":[{\"@type\":\"ListItem\",\"position\":1,\"name\":\"Inici\",\"item\":\"https:\/\/escolapatinatge.com\/es\/\"},{\"@type\":\"ListItem\",\"position\":2,\"name\":\"RUTAS URBANAS EN PATINES\"}]},{\"@type\":\"WebSite\",\"@id\":\"http:\/\/escolapatinatge.com\/ca\/#website\",\"url\":\"http:\/\/escolapatinatge.com\/ca\/\",\"name\":\"Escola Oficial Patinatge Inline\",\"description\":\"Clases de patinaje en Barcelona. Aprende a patinar en la mejor escuela de patinaje. Cursos para todas las edades y niveles.\",\"potentialAction\":[{\"@type\":\"SearchAction\",\"target\":{\"@type\":\"EntryPoint\",\"urlTemplate\":\"http:\/\/escolapatinatge.com\/ca\/?s={search_term_string}\"},\"query-input\":\"required name=search_term_string\"}],\"inLanguage\":\"es\"}]}<\/script>\n<!-- \/ Yoast SEO plugin. -->","yoast_head_json":{"title":"RUTAS URBANAS EN PATINES - Escola Oficial Patinatge Inline","robots":{"index":"index","follow":"follow","max-snippet":"max-snippet:-1","max-image-preview":"max-image-preview:large","max-video-preview":"max-video-preview:-1"},"canonical":"https:\/\/escolapatinatge.com\/es\/rutas-urbanas-en-patines\/","og_locale":"es_ES","og_type":"article","og_title":"RUTAS URBANAS EN PATINES - Escola Oficial Patinatge Inline","og_description":"RUTAS URBANAS EN PATINES Como complemento a las clases, en la Escuela Oficial de Patinaje Inline realizamos rutas urbanas en patines para que mejores tu nivel mientras te diviertes y pasas un buen rato. Estas rutas son gratuitas y de libre asistencia para nuestros alumnos y s\u00f3lo se requiere saber realizar giros y frenados b\u00e1sicos. [&hellip;]","og_url":"https:\/\/escolapatinatge.com\/es\/rutas-urbanas-en-patines\/","og_site_name":"Escola Oficial Patinatge Inline","article_modified_time":"2020-07-19T15:55:16+00:00","og_image":[{"url":"http:\/\/escolapatinatge.com\/wp-content\/uploads\/2019\/08\/rutes_urbanes.jpg"}],"twitter_card":"summary_large_image","twitter_misc":{"Tiempo de lectura":"1 minuto"},"schema":{"@context":"https:\/\/schema.org","@graph":[{"@type":"WebPage","@id":"https:\/\/escolapatinatge.com\/es\/rutas-urbanas-en-patines\/","url":"https:\/\/escolapatinatge.com\/es\/rutas-urbanas-en-patines\/","name":"RUTAS URBANAS EN PATINES - Escola Oficial Patinatge Inline","isPartOf":{"@id":"http:\/\/escolapatinatge.com\/ca\/#website"},"datePublished":"2019-10-12T15:54:39+00:00","dateModified":"2020-07-19T15:55:16+00:00","breadcrumb":{"@id":"https:\/\/escolapatinatge.com\/es\/rutas-urbanas-en-patines\/#breadcrumb"},"inLanguage":"es","potentialAction":[{"@type":"ReadAction","target":["https:\/\/escolapatinatge.com\/es\/rutas-urbanas-en-patines\/"]}]},{"@type":"BreadcrumbList","@id":"https:\/\/escolapatinatge.com\/es\/rutas-urbanas-en-patines\/#breadcrumb","itemListElement":[{"@type":"ListItem","position":1,"name":"Inici","item":"https:\/\/escolapatinatge.com\/es\/"},{"@type":"ListItem","position":2,"name":"RUTAS URBANAS EN PATINES"}]},{"@type":"WebSite","@id":"http:\/\/escolapatinatge.com\/ca\/#website","url":"http:\/\/escolapatinatge.com\/ca\/","name":"Escola Oficial Patinatge Inline","description":"Clases de patinaje en Barcelona. Aprende a patinar en la mejor escuela de patinaje. Cursos para todas las edades y niveles.","potentialAction":[{"@type":"SearchAction","target":{"@type":"EntryPoint","urlTemplate":"http:\/\/escolapatinatge.com\/ca\/?s={search_term_string}"},"query-input":"required name=search_term_string"}],"inLanguage":"es"}]}},"_links":{"self":[{"href":"https:\/\/escolapatinatge.com\/es\/wp-json\/wp\/v2\/pages\/11989"}],"collection":[{"href":"https:\/\/escolapatinatge.com\/es\/wp-json\/wp\/v2\/pages"}],"about":[{"href":"https:\/\/escolapatinatge.com\/es\/wp-json\/wp\/v2\/types\/page"}],"author":[{"embeddable":true,"href":"https:\/\/escolapatinatge.com\/es\/wp-json\/wp\/v2\/users\/1"}],"replies":[{"embeddable":true,"href":"https:\/\/escolapatinatge.com\/es\/wp-json\/wp\/v2\/comments?post=11989"}],"version-history":[{"count":3,"href":"https:\/\/escolapatinatge.com\/es\/wp-json\/wp\/v2\/pages\/11989\/revisions"}],"predecessor-version":[{"id":11997,"href":"https:\/\/escolapatinatge.com\/es\/wp-json\/wp\/v2\/pages\/11989\/revisions\/11997"}],"wp:attachment":[{"href":"https:\/\/escolapatinatge.com\/es\/wp-json\/wp\/v2\/media?parent=11989"}],"curies":[{"name":"wp","href":"https:\/\/api.w.org\/{rel}","templated":true}]}}