{"id":13255,"date":"2022-02-19T19:47:25","date_gmt":"2022-02-19T18:47:25","guid":{"rendered":"http:\/\/escolapatinatge.com\/?page_id=13255"},"modified":"2025-10-04T13:05:57","modified_gmt":"2025-10-04T11:05:57","slug":"cursos-de-patinaje","status":"publish","type":"page","link":"https:\/\/escolapatinatge.com\/es\/cursos-de-patinaje\/","title":{"rendered":"Cursos de patinaje"},"content":{"rendered":"\t\t<div data-elementor-type=\"wp-page\" data-elementor-id=\"13255\" class=\"elementor elementor-13255 elementor-13185\">\n\t\t\t\t\t\t<div class=\"elementor-inner\">\n\t\t\t\t<div class=\"elementor-section-wrap\">\n\t\t\t\t\t\t\t\t\t<section class=\"elementor-section elementor-top-section elementor-element elementor-element-31e6c57 elementor-section-boxed elementor-section-height-default elementor-section-height-default\" data-id=\"31e6c57\" data-element_type=\"section\">\n\t\t\t\t\t\t<div class=\"elementor-container elementor-column-gap-default\">\n\t\t\t\t\t\t\t<div class=\"elementor-row\">\n\t\t\t\t\t<div class=\"elementor-column elementor-col-100 elementor-top-column elementor-element elementor-element-fc09252\" data-id=\"fc09252\" data-element_type=\"column\">\n\t\t\t<div class=\"elementor-column-wrap elementor-element-populated\">\n\t\t\t\t\t\t\t<div class=\"elementor-widget-wrap\">\n\t\t\t\t\t\t<div class=\"elementor-element elementor-element-91ced8b elementor-widget elementor-widget-heading\" data-id=\"91ced8b\" data-element_type=\"widget\" data-widget_type=\"heading.default\">\n\t\t\t\t<div class=\"elementor-widget-container\">\n\t\t\t<h1 class=\"elementor-heading-title elementor-size-default\">Cursos de patinaje<\/h1>\t\t<\/div>\n\t\t\t\t<\/div>\n\t\t\t\t\t\t<\/div>\n\t\t\t\t\t<\/div>\n\t\t<\/div>\n\t\t\t\t\t\t\t\t<\/div>\n\t\t\t\t\t<\/div>\n\t\t<\/section>\n\t\t\t\t<section class=\"elementor-section elementor-top-section elementor-element elementor-element-ada4cb0 elementor-section-boxed elementor-section-height-default elementor-section-height-default\" data-id=\"ada4cb0\" data-element_type=\"section\">\n\t\t\t\t\t\t<div class=\"elementor-container elementor-column-gap-default\">\n\t\t\t\t\t\t\t<div class=\"elementor-row\">\n\t\t\t\t\t<div class=\"elementor-column elementor-col-100 elementor-top-column elementor-element elementor-element-da18422\" data-id=\"da18422\" data-element_type=\"column\">\n\t\t\t<div class=\"elementor-column-wrap elementor-element-populated\">\n\t\t\t\t\t\t\t<div class=\"elementor-widget-wrap\">\n\t\t\t\t\t\t<section class=\"elementor-section elementor-inner-section elementor-element elementor-element-9cfa93d elementor-section-boxed elementor-section-height-default elementor-section-height-default\" data-id=\"9cfa93d\" data-element_type=\"section\">\n\t\t\t\t\t\t<div class=\"elementor-container elementor-column-gap-default\">\n\t\t\t\t\t\t\t<div class=\"elementor-row\">\n\t\t\t\t\t<div class=\"elementor-column elementor-col-100 elementor-inner-column elementor-element elementor-element-44918a0\" data-id=\"44918a0\" data-element_type=\"column\">\n\t\t\t<div class=\"elementor-column-wrap elementor-element-populated\">\n\t\t\t\t\t\t\t<div class=\"elementor-widget-wrap\">\n\t\t\t\t\t\t<div class=\"elementor-element elementor-element-2b2447d elementor-widget elementor-widget-text-editor\" data-id=\"2b2447d\" data-element_type=\"widget\" data-widget_type=\"text-editor.default\">\n\t\t\t\t<div class=\"elementor-widget-container\">\n\t\t\t\t\t\t\t\t<div class=\"elementor-text-editor elementor-clearfix\">\n\t\t\t\t<p>\u00a1Ya puedes apuntarte a nuestros cursos!<\/p><p><strong>Recuerda que las plazas son limitadas!!!<\/strong><\/p><p><strong>NOTA: <\/strong><em>Formulario protegido con contrase\u00f1a entre los d\u00edas 3 y 14 para los actuales alumnos. A partir del d\u00eda 15 esperamos tu reserva, \u00a1gracias!<\/em><\/p><p>Si tienes alguna duda, ponte en contacto con nosotros o visita nuestra p\u00e1gina de <strong><a href=\"\/preguntas-frecuentes\">preguntas frecuentes<\/a><\/strong>.<\/p>\t\t\t\t\t<\/div>\n\t\t\t\t\t\t<\/div>\n\t\t\t\t<\/div>\n\t\t\t\t\t\t<\/div>\n\t\t\t\t\t<\/div>\n\t\t<\/div>\n\t\t\t\t\t\t\t\t<\/div>\n\t\t\t\t\t<\/div>\n\t\t<\/section>\n\t\t\t\t\t\t<\/div>\n\t\t\t\t\t<\/div>\n\t\t<\/div>\n\t\t\t\t\t\t\t\t<\/div>\n\t\t\t\t\t<\/div>\n\t\t<\/section>\n\t\t\t\t<section class=\"elementor-section elementor-top-section elementor-element elementor-element-9547e1c elementor-section-boxed elementor-section-height-default elementor-section-height-default\" data-id=\"9547e1c\" data-element_type=\"section\">\n\t\t\t\t\t\t<div class=\"elementor-container elementor-column-gap-default\">\n\t\t\t\t\t\t\t<div class=\"elementor-row\">\n\t\t\t\t\t<div class=\"elementor-column elementor-col-100 elementor-top-column elementor-element elementor-element-7c39372\" data-id=\"7c39372\" data-element_type=\"column\">\n\t\t\t<div class=\"elementor-column-wrap elementor-element-populated\">\n\t\t\t\t\t\t\t<div class=\"elementor-widget-wrap\">\n\t\t\t\t\t\t<div class=\"elementor-element elementor-element-9d7baae elementor-widget elementor-widget-eael-creative-button\" data-id=\"9d7baae\" data-element_type=\"widget\" data-widget_type=\"eael-creative-button.default\">\n\t\t\t\t<div class=\"elementor-widget-container\">\n\t\t\t        <div class=\"eael-creative-button-wrapper\">\n\n            <a class=\"eael-creative-button eael-creative-button--default\" href=\"http:\/\/escolapatinatge.com\/registre-curs-de-patinatge\/\" target=\"_blank _blank\" data-text=\"Vamos!\">\n\n\t    \n                <div class=\"creative-button-inner\">\n\n                                            <span class=\"eael-creative-button-icon-left\"><i aria-hidden=\"true\" class=\"fas fa-arrow-alt-circle-right\"><\/i><\/span>                    \n                    <span class=\"cretive-button-text\">QUIERO APUNTARME YA!<\/span>\n\n                                    <\/div>\n\t                        <\/a>\n        <\/div>\n\t\t<\/div>\n\t\t\t\t<\/div>\n\t\t\t\t\t\t<\/div>\n\t\t\t\t\t<\/div>\n\t\t<\/div>\n\t\t\t\t\t\t\t\t<\/div>\n\t\t\t\t\t<\/div>\n\t\t<\/section>\n\t\t\t\t\t\t\t\t\t<\/div>\n\t\t\t<\/div>\n\t\t\t\t\t<\/div>\n\t\t","protected":false},"excerpt":{"rendered":"<p>Cursos de patinaje \u00a1Ya puedes apuntarte a nuestros cursos! Recuerda que las plazas son limitadas!!! NOTA: Formulario protegido con contrase\u00f1a entre los d\u00edas 3 y 14 para los actuales alumnos. A partir del d\u00eda 15 esperamos tu reserva, \u00a1gracias! Si tienes alguna duda, ponte en contacto con nosotros o visita nuestra p\u00e1gina de preguntas frecuentes. [&hellip;]<\/p>\n","protected":false},"author":1,"featured_media":0,"parent":0,"menu_order":0,"comment_status":"closed","ping_status":"closed","template":"page-templates\/fullwidth-content.php","meta":{"_mi_skip_tracking":false,"_monsterinsights_sitenote_active":false,"_monsterinsights_sitenote_note":"","_monsterinsights_sitenote_category":0},"yoast_head":"<!-- This site is optimized with the Yoast SEO plugin v20.8 - https:\/\/yoast.com\/wordpress\/plugins\/seo\/ -->\n<title>Cursos de patinaje - Escola Oficial Patinatge Inline<\/title>\n<meta name=\"robots\" content=\"index, follow, max-snippet:-1, max-image-preview:large, max-video-preview:-1\" \/>\n<link rel=\"canonical\" href=\"https:\/\/escolapatinatge.com\/es\/cursos-de-patinaje\/\" \/>\n<meta property=\"og:locale\" content=\"es_ES\" \/>\n<meta property=\"og:type\" content=\"article\" \/>\n<meta property=\"og:title\" content=\"Cursos de patinaje - Escola Oficial Patinatge Inline\" \/>\n<meta property=\"og:description\" content=\"Cursos de patinaje \u00a1Ya puedes apuntarte a nuestros cursos! Recuerda que las plazas son limitadas!!! NOTA: Formulario protegido con contrase\u00f1a entre los d\u00edas 3 y 14 para los actuales alumnos. A partir del d\u00eda 15 esperamos tu reserva, \u00a1gracias! Si tienes alguna duda, ponte en contacto con nosotros o visita nuestra p\u00e1gina de preguntas frecuentes. [&hellip;]\" \/>\n<meta property=\"og:url\" content=\"https:\/\/escolapatinatge.com\/es\/cursos-de-patinaje\/\" \/>\n<meta property=\"og:site_name\" content=\"Escola Oficial Patinatge Inline\" \/>\n<meta property=\"article:modified_time\" content=\"2025-10-04T11:05:57+00:00\" \/>\n<meta name=\"twitter:card\" content=\"summary_large_image\" \/>\n<meta name=\"twitter:label1\" content=\"Tiempo de lectura\" \/>\n\t<meta name=\"twitter:data1\" content=\"1 minuto\" \/>\n<script type=\"application\/ld+json\" class=\"yoast-schema-graph\">{\"@context\":\"https:\/\/schema.org\",\"@graph\":[{\"@type\":\"WebPage\",\"@id\":\"https:\/\/escolapatinatge.com\/es\/cursos-de-patinaje\/\",\"url\":\"https:\/\/escolapatinatge.com\/es\/cursos-de-patinaje\/\",\"name\":\"Cursos de patinaje - Escola Oficial Patinatge Inline\",\"isPartOf\":{\"@id\":\"https:\/\/escolapatinatge.com\/ca\/#website\"},\"datePublished\":\"2022-02-19T18:47:25+00:00\",\"dateModified\":\"2025-10-04T11:05:57+00:00\",\"breadcrumb\":{\"@id\":\"https:\/\/escolapatinatge.com\/es\/cursos-de-patinaje\/#breadcrumb\"},\"inLanguage\":\"es\",\"potentialAction\":[{\"@type\":\"ReadAction\",\"target\":[\"https:\/\/escolapatinatge.com\/es\/cursos-de-patinaje\/\"]}]},{\"@type\":\"BreadcrumbList\",\"@id\":\"https:\/\/escolapatinatge.com\/es\/cursos-de-patinaje\/#breadcrumb\",\"itemListElement\":[{\"@type\":\"ListItem\",\"position\":1,\"name\":\"Inici\",\"item\":\"https:\/\/escolapatinatge.com\/es\/\"},{\"@type\":\"ListItem\",\"position\":2,\"name\":\"Cursos de patinaje\"}]},{\"@type\":\"WebSite\",\"@id\":\"https:\/\/escolapatinatge.com\/ca\/#website\",\"url\":\"https:\/\/escolapatinatge.com\/ca\/\",\"name\":\"Escola Oficial Patinatge Inline\",\"description\":\"Clases de patinaje en Barcelona. Aprende a patinar en la mejor escuela de patinaje. Cursos para todas las edades y niveles.\",\"potentialAction\":[{\"@type\":\"SearchAction\",\"target\":{\"@type\":\"EntryPoint\",\"urlTemplate\":\"https:\/\/escolapatinatge.com\/ca\/?s={search_term_string}\"},\"query-input\":\"required name=search_term_string\"}],\"inLanguage\":\"es\"}]}<\/script>\n<!-- \/ Yoast SEO plugin. -->","yoast_head_json":{"title":"Cursos de patinaje - Escola Oficial Patinatge Inline","robots":{"index":"index","follow":"follow","max-snippet":"max-snippet:-1","max-image-preview":"max-image-preview:large","max-video-preview":"max-video-preview:-1"},"canonical":"https:\/\/escolapatinatge.com\/es\/cursos-de-patinaje\/","og_locale":"es_ES","og_type":"article","og_title":"Cursos de patinaje - Escola Oficial Patinatge Inline","og_description":"Cursos de patinaje \u00a1Ya puedes apuntarte a nuestros cursos! Recuerda que las plazas son limitadas!!! NOTA: Formulario protegido con contrase\u00f1a entre los d\u00edas 3 y 14 para los actuales alumnos. A partir del d\u00eda 15 esperamos tu reserva, \u00a1gracias! Si tienes alguna duda, ponte en contacto con nosotros o visita nuestra p\u00e1gina de preguntas frecuentes. [&hellip;]","og_url":"https:\/\/escolapatinatge.com\/es\/cursos-de-patinaje\/","og_site_name":"Escola Oficial Patinatge Inline","article_modified_time":"2025-10-04T11:05:57+00:00","twitter_card":"summary_large_image","twitter_misc":{"Tiempo de lectura":"1 minuto"},"schema":{"@context":"https:\/\/schema.org","@graph":[{"@type":"WebPage","@id":"https:\/\/escolapatinatge.com\/es\/cursos-de-patinaje\/","url":"https:\/\/escolapatinatge.com\/es\/cursos-de-patinaje\/","name":"Cursos de patinaje - Escola Oficial Patinatge Inline","isPartOf":{"@id":"https:\/\/escolapatinatge.com\/ca\/#website"},"datePublished":"2022-02-19T18:47:25+00:00","dateModified":"2025-10-04T11:05:57+00:00","breadcrumb":{"@id":"https:\/\/escolapatinatge.com\/es\/cursos-de-patinaje\/#breadcrumb"},"inLanguage":"es","potentialAction":[{"@type":"ReadAction","target":["https:\/\/escolapatinatge.com\/es\/cursos-de-patinaje\/"]}]},{"@type":"BreadcrumbList","@id":"https:\/\/escolapatinatge.com\/es\/cursos-de-patinaje\/#breadcrumb","itemListElement":[{"@type":"ListItem","position":1,"name":"Inici","item":"https:\/\/escolapatinatge.com\/es\/"},{"@type":"ListItem","position":2,"name":"Cursos de patinaje"}]},{"@type":"WebSite","@id":"https:\/\/escolapatinatge.com\/ca\/#website","url":"https:\/\/escolapatinatge.com\/ca\/","name":"Escola Oficial Patinatge Inline","description":"Clases de patinaje en Barcelona. Aprende a patinar en la mejor escuela de patinaje. Cursos para todas las edades y niveles.","potentialAction":[{"@type":"SearchAction","target":{"@type":"EntryPoint","urlTemplate":"https:\/\/escolapatinatge.com\/ca\/?s={search_term_string}"},"query-input":"required name=search_term_string"}],"inLanguage":"es"}]}},"_links":{"self":[{"href":"https:\/\/escolapatinatge.com\/es\/wp-json\/wp\/v2\/pages\/13255"}],"collection":[{"href":"https:\/\/escolapatinatge.com\/es\/wp-json\/wp\/v2\/pages"}],"about":[{"href":"https:\/\/escolapatinatge.com\/es\/wp-json\/wp\/v2\/types\/page"}],"author":[{"embeddable":true,"href":"https:\/\/escolapatinatge.com\/es\/wp-json\/wp\/v2\/users\/1"}],"replies":[{"embeddable":true,"href":"https:\/\/escolapatinatge.com\/es\/wp-json\/wp\/v2\/comments?post=13255"}],"version-history":[{"count":151,"href":"https:\/\/escolapatinatge.com\/es\/wp-json\/wp\/v2\/pages\/13255\/revisions"}],"predecessor-version":[{"id":32921,"href":"https:\/\/escolapatinatge.com\/es\/wp-json\/wp\/v2\/pages\/13255\/revisions\/32921"}],"wp:attachment":[{"href":"https:\/\/escolapatinatge.com\/es\/wp-json\/wp\/v2\/media?parent=13255"}],"curies":[{"name":"wp","href":"https:\/\/api.w.org\/{rel}","templated":true}]}}