{"id":13727,"date":"2022-03-03T13:51:15","date_gmt":"2022-03-03T12:51:15","guid":{"rendered":"http:\/\/escolapatinatge.com\/?page_id=13727"},"modified":"2022-03-03T13:51:51","modified_gmt":"2022-03-03T12:51:51","slug":"test-stripe","status":"publish","type":"page","link":"https:\/\/escolapatinatge.com\/es\/test-stripe\/","title":{"rendered":"test-stripe"},"content":{"rendered":"\t\t<div data-elementor-type=\"wp-page\" data-elementor-id=\"13727\" class=\"elementor elementor-13727\">\n\t\t\t\t\t\t<div class=\"elementor-inner\">\n\t\t\t\t<div class=\"elementor-section-wrap\">\n\t\t\t\t\t\t\t\t\t<section class=\"elementor-section elementor-top-section elementor-element elementor-element-1c39383 elementor-section-boxed elementor-section-height-default elementor-section-height-default\" data-id=\"1c39383\" data-element_type=\"section\">\n\t\t\t\t\t\t<div class=\"elementor-container elementor-column-gap-default\">\n\t\t\t\t\t\t\t<div class=\"elementor-row\">\n\t\t\t\t\t<div class=\"elementor-column elementor-col-100 elementor-top-column elementor-element elementor-element-7879f5f\" data-id=\"7879f5f\" data-element_type=\"column\">\n\t\t\t<div class=\"elementor-column-wrap elementor-element-populated\">\n\t\t\t\t\t\t\t<div class=\"elementor-widget-wrap\">\n\t\t\t\t\t\t<div class=\"elementor-element elementor-element-dfb91b7 eael-wpforms-labels-yes eael-wpforms-form-button-custom elementor-widget elementor-widget-eael-wpforms\" data-id=\"dfb91b7\" data-element_type=\"widget\" data-widget_type=\"eael-wpforms.default\">\n\t\t\t\t<div class=\"elementor-widget-container\">\n\t\t\t            <div class=\"eael-contact-form eael-wpforms eael-contact-form-align-default\">\n                                <div class=\"wpforms-container wpforms-container-full wpforms-stripe\" id=\"wpforms-13726\"><form id=\"wpforms-form-13726\" class=\"wpforms-validate wpforms-form wpforms-ajax-form\" data-formid=\"13726\" method=\"post\" enctype=\"multipart\/form-data\" action=\"\/es\/wp-json\/wp\/v2\/pages\/13727\" data-token=\"c46699b0a3efe42abebf96c36ce9bcc1\"><div class=\"wpforms-head-container\"><div class=\"wpforms-title\">Formulari de registre curs patinatge (Prova)<\/div><\/div><noscript class=\"wpforms-error-noscript\">Por favor, activa JavaScript en tu navegador para completar este formulario.<\/noscript><div class=\"wpforms-field-container\"><div id=\"wpforms-13726-field_2-container\" class=\"wpforms-field wpforms-field-text\" data-field-id=\"2\"><label class=\"wpforms-field-label\" for=\"wpforms-13726-field_2\">Nom \/ Nombre<\/label><input type=\"text\" id=\"wpforms-13726-field_2\" class=\"wpforms-field-medium\" name=\"wpforms[fields][2]\" ><\/div><div id=\"wpforms-13726-field_3-container\" class=\"wpforms-field wpforms-field-text\" data-field-id=\"3\"><label class=\"wpforms-field-label\" for=\"wpforms-13726-field_3\">Cognoms \/ Apellidos<\/label><input type=\"text\" id=\"wpforms-13726-field_3\" class=\"wpforms-field-medium\" name=\"wpforms[fields][3]\" ><\/div><div id=\"wpforms-13726-field_4-container\" class=\"wpforms-field wpforms-field-email\" data-field-id=\"4\"><label class=\"wpforms-field-label\" for=\"wpforms-13726-field_4\">Email <span class=\"wpforms-required-label\">*<\/span><\/label><input type=\"email\" id=\"wpforms-13726-field_4\" class=\"wpforms-field-medium wpforms-field-required\" name=\"wpforms[fields][4]\" spellcheck=\"false\" required><\/div><div id=\"wpforms-13726-field_5-container\" class=\"wpforms-field wpforms-field-phone\" data-field-id=\"5\"><label class=\"wpforms-field-label\" for=\"wpforms-13726-field_5\">Tel\u00e8fon \/ Tel\u00e9fono<\/label><input type=\"tel\" id=\"wpforms-13726-field_5\" class=\"wpforms-field-medium wpforms-smart-phone-field\" data-rule-smart-phone-field=\"true\" name=\"wpforms[fields][5]\" ><\/div><div id=\"wpforms-13726-field_6-container\" class=\"wpforms-field wpforms-field-select wpforms-conditional-trigger wpforms-field-select-style-classic\" data-field-id=\"6\"><label class=\"wpforms-field-label\" for=\"wpforms-13726-field_6\">Tipus de pat\u00ed \/ Tipo de pat\u00edn<\/label><select id=\"wpforms-13726-field_6\" class=\"wpforms-field-medium\" name=\"wpforms[fields][6]\"><option value=\"Patins en l\u00ednia \/ Patines en l\u00ednea\" >Patins en l\u00ednia \/ Patines en l\u00ednea<\/option><option value=\"Patins de 4 rodes \/ Patines de 4 ruedas\" >Patins de 4 rodes \/ Patines de 4 ruedas<\/option><\/select><\/div><div id=\"wpforms-13726-field_12-container\" class=\"wpforms-field wpforms-field-select wpforms-conditional-field wpforms-conditional-show wpforms-conditional-trigger wpforms-field-select-style-classic\" data-field-id=\"12\" style=\"display:none;\"><label class=\"wpforms-field-label\" for=\"wpforms-13726-field_12\">Edat de l&#039;alumne \/ Edad del alumno<\/label><select id=\"wpforms-13726-field_12\" class=\"wpforms-field-medium\" name=\"wpforms[fields][12]\"><option value=\"Adult \/ Adulto\" >Adult \/ Adulto<\/option><option value=\"Nen \/ Ni\u00f1o\" >Nen \/ Ni\u00f1o<\/option><\/select><div class=\"wpforms-field-description\">NENS \/ NI\u00d1OS: de 4 a 13 anys\/a\u00f1os <\/br>\r\nADULTS \/ ADULTOS: de 14 a 74 anys\/a\u00f1os<\/div><\/div><div id=\"wpforms-13726-field_13-container\" class=\"wpforms-field wpforms-field-select wpforms-conditional-field wpforms-conditional-show wpforms-conditional-trigger wpforms-field-select-style-classic\" data-field-id=\"13\" style=\"display:none;\"><label class=\"wpforms-field-label\" for=\"wpforms-13726-field_13\">Nivell de patinatge \/ Nivel de patinaje<\/label><select id=\"wpforms-13726-field_13\" class=\"wpforms-field-medium\" name=\"wpforms[fields][13]\"><option value=\"PRINCIPIANT \/ PRINCIPIANTE\" >PRINCIPIANT \/ PRINCIPIANTE<\/option><option value=\"MIG \/ MEDIO\" >MIG \/ MEDIO<\/option><option value=\"AVAN\u00c7AT \/ AVANZADO\" >AVAN\u00c7AT \/ AVANZADO<\/option><\/select><div class=\"wpforms-field-description\">- <b>PRINCIPIANTE:<\/b> No te has puesto nunca unos patines o los has usado poco. Iremos poco a poco ayud\u00e1ndote a ser aut\u00f3nomo, d\u00e1ndote las herramientas para poder ir de ruta solo o sola por recorridos con poca dificultad.<\/br>\r\n\r\n- <b>MEDIO:<\/b> Te sostienes solo y sabes hacer giros y frenadas b\u00e1sicas con seguridad. Te ense\u00f1aremos alternativas a la frenada con el \"taco\", a hacer giros m\u00e1s complejos y empezar a afrontar bajadas con seguridad.<\/br>\r\n\r\nLos s\u00e1bados de 10:30 a 11:30 en Estaci\u00f3 del Nord, tambi\u00e9n dispones de nivel avanzado:<\/br>\r\n\r\n- <b>AVANZADO: <\/b>Ya llevas tiempo patinando y quieres aprender a hacer t\u00e9cnicas m\u00e1s avanzadas de frenado, giros, saltos, descenso, etc.<\/div><\/div><div id=\"wpforms-13726-field_17-container\" class=\"wpforms-field wpforms-field-payment-select wpforms-conditional-field wpforms-conditional-show wpforms-field-select-style-classic\" data-field-id=\"17\" style=\"display:none;\"><label class=\"wpforms-field-label\" for=\"wpforms-13726-field_17\">Horarios disponibles para nivel Principiante<\/label><select id=\"wpforms-13726-field_17\" class=\"wpforms-payment-price wpforms-field-medium\" name=\"wpforms[fields][17]\"><option value=\"1\" data-amount=\"1,00\" >LUNES DE 19H A 20H - ESTACI\u00d3 DEL NORD - 1,00 &euro;<\/option><option value=\"2\" data-amount=\"1,00\" >MARTES 19H A 20H - PARC DEL F\u00d2RUM (EN EXTERIOR) - 1,00 &euro;<\/option><option value=\"3\" data-amount=\"1,00\" >MI\u00c9RCOLES DE 19H A 20H - ESTACI\u00d3 DEL NORD - 1,00 &euro;<\/option><option value=\"4\" data-amount=\"0,50\" >JUEVES 19H A 20H - PARC DEL F\u00d2RUM (EN EXTERIOR) - 0,50 &euro;<\/option><option value=\"5\" data-amount=\"1,00\" >S\u00c1BADO DE 10:30H A 11:30H - ESTACI\u00d3 DEL NORD - 1,00 &euro;<\/option><option value=\"6\" data-amount=\"1,00\" >S\u00c1BADO DE 12H A 13H - ESTACI\u00d3 DEL NORD - 1,00 &euro;<\/option><option value=\"7\" data-amount=\"1,00\" >S\u00c1BADO DE 17:30H A 18:30H - CLOT DE LA MEL - 1,00 &euro;<\/option><option value=\"8\" data-amount=\"1,00\" >DOMINGO DE 12H A 13H - ESPORTIU MANYANET - 1,00 &euro;<\/option><\/select><\/div><div id=\"wpforms-13726-field_18-container\" class=\"wpforms-field wpforms-field-payment-select wpforms-conditional-field wpforms-conditional-show wpforms-field-select-style-classic\" data-field-id=\"18\" style=\"display:none;\"><label class=\"wpforms-field-label\" for=\"wpforms-13726-field_18\">Horarios disponibles para nivel Medio<\/label><select id=\"wpforms-13726-field_18\" class=\"wpforms-payment-price wpforms-field-medium\" name=\"wpforms[fields][18]\"><option value=\"1\" data-amount=\"1,00\" >LUNES DE 19H A 20H - ESTACI\u00d3 DEL NORD - 1,00 &euro;<\/option><option value=\"2\" data-amount=\"1,00\" >MARTES 19H A 20H - PARC DEL F\u00d2RUM (EN EXTERIOR) - 1,00 &euro;<\/option><option value=\"3\" data-amount=\"1,00\" >MI\u00c9RCOLES DE 19H A 20H - ESTACI\u00d3 DEL NORD - 1,00 &euro;<\/option><option value=\"4\" data-amount=\"1,00\" >JUEVES 19H A 20H - PARC DEL F\u00d2RUM (EN EXTERIOR) - 1,00 &euro;<\/option><option value=\"5\" data-amount=\"1,00\" >S\u00c1BADO DE 10:30H A 11:30H - ESTACI\u00d3 DEL NORD - 1,00 &euro;<\/option><option value=\"6\" data-amount=\"1,00\" >S\u00c1BADO DE 12H A 13H - ESTACI\u00d3 DEL NORD - 1,00 &euro;<\/option><option value=\"7\" data-amount=\"1,00\" >S\u00c1BADO DE 17:30H A 18:30H - CLOT DE LA MEL - 1,00 &euro;<\/option><option value=\"8\" data-amount=\"1,00\" >DOMINGO DE 12H A 13H - ESPORTIU MANYANET - 1,00 &euro;<\/option><\/select><\/div><div id=\"wpforms-13726-field_16-container\" class=\"wpforms-field wpforms-field-payment-select wpforms-conditional-field wpforms-conditional-show wpforms-field-select-style-classic\" data-field-id=\"16\" style=\"display:none;\"><label class=\"wpforms-field-label\" for=\"wpforms-13726-field_16\">Horarios disponibles para nivel Avanzado<\/label><select id=\"wpforms-13726-field_16\" class=\"wpforms-payment-price wpforms-field-medium\" name=\"wpforms[fields][16]\"><option value=\"1\" data-amount=\"1,00\" >S\u00c1BADO DE 10:30H A 11:30H - ESTACI\u00d3 DEL NORD - 1,00 &euro;<\/option><\/select><\/div><div id=\"wpforms-13726-field_19-container\" class=\"wpforms-field wpforms-field-payment-select wpforms-conditional-field wpforms-conditional-show wpforms-field-select-style-classic\" data-field-id=\"19\" style=\"display:none;\"><label class=\"wpforms-field-label\" for=\"wpforms-13726-field_19\">Horarios disponibles para ni\u00f1os y ni\u00f1as<\/label><select id=\"wpforms-13726-field_19\" class=\"wpforms-payment-price wpforms-field-medium\" name=\"wpforms[fields][19]\"><option value=\"1\" data-amount=\"1,00\" >LUNES DE 19H A 20H - ESTACI\u00d3 DEL NORD - 1,00 &euro;<\/option><option value=\"4\" data-amount=\"0,50\" >JUEVES 19H A 20H - PARC DEL F\u00d2RUM (EN EXTERIOR) - 0,50 &euro;<\/option><option value=\"5\" data-amount=\"1,00\" >S\u00c1BADO DE 10:30H A 11:30H - ESTACI\u00d3 DEL NORD - 1,00 &euro;<\/option><option value=\"6\" data-amount=\"1,00\" >S\u00c1BADO DE 12H A 13H - ESTACI\u00d3 DEL NORD - 1,00 &euro;<\/option><option value=\"7\" data-amount=\"1,00\" >S\u00c1BADO DE 17:30H A 18:30H - CLOT DE LA MEL - 1,00 &euro;<\/option><option value=\"8\" data-amount=\"1,00\" >DOMINGO DE 12H A 13H - ESPORTIU MANYANET - 1,00 &euro;<\/option><\/select><\/div><div id=\"wpforms-13726-field_20-container\" class=\"wpforms-field wpforms-field-payment-select wpforms-conditional-field wpforms-conditional-show wpforms-field-select-style-classic\" data-field-id=\"20\" style=\"display:none;\"><label class=\"wpforms-field-label\" for=\"wpforms-13726-field_20\">Horarios disponibles Quad - 4 Ruedas - Adultos<\/label><select id=\"wpforms-13726-field_20\" class=\"wpforms-payment-price wpforms-field-medium\" name=\"wpforms[fields][20]\"><option value=\"1\" data-amount=\"1,00\" >LUNES DE 19H A 20H - ESTACI\u00d3 DEL NORD - 1,00 &euro;<\/option><option value=\"4\" data-amount=\"0,50\" >JUEVES 19H A 20H - PARC DEL F\u00d2RUM (EN EXTERIOR) - 0,50 &euro;<\/option><option value=\"7\" data-amount=\"1,00\" >S\u00c1BADO DE 17:30H A 18:30H - CLOT DE LA MEL - 1,00 &euro;<\/option><\/select><\/div><div id=\"wpforms-13726-field_21-container\" class=\"wpforms-field wpforms-field-payment-select wpforms-conditional-field wpforms-conditional-show wpforms-field-select-style-classic\" data-field-id=\"21\" style=\"display:none;\"><label class=\"wpforms-field-label\" for=\"wpforms-13726-field_21\">Horarios disponibles Quad - 4 Ruedas - Ni\u00f1os<\/label><select id=\"wpforms-13726-field_21\" class=\"wpforms-payment-price wpforms-field-medium\" name=\"wpforms[fields][21]\"><option value=\"7\" data-amount=\"1,00\" >S\u00c1BADO DE 17:30H A 18:30H - CLOT DE LA MEL - 1,00 &euro;<\/option><\/select><\/div><div id=\"wpforms-13726-field_24-container\" class=\"wpforms-field wpforms-field-payment-select wpforms-field-select-style-classic\" data-field-id=\"24\"><label class=\"wpforms-field-label\" for=\"wpforms-13726-field_24\">Alumne matriculat \/ Alumno matriculado<\/label><select id=\"wpforms-13726-field_24\" class=\"wpforms-payment-price wpforms-field-medium\" name=\"wpforms[fields][24]\"><option value=\"1\" data-amount=\"0,00\" >SI - 0,00 &euro;<\/option><option value=\"2\" data-amount=\"1,00\" >No - 1,00 &euro;<\/option><\/select><div class=\"wpforms-field-description\">Matr\u00edcula del curso: 20 euro v\u00e1lida hasta julio 2022.\r\n<\/div><\/div><div id=\"wpforms-13726-field_22-container\" class=\"wpforms-field wpforms-field-payment-total\" data-field-id=\"22\"><label class=\"wpforms-field-label\" for=\"wpforms-13726-field_22\">Total<\/label><div class=\"wpforms-payment-total\">0,00 &euro;<\/div><input type=\"hidden\" id=\"wpforms-13726-field_22\" class=\"wpforms-payment-total\" name=\"wpforms[fields][22]\" value=\"0\"><\/div><div id=\"wpforms-13726-field_26-container\" class=\"wpforms-field wpforms-field-stripe-credit-card\" data-field-id=\"26\"><label class=\"wpforms-field-label\" for=\"wpforms-13726-field_26\">Datos de la tarjeta <span class=\"wpforms-required-label\">*<\/span><\/label><div class=\"wpforms-field-row wpforms-field-medium\"><div class=\"wpforms-field-stripe-credit-card-number\"><div id=\"wpforms-13726-field_26\" class=\"wpforms-field-stripe-credit-card-cardnumber wpforms-field-required\" data-required=\"required\"><!-- a Stripe Element will be inserted here. --><\/div><input type=\"text\" class=\"wpforms-stripe-credit-card-hidden-input\" name=\"wpforms[stripe-credit-card-hidden-input-13726]\" disabled style=\"display: none;\"><label for=\"wpforms-13726-field_26\" class=\"wpforms-field-sublabel after \">Tarjeta<\/label><\/div><\/div><div class=\"wpforms-field-row wpforms-field-medium\"><div class=\"wpforms-field-stripe-credit-card-name\"><input type=\"text\" id=\"wpforms-13726-field_26-cardname\" class=\"wpforms-field-stripe-credit-card-cardname wpforms-field-required\" name=\"wpforms[stripe-credit-card-cardname]\" required><label for=\"wpforms-13726-field_26-cardname\" class=\"wpforms-field-sublabel after \">Nombre en la tarjeta<\/label><\/div><\/div><\/div><\/div><!-- .wpforms-field-container --><div class=\"wpforms-submit-container\" ><input type=\"hidden\" name=\"wpforms[id]\" value=\"13726\"><input type=\"hidden\" name=\"wpforms[author]\" value=\"1\"><button type=\"submit\" name=\"wpforms[submit]\" id=\"wpforms-submit-13726\" class=\"wpforms-submit\" data-alt-text=\"Enviant...\" data-submit-text=\"Enviar\" aria-live=\"assertive\" value=\"wpforms-submit\">Enviar<\/button><img decoding=\"async\" loading=\"lazy\" src=\"https:\/\/escolapatinatge.com\/wp-content\/plugins\/wpforms\/assets\/images\/submit-spin.svg\" class=\"wpforms-submit-spinner\" style=\"display: none;\" width=\"26\" height=\"26\" alt=\"Cargando\"><\/div><input type=\"hidden\" id=\"ct_checkjs_wpforms_7bcdf75ad237b8e02e301f4091fb6bc8\" name=\"ct_checkjs_wpforms\" value=\"0\" \/><input \n        id=\"apbct__email_id__wp_wpforms_56385\" \n        class=\"apbct_special_field apbct__email_id__wp_wpforms\"\n        autocomplete=\"off\" \n        name=\"apbct__email_id__wp_wpforms_56385\"  \n        type=\"text\" \n        value=\"\" \n        size=\"30\" \n        maxlength=\"200\" \n    \/><input \n        id=\"apbct_event_id\"\n        class=\"apbct_special_field\"\n        name=\"apbct_event_id\"\n        type=\"hidden\" \n        value=\"56385\" \n            \/><\/form><\/div>  <!-- .wpforms-container -->            <\/div>\n\t\t<\/div>\n\t\t\t\t<\/div>\n\t\t\t\t\t\t<\/div>\n\t\t\t\t\t<\/div>\n\t\t<\/div>\n\t\t\t\t\t\t\t\t<\/div>\n\t\t\t\t\t<\/div>\n\t\t<\/section>\n\t\t\t\t\t\t\t\t\t<\/div>\n\t\t\t<\/div>\n\t\t\t\t\t<\/div>\n\t\t","protected":false},"excerpt":{"rendered":"<p>Formulari de registre curs patinatge (Prova)Please enable JavaScript in your browser to complete this form.Nom \/ NombreCognoms \/ ApellidosEmail *Tel\u00e8fon \/ Tel\u00e9fonoTipus de pat\u00ed \/ Tipo de pat\u00ednPatins en l\u00ednia \/ Patines en l\u00edneaPatins de 4 rodes \/ Patines de 4 ruedasEdat de l&#039;alumne \/ Edad del alumnoAdult \/ AdultoNen \/ Ni\u00f1oNENS \/ NI\u00d1OS: de [&hellip;]<\/p>\n","protected":false},"author":1,"featured_media":0,"parent":0,"menu_order":0,"comment_status":"closed","ping_status":"closed","template":"","meta":{"_mi_skip_tracking":false,"_monsterinsights_sitenote_active":false,"_monsterinsights_sitenote_note":"","_monsterinsights_sitenote_category":0},"yoast_head":"<!-- This site is optimized with the Yoast SEO plugin v20.8 - https:\/\/yoast.com\/wordpress\/plugins\/seo\/ -->\n<title>test-stripe - Escola Oficial Patinatge Inline<\/title>\n<meta name=\"robots\" content=\"index, follow, max-snippet:-1, max-image-preview:large, max-video-preview:-1\" \/>\n<link rel=\"canonical\" href=\"http:\/\/escolapatinatge.com\/es\/test-stripe\/\" \/>\n<meta property=\"og:locale\" content=\"es_ES\" \/>\n<meta property=\"og:type\" content=\"article\" \/>\n<meta property=\"og:title\" content=\"test-stripe - Escola Oficial Patinatge Inline\" \/>\n<meta property=\"og:description\" content=\"Formulari de registre curs patinatge (Prova)Please enable JavaScript in your browser to complete this form.Nom \/ NombreCognoms \/ ApellidosEmail *Tel\u00e8fon \/ Tel\u00e9fonoTipus de pat\u00ed \/ Tipo de pat\u00ednPatins en l\u00ednia \/ Patines en l\u00edneaPatins de 4 rodes \/ Patines de 4 ruedasEdat de l&#039;alumne \/ Edad del alumnoAdult \/ AdultoNen \/ Ni\u00f1oNENS \/ NI\u00d1OS: de [&hellip;]\" \/>\n<meta property=\"og:url\" content=\"http:\/\/escolapatinatge.com\/es\/test-stripe\/\" \/>\n<meta property=\"og:site_name\" content=\"Escola Oficial Patinatge Inline\" \/>\n<meta property=\"article:modified_time\" content=\"2022-03-03T12:51:51+00:00\" \/>\n<meta property=\"og:image\" content=\"http:\/\/escolapatinatge.com\/wp-content\/plugins\/wpforms\/assets\/images\/submit-spin.svg\" \/>\n<meta name=\"twitter:card\" content=\"summary_large_image\" \/>\n<meta name=\"twitter:label1\" content=\"Tiempo de lectura\" \/>\n\t<meta name=\"twitter:data1\" content=\"3 minutos\" \/>\n<script type=\"application\/ld+json\" class=\"yoast-schema-graph\">{\"@context\":\"https:\/\/schema.org\",\"@graph\":[{\"@type\":\"WebPage\",\"@id\":\"http:\/\/escolapatinatge.com\/es\/test-stripe\/\",\"url\":\"http:\/\/escolapatinatge.com\/es\/test-stripe\/\",\"name\":\"test-stripe - Escola Oficial Patinatge Inline\",\"isPartOf\":{\"@id\":\"http:\/\/escolapatinatge.com\/ca\/#website\"},\"datePublished\":\"2022-03-03T12:51:15+00:00\",\"dateModified\":\"2022-03-03T12:51:51+00:00\",\"breadcrumb\":{\"@id\":\"http:\/\/escolapatinatge.com\/es\/test-stripe\/#breadcrumb\"},\"inLanguage\":\"es\",\"potentialAction\":[{\"@type\":\"ReadAction\",\"target\":[\"http:\/\/escolapatinatge.com\/es\/test-stripe\/\"]}]},{\"@type\":\"BreadcrumbList\",\"@id\":\"http:\/\/escolapatinatge.com\/es\/test-stripe\/#breadcrumb\",\"itemListElement\":[{\"@type\":\"ListItem\",\"position\":1,\"name\":\"Inici\",\"item\":\"https:\/\/escolapatinatge.com\/es\/\"},{\"@type\":\"ListItem\",\"position\":2,\"name\":\"test-stripe\"}]},{\"@type\":\"WebSite\",\"@id\":\"http:\/\/escolapatinatge.com\/ca\/#website\",\"url\":\"http:\/\/escolapatinatge.com\/ca\/\",\"name\":\"Escola Oficial Patinatge Inline\",\"description\":\"Clases de patinaje en Barcelona. Aprende a patinar en la mejor escuela de patinaje. Cursos para todas las edades y niveles.\",\"potentialAction\":[{\"@type\":\"SearchAction\",\"target\":{\"@type\":\"EntryPoint\",\"urlTemplate\":\"http:\/\/escolapatinatge.com\/ca\/?s={search_term_string}\"},\"query-input\":\"required name=search_term_string\"}],\"inLanguage\":\"es\"}]}<\/script>\n<!-- \/ Yoast SEO plugin. -->","yoast_head_json":{"title":"test-stripe - Escola Oficial Patinatge Inline","robots":{"index":"index","follow":"follow","max-snippet":"max-snippet:-1","max-image-preview":"max-image-preview:large","max-video-preview":"max-video-preview:-1"},"canonical":"http:\/\/escolapatinatge.com\/es\/test-stripe\/","og_locale":"es_ES","og_type":"article","og_title":"test-stripe - Escola Oficial Patinatge Inline","og_description":"Formulari de registre curs patinatge (Prova)Please enable JavaScript in your browser to complete this form.Nom \/ NombreCognoms \/ ApellidosEmail *Tel\u00e8fon \/ Tel\u00e9fonoTipus de pat\u00ed \/ Tipo de pat\u00ednPatins en l\u00ednia \/ Patines en l\u00edneaPatins de 4 rodes \/ Patines de 4 ruedasEdat de l&#039;alumne \/ Edad del alumnoAdult \/ AdultoNen \/ Ni\u00f1oNENS \/ NI\u00d1OS: de [&hellip;]","og_url":"http:\/\/escolapatinatge.com\/es\/test-stripe\/","og_site_name":"Escola Oficial Patinatge Inline","article_modified_time":"2022-03-03T12:51:51+00:00","og_image":[{"url":"http:\/\/escolapatinatge.com\/wp-content\/plugins\/wpforms\/assets\/images\/submit-spin.svg"}],"twitter_card":"summary_large_image","twitter_misc":{"Tiempo de lectura":"3 minutos"},"schema":{"@context":"https:\/\/schema.org","@graph":[{"@type":"WebPage","@id":"http:\/\/escolapatinatge.com\/es\/test-stripe\/","url":"http:\/\/escolapatinatge.com\/es\/test-stripe\/","name":"test-stripe - Escola Oficial Patinatge Inline","isPartOf":{"@id":"http:\/\/escolapatinatge.com\/ca\/#website"},"datePublished":"2022-03-03T12:51:15+00:00","dateModified":"2022-03-03T12:51:51+00:00","breadcrumb":{"@id":"http:\/\/escolapatinatge.com\/es\/test-stripe\/#breadcrumb"},"inLanguage":"es","potentialAction":[{"@type":"ReadAction","target":["http:\/\/escolapatinatge.com\/es\/test-stripe\/"]}]},{"@type":"BreadcrumbList","@id":"http:\/\/escolapatinatge.com\/es\/test-stripe\/#breadcrumb","itemListElement":[{"@type":"ListItem","position":1,"name":"Inici","item":"https:\/\/escolapatinatge.com\/es\/"},{"@type":"ListItem","position":2,"name":"test-stripe"}]},{"@type":"WebSite","@id":"http:\/\/escolapatinatge.com\/ca\/#website","url":"http:\/\/escolapatinatge.com\/ca\/","name":"Escola Oficial Patinatge Inline","description":"Clases de patinaje en Barcelona. Aprende a patinar en la mejor escuela de patinaje. Cursos para todas las edades y niveles.","potentialAction":[{"@type":"SearchAction","target":{"@type":"EntryPoint","urlTemplate":"http:\/\/escolapatinatge.com\/ca\/?s={search_term_string}"},"query-input":"required name=search_term_string"}],"inLanguage":"es"}]}},"_links":{"self":[{"href":"https:\/\/escolapatinatge.com\/es\/wp-json\/wp\/v2\/pages\/13727"}],"collection":[{"href":"https:\/\/escolapatinatge.com\/es\/wp-json\/wp\/v2\/pages"}],"about":[{"href":"https:\/\/escolapatinatge.com\/es\/wp-json\/wp\/v2\/types\/page"}],"author":[{"embeddable":true,"href":"https:\/\/escolapatinatge.com\/es\/wp-json\/wp\/v2\/users\/1"}],"replies":[{"embeddable":true,"href":"https:\/\/escolapatinatge.com\/es\/wp-json\/wp\/v2\/comments?post=13727"}],"version-history":[{"count":5,"href":"https:\/\/escolapatinatge.com\/es\/wp-json\/wp\/v2\/pages\/13727\/revisions"}],"predecessor-version":[{"id":13732,"href":"https:\/\/escolapatinatge.com\/es\/wp-json\/wp\/v2\/pages\/13727\/revisions\/13732"}],"wp:attachment":[{"href":"https:\/\/escolapatinatge.com\/es\/wp-json\/wp\/v2\/media?parent=13727"}],"curies":[{"name":"wp","href":"https:\/\/api.w.org\/{rel}","templated":true}]}}